{"id":3376,"date":"2024-06-25T10:57:31","date_gmt":"2024-06-25T07:57:31","guid":{"rendered":"https:\/\/ieu.university\/?page_id=3376"},"modified":"2025-01-06T12:26:47","modified_gmt":"2025-01-06T09:26:47","slug":"about-ieu","status":"publish","type":"page","link":"http:\/\/ieu.university\/fr\/about-ieu\/","title":{"rendered":"\u00c0 propos de l&#8217;Universit\u00e9"},"content":{"rendered":"<h2>\u00c0 propos de l&#8217;Universit\u00e9<\/h2>\n<p><strong>Bienvenue sur le site de l&#8217;Universit\u00e9 Internationale Europ\u00e9enne!<\/strong><\/p>\n<p>L&#8217;Universit\u00e9 Internationale Europ\u00e9enne a une approche compl\u00e8tement nouvelle de la formation des \u00e9tudiants. Le processus \u00e9ducatif est structur\u00e9 selon les normes des programmes scolaires europ\u00e9ens. L&#8217;Universit\u00e9 Internationale Europ\u00e9enne a rassembl\u00e9 une vaste collection de documents imprim\u00e9s, construit une solide biblioth\u00e8que \u00e9lectronique et donn\u00e9 acc\u00e8s \u00e0 plusieurs biblioth\u00e8ques mondiales de premier plan. La mission de l&#8217;Universit\u00e9&nbsp; Internationale Europ\u00e9enne est d&#8217;amener l&#8217;\u00e9ducation, la science et la culture ukrainiennes \u00e0 un nouveau niveau de qualit\u00e9 afin de les int\u00e9grer dans l&#8217;espace europ\u00e9en et mondial.<\/p>\n<p>Le personnel professionnel de l&#8217;Universit\u00e9 Internationale Europ\u00e9enne est compos\u00e9 d&#8217;enseignants exp\u00e9riment\u00e9s qui per\u00e7oivent l&#8217;enseignement sup\u00e9rieur d&#8217;une mani\u00e8re nouvelle et sont <strong>pr\u00eats \u00e0 enseigner et \u00e0 pr\u00e9parer une toute nouvelle g\u00e9n\u00e9ration de professionnels<\/strong> \u00e0 devenir des experts dans les m\u00e9thodes et outils de pratique modernes. Le personnel scientifique et p\u00e9dagogique de l&#8217;Universit\u00e9&nbsp; Internationale Europ\u00e9enne poss\u00e8de une vaste exp\u00e9rience professionnelle dans la formation de sp\u00e9cialistes hautement qualifi\u00e9s. <strong>Combinant l&#8217;exp\u00e9rience de l&#8217;enseignement sup\u00e9rieur ukrainien avec les normes europ\u00e9ennes et mondiales <\/strong>dans divers domaines, l&#8217;Universit\u00e9 Internationale Europ\u00e9enne offre une comp\u00e9titivit\u00e9 internationale et de brillantes perspectives d&#8217;\u00e9tudes sup\u00e9rieures. Les \u00e9tudiants de l&#8217;Universit\u00e9 Internationale Europ\u00e9enne participent \u00e0 des conf\u00e9rences internationales, ont de nombreuses <strong>opportunit\u00e9s de stages en Ukraine et \u00e0 l&#8217;\u00e9tranger <\/strong>et effectuent des stages d&#8217;\u00e9t\u00e9 non seulement dans des contextes (entreprises) d&#8217;Ukraine, mais \u00e9galement \u00e0 l&#8217;\u00e9tranger, notamment en Isra\u00ebl, en Italie, en Slovaquie et en Pologne, et d&#8217;autres.<\/p>\n<p><strong>L&#8217;Universit\u00e9 Internationale Europ\u00e9enne offre des installations et des ressources modernes. <\/strong>Tous les auditoriums de l&#8217;Universit\u00e9 Internationale Europ\u00e9enne sont \u00e9quip\u00e9s de m\u00e9dias permettant aux enseignants d&#8217;utiliser les derni\u00e8res m\u00e9thodes p\u00e9dagogiques et les technologies innovantes. Les d\u00e9partements cliniques de l&#8217;IEU sont situ\u00e9s dans les principales institutions m\u00e9dicales de Kyiv, \u00e9quip\u00e9s de litt\u00e9rature p\u00e9dagogique et m\u00e9thodique, de mat\u00e9riel informatique et de bureau, d&#8217;\u00e9quipements multim\u00e9dia et de mobilier moderne. Le processus de formation, les installations et les ressources de l&#8217;Universit\u00e9 Internationale Europ\u00e9enne r\u00e9pondent aux normes et exigences du minist\u00e8re de l&#8217;\u00c9ducation et des Sciences de l&#8217;Ukraine et du minist\u00e8re de la Sant\u00e9 de l&#8217;Ukraine.<\/p>\n<p>L&#8217;Universit\u00e9 Internationale Europ\u00e9enne offre aux <strong>\u00e9tudiants handicap\u00e9s et aux groupes \u00e0 faible mobilit\u00e9 un acc\u00e8s sans entrave aux b\u00e2timents, <\/strong>aux laboratoires et bureaux de formation, \u00e0 une salle de lecture, \u00e0 une biblioth\u00e8que et \u00e0 une salle de r\u00e9union. Les utilisateurs de fauteuils roulants peuvent se d\u00e9placer librement dans les lieux publics et r\u00e9pondre confortablement \u00e0 leurs besoins quotidiens et \u00e0 leur repos. L&#8217;Universit\u00e9 Internationale Europ\u00e9enne accorde une importance particuli\u00e8re aux travaux de recherche. L&#8217;universit\u00e9 propose une vari\u00e9t\u00e9 de cours optionnels int\u00e9ressants et b\u00e9n\u00e9fiques. Nous invitons r\u00e9guli\u00e8rement des professionnels de sant\u00e9 renomm\u00e9s, des cadres sup\u00e9rieurs, des repr\u00e9sentants d&#8217;entreprises \u00e0 succ\u00e8s, des conf\u00e9renciers internationaux et des tuteurs \u00e0 participer. L\u2019Universit\u00e9 Internationale Europ\u00e9enne applique en action <strong>les principes de l\u2019apprentissage centr\u00e9 sur l\u2019\u00e9tudiant.<\/strong> Le personnel professoral implique les \u00e9tudiants dans une participation active \u00e0 la cr\u00e9ation du processus d&#8217;apprentissage. Toute d\u00e9cision de la direction dans l&#8217;organisation du processus \u00e9ducatif est prise par accord, incluant les \u00e9tudiants.<\/p>\n<p>L&#8217;Universit\u00e9 Internationale Europ\u00e9enne offre aux \u00e9tudiants non-r\u00e9sidents et \u00e9trangers <strong>des places dans les r\u00e9sidences universitaires<\/strong>, situ\u00e9es au c\u0153ur de Kyiv. Toutes les chambres ont \u00e9t\u00e9 r\u00e9cemment r\u00e9nov\u00e9es et \u00e9quip\u00e9es de nouveaux meubles. Des liaisons de transport pratiques se trouvent \u00e0 20 minutes en m\u00e9tro du b\u00e2timent scolaire, situ\u00e9 dans un espace vert agr\u00e9able. L&#8217;Universit\u00e9 Internationale Europ\u00e9enne <strong>offre des opportunit\u00e9s exceptionnelles aux \u00e9tudiants les plus talentueux<\/strong> \u00e0 la recherche d&#8217;une \u00e9ducation moderne et de haute qualit\u00e9. En obtenant un degr\u00e9 international de l&#8217;IEU, les \u00e9tudiants s&#8217;ouvrent sur des perspectives d&#8217;avenir en Ukraine, en Europe et au-del\u00e0. Le programme de l&#8217;universit\u00e9 est align\u00e9 sur les normes d&#8217;enseignement sup\u00e9rieur de l&#8217;Union europ\u00e9enne, garantissant une \u00e9ducation compl\u00e8te et reconnue mondialement.<\/p>\n","protected":false},"excerpt":{"rendered":"<p>\u00c0 propos de l&#8217;Universit\u00e9 Bienvenue sur le site de l&#8217;Universit\u00e9 Internationale Europ\u00e9enne! L&#8217;Universit\u00e9 Internationale Europ\u00e9enne a une approche compl\u00e8tement nouvelle de la formation des \u00e9tudiants. Le processus \u00e9ducatif est structur\u00e9 selon les normes des programmes scolaires europ\u00e9ens. L&#8217;Universit\u00e9 Internationale Europ\u00e9enne a rassembl\u00e9 une vaste collection de documents imprim\u00e9s, construit une solide biblioth\u00e8que \u00e9lectronique et donn\u00e9 [&hellip;]<\/p>\n","protected":false},"author":3,"featured_media":3695,"parent":0,"menu_order":0,"comment_status":"closed","ping_status":"closed","template":"","meta":{"ngg_post_thumbnail":0,"footnotes":""},"class_list":["post-3376","page","type-page","status-publish","has-post-thumbnail","hentry"],"acf":[],"yoast_head":"<!-- This site is optimized with the Yoast SEO plugin v20.8 - https:\/\/yoast.com\/wordpress\/plugins\/seo\/ -->\n<title>STUDIEREN IN DER UKRAINE | HOCHSCHULBILDUNG AUF ENGLISCH IN DER UKRAINE | HOCHWERTIGE BILDUNG IN EUROPA | AKKREDITIERTE UNIVERSIT\u00c4T IN EUROPA | INTERNATIONAL EUROPEAN UNIVERSITY | \u00dcBER DIE INTERNATIONAL EUROPEAN UNIVERSITY<\/title>\n<meta name=\"robots\" content=\"index, follow, max-snippet:-1, max-image-preview:large, max-video-preview:-1\" \/>\n<link rel=\"canonical\" href=\"https:\/\/ieu.university\/de\/about-ieu\/\" \/>\n<meta property=\"og:locale\" content=\"en_US\" \/>\n<meta property=\"og:type\" content=\"article\" \/>\n<meta property=\"og:title\" content=\"STUDIEREN IN DER UKRAINE | HOCHSCHULBILDUNG AUF ENGLISCH IN DER UKRAINE | HOCHWERTIGE BILDUNG IN EUROPA | AKKREDITIERTE UNIVERSIT\u00c4T IN EUROPA | INTERNATIONAL EUROPEAN UNIVERSITY | \u00dcBER DIE INTERNATIONAL EUROPEAN UNIVERSITY\" \/>\n<meta property=\"og:description\" content=\"\u00c0 propos de l&#8217;Universit\u00e9 Bienvenue sur le site de l&#8217;Universit\u00e9 Internationale Europ\u00e9enne! L&#8217;Universit\u00e9 Internationale Europ\u00e9enne a une approche compl\u00e8tement nouvelle de la formation des \u00e9tudiants. Le processus \u00e9ducatif est structur\u00e9 selon les normes des programmes scolaires europ\u00e9ens. L&#8217;Universit\u00e9 Internationale Europ\u00e9enne a rassembl\u00e9 une vaste collection de documents imprim\u00e9s, construit une solide biblioth\u00e8que \u00e9lectronique et donn\u00e9 [&hellip;]\" \/>\n<meta property=\"og:url\" content=\"http:\/\/ieu.university\/fr\/about-ieu\/\" \/>\n<meta property=\"og:site_name\" content=\"INTERNATIONAL EUROPEAN UNIVERSITY, UKRAINE | EUROPE | STUDY IN UKRAINE | STUDY IN EUROPE | MBBS | GENERAL MEDICINE | BUSINESS | ENGINEERING | IT | EUROPE\" \/>\n<meta property=\"article:modified_time\" content=\"2025-01-06T09:26:47+00:00\" \/>\n<meta property=\"og:image\" content=\"https:\/\/ieu.university\/wp-content\/uploads\/2024\/07\/About-IEU.png\" \/>\n\t<meta property=\"og:image:width\" content=\"1272\" \/>\n\t<meta property=\"og:image:height\" content=\"386\" \/>\n\t<meta property=\"og:image:type\" content=\"image\/png\" \/>\n<meta name=\"twitter:card\" content=\"summary_large_image\" \/>\n<meta name=\"twitter:label1\" content=\"Est. reading time\" \/>\n\t<meta name=\"twitter:data1\" content=\"2 minutes\" \/>\n<script type=\"application\/ld+json\" class=\"yoast-schema-graph\">{\"@context\":\"https:\/\/schema.org\",\"@graph\":[{\"@type\":\"WebPage\",\"@id\":\"https:\/\/ieu.university\/de\/about-ieu\/\",\"url\":\"https:\/\/ieu.university\/de\/about-ieu\/\",\"name\":\"STUDIEREN IN DER UKRAINE | HOCHSCHULBILDUNG AUF ENGLISCH IN DER UKRAINE | HOCHWERTIGE BILDUNG IN EUROPA | AKKREDITIERTE UNIVERSIT\u00c4T IN EUROPA | INTERNATIONAL EUROPEAN UNIVERSITY | \u00dcBER DIE INTERNATIONAL EUROPEAN UNIVERSITY\",\"isPartOf\":{\"@id\":\"https:\/\/ieu.university\/#website\"},\"datePublished\":\"2024-06-25T07:57:31+00:00\",\"dateModified\":\"2025-01-06T09:26:47+00:00\",\"inLanguage\":\"en-US\",\"potentialAction\":[{\"@type\":\"ReadAction\",\"target\":[\"https:\/\/ieu.university\/de\/about-ieu\/\"]}]},{\"@type\":\"WebSite\",\"@id\":\"https:\/\/ieu.university\/#website\",\"url\":\"https:\/\/ieu.university\/\",\"name\":\"INTERNATIONAL EUROPEAN UNIVERSITY, UKRAINE | EUROPE | STUDY IN UKRAINE | STUDY IN EUROPE | MBBS | GENERAL MEDICINE | BUSINESS | ENGINEERING | IT | EUROPE\",\"description\":\"INTERNATIONAL EUROPEAN UNIVERSITY, UKRAINE | EUROPE | STUDY IN UKRAINE | STUDY IN EUROPE | MBBS | GENERAL MEDICINE | BUSINESS | ENGINEERING | IT | EUROPE\",\"potentialAction\":[{\"@type\":\"SearchAction\",\"target\":{\"@type\":\"EntryPoint\",\"urlTemplate\":\"https:\/\/ieu.university\/?s={search_term_string}\"},\"query-input\":\"required name=search_term_string\"}],\"inLanguage\":\"en-US\"}]}<\/script>\n<!-- \/ Yoast SEO plugin. -->","yoast_head_json":{"title":"STUDIEREN IN DER UKRAINE | HOCHSCHULBILDUNG AUF ENGLISCH IN DER UKRAINE | HOCHWERTIGE BILDUNG IN EUROPA | AKKREDITIERTE UNIVERSIT\u00c4T IN EUROPA | INTERNATIONAL EUROPEAN UNIVERSITY | \u00dcBER DIE INTERNATIONAL EUROPEAN UNIVERSITY","robots":{"index":"index","follow":"follow","max-snippet":"max-snippet:-1","max-image-preview":"max-image-preview:large","max-video-preview":"max-video-preview:-1"},"canonical":"https:\/\/ieu.university\/de\/about-ieu\/","og_locale":"en_US","og_type":"article","og_title":"STUDIEREN IN DER UKRAINE | HOCHSCHULBILDUNG AUF ENGLISCH IN DER UKRAINE | HOCHWERTIGE BILDUNG IN EUROPA | AKKREDITIERTE UNIVERSIT\u00c4T IN EUROPA | INTERNATIONAL EUROPEAN UNIVERSITY | \u00dcBER DIE INTERNATIONAL EUROPEAN UNIVERSITY","og_description":"\u00c0 propos de l&#8217;Universit\u00e9 Bienvenue sur le site de l&#8217;Universit\u00e9 Internationale Europ\u00e9enne! L&#8217;Universit\u00e9 Internationale Europ\u00e9enne a une approche compl\u00e8tement nouvelle de la formation des \u00e9tudiants. Le processus \u00e9ducatif est structur\u00e9 selon les normes des programmes scolaires europ\u00e9ens. L&#8217;Universit\u00e9 Internationale Europ\u00e9enne a rassembl\u00e9 une vaste collection de documents imprim\u00e9s, construit une solide biblioth\u00e8que \u00e9lectronique et donn\u00e9 [&hellip;]","og_url":"http:\/\/ieu.university\/fr\/about-ieu\/","og_site_name":"INTERNATIONAL EUROPEAN UNIVERSITY, UKRAINE | EUROPE | STUDY IN UKRAINE | STUDY IN EUROPE | MBBS | GENERAL MEDICINE | BUSINESS | ENGINEERING | IT | EUROPE","article_modified_time":"2025-01-06T09:26:47+00:00","og_image":[{"width":1272,"height":386,"url":"https:\/\/ieu.university\/wp-content\/uploads\/2024\/07\/About-IEU.png","type":"image\/png"}],"twitter_card":"summary_large_image","twitter_misc":{"Est. reading time":"2 minutes"},"schema":{"@context":"https:\/\/schema.org","@graph":[{"@type":"WebPage","@id":"https:\/\/ieu.university\/de\/about-ieu\/","url":"https:\/\/ieu.university\/de\/about-ieu\/","name":"STUDIEREN IN DER UKRAINE | HOCHSCHULBILDUNG AUF ENGLISCH IN DER UKRAINE | HOCHWERTIGE BILDUNG IN EUROPA | AKKREDITIERTE UNIVERSIT\u00c4T IN EUROPA | INTERNATIONAL EUROPEAN UNIVERSITY | \u00dcBER DIE INTERNATIONAL EUROPEAN UNIVERSITY","isPartOf":{"@id":"https:\/\/ieu.university\/#website"},"datePublished":"2024-06-25T07:57:31+00:00","dateModified":"2025-01-06T09:26:47+00:00","inLanguage":"en-US","potentialAction":[{"@type":"ReadAction","target":["https:\/\/ieu.university\/de\/about-ieu\/"]}]},{"@type":"WebSite","@id":"https:\/\/ieu.university\/#website","url":"https:\/\/ieu.university\/","name":"INTERNATIONAL EUROPEAN UNIVERSITY, UKRAINE | EUROPE | STUDY IN UKRAINE | STUDY IN EUROPE | MBBS | GENERAL MEDICINE | BUSINESS | ENGINEERING | IT | EUROPE","description":"INTERNATIONAL EUROPEAN UNIVERSITY, UKRAINE | EUROPE | STUDY IN UKRAINE | STUDY IN EUROPE | MBBS | GENERAL MEDICINE | BUSINESS | ENGINEERING | IT | EUROPE","potentialAction":[{"@type":"SearchAction","target":{"@type":"EntryPoint","urlTemplate":"https:\/\/ieu.university\/?s={search_term_string}"},"query-input":"required name=search_term_string"}],"inLanguage":"en-US"}]}},"_links":{"self":[{"href":"http:\/\/ieu.university\/fr\/wp-json\/wp\/v2\/pages\/3376","targetHints":{"allow":["GET"]}}],"collection":[{"href":"http:\/\/ieu.university\/fr\/wp-json\/wp\/v2\/pages"}],"about":[{"href":"http:\/\/ieu.university\/fr\/wp-json\/wp\/v2\/types\/page"}],"author":[{"embeddable":true,"href":"http:\/\/ieu.university\/fr\/wp-json\/wp\/v2\/users\/3"}],"replies":[{"embeddable":true,"href":"http:\/\/ieu.university\/fr\/wp-json\/wp\/v2\/comments?post=3376"}],"version-history":[{"count":24,"href":"http:\/\/ieu.university\/fr\/wp-json\/wp\/v2\/pages\/3376\/revisions"}],"predecessor-version":[{"id":4395,"href":"http:\/\/ieu.university\/fr\/wp-json\/wp\/v2\/pages\/3376\/revisions\/4395"}],"wp:featuredmedia":[{"embeddable":true,"href":"http:\/\/ieu.university\/fr\/wp-json\/wp\/v2\/media\/3695"}],"wp:attachment":[{"href":"http:\/\/ieu.university\/fr\/wp-json\/wp\/v2\/media?parent=3376"}],"curies":[{"name":"wp","href":"https:\/\/api.w.org\/{rel}","templated":true}]}}