{"id":3385,"date":"2024-06-25T11:00:15","date_gmt":"2024-06-25T08:00:15","guid":{"rendered":"https:\/\/ieu.university\/?page_id=3385"},"modified":"2025-01-06T12:52:44","modified_gmt":"2025-01-06T09:52:44","slug":"rectors-word","status":"publish","type":"page","link":"http:\/\/ieu.university\/fr\/rectors-word\/","title":{"rendered":"Mot du recteur"},"content":{"rendered":"<h2>Mot du recteur<\/h2>\n<p><strong>CHERS AMIS!<\/strong><\/p>\n<p><i>Notre universit\u00e9 a \u00e9t\u00e9 cr\u00e9\u00e9e pour aider tous les futurs candidats \u00e0 devenir de futurs professionnels. Nous ouvrons de larges opportunit\u00e9s \u00e0 tous ceux qui souhaitent progresser et se d\u00e9velopper, nous leur donnons donc la possibilit\u00e9 d&#8217;utiliser des plateformes d&#8217;apprentissage dynamiques, modernes et virtuelles pour r\u00e9aliser leurs d\u00e9sirs. Les auditoriums de l\u2019Universit\u00e9 Internationale Europ\u00e9enne sont \u00e9quip\u00e9s de m\u00e9dias, les enseignants utilisent les derni\u00e8res m\u00e9thodes p\u00e9dagogiques et les \u00e9tudiants apprennent \u00e0 l\u2019aide de technologies innovantes. Nous combinons les connaissances et traditions anciennes avec les m\u00e9thodes modernes et les derni\u00e8res avanc\u00e9es scientifiques et \u00e9ducatives. Notre universit\u00e9 utilise tous les meilleurs \u00e9quipements pour aider les \u00e9tudiants \u00e0 apprendre davantage, \u00e0 faire plus et \u00e0 devenir plus. Nous proposons \u00e0 nos \u00e9tudiants diff\u00e9rentes voies de d\u00e9veloppement professionnel et personnel. Nous formons des sp\u00e9cialistes recherch\u00e9s, des employ\u00e9s hautement qualifi\u00e9s et des professionnels dans leur domaine. Nous encourageons \u00e9galement nos \u00e9tudiants \u00e0 \u00eatre cr\u00e9atifs, honn\u00eates, proactifs, instruits et ind\u00e9pendants. J&#8217;esp\u00e8re qu&#8217;une fois que vous aurez choisi l&#8217;Universit\u00e9 Internationale Europ\u00e9enne, vous pourrez vous \u00e9panouir pleinement parmi des enseignants hautement professionnels et des pairs brillants!<\/i><\/p>\n<p><i>Sinc\u00e8rement,<\/i><\/p>\n<p><i>Recteur de l&#8217;Universit\u00e9 Internationale Europ\u00e9enne<\/i><\/p>\n","protected":false},"excerpt":{"rendered":"<p>Mot du recteur CHERS AMIS! Notre universit\u00e9 a \u00e9t\u00e9 cr\u00e9\u00e9e pour aider tous les futurs candidats \u00e0 devenir de futurs professionnels. Nous ouvrons de larges opportunit\u00e9s \u00e0 tous ceux qui souhaitent progresser et se d\u00e9velopper, nous leur donnons donc la possibilit\u00e9 d&#8217;utiliser des plateformes d&#8217;apprentissage dynamiques, modernes et virtuelles pour r\u00e9aliser leurs d\u00e9sirs. Les auditoriums [&hellip;]<\/p>\n","protected":false},"author":3,"featured_media":3693,"parent":0,"menu_order":0,"comment_status":"closed","ping_status":"closed","template":"","meta":{"ngg_post_thumbnail":0,"footnotes":""},"class_list":["post-3385","page","type-page","status-publish","has-post-thumbnail","hentry"],"acf":[],"yoast_head":"<!-- This site is optimized with the Yoast SEO plugin v20.8 - https:\/\/yoast.com\/wordpress\/plugins\/seo\/ -->\n<title>INTERNATIONAL EUROPEAN UNIVERSITY | RECTOR\u2019S WORD | RECTOR OF INTERNATIONAL EUROPEAN UNIVERSITY | AFFORDABLE STUDIES IN UKRAINE | INTERNATIONALLY RECOGNIZED PROGRAMS IN ENGLISH IN EUROPE | HIGH-QUALITY EDUCATION IN ENGLISH<\/title>\n<meta name=\"robots\" content=\"index, follow, max-snippet:-1, max-image-preview:large, max-video-preview:-1\" \/>\n<link rel=\"canonical\" href=\"http:\/\/ieu.university\/rectors-word\/\" \/>\n<meta property=\"og:locale\" content=\"en_US\" \/>\n<meta property=\"og:type\" content=\"article\" \/>\n<meta property=\"og:title\" content=\"INTERNATIONAL EUROPEAN UNIVERSITY | RECTOR\u2019S WORD | RECTOR OF INTERNATIONAL EUROPEAN UNIVERSITY | AFFORDABLE STUDIES IN UKRAINE | INTERNATIONALLY RECOGNIZED PROGRAMS IN ENGLISH IN EUROPE | HIGH-QUALITY EDUCATION IN ENGLISH\" \/>\n<meta property=\"og:description\" content=\"Mot du recteur CHERS AMIS! Notre universit\u00e9 a \u00e9t\u00e9 cr\u00e9\u00e9e pour aider tous les futurs candidats \u00e0 devenir de futurs professionnels. Nous ouvrons de larges opportunit\u00e9s \u00e0 tous ceux qui souhaitent progresser et se d\u00e9velopper, nous leur donnons donc la possibilit\u00e9 d&#8217;utiliser des plateformes d&#8217;apprentissage dynamiques, modernes et virtuelles pour r\u00e9aliser leurs d\u00e9sirs. Les auditoriums [&hellip;]\" \/>\n<meta property=\"og:url\" content=\"http:\/\/ieu.university\/fr\/rectors-word\/\" \/>\n<meta property=\"og:site_name\" content=\"INTERNATIONAL EUROPEAN UNIVERSITY, UKRAINE | EUROPE | STUDY IN UKRAINE | STUDY IN EUROPE | MBBS | GENERAL MEDICINE | BUSINESS | ENGINEERING | IT | EUROPE\" \/>\n<meta property=\"article:modified_time\" content=\"2025-01-06T09:52:44+00:00\" \/>\n<meta property=\"og:image\" content=\"http:\/\/ieu.university\/wp-content\/uploads\/2024\/07\/Rectors-Word.png\" \/>\n\t<meta property=\"og:image:width\" content=\"1272\" \/>\n\t<meta property=\"og:image:height\" content=\"386\" \/>\n\t<meta property=\"og:image:type\" content=\"image\/png\" \/>\n<meta name=\"twitter:card\" content=\"summary_large_image\" \/>\n<meta name=\"twitter:label1\" content=\"Est. reading time\" \/>\n\t<meta name=\"twitter:data1\" content=\"1 minute\" \/>\n<script type=\"application\/ld+json\" class=\"yoast-schema-graph\">{\"@context\":\"https:\/\/schema.org\",\"@graph\":[{\"@type\":\"WebPage\",\"@id\":\"http:\/\/ieu.university\/rectors-word\/\",\"url\":\"http:\/\/ieu.university\/rectors-word\/\",\"name\":\"INTERNATIONAL EUROPEAN UNIVERSITY | RECTOR\u2019S WORD | RECTOR OF INTERNATIONAL EUROPEAN UNIVERSITY | AFFORDABLE STUDIES IN UKRAINE | INTERNATIONALLY RECOGNIZED PROGRAMS IN ENGLISH IN EUROPE | HIGH-QUALITY EDUCATION IN ENGLISH\",\"isPartOf\":{\"@id\":\"https:\/\/ieu.university\/#website\"},\"datePublished\":\"2024-06-25T08:00:15+00:00\",\"dateModified\":\"2025-01-06T09:52:44+00:00\",\"inLanguage\":\"en-US\",\"potentialAction\":[{\"@type\":\"ReadAction\",\"target\":[\"http:\/\/ieu.university\/rectors-word\/\"]}]},{\"@type\":\"WebSite\",\"@id\":\"https:\/\/ieu.university\/#website\",\"url\":\"https:\/\/ieu.university\/\",\"name\":\"INTERNATIONAL EUROPEAN UNIVERSITY, UKRAINE | EUROPE | STUDY IN UKRAINE | STUDY IN EUROPE | MBBS | GENERAL MEDICINE | BUSINESS | ENGINEERING | IT | EUROPE\",\"description\":\"INTERNATIONAL EUROPEAN UNIVERSITY, UKRAINE | EUROPE | STUDY IN UKRAINE | STUDY IN EUROPE | MBBS | GENERAL MEDICINE | BUSINESS | ENGINEERING | IT | EUROPE\",\"potentialAction\":[{\"@type\":\"SearchAction\",\"target\":{\"@type\":\"EntryPoint\",\"urlTemplate\":\"https:\/\/ieu.university\/?s={search_term_string}\"},\"query-input\":\"required name=search_term_string\"}],\"inLanguage\":\"en-US\"}]}<\/script>\n<!-- \/ Yoast SEO plugin. -->","yoast_head_json":{"title":"INTERNATIONAL EUROPEAN UNIVERSITY | RECTOR\u2019S WORD | RECTOR OF INTERNATIONAL EUROPEAN UNIVERSITY | AFFORDABLE STUDIES IN UKRAINE | INTERNATIONALLY RECOGNIZED PROGRAMS IN ENGLISH IN EUROPE | HIGH-QUALITY EDUCATION IN ENGLISH","robots":{"index":"index","follow":"follow","max-snippet":"max-snippet:-1","max-image-preview":"max-image-preview:large","max-video-preview":"max-video-preview:-1"},"canonical":"http:\/\/ieu.university\/rectors-word\/","og_locale":"en_US","og_type":"article","og_title":"INTERNATIONAL EUROPEAN UNIVERSITY | RECTOR\u2019S WORD | RECTOR OF INTERNATIONAL EUROPEAN UNIVERSITY | AFFORDABLE STUDIES IN UKRAINE | INTERNATIONALLY RECOGNIZED PROGRAMS IN ENGLISH IN EUROPE | HIGH-QUALITY EDUCATION IN ENGLISH","og_description":"Mot du recteur CHERS AMIS! Notre universit\u00e9 a \u00e9t\u00e9 cr\u00e9\u00e9e pour aider tous les futurs candidats \u00e0 devenir de futurs professionnels. Nous ouvrons de larges opportunit\u00e9s \u00e0 tous ceux qui souhaitent progresser et se d\u00e9velopper, nous leur donnons donc la possibilit\u00e9 d&#8217;utiliser des plateformes d&#8217;apprentissage dynamiques, modernes et virtuelles pour r\u00e9aliser leurs d\u00e9sirs. Les auditoriums [&hellip;]","og_url":"http:\/\/ieu.university\/fr\/rectors-word\/","og_site_name":"INTERNATIONAL EUROPEAN UNIVERSITY, UKRAINE | EUROPE | STUDY IN UKRAINE | STUDY IN EUROPE | MBBS | GENERAL MEDICINE | BUSINESS | ENGINEERING | IT | EUROPE","article_modified_time":"2025-01-06T09:52:44+00:00","og_image":[{"width":1272,"height":386,"url":"http:\/\/ieu.university\/wp-content\/uploads\/2024\/07\/Rectors-Word.png","type":"image\/png"}],"twitter_card":"summary_large_image","twitter_misc":{"Est. reading time":"1 minute"},"schema":{"@context":"https:\/\/schema.org","@graph":[{"@type":"WebPage","@id":"http:\/\/ieu.university\/rectors-word\/","url":"http:\/\/ieu.university\/rectors-word\/","name":"INTERNATIONAL EUROPEAN UNIVERSITY | RECTOR\u2019S WORD | RECTOR OF INTERNATIONAL EUROPEAN UNIVERSITY | AFFORDABLE STUDIES IN UKRAINE | INTERNATIONALLY RECOGNIZED PROGRAMS IN ENGLISH IN EUROPE | HIGH-QUALITY EDUCATION IN ENGLISH","isPartOf":{"@id":"https:\/\/ieu.university\/#website"},"datePublished":"2024-06-25T08:00:15+00:00","dateModified":"2025-01-06T09:52:44+00:00","inLanguage":"en-US","potentialAction":[{"@type":"ReadAction","target":["http:\/\/ieu.university\/rectors-word\/"]}]},{"@type":"WebSite","@id":"https:\/\/ieu.university\/#website","url":"https:\/\/ieu.university\/","name":"INTERNATIONAL EUROPEAN UNIVERSITY, UKRAINE | EUROPE | STUDY IN UKRAINE | STUDY IN EUROPE | MBBS | GENERAL MEDICINE | BUSINESS | ENGINEERING | IT | EUROPE","description":"INTERNATIONAL EUROPEAN UNIVERSITY, UKRAINE | EUROPE | STUDY IN UKRAINE | STUDY IN EUROPE | MBBS | GENERAL MEDICINE | BUSINESS | ENGINEERING | IT | EUROPE","potentialAction":[{"@type":"SearchAction","target":{"@type":"EntryPoint","urlTemplate":"https:\/\/ieu.university\/?s={search_term_string}"},"query-input":"required name=search_term_string"}],"inLanguage":"en-US"}]}},"_links":{"self":[{"href":"http:\/\/ieu.university\/fr\/wp-json\/wp\/v2\/pages\/3385","targetHints":{"allow":["GET"]}}],"collection":[{"href":"http:\/\/ieu.university\/fr\/wp-json\/wp\/v2\/pages"}],"about":[{"href":"http:\/\/ieu.university\/fr\/wp-json\/wp\/v2\/types\/page"}],"author":[{"embeddable":true,"href":"http:\/\/ieu.university\/fr\/wp-json\/wp\/v2\/users\/3"}],"replies":[{"embeddable":true,"href":"http:\/\/ieu.university\/fr\/wp-json\/wp\/v2\/comments?post=3385"}],"version-history":[{"count":25,"href":"http:\/\/ieu.university\/fr\/wp-json\/wp\/v2\/pages\/3385\/revisions"}],"predecessor-version":[{"id":4516,"href":"http:\/\/ieu.university\/fr\/wp-json\/wp\/v2\/pages\/3385\/revisions\/4516"}],"wp:featuredmedia":[{"embeddable":true,"href":"http:\/\/ieu.university\/fr\/wp-json\/wp\/v2\/media\/3693"}],"wp:attachment":[{"href":"http:\/\/ieu.university\/fr\/wp-json\/wp\/v2\/media?parent=3385"}],"curies":[{"name":"wp","href":"https:\/\/api.w.org\/{rel}","templated":true}]}}