{"id":3387,"date":"2024-06-25T11:01:59","date_gmt":"2024-06-25T08:01:59","guid":{"rendered":"https:\/\/ieu.university\/?page_id=3387"},"modified":"2025-01-06T12:32:15","modified_gmt":"2025-01-06T09:32:15","slug":"administration","status":"publish","type":"page","link":"http:\/\/ieu.university\/fr\/administration\/","title":{"rendered":"Administration"},"content":{"rendered":"<h2>Administration<\/h2>\n<p><strong>Recteur de l&#8217;Universit\u00e9 Internationale Europ\u00e9enne<\/strong><\/p>\n<p><strong>Padalka Oleh<\/strong><\/p>\n<p><strong>Docteur en p\u00e9dagogie, professeur, membre correspondant de l&#8217;Acad\u00e9mie nationale des sciences p\u00e9dagogiques d&#8217;Ukraine, travailleur \u00e9m\u00e9rite de l&#8217;\u00e9ducation d&#8217;Ukraine<\/strong><\/p>\n<p>Le professeur Padalka est un scientifique bien connu dans le domaine de l&#8217;\u00e9ducation \u00e9conomique des technologies p\u00e9dagogiques. Il est l&#8217;un des fondateurs des directions scientifiques ci-dessus et des pionniers de l&#8217;Ukraine. Les concepts scientifiques d\u00e9velopp\u00e9s et reproduits par Padalka gagnent de plus en plus en reconnaissance et en pertinence. Au cours des deux derni\u00e8res d\u00e9cennies, il a cr\u00e9\u00e9 en Ukraine une \u00e9cole scientifique sur les bases de l&#8217;\u00e9ducation \u00e9conomique et de la formation \u00e9conomique des \u00e9tudiants et des \u00e9l\u00e8ves.<\/p>\n<p>Le professeur Padalka est l&#8217;auteur d&#8217;environ 210 ouvrages publi\u00e9s, 53 manuels scolaires, manuels et 9 monographies. 28 doctorat. des th\u00e8ses et 3 th\u00e8ses de doctorat ont \u00e9t\u00e9 soutenues sous sa direction. Parle activement dans la presse p\u00e9dagogique, publie du mat\u00e9riel psychologique et p\u00e9dagogique et participe \u00e0 de nombreuses conf\u00e9rences scientifiques en Ukraine sur des sujets psychologiques et p\u00e9dagogiques. Pour ses services dans le domaine de l&#8217;\u00e9ducation et des sciences, il a re\u00e7u les \u00ab Ordres du m\u00e9rite des 3e et 2e degr\u00e9s \u00bb, ainsi que le prix de l&#8217;Acad\u00e9mie nationale des sciences d&#8217;Ukraine \u00ab Pour ses r\u00e9alisations scientifiques \u00bb.<\/p>\n<p><strong>Directeur de l&#8217;\u00c9cole Europ\u00e9enne M\u00e9dicale<\/strong><\/p>\n<p><strong>Litvinova Natalia Yuriyivna<\/strong><\/p>\n<p><strong>Candidat en Sciences m\u00e9dicales, Professeur agr\u00e9g\u00e9<\/strong><\/p>\n<ul>\n<li>En 1996, Natalia a obtenu avec distinction un dipl\u00f4me en affaires m\u00e9dicales de l\u2019Universit\u00e9 m\u00e9dicale d&#8217;\u00c9tat Danylo Halytsky de Lviv. Apr\u00e8s avoir obtenu son dipl\u00f4me de 1996 \u00e0 1999, elle a \u00e9tudi\u00e9 pour une ma\u00eetrise en \u00ab Oncologie et oncochirurgie \u00bb au D\u00e9partement d&#8217;oncologie de l&#8217;Universit\u00e9 m\u00e9dicale d&#8217;\u00c9tat Danylo Halytsky de Lviv ;<\/li>\n<li>En 1999, N.Yu. Litvinova a \u00e9t\u00e9 invit\u00e9e par le chef du service de chirurgie \u2116 4 NMU du nom d&#8217;O.O. Bogomolets du professeur V.G. Mishalov au poste d&#8217;assistante du d\u00e9partement, depuis 2013 elle travaille comme professeur agr\u00e9g\u00e9e dans le m\u00eame d\u00e9partement. Elle a effectu\u00e9 un stage \u00e0 la Clinique universitaire de Vienne, avec sp\u00e9cialisation en chirurgie cardiovasculaire et transplantation en 2003 et 2004 ;<\/li>\n<li>En 2005, elle elle a d\u00e9fendu sa th\u00e8se pour le degr\u00e9 de Candidat en Sciences m\u00e9dicales en \u00ab Chirurgie cardiovasculaire \u00bb \u00e0 l&#8217;Institut de recherche en chirurgie cardiovasculaire du nom de M.M. Amosova sur \u00ab Le traitement chirurgical des l\u00e9sions ath\u00e9roscl\u00e9reuses occlusives-st\u00e9notiques des art\u00e8res brachioc\u00e9phaliques chez les patients pr\u00e9sentant une maladie coronarienne concomitante \u00bb ;<\/li>\n<li>Elle est docteur de la plus haute cat\u00e9gorie dans la sp\u00e9cialit\u00e9 \u00ab Chirurgie \u00bb ;<\/li>\n<li>Elle poss\u00e8de une vaste exp\u00e9rience dans les interventions chirurgicales en urgence et en chirurgie planifi\u00e9e. Dispose de m\u00e9thodes modernes de diagnostic et de chirurgie et est engag\u00e9 dans des travaux scientifiques et inventifs ;<\/li>\n<li>Elle compte environ 150 publications, 10 brevets d\u00e9claratifs d&#8217;inventions dans le diagnostic et le traitement de la pathologie vasculaire, et est co-auteur du manuel \u00ab Conf\u00e9rences sur la chirurgie hospitali\u00e8re \u00bb en trois volumes, \u00ab Atelier sur la chirurgie &#8211; module 1, 2, 4 \u00bb. Participe \u00e0 des conf\u00e9rences scientifiques sur la chirurgie vasculaire;<\/li>\n<li>En 2011, elle est dipl\u00f4m\u00e9e avec distinction de l&#8217;Universit\u00e9 nationale de Kyiv du nom de Taras Shevchenko, Facult\u00e9 de droit ;<\/li>\n<li>N.Yu. Litvinova a r\u00e9alis\u00e9 sa th\u00e8se de doctorat sur les probl\u00e8mes de l&#8217;utilisation des cellules souches et des facteurs de croissance cellulaire dans le traitement de l&#8217;isch\u00e9mie critique chronique non reconstructive des membres inf\u00e9rieurs. Elle a rendu compte des travaux r\u00e9alis\u00e9s dans le cadre de la th\u00e8se lors des conf\u00e9rences de chirurgiens vasculaires. Elle a re\u00e7u un dipl\u00f4me du Conseil municipal de Kyiv du Syndicat des travailleurs de la sant\u00e9 et du Conseil municipal des syndicats de Kyiv \u00ab Pour sa contribution personnelle significative au d\u00e9veloppement de la chirurgie et son haut professionnalisme \u00bb ;<\/li>\n<li>Depuis 2008, elle est secr\u00e9taire du magazine \u00ab Coeur et vaisseaux \u00bb et depuis 2006, elle est r\u00e9dactrice en chef des textes en anglais dans la revue \u00ab Chirurgie de l&#8217;Ukraine \u00bb ;<\/li>\n<li>En 2015, elle a re\u00e7u le titre de professeur agr\u00e9g\u00e9 de chirurgie \u21164 ;<\/li>\n<li>Elle a re\u00e7u l&#8217;Ordre de Sainte-Grande Martyre Barbara de l&#8217;\u00c9glise orthodoxe ukrainienne pour avoir aid\u00e9 les bless\u00e9s du Maidan en 2014 ;<\/li>\n<li>Depuis 2015, elle donne des cours d&#8217;anatomie clinique en anglais \u00e0 des \u00e9tudiants \u00e9trangers. En 2015, elle a r\u00e9ussi le test du Centre du Conseil britannique et a obtenu le niveau B2. Elle poss\u00e8de un certificat de r\u00e9f\u00e9rente-traductrice de litt\u00e9rature m\u00e9dicale. En 2015, elle a suivi avec succ\u00e8s une formation sur l&#8217;am\u00e9lioration des syst\u00e8mes de management dans l&#8217;enseignement sup\u00e9rieur et une formation d&#8217;auditeur interne du syst\u00e8me de management de la qualit\u00e9 ;<\/li>\n<li>Depuis 2014 &#8211; Doyen adjoint de la Facult\u00e9 de m\u00e9decine \u21162 NMU du nom d&#8217;O.O. Bogomolets;<\/li>\n<li>Depuis 2015 &#8211; Doyen de la Facult\u00e9 de M\u00e9decine \u21162 NMU du nom d&#8217;O.O. Bogomolets.<\/li>\n<\/ul>\n<p><strong>Directeur de l&#8217;\u00c9cole Europ\u00e9enne de Commerce<\/strong><\/p>\n<p><strong>Tchatchenko Olga Eug\u00e8neivna<\/strong><\/p>\n<p><strong>Ph.D., Professeur agr\u00e9g\u00e9<\/strong><\/p>\n<ul>\n<li>En 1996, elle est dipl\u00f4m\u00e9e avec distinction de l&#8217;Acad\u00e9mie nationale de technologie et d&#8217;organisation alimentaire de Kharkiv avec un degr\u00e9 en \u00ab Gestion dans la sph\u00e8re non productive \u00bb ;<\/li>\n<li>De 1996 \u00e0 2000, elle a \u00e9tudi\u00e9 \u00e0 l&#8217;\u00e9cole sup\u00e9rieure de l&#8217;Universit\u00e9 d&#8217;\u00c9tat de l&#8217;alimentation et du commerce de Kharkiv ;<\/li>\n<li>De 2000 \u00e0 2020, elle a travaill\u00e9 \u00e0 l&#8217;Universit\u00e9 d&#8217;\u00c9tat de l&#8217;alimentation et du commerce de Kharkiv au D\u00e9partement de gestion en tant qu&#8217;assistante (2002), au D\u00e9partement de gestion organisationnelle en tant que ma\u00eetre de conf\u00e9rences (2008) et en tant que professeur agr\u00e9g\u00e9 (2015) ;<\/li>\n<li>En 2007, elle a obtenu sa deuxi\u00e8me formation sup\u00e9rieure \u00e0 l&#8217;\u00c9cole sup\u00e9rieure d&#8217;entrepreneuriat de l&#8217;Universit\u00e9 d&#8217;\u00c9tat de l&#8217;alimentation et du commerce de Kharkiv, avec une sp\u00e9cialisation en \u00e9conomiste du marketing ;<\/li>\n<li>En 2014, elle a soutenu sa th\u00e8se sur \u00ab L&#8217;estimation de la demande de produits des entreprises de restauration \u00bb ;<\/li>\n<li>En 2017, elle participe \u00e0 un projet de recherche international dans le cadre du programme Erasmus+. Action cl\u00e9 2 : Coop\u00e9ration pour l&#8217;innovation et \u00e9change de bonnes pratiques (Coop\u00e9ration dans le domaine de l&#8217;innovation et \u00e9change de bonnes pratiques) ; Type d&#8217;action : Renforcement des capacit\u00e9s dans le domaine de la jeunesse &#8211; Partenariat oriental (D\u00e9veloppement du potentiel des jeunes. Pays du Partenariat oriental) ; Type de projet : Partenariat pour l&#8217;entrepreneuriat ; Titre du projet : \u00c9tablissements d&#8217;enseignement sup\u00e9rieur pour l&#8217;entrepreneuriat des jeunes (\u00ab \u00c9tablissements d&#8217;enseignement sup\u00e9rieur pour l&#8217;entrepreneuriat des jeunes \u00bb) ; Num\u00e9ro de projet : 589942-EPP-1-2017-1-UA-EPPKA2-CBY-EP-PE ;<\/li>\n<li>De 2018 \u00e0 2020 &#8211; Doyen adjoint pour le travail \u00e9ducatif, Facult\u00e9 de gestion, Universit\u00e9 d&#8217;\u00c9tat de l&#8217;alimentation et du commerce de Kharkiv ;<\/li>\n<li>En 2018, elle a r\u00e9ussi l&#8217;examen et a re\u00e7u un certificat international conform\u00e9ment \u00e0 la Recommandation paneurop\u00e9enne sur l&#8217;enseignement des langues au niveau B2 dans les langues de l&#8217;Union europ\u00e9enne (anglais) ;<\/li>\n<li>En 2018, elle a effectu\u00e9 un stage \u00e0 l&#8217;\u00c9cole sup\u00e9rieure de d\u00e9veloppement socio-\u00e9conomique de Pologne, Przeswork ;<\/li>\n<li>En 2019, elle a effectu\u00e9 un stage \u00e0 la \u00c9cole Nationale de Commerce de l&#8217;Universit\u00e9 Louis ;<\/li>\n<li>Auteur de plus de 49 ouvrages scientifiques et scientifiques et m\u00e9thodologiques, dont 1 publication scientifique dans des p\u00e9riodiques, qui sont inclus dans les bases de donn\u00e9es scientom\u00e9triques Scopus et Web of Science Core Collection, 4 certificats de droits d&#8217;auteur, 1 monographie, 24 recommandations m\u00e9thodiques ;<\/li>\n<li>Depuis 2020, membre de l&#8217;association publique \u00ab Association ukrainienne des enseignants et chercheurs de l&#8217;int\u00e9gration europ\u00e9enne (APREI) \u00bb ;<\/li>\n<li>Int\u00e9r\u00eats de recherche : formation des mod\u00e8les \u00e9conomiques de l&#8217;entreprise, questions de gestion des organisations, de gestion du personnel, \u00e9valuation et d\u00e9veloppement du professionnalisme et des comp\u00e9tences du personnel.<\/li>\n<\/ul>\n<p><strong>Directeur de l&#8217;Institut de Recherche<\/strong><\/p>\n<p><strong>&#8220;\u00c9cole Europ\u00e9enne d&#8217;Architecture et d&#8217;Ing\u00e9nierie&#8221;<\/strong><\/p>\n<p><strong>Omelyanenko Maxim Viktorovitch<\/strong><\/p>\n<p><strong>Docteur en Sciences Techniques,<\/strong><\/p>\n<p><strong>Candidat en architecture,<\/strong><\/p>\n<p><strong>professeur agr\u00e9g\u00e9<\/strong><\/p>\n<ul>\n<li>En 1991, il est dipl\u00f4m\u00e9 de l&#8217;Institut de g\u00e9nie civil de Kyiv avec un degr\u00e9 en Architecture ;<\/li>\n<li>De 1991 \u00e0 1995, il a travaill\u00e9 \u00e0 l&#8217;Institut de recherche et de conception de zone ukrainienne pour le g\u00e9nie civil (KyivZNDIEP) en tant qu&#8217;architecte, architecte de la 2\u00e8me cat\u00e9gorie du D\u00e9partement d&#8217;architecture du logement. Parall\u00e8lement, il \u00e9tudie par correspondance \u00e0 l&#8217;\u00e9cole sup\u00e9rieure du m\u00eame institut, avec une sp\u00e9cialisation en \u00ab Architecture des b\u00e2timents et des structures \u00bb ;<\/li>\n<li>En 1995, il a soutenu sa th\u00e8se sur \u00ab L&#8217;organisation architecturale et urbanistique des appartements urbains, class\u00e9s par niveau de confort \u00bb dans la sp\u00e9cialit\u00e9 \u00ab Architecture des b\u00e2timents et des structures \u00bb ;<\/li>\n<li>De 1995 \u00e0 2002, il a travaill\u00e9 \u00e0 l&#8217;Universit\u00e9 nationale de construction et d&#8217;architecture de Kyiv en tant qu&#8217;assistant, professeur agr\u00e9g\u00e9 et chef du d\u00e9partement de r\u00e9daction et de publication ;<\/li>\n<li>En 2001, il a re\u00e7u le titre acad\u00e9mique du D\u00e9partement d&#8217;Urbanisme ;<\/li>\n<li>De 2002 \u00e0 2008, il a travaill\u00e9 dans la fonction publique au sein du Comit\u00e9 d&#8217;\u00c9tat de l&#8217;Ukraine pour la construction et l&#8217;architecture, du minist\u00e8re de la Construction, de l&#8217;Architecture et du Logement de l&#8217;Ukraine et du minist\u00e8re du D\u00e9veloppement r\u00e9gional et de la Construction de l&#8217;Ukraine en tant que sp\u00e9cialiste en chef, chef adjoint du d\u00e9partement. &#8211; Chef de service, chef de cabinet, chef de service ;<\/li>\n<li>En 2005, il a soutenu sa th\u00e8se de doctorat sur \u00ab Fondements m\u00e9thodologiques de la standardisation des \u00e9l\u00e9ments de l&#8217;environnement urbain \u00bb dans la sp\u00e9cialit\u00e9 \u00ab Urbanisme et am\u00e9nagement du territoire \u00bb ;<\/li>\n<li>En 2006, il a \u00e9t\u00e9 \u00e9lu membre \u00e0 part enti\u00e8re de l&#8217;Acad\u00e9mie de g\u00e9nie civil d&#8217;Ukraine ;<\/li>\n<li>De 2008 \u00e0 2011, il a travaill\u00e9 \u00e0 l&#8217;Universit\u00e9 nationale de l&#8217;aviation en tant que chef du d\u00e9partement d&#8217;architecture ;<\/li>\n<li>De 2011 \u00e0 2013, il a travaill\u00e9 dans la fonction publique du minist\u00e8re du D\u00e9veloppement r\u00e9gional, de la Construction et du Logement de l&#8217;Ukraine en tant que directeur adjoint du d\u00e9partement &#8211; chef du d\u00e9partement ;<\/li>\n<li>De 2013 \u00e0 2017, il a travaill\u00e9 dans l&#8217;unit\u00e9 structurelle distincte \u00ab Institut d&#8217;\u00e9ducation innovante de l&#8217;Universit\u00e9 nationale de construction et d&#8217;architecture de Kyiv \u00bb en tant que chef du d\u00e9partement ;<\/li>\n<li>De 2017 \u00e0 2020, il a travaill\u00e9 \u00e0 l&#8217;Universit\u00e9 internationale de Kyiv en tant que doyen de la facult\u00e9 de construction et d&#8217;architecture, chef du d\u00e9partement de construction et d&#8217;architecture ;<\/li>\n<li>Auteur de plus de 70 ouvrages scientifiques et p\u00e9dagogiques, dont 2 manuels scolaires ;<\/li>\n<li>Int\u00e9r\u00eats de recherche : m\u00e9thodologie de formation de la base normative dans la construction, th\u00e9orie de l&#8217;architecture, r\u00e9glementation technique dans la construction.<\/li>\n<\/ul>\n<p><strong>Vice-recteur aux travaux p\u00e9dagogiques et m\u00e9thodiques<\/strong><\/p>\n<p><strong>Volochyna Natalia Oleksiivna<\/strong><\/p>\n<p><strong>Docteur en Sciences Biologiques,<\/strong><\/p>\n<p><strong>Professeur<\/strong><\/p>\n<ul>\n<li>Auteur de plus de 180 publications scientifiques et supports p\u00e9dagogiques pour les \u00e9tablissements d&#8217;enseignement sup\u00e9rieur, dont 25 brevets ukrainiens ;<\/li>\n<li>Membre du Conseil de th\u00e8se pour la soutenance d&#8217;un candidat et d&#8217;une th\u00e8se de doctorat dans la sp\u00e9cialit\u00e9 \u00c9cologie \u00e0 l&#8217;Institut d&#8217;agro\u00e9cologie et de gestion environnementale de l&#8217;Acad\u00e9mie nationale des sciences agraires d&#8217;Ukraine (NAAS) ;<\/li>\n<li>Membre des commissions d&#8217;experts du minist\u00e8re de l&#8217;\u00c9ducation et des Sciences pour l&#8217;examen d&#8217;accr\u00e9ditation des sp\u00e9cialit\u00e9s des \u00e9tablissements d&#8217;enseignement sup\u00e9rieur (2014-2020) ;<\/li>\n<li>Expert en accr\u00e9ditation des programmes \u00e9ducatifs de l&#8217;Agence nationale pour l&#8217;assurance qualit\u00e9 en \u00e9ducation (2019) ;<\/li>\n<li>Garant et membre de groupes proposant des programmes \u00e9ducatifs et professionnels de niveaux de licence, master et doctorat. Jugement et examen des travaux scientifiques de la Petite Acad\u00e9mie des Sciences de la jeunesse \u00e9tudiante de la r\u00e9gion de Kyiv (2013-2020) ;<\/li>\n<li>Travail scientifique avec les \u00e9tudiants, gestion de projets scientifiques environnementaux ;<\/li>\n<li>Exp\u00e9rience du chef du conseil scientifique et m\u00e9thodologique de la Facult\u00e9 d&#8217;\u00e9ducation g\u00e9ographique naturelle et d&#8217;\u00e9cologie (2014-2020) ;<\/li>\n<li>D\u00e9cern\u00e9 avec la gratitude du Pr\u00e9sidium de l&#8217;Acad\u00e9mie nationale des sciences d&#8217;Ukraine (2015).<\/li>\n<\/ul>\n","protected":false},"excerpt":{"rendered":"<p>Administration Recteur de l&#8217;Universit\u00e9 Internationale Europ\u00e9enne Padalka Oleh Docteur en p\u00e9dagogie, professeur, membre correspondant de l&#8217;Acad\u00e9mie nationale des sciences p\u00e9dagogiques d&#8217;Ukraine, travailleur \u00e9m\u00e9rite de l&#8217;\u00e9ducation d&#8217;Ukraine Le professeur Padalka est un scientifique bien connu dans le domaine de l&#8217;\u00e9ducation \u00e9conomique des technologies p\u00e9dagogiques. Il est l&#8217;un des fondateurs des directions scientifiques ci-dessus et des pionniers [&hellip;]<\/p>\n","protected":false},"author":3,"featured_media":3699,"parent":0,"menu_order":0,"comment_status":"closed","ping_status":"closed","template":"","meta":{"ngg_post_thumbnail":0,"footnotes":""},"class_list":["post-3387","page","type-page","status-publish","has-post-thumbnail","hentry"],"acf":[],"yoast_head":"<!-- This site is optimized with the Yoast SEO plugin v20.8 - https:\/\/yoast.com\/wordpress\/plugins\/seo\/ -->\n<title>INTERNATIONAL EUROPEAN UNIVERSITY | VERWALTUNG DER INTERNATIONAL EUROPEAN UNIVERSITY | PROFESSOREN DER INTERNATIONAL EUROPEAN UNIVERSITY | STUDIUM IN DER UKRAINE<\/title>\n<meta name=\"robots\" content=\"index, follow, max-snippet:-1, max-image-preview:large, max-video-preview:-1\" \/>\n<link rel=\"canonical\" href=\"http:\/\/ieu.university\/de\/administration\/\" \/>\n<meta property=\"og:locale\" content=\"en_US\" \/>\n<meta property=\"og:type\" content=\"article\" \/>\n<meta property=\"og:title\" content=\"INTERNATIONAL EUROPEAN UNIVERSITY | VERWALTUNG DER INTERNATIONAL EUROPEAN UNIVERSITY | PROFESSOREN DER INTERNATIONAL EUROPEAN UNIVERSITY | STUDIUM IN DER UKRAINE\" \/>\n<meta property=\"og:description\" content=\"Administration Recteur de l&#8217;Universit\u00e9 Internationale Europ\u00e9enne Padalka Oleh Docteur en p\u00e9dagogie, professeur, membre correspondant de l&#8217;Acad\u00e9mie nationale des sciences p\u00e9dagogiques d&#8217;Ukraine, travailleur \u00e9m\u00e9rite de l&#8217;\u00e9ducation d&#8217;Ukraine Le professeur Padalka est un scientifique bien connu dans le domaine de l&#8217;\u00e9ducation \u00e9conomique des technologies p\u00e9dagogiques. Il est l&#8217;un des fondateurs des directions scientifiques ci-dessus et des pionniers [&hellip;]\" \/>\n<meta property=\"og:url\" content=\"http:\/\/ieu.university\/fr\/administration\/\" \/>\n<meta property=\"og:site_name\" content=\"INTERNATIONAL EUROPEAN UNIVERSITY, UKRAINE | EUROPE | STUDY IN UKRAINE | STUDY IN EUROPE | MBBS | GENERAL MEDICINE | BUSINESS | ENGINEERING | IT | EUROPE\" \/>\n<meta property=\"article:modified_time\" content=\"2025-01-06T09:32:15+00:00\" \/>\n<meta property=\"og:image\" content=\"http:\/\/ieu.university\/wp-content\/uploads\/2024\/07\/Administration.png\" \/>\n\t<meta property=\"og:image:width\" content=\"1272\" \/>\n\t<meta property=\"og:image:height\" content=\"386\" \/>\n\t<meta property=\"og:image:type\" content=\"image\/png\" \/>\n<meta name=\"twitter:card\" content=\"summary_large_image\" \/>\n<meta name=\"twitter:label1\" content=\"Est. reading time\" \/>\n\t<meta name=\"twitter:data1\" content=\"6 minutes\" \/>\n<script type=\"application\/ld+json\" class=\"yoast-schema-graph\">{\"@context\":\"https:\/\/schema.org\",\"@graph\":[{\"@type\":\"WebPage\",\"@id\":\"http:\/\/ieu.university\/de\/administration\/\",\"url\":\"http:\/\/ieu.university\/de\/administration\/\",\"name\":\"INTERNATIONAL EUROPEAN UNIVERSITY | VERWALTUNG DER INTERNATIONAL EUROPEAN UNIVERSITY | PROFESSOREN DER INTERNATIONAL EUROPEAN UNIVERSITY | STUDIUM IN DER UKRAINE\",\"isPartOf\":{\"@id\":\"https:\/\/ieu.university\/#website\"},\"datePublished\":\"2024-06-25T08:01:59+00:00\",\"dateModified\":\"2025-01-06T09:32:15+00:00\",\"inLanguage\":\"en-US\",\"potentialAction\":[{\"@type\":\"ReadAction\",\"target\":[\"http:\/\/ieu.university\/de\/administration\/\"]}]},{\"@type\":\"WebSite\",\"@id\":\"https:\/\/ieu.university\/#website\",\"url\":\"https:\/\/ieu.university\/\",\"name\":\"INTERNATIONAL EUROPEAN UNIVERSITY, UKRAINE | EUROPE | STUDY IN UKRAINE | STUDY IN EUROPE | MBBS | GENERAL MEDICINE | BUSINESS | ENGINEERING | IT | EUROPE\",\"description\":\"INTERNATIONAL EUROPEAN UNIVERSITY, UKRAINE | EUROPE | STUDY IN UKRAINE | STUDY IN EUROPE | MBBS | GENERAL MEDICINE | BUSINESS | ENGINEERING | IT | EUROPE\",\"potentialAction\":[{\"@type\":\"SearchAction\",\"target\":{\"@type\":\"EntryPoint\",\"urlTemplate\":\"https:\/\/ieu.university\/?s={search_term_string}\"},\"query-input\":\"required name=search_term_string\"}],\"inLanguage\":\"en-US\"}]}<\/script>\n<!-- \/ Yoast SEO plugin. -->","yoast_head_json":{"title":"INTERNATIONAL EUROPEAN UNIVERSITY | VERWALTUNG DER INTERNATIONAL EUROPEAN UNIVERSITY | PROFESSOREN DER INTERNATIONAL EUROPEAN UNIVERSITY | STUDIUM IN DER UKRAINE","robots":{"index":"index","follow":"follow","max-snippet":"max-snippet:-1","max-image-preview":"max-image-preview:large","max-video-preview":"max-video-preview:-1"},"canonical":"http:\/\/ieu.university\/de\/administration\/","og_locale":"en_US","og_type":"article","og_title":"INTERNATIONAL EUROPEAN UNIVERSITY | VERWALTUNG DER INTERNATIONAL EUROPEAN UNIVERSITY | PROFESSOREN DER INTERNATIONAL EUROPEAN UNIVERSITY | STUDIUM IN DER UKRAINE","og_description":"Administration Recteur de l&#8217;Universit\u00e9 Internationale Europ\u00e9enne Padalka Oleh Docteur en p\u00e9dagogie, professeur, membre correspondant de l&#8217;Acad\u00e9mie nationale des sciences p\u00e9dagogiques d&#8217;Ukraine, travailleur \u00e9m\u00e9rite de l&#8217;\u00e9ducation d&#8217;Ukraine Le professeur Padalka est un scientifique bien connu dans le domaine de l&#8217;\u00e9ducation \u00e9conomique des technologies p\u00e9dagogiques. Il est l&#8217;un des fondateurs des directions scientifiques ci-dessus et des pionniers [&hellip;]","og_url":"http:\/\/ieu.university\/fr\/administration\/","og_site_name":"INTERNATIONAL EUROPEAN UNIVERSITY, UKRAINE | EUROPE | STUDY IN UKRAINE | STUDY IN EUROPE | MBBS | GENERAL MEDICINE | BUSINESS | ENGINEERING | IT | EUROPE","article_modified_time":"2025-01-06T09:32:15+00:00","og_image":[{"width":1272,"height":386,"url":"http:\/\/ieu.university\/wp-content\/uploads\/2024\/07\/Administration.png","type":"image\/png"}],"twitter_card":"summary_large_image","twitter_misc":{"Est. reading time":"6 minutes"},"schema":{"@context":"https:\/\/schema.org","@graph":[{"@type":"WebPage","@id":"http:\/\/ieu.university\/de\/administration\/","url":"http:\/\/ieu.university\/de\/administration\/","name":"INTERNATIONAL EUROPEAN UNIVERSITY | VERWALTUNG DER INTERNATIONAL EUROPEAN UNIVERSITY | PROFESSOREN DER INTERNATIONAL EUROPEAN UNIVERSITY | STUDIUM IN DER UKRAINE","isPartOf":{"@id":"https:\/\/ieu.university\/#website"},"datePublished":"2024-06-25T08:01:59+00:00","dateModified":"2025-01-06T09:32:15+00:00","inLanguage":"en-US","potentialAction":[{"@type":"ReadAction","target":["http:\/\/ieu.university\/de\/administration\/"]}]},{"@type":"WebSite","@id":"https:\/\/ieu.university\/#website","url":"https:\/\/ieu.university\/","name":"INTERNATIONAL EUROPEAN UNIVERSITY, UKRAINE | EUROPE | STUDY IN UKRAINE | STUDY IN EUROPE | MBBS | GENERAL MEDICINE | BUSINESS | ENGINEERING | IT | EUROPE","description":"INTERNATIONAL EUROPEAN UNIVERSITY, UKRAINE | EUROPE | STUDY IN UKRAINE | STUDY IN EUROPE | MBBS | GENERAL MEDICINE | BUSINESS | ENGINEERING | IT | EUROPE","potentialAction":[{"@type":"SearchAction","target":{"@type":"EntryPoint","urlTemplate":"https:\/\/ieu.university\/?s={search_term_string}"},"query-input":"required name=search_term_string"}],"inLanguage":"en-US"}]}},"_links":{"self":[{"href":"http:\/\/ieu.university\/fr\/wp-json\/wp\/v2\/pages\/3387","targetHints":{"allow":["GET"]}}],"collection":[{"href":"http:\/\/ieu.university\/fr\/wp-json\/wp\/v2\/pages"}],"about":[{"href":"http:\/\/ieu.university\/fr\/wp-json\/wp\/v2\/types\/page"}],"author":[{"embeddable":true,"href":"http:\/\/ieu.university\/fr\/wp-json\/wp\/v2\/users\/3"}],"replies":[{"embeddable":true,"href":"http:\/\/ieu.university\/fr\/wp-json\/wp\/v2\/comments?post=3387"}],"version-history":[{"count":18,"href":"http:\/\/ieu.university\/fr\/wp-json\/wp\/v2\/pages\/3387\/revisions"}],"predecessor-version":[{"id":4414,"href":"http:\/\/ieu.university\/fr\/wp-json\/wp\/v2\/pages\/3387\/revisions\/4414"}],"wp:featuredmedia":[{"embeddable":true,"href":"http:\/\/ieu.university\/fr\/wp-json\/wp\/v2\/media\/3699"}],"wp:attachment":[{"href":"http:\/\/ieu.university\/fr\/wp-json\/wp\/v2\/media?parent=3387"}],"curies":[{"name":"wp","href":"https:\/\/api.w.org\/{rel}","templated":true}]}}