{"id":3390,"date":"2024-06-25T11:04:52","date_gmt":"2024-06-25T08:04:52","guid":{"rendered":"https:\/\/ieu.university\/?page_id=3390"},"modified":"2025-01-06T12:35:58","modified_gmt":"2025-01-06T09:35:58","slug":"development-strategy","status":"publish","type":"page","link":"http:\/\/ieu.university\/fr\/development-strategy\/","title":{"rendered":"Strat\u00e9gie de D\u00e9veloppement"},"content":{"rendered":"<h2>Strat\u00e9gie de D\u00e9veloppement<\/h2>\n<p><img decoding=\"async\" \n  src=\"http:\/\/ieu.university\/wp-content\/uploads\/2024\/07\/strategy-1.png\" \n  style=\"display: block; margin-left: 1.25rem;\"\n  width=\"90%\"  \n  height=\"auto\"\n\/><\/p>\n<p><img decoding=\"async\" \n  src=\"http:\/\/ieu.university\/wp-content\/uploads\/2024\/07\/strategy-2.png\" \n  style=\"display: block; margin-left: 1.25rem;\"\n  width=\"90%\"\n  height=\"auto\"\n\/><\/p>\n<p><img decoding=\"async\" \n  src=\"http:\/\/ieu.university\/wp-content\/uploads\/2024\/07\/strategy-3.png\" \n  style=\"display: block; margin-left: 1.25rem;\"\n  width=\"90%\"\n  height=\"auto\"\n\/><\/p>\n<p><img decoding=\"async\" \n  src=\"http:\/\/ieu.university\/wp-content\/uploads\/2024\/07\/strategy-4.png\" \n  style=\"display: block; margin-left: 1.25rem;\"\n  width=\"90%\"\n  height=\"auto\"\n\/><\/p>\n<p><img decoding=\"async\" \n  src=\"http:\/\/ieu.university\/wp-content\/uploads\/2024\/07\/strategy-5.png\" \n  style=\"display: block; margin-left: 1.25rem;\"\n  width=\"90%\"\n  height=\"auto\"\n\/><\/p>\n<p><img decoding=\"async\" \n  src=\"http:\/\/ieu.university\/wp-content\/uploads\/2024\/07\/strategy-6.png\" \n  style=\"display: block; margin-left: 1.25rem;\"\n  width=\"90%\" \n  height=\"auto\"\n\/><\/p>\n<p><img decoding=\"async\" \n  src=\"http:\/\/ieu.university\/wp-content\/uploads\/2024\/07\/strategy-7.png\" \n  style=\"display: block; margin-left: 1.25rem;\"\n  width=\"90%\"\n  height=\"auto\"\n\/><\/p>\n<p><img decoding=\"async\" \n  src=\"http:\/\/ieu.university\/wp-content\/uploads\/2024\/07\/strategy-8.png\" \n  style=\"display: block; margin-left: 1.25rem;\"\n  width=\"90%\"\n  height=\"auto\"\n\/><\/p>\n<p><img decoding=\"async\" \n  src=\"http:\/\/ieu.university\/wp-content\/uploads\/2024\/07\/strategy-9.png\" \n  style=\"display: block; margin-left: 1.25rem;\"\n  width=\"90%\"\n  height=\"auto\"\n\/><\/p>\n<p><img decoding=\"async\" \n  src=\"http:\/\/ieu.university\/wp-content\/uploads\/2024\/07\/strategy-10.png\" \n  style=\"display: block; margin-left: 1.25rem;\"\n  width=\"90%\" \n  height=\"auto\"\n\/><\/p>\n<p><img decoding=\"async\" \n  src=\"http:\/\/ieu.university\/wp-content\/uploads\/2024\/07\/strategy-11.png\" \n  style=\"display: block; margin-left: 1.25rem;\"\n  width=\"90%\"\n  height=\"auto\"\n\/><\/p>\n<p><img decoding=\"async\" \n  src=\"http:\/\/ieu.university\/wp-content\/uploads\/2024\/07\/strategy-12.png\" \n  style=\"display: block; margin-left: 1.25rem;\"\n  width=\"90%\"\n  height=\"auto\"\n\/><\/p>\n<p><img decoding=\"async\" \n  src=\"http:\/\/ieu.university\/wp-content\/uploads\/2024\/07\/strategy-13.png\" \n  style=\"display: block; margin-left: 1.25rem;\"\n  width=\"90%\"\n  height=\"auto\"\n\/><\/p>\n<p><img decoding=\"async\" \n  src=\"http:\/\/ieu.university\/wp-content\/uploads\/2024\/07\/strategy-14.png\" \n  style=\"display: block; margin-left: 1.25rem;\"\n  width=\"90%\" \n  height=\"auto\"\n\/><\/p>\n<p><img decoding=\"async\" \n  src=\"http:\/\/ieu.university\/wp-content\/uploads\/2024\/07\/strategy-15.png\" \n  style=\"display: block; margin-left: 1.25rem;\"\n  width=\"90%\"\n  height=\"auto\"\n\/><\/p>\n<p><img decoding=\"async\" \n  src=\"http:\/\/ieu.university\/wp-content\/uploads\/2024\/07\/strategy-16.png\" \n  style=\"display: block; margin-left: 1.25rem;\"\n  width=\"90%\"\n  height=\"auto\"\n\/><\/p>\n<p><img decoding=\"async\" \n  src=\"http:\/\/ieu.university\/wp-content\/uploads\/2024\/07\/strategy-17.png\" \n  style=\"display: block; margin-left: 1.25rem;\"\n  width=\"90%\"\n  height=\"auto\"\n\/><\/p>\n<p><img decoding=\"async\" \n  src=\"http:\/\/ieu.university\/wp-content\/uploads\/2024\/07\/strategy-18.png\" \n  style=\"display: block; margin-left: 1.25rem;\"\n  width=\"90%\" \n  height=\"auto\"\n\/><\/p>\n<p><img decoding=\"async\" \n  src=\"http:\/\/ieu.university\/wp-content\/uploads\/2024\/07\/strategy-19.png\" \n  style=\"display: block; margin-left: 1.25rem;\"\n  width=\"90%\"\n  height=\"auto\"\n\/><\/p>\n<p><img decoding=\"async\" \n  src=\"http:\/\/ieu.university\/wp-content\/uploads\/2024\/07\/strategy-20.png\" \n  style=\"display: block; margin-left: 1.25rem;\"\n  width=\"90%\" \n  height=\"auto\"\n\/><\/p>\n<p><img decoding=\"async\" \n  src=\"http:\/\/ieu.university\/wp-content\/uploads\/2024\/07\/strategy-21.png\" \n  style=\"display: block; margin-left: 1.25rem;\"\n  width=\"90%\"\n  height=\"auto\"\n\/><\/p>\n<p><img decoding=\"async\" \n  src=\"http:\/\/ieu.university\/wp-content\/uploads\/2024\/07\/strategy-22.png\" \n  style=\"display: block; margin-left: 1.25rem;\"\n  width=\"90%\" \n  height=\"auto\"\n\/><\/p>\n<p><img decoding=\"async\" \n  src=\"http:\/\/ieu.university\/wp-content\/uploads\/2024\/07\/strategy-23.png\" \n  style=\"display: block; margin-left: 1.25rem;\"\n  width=\"90%\" \n  height=\"auto\"\n\/><\/p>\n<p><img decoding=\"async\" \n  src=\"http:\/\/ieu.university\/wp-content\/uploads\/2024\/07\/strategy-24.png\" \n  style=\"display: block; margin-left: 1.25rem;\"\n  width=\"90%\" \n  height=\"auto\"\n\/><\/p>\n","protected":false},"excerpt":{"rendered":"<p>Strat\u00e9gie de D\u00e9veloppement<\/p>\n","protected":false},"author":3,"featured_media":3701,"parent":0,"menu_order":0,"comment_status":"closed","ping_status":"closed","template":"","meta":{"ngg_post_thumbnail":0,"footnotes":""},"class_list":["post-3390","page","type-page","status-publish","has-post-thumbnail","hentry"],"acf":[],"yoast_head":"<!-- This site is optimized with the Yoast SEO plugin v20.8 - https:\/\/yoast.com\/wordpress\/plugins\/seo\/ -->\n<title>THE DEVELOPMENT STRATEGY OF INTERNATIONAL EUROPEAN UNIVERSITY | MEDICAL EDUCATION IN EUROPE | EDUCATION IN ENGLISH LANGUAGE | HIGHER EDUCATION IN EUROPE | BUSINESS EDUCATION IN UKRAINE<\/title>\n<meta name=\"robots\" content=\"index, follow, max-snippet:-1, max-image-preview:large, max-video-preview:-1\" \/>\n<link rel=\"canonical\" href=\"https:\/\/ieu.university\/ru\/development-strategy\/\" \/>\n<meta property=\"og:locale\" content=\"en_US\" \/>\n<meta property=\"og:type\" content=\"article\" \/>\n<meta property=\"og:title\" content=\"THE DEVELOPMENT STRATEGY OF INTERNATIONAL EUROPEAN UNIVERSITY | MEDICAL EDUCATION IN EUROPE | EDUCATION IN ENGLISH LANGUAGE | HIGHER EDUCATION IN EUROPE | BUSINESS EDUCATION IN UKRAINE\" \/>\n<meta property=\"og:description\" content=\"Strat\u00e9gie de D\u00e9veloppement\" \/>\n<meta property=\"og:url\" content=\"http:\/\/ieu.university\/fr\/development-strategy\/\" \/>\n<meta property=\"og:site_name\" content=\"INTERNATIONAL EUROPEAN UNIVERSITY, UKRAINE | EUROPE | STUDY IN UKRAINE | STUDY IN EUROPE | MBBS | GENERAL MEDICINE | BUSINESS | ENGINEERING | IT | EUROPE\" \/>\n<meta property=\"article:modified_time\" content=\"2025-01-06T09:35:58+00:00\" \/>\n<meta property=\"og:image\" content=\"https:\/\/ieu.university\/wp-content\/uploads\/2024\/07\/Development-Strategy.png\" \/>\n\t<meta property=\"og:image:width\" content=\"1272\" \/>\n\t<meta property=\"og:image:height\" content=\"387\" \/>\n\t<meta property=\"og:image:type\" content=\"image\/png\" \/>\n<meta name=\"twitter:card\" content=\"summary_large_image\" \/>\n<meta name=\"twitter:label1\" content=\"Est. reading time\" \/>\n\t<meta name=\"twitter:data1\" content=\"5 minutes\" \/>\n<script type=\"application\/ld+json\" class=\"yoast-schema-graph\">{\"@context\":\"https:\/\/schema.org\",\"@graph\":[{\"@type\":\"WebPage\",\"@id\":\"https:\/\/ieu.university\/ru\/development-strategy\/\",\"url\":\"https:\/\/ieu.university\/ru\/development-strategy\/\",\"name\":\"THE DEVELOPMENT STRATEGY OF INTERNATIONAL EUROPEAN UNIVERSITY | MEDICAL EDUCATION IN EUROPE | EDUCATION IN ENGLISH LANGUAGE | HIGHER EDUCATION IN EUROPE | BUSINESS EDUCATION IN UKRAINE\",\"isPartOf\":{\"@id\":\"https:\/\/ieu.university\/#website\"},\"datePublished\":\"2024-06-25T08:04:52+00:00\",\"dateModified\":\"2025-01-06T09:35:58+00:00\",\"inLanguage\":\"en-US\",\"potentialAction\":[{\"@type\":\"ReadAction\",\"target\":[\"https:\/\/ieu.university\/ru\/development-strategy\/\"]}]},{\"@type\":\"WebSite\",\"@id\":\"https:\/\/ieu.university\/#website\",\"url\":\"https:\/\/ieu.university\/\",\"name\":\"INTERNATIONAL EUROPEAN UNIVERSITY, UKRAINE | EUROPE | STUDY IN UKRAINE | STUDY IN EUROPE | MBBS | GENERAL MEDICINE | BUSINESS | ENGINEERING | IT | EUROPE\",\"description\":\"INTERNATIONAL EUROPEAN UNIVERSITY, UKRAINE | EUROPE | STUDY IN UKRAINE | STUDY IN EUROPE | MBBS | GENERAL MEDICINE | BUSINESS | ENGINEERING | IT | EUROPE\",\"potentialAction\":[{\"@type\":\"SearchAction\",\"target\":{\"@type\":\"EntryPoint\",\"urlTemplate\":\"https:\/\/ieu.university\/?s={search_term_string}\"},\"query-input\":\"required name=search_term_string\"}],\"inLanguage\":\"en-US\"}]}<\/script>\n<!-- \/ Yoast SEO plugin. -->","yoast_head_json":{"title":"THE DEVELOPMENT STRATEGY OF INTERNATIONAL EUROPEAN UNIVERSITY | MEDICAL EDUCATION IN EUROPE | EDUCATION IN ENGLISH LANGUAGE | HIGHER EDUCATION IN EUROPE | BUSINESS EDUCATION IN UKRAINE","robots":{"index":"index","follow":"follow","max-snippet":"max-snippet:-1","max-image-preview":"max-image-preview:large","max-video-preview":"max-video-preview:-1"},"canonical":"https:\/\/ieu.university\/ru\/development-strategy\/","og_locale":"en_US","og_type":"article","og_title":"THE DEVELOPMENT STRATEGY OF INTERNATIONAL EUROPEAN UNIVERSITY | MEDICAL EDUCATION IN EUROPE | EDUCATION IN ENGLISH LANGUAGE | HIGHER EDUCATION IN EUROPE | BUSINESS EDUCATION IN UKRAINE","og_description":"Strat\u00e9gie de D\u00e9veloppement","og_url":"http:\/\/ieu.university\/fr\/development-strategy\/","og_site_name":"INTERNATIONAL EUROPEAN UNIVERSITY, UKRAINE | EUROPE | STUDY IN UKRAINE | STUDY IN EUROPE | MBBS | GENERAL MEDICINE | BUSINESS | ENGINEERING | IT | EUROPE","article_modified_time":"2025-01-06T09:35:58+00:00","og_image":[{"width":1272,"height":387,"url":"https:\/\/ieu.university\/wp-content\/uploads\/2024\/07\/Development-Strategy.png","type":"image\/png"}],"twitter_card":"summary_large_image","twitter_misc":{"Est. reading time":"5 minutes"},"schema":{"@context":"https:\/\/schema.org","@graph":[{"@type":"WebPage","@id":"https:\/\/ieu.university\/ru\/development-strategy\/","url":"https:\/\/ieu.university\/ru\/development-strategy\/","name":"THE DEVELOPMENT STRATEGY OF INTERNATIONAL EUROPEAN UNIVERSITY | MEDICAL EDUCATION IN EUROPE | EDUCATION IN ENGLISH LANGUAGE | HIGHER EDUCATION IN EUROPE | BUSINESS EDUCATION IN UKRAINE","isPartOf":{"@id":"https:\/\/ieu.university\/#website"},"datePublished":"2024-06-25T08:04:52+00:00","dateModified":"2025-01-06T09:35:58+00:00","inLanguage":"en-US","potentialAction":[{"@type":"ReadAction","target":["https:\/\/ieu.university\/ru\/development-strategy\/"]}]},{"@type":"WebSite","@id":"https:\/\/ieu.university\/#website","url":"https:\/\/ieu.university\/","name":"INTERNATIONAL EUROPEAN UNIVERSITY, UKRAINE | EUROPE | STUDY IN UKRAINE | STUDY IN EUROPE | MBBS | GENERAL MEDICINE | BUSINESS | ENGINEERING | IT | EUROPE","description":"INTERNATIONAL EUROPEAN UNIVERSITY, UKRAINE | EUROPE | STUDY IN UKRAINE | STUDY IN EUROPE | MBBS | GENERAL MEDICINE | BUSINESS | ENGINEERING | IT | EUROPE","potentialAction":[{"@type":"SearchAction","target":{"@type":"EntryPoint","urlTemplate":"https:\/\/ieu.university\/?s={search_term_string}"},"query-input":"required name=search_term_string"}],"inLanguage":"en-US"}]}},"_links":{"self":[{"href":"http:\/\/ieu.university\/fr\/wp-json\/wp\/v2\/pages\/3390","targetHints":{"allow":["GET"]}}],"collection":[{"href":"http:\/\/ieu.university\/fr\/wp-json\/wp\/v2\/pages"}],"about":[{"href":"http:\/\/ieu.university\/fr\/wp-json\/wp\/v2\/types\/page"}],"author":[{"embeddable":true,"href":"http:\/\/ieu.university\/fr\/wp-json\/wp\/v2\/users\/3"}],"replies":[{"embeddable":true,"href":"http:\/\/ieu.university\/fr\/wp-json\/wp\/v2\/comments?post=3390"}],"version-history":[{"count":22,"href":"http:\/\/ieu.university\/fr\/wp-json\/wp\/v2\/pages\/3390\/revisions"}],"predecessor-version":[{"id":4431,"href":"http:\/\/ieu.university\/fr\/wp-json\/wp\/v2\/pages\/3390\/revisions\/4431"}],"wp:featuredmedia":[{"embeddable":true,"href":"http:\/\/ieu.university\/fr\/wp-json\/wp\/v2\/media\/3701"}],"wp:attachment":[{"href":"http:\/\/ieu.university\/fr\/wp-json\/wp\/v2\/media?parent=3390"}],"curies":[{"name":"wp","href":"https:\/\/api.w.org\/{rel}","templated":true}]}}