{"id":72,"date":"2022-09-22T11:16:11","date_gmt":"2022-09-22T08:16:11","guid":{"rendered":"http:\/\/ieu.university\/?page_id=72"},"modified":"2025-01-06T12:57:16","modified_gmt":"2025-01-06T09:57:16","slug":"ukrainian-lifestyle","status":"publish","type":"page","link":"http:\/\/ieu.university\/fr\/ukrainian-lifestyle\/","title":{"rendered":"Mode de vie ukrainien"},"content":{"rendered":"<h2>Mode de vie ukrainien<\/h2>\n<p>Les Ukrainiens sont g\u00e9n\u00e9ralement des nations ouvertes d\u2019esprit, motiv\u00e9es et intelligentes. Chacun d\u2019eux peut se d\u00e9brouiller seul et aider dans les moments difficiles. Les \u00e9tudiants internationaux ne devraient avoir <strong>aucun probl\u00e8me \u00e0 communiquer avec les r\u00e9sidents du pays<\/strong>. Les Ukrainiens sont des gens profonds. Si un Ukrainien vous sourit, cela signifie toujours un sourire sinc\u00e8re. Le peuple ukrainien est tr\u00e8s \u00e9motif et loyal. Ils aiment s&#8217;amuser et sont tr\u00e8s sympathiques. En m\u00eame temps, les Ukrainiens sont tr\u00e8s superstitieux. De nombreuses personnes ukrainiennes sont reconnues dans le monde entier, notamment d<strong>es \u00e9crivains, des po\u00e8tes, des joueurs de football<\/strong> et bien d&#8217;autres. Des \u00e9crivains et po\u00e8tes c\u00e9l\u00e8bres tels que <strong>Gogol et Shevchenko sont n\u00e9s en Ukraine<\/strong>.<\/p>\n<h2>La vie \u00e9tudiante en Ukraine<\/h2>\n<p><strong>La vie \u00e9tudiante en Ukraine est bien moins ch\u00e8re que dans d\u2019autres pays europ\u00e9ens<\/strong> ! C&#8217;est un lieu o\u00f9 l&#8217;apprentissage va au-del\u00e0 de la salle de classe. La vie \u00e9tudiante en Ukraine offre une exp\u00e9rience dynamique et enrichissante caract\u00e9ris\u00e9e par la rigueur acad\u00e9mique, la diversit\u00e9 culturelle, les activit\u00e9s sociales et les opportunit\u00e9s de croissance personnelle. Profitez de votre vie multiculturelle et vivez de nouvelles exp\u00e9riences chaque jour ! Apprenez des professionnels les plus talentueux et devenez un professionnel recherch\u00e9 dans le monde entier. L\u2019Ukraine vous offre cette opportunit\u00e9, alors pourquoi ne pas en profiter ?<\/p>\n<p>La vie \u00e9tudiante en Ukraine n&#8217;est pas tr\u00e8s <strong>diff\u00e9rente de celle des autres pays europ\u00e9ens<\/strong>. Les \u00e9tudiants \u00e9tudient, rencontrent de nouvelles personnes, communiquent, apprennent de nouvelles choses et voyagent \u00e0 travers l&#8217;Europe. La plupart des \u00e9tudiants vivent sur le campus. Les campus disposent de toutes les conditions pour <strong>un s\u00e9jour s\u00fbr et confortable : biblioth\u00e8ques, h\u00f4pitaux, gymnases, salles de conf\u00e9rence, salles de concert, laboratoires et autres.<\/strong> Les communaut\u00e9s \u00e9tudiantes locales offrent une grande vari\u00e9t\u00e9 de clubs culturels, de concours et d&#8217;activit\u00e9s. Les concours de brainstorming sont populaires en Ukraine ; les \u00e9tudiants participent \u00e9galement \u00e0 des conf\u00e9rences scientifiques pour pr\u00e9senter leurs recherches.<\/p>\n<p>Les universit\u00e9s ukrainiennes offrent un environnement propice \u00e0 l\u2019apprentissage et au d\u00e9veloppement intellectuel. Avec une gamme diversifi\u00e9e de programmes offerts en ukrainien, en russe et, de plus en plus, en anglais, les \u00e9tudiants internationaux ont de nombreuses possibilit\u00e9s de poursuivre <strong>des \u00e9tudes de premier cycle, de ma\u00eetrise et de doctorat <\/strong>dans diverses disciplines. Dans les universit\u00e9s ukrainiennes, vous pouvez trouver tout type de sport : les grands campus universitaires disposent de gymnases et de terrains de jeux. Les sports d\u2019\u00e9quipe les plus populaires sont <strong>le football, le volley-ball, le basket-ball, le football, le rugby et le cricket. <\/strong>Les autres sports auxquels certains \u00e9tudiants participent sont le tennis, le badminton et les \u00e9checs. Des tournois sportifs sont organis\u00e9s dans toute l&#8217;Ukraine.<\/p>\n<h2>Syst\u00e8me de transport<\/h2>\n<p><strong>Le syst\u00e8me de transport ukrainien<\/strong> englobe une vari\u00e9t\u00e9 de modes adapt\u00e9s aux d\u00e9placements urbains et interurbains, refl\u00e9tant la taille, la g\u00e9ographie et les activit\u00e9s \u00e9conomiques du pays. L&#8217;Ukraine dispose de plusieurs autoroutes et autoroutes majeures qui facilitent les d\u00e9placements longue distance entre les villes. La qualit\u00e9 des routes varie, les routes principales \u00e9tant g\u00e9n\u00e9ralement bien entretenues, tandis que certaines routes secondaires peuvent n\u00e9cessiter des am\u00e9liorations. Des villes comme <strong>Kyiv, Lviv, Kharkiv et Odesa <\/strong>ont d\u00e9velopp\u00e9 des r\u00e9seaux routiers urbains \u00e0 plusieurs voies, feux de circulation et passages pour pi\u00e9tons pour accueillir le trafic local.<\/p>\n<p>Dans les villes ukrainiennes, les \u00e9tudiants b\u00e9n\u00e9ficient d&#8217;un syst\u00e8me de transports publics complet comprenant <strong>m\u00e9tro, bus, tramways et trolleybus<\/strong>. Une carte de transport \u00e9tudiant, d\u00e9livr\u00e9e par les universit\u00e9s, donne acc\u00e8s \u00e0 tous les transports municipaux \u00e0 un tarif tr\u00e8s abordable. Il permet des d\u00e9placements illimit\u00e9s dans le m\u00e9tro, les bus, les tramways et les trolleybus au sein de la ville. Il s&#8217;agit d&#8217;une option pratique et \u00e9conomique pour les \u00e9tudiants qui se d\u00e9placent entre le campus, leur h\u00e9bergement et d&#8217;autres destinations urbaines. Les tickets de m\u00e9tro, de bus, de tramway et de trolleybus co\u00fbtent entre 0,24 et 0,31 USD par ticket, ce qui rend les transports publics extr\u00eamement abordables pour les \u00e9tudiants.<\/p>\n<h2>March\u00e9 et alimentation<\/h2>\n<p>L&#8217;Ukraine, connue pour son secteur industriel d\u00e9velopp\u00e9 et son riche patrimoine agricole, poss\u00e8de un domaine culinaire diversifi\u00e9. Les Ukrainiens peuvent se procurer une vari\u00e9t\u00e9 de produits dans les magasins, les supermarch\u00e9s et les march\u00e9s agricoles anim\u00e9s. <strong>La sc\u00e8ne culinaire ukrainienne refl\u00e8te un m\u00e9lange de cuisine europ\u00e9enne<\/strong>, asiatique et traditionnelle ukrainienne, avec des influences des traditions culinaires arabes qui font \u00e9galement leur marque. En Ukraine, la nourriture est plus abordable que dans d&#8217;autres r\u00e9gions d&#8217;Europe en raison du r\u00f4le important du pays en tant que producteur agricole majeur. La quantit\u00e9 de produits cultiv\u00e9s localement et de produits agricoles contribue \u00e0 la disponibilit\u00e9 et \u00e0 l\u2019abordabilit\u00e9 des produits alimentaires dans tout le pays.<\/p>\n<p>Des cha\u00eenes de supermarch\u00e9s de premier plan comme AMSTOR, ATB, SILPO, OBJORA, ASHAN et METRO sont largement accessibles et proposent une large gamme de produits <strong>d&#8217;\u00e9picerie, de produits frais, de produits laitiers et de produits de premi\u00e8re n\u00e9cessit\u00e9<\/strong>. Les supermarch\u00e9s ukrainiens sont des arr\u00eats pratiques pour les \u00e9tudiants internationaux qui cherchent \u00e0 faire des provisions ou \u00e0 trouver des solutions de repas rapides. Pour une exp\u00e9rience de shopping plus traditionnelle et des prix potentiellement plus bas, les \u00e9tudiants ukrainiens peuvent visiter<strong> les march\u00e9s agricoles<\/strong>. Les march\u00e9s agricoles dans toute l&#8217;Ukraine offrent une gamme de fruits frais, de l\u00e9gumes, de viandes, de fromages et de produits artisanaux. Les prix sont plus comp\u00e9titifs que ceux des supermarch\u00e9s, ce qui les rend attractifs pour les acheteurs et les \u00e9tudiants soucieux de leur budget.<\/p>\n<p>Dans <strong>les villes ukrainiennes, les caf\u00e9s, les restaurants et les \u00e9tablissements de restauration <\/strong>rapide servent <strong>une gamme vari\u00e9e de cuisines, notamment des influences europ\u00e9ennes, asiatiques et arabes.<\/strong> Il donne aux \u00e9tudiants l&#8217;occasion d&#8217;explorer les saveurs internationales ou de savourer des plats traditionnels ukrainiens comme le bortsch, les varenyky (raviolis) et le holubtsi (rouleaux de chou farcis). Par rapport \u00e0 l\u2019Europe occidentale, les prix des denr\u00e9es alimentaires en Ukraine sont nettement inf\u00e9rieurs, ce qui permet aux \u00e9tudiants de g\u00e9rer plus facilement leurs frais de subsistance.<\/p>\n<h2>V\u00eatements<\/h2>\n<p>En Ukraine, les prix des v\u00eatements varient consid\u00e9rablement en fonction de facteurs tels que la marque, la qualit\u00e9, l&#8217;emplacement et le type de v\u00eatement. D&#8217;une mani\u00e8re g\u00e9n\u00e9rale, l&#8217;Ukraine offre <strong>une gamme d&#8217;options de shopping allant des magasins \u00e9conomiques aux boutiques haut de gamme, <\/strong>r\u00e9pondant aux pr\u00e9f\u00e9rences des consommateurs et aux budgets divers. Pour des v\u00eatements abordables, les march\u00e9s locaux et les bazars sont des destinations populaires. Pr\u00e9sents dans de nombreuses villes, <strong>les vendeurs ambulants <\/strong>vendent un m\u00e9lange de v\u00eatements neufs et d&#8217;occasion, offrant ainsi aux acheteurs soucieux de leur budget des choix bon march\u00e9.<\/p>\n<p>L&#8217;Ukraine compte une vari\u00e9t\u00e9 de <strong>cha\u00eenes de vente au d\u00e9tail et de magasins proposant diff\u00e9rents niveaux de prix<\/strong>. Des cha\u00eenes comme <strong>Zara, H&#038;M et Reserved <\/strong>proposent des v\u00eatements \u00e9l\u00e9gants et abordables pour hommes et femmes. Les marques locales et les cha\u00eenes internationales comme <strong>Mango et Pull&#038;Bear <\/strong>proposent des options de milieu de gamme \u00e0 des prix l\u00e9g\u00e8rement plus \u00e9lev\u00e9s mais restent accessibles \u00e0 de nombreux consommateurs. Dans les grandes villes comme Kyiv et Lviv, les boutiques haut de gamme et les magasins de cr\u00e9ateurs proposent des pi\u00e8ces de mode haut de gamme \u00e0 des prix \u00e9lev\u00e9s, attirant ceux qui recherchent le luxe et l&#8217;exclusivit\u00e9.<\/p>\n<p>Pendant les p\u00e9riodes cl\u00e9s telles que les soldes de fin de saison, <strong>le Black Friday et les soldes du Nouvel An<\/strong>, les acheteurs peuvent trouver des remises et des offres promotionnelles importantes dans les magasins, ce qui en fait le moment id\u00e9al pour acheter des v\u00eatements \u00e0 prix r\u00e9duits. Certaines villes disposent de magasins d&#8217;usine o\u00f9 les acheteurs peuvent trouver des v\u00eatements \u00e0 prix r\u00e9duit des saisons pr\u00e9c\u00e9dentes ou des marchandises en surstock \u00e0 des prix inf\u00e9rieurs. M\u00eame si les prix peuvent varier consid\u00e9rablement, il est important de prendre en compte la qualit\u00e9 et la durabilit\u00e9 lors de vos achats, en particulier pour les articles essentiels comme les manteaux et les chaussures qui doivent r\u00e9sister aux hivers rigoureux de l&#8217;Ukraine.<\/p>\n<h2>Monnaie<\/h2>\n<p><strong>La monnaie de l&#8217;Ukraine est la hryvnia ukrainienne,<\/strong> en abr\u00e9g\u00e9 <strong>UAH.<\/strong> Il est repr\u00e9sent\u00e9 par le symbole <strong>\u20b4<\/strong>. La hryvnia ukrainienne est largement accept\u00e9e dans toute l&#8217;Ukraine pour toutes les transactions, y compris les achats au d\u00e9tail, les repas, l&#8217;h\u00e9bergement, le transport et les services. La plupart des transactions en Ukraine sont effectu\u00e9es en esp\u00e8ces, m\u00eame si les paiements \u00e9lectroniques et les cartes de cr\u00e9dit\/d\u00e9bit deviennent de plus en plus populaires, notamment dans les zones urbaines et les destinations touristiques. Les devises \u00e9trang\u00e8res peuvent \u00eatre <strong>\u00e9chang\u00e9es dans les banques, les bureaux de change, les gares et \u00e0 l&#8217;a\u00e9roport. <\/strong>\u00c0 l\u2019a\u00e9roport international, le taux de change n\u2019est pas le m\u00eame qu\u2019ailleurs.<\/p>\n","protected":false},"excerpt":{"rendered":"<p>Mode de vie ukrainien Les Ukrainiens sont g\u00e9n\u00e9ralement des nations ouvertes d\u2019esprit, motiv\u00e9es et intelligentes. Chacun d\u2019eux peut se d\u00e9brouiller seul et aider dans les moments difficiles. Les \u00e9tudiants internationaux ne devraient avoir aucun probl\u00e8me \u00e0 communiquer avec les r\u00e9sidents du pays. Les Ukrainiens sont des gens profonds. Si un Ukrainien vous sourit, cela signifie [&hellip;]<\/p>\n","protected":false},"author":1,"featured_media":3612,"parent":0,"menu_order":0,"comment_status":"closed","ping_status":"closed","template":"","meta":{"ngg_post_thumbnail":0,"footnotes":""},"class_list":["post-72","page","type-page","status-publish","has-post-thumbnail","hentry"],"acf":[],"yoast_head":"<!-- This site is optimized with the Yoast SEO plugin v20.8 - https:\/\/yoast.com\/wordpress\/plugins\/seo\/ -->\n<title>VIE \u00c9TUDIANTE EN UKRAINE | QUE FAIRE EN UKRAINE | TRANSPORTS EN UKRAINE | ALIMENTATION EN UKRAINE | MONNAIE EN UKRAINE | \u00c9TUDIER EN UKRAINE | UNIVERSIT\u00c9 EN UKRAINE<\/title>\n<meta name=\"robots\" content=\"index, follow, max-snippet:-1, max-image-preview:large, max-video-preview:-1\" \/>\n<link rel=\"canonical\" href=\"http:\/\/ieu.university\/fr\/ukrainian-lifestyle\/\" \/>\n<meta property=\"og:locale\" content=\"en_US\" \/>\n<meta property=\"og:type\" content=\"article\" \/>\n<meta property=\"og:title\" content=\"VIE \u00c9TUDIANTE EN UKRAINE | QUE FAIRE EN UKRAINE | TRANSPORTS EN UKRAINE | ALIMENTATION EN UKRAINE | MONNAIE EN UKRAINE | \u00c9TUDIER EN UKRAINE | UNIVERSIT\u00c9 EN UKRAINE\" \/>\n<meta property=\"og:description\" content=\"Mode de vie ukrainien Les Ukrainiens sont g\u00e9n\u00e9ralement des nations ouvertes d\u2019esprit, motiv\u00e9es et intelligentes. Chacun d\u2019eux peut se d\u00e9brouiller seul et aider dans les moments difficiles. Les \u00e9tudiants internationaux ne devraient avoir aucun probl\u00e8me \u00e0 communiquer avec les r\u00e9sidents du pays. Les Ukrainiens sont des gens profonds. Si un Ukrainien vous sourit, cela signifie [&hellip;]\" \/>\n<meta property=\"og:url\" content=\"http:\/\/ieu.university\/fr\/ukrainian-lifestyle\/\" \/>\n<meta property=\"og:site_name\" content=\"INTERNATIONAL EUROPEAN UNIVERSITY, UKRAINE | EUROPE | STUDY IN UKRAINE | STUDY IN EUROPE | MBBS | GENERAL MEDICINE | BUSINESS | ENGINEERING | IT | EUROPE\" \/>\n<meta property=\"article:modified_time\" content=\"2025-01-06T09:57:16+00:00\" \/>\n<meta property=\"og:image\" content=\"http:\/\/ieu.university\/wp-content\/uploads\/2024\/07\/Ukrainian-Lifestyle.png\" \/>\n\t<meta property=\"og:image:width\" content=\"1272\" \/>\n\t<meta property=\"og:image:height\" content=\"387\" \/>\n\t<meta property=\"og:image:type\" content=\"image\/png\" \/>\n<meta name=\"twitter:card\" content=\"summary_large_image\" \/>\n<meta name=\"twitter:label1\" content=\"Est. reading time\" \/>\n\t<meta name=\"twitter:data1\" content=\"5 minutes\" \/>\n<script type=\"application\/ld+json\" class=\"yoast-schema-graph\">{\"@context\":\"https:\/\/schema.org\",\"@graph\":[{\"@type\":\"WebPage\",\"@id\":\"http:\/\/ieu.university\/fr\/ukrainian-lifestyle\/\",\"url\":\"http:\/\/ieu.university\/fr\/ukrainian-lifestyle\/\",\"name\":\"VIE \u00c9TUDIANTE EN UKRAINE | QUE FAIRE EN UKRAINE | TRANSPORTS EN UKRAINE | ALIMENTATION EN UKRAINE | MONNAIE EN UKRAINE | \u00c9TUDIER EN UKRAINE | UNIVERSIT\u00c9 EN UKRAINE\",\"isPartOf\":{\"@id\":\"https:\/\/ieu.university\/#website\"},\"datePublished\":\"2022-09-22T08:16:11+00:00\",\"dateModified\":\"2025-01-06T09:57:16+00:00\",\"inLanguage\":\"en-US\",\"potentialAction\":[{\"@type\":\"ReadAction\",\"target\":[\"http:\/\/ieu.university\/fr\/ukrainian-lifestyle\/\"]}]},{\"@type\":\"WebSite\",\"@id\":\"https:\/\/ieu.university\/#website\",\"url\":\"https:\/\/ieu.university\/\",\"name\":\"INTERNATIONAL EUROPEAN UNIVERSITY, UKRAINE | EUROPE | STUDY IN UKRAINE | STUDY IN EUROPE | MBBS | GENERAL MEDICINE | BUSINESS | ENGINEERING | IT | EUROPE\",\"description\":\"INTERNATIONAL EUROPEAN UNIVERSITY, UKRAINE | EUROPE | STUDY IN UKRAINE | STUDY IN EUROPE | MBBS | GENERAL MEDICINE | BUSINESS | ENGINEERING | IT | EUROPE\",\"potentialAction\":[{\"@type\":\"SearchAction\",\"target\":{\"@type\":\"EntryPoint\",\"urlTemplate\":\"https:\/\/ieu.university\/?s={search_term_string}\"},\"query-input\":\"required name=search_term_string\"}],\"inLanguage\":\"en-US\"}]}<\/script>\n<!-- \/ Yoast SEO plugin. -->","yoast_head_json":{"title":"VIE \u00c9TUDIANTE EN UKRAINE | QUE FAIRE EN UKRAINE | TRANSPORTS EN UKRAINE | ALIMENTATION EN UKRAINE | MONNAIE EN UKRAINE | \u00c9TUDIER EN UKRAINE | UNIVERSIT\u00c9 EN UKRAINE","robots":{"index":"index","follow":"follow","max-snippet":"max-snippet:-1","max-image-preview":"max-image-preview:large","max-video-preview":"max-video-preview:-1"},"canonical":"http:\/\/ieu.university\/fr\/ukrainian-lifestyle\/","og_locale":"en_US","og_type":"article","og_title":"VIE \u00c9TUDIANTE EN UKRAINE | QUE FAIRE EN UKRAINE | TRANSPORTS EN UKRAINE | ALIMENTATION EN UKRAINE | MONNAIE EN UKRAINE | \u00c9TUDIER EN UKRAINE | UNIVERSIT\u00c9 EN UKRAINE","og_description":"Mode de vie ukrainien Les Ukrainiens sont g\u00e9n\u00e9ralement des nations ouvertes d\u2019esprit, motiv\u00e9es et intelligentes. Chacun d\u2019eux peut se d\u00e9brouiller seul et aider dans les moments difficiles. Les \u00e9tudiants internationaux ne devraient avoir aucun probl\u00e8me \u00e0 communiquer avec les r\u00e9sidents du pays. Les Ukrainiens sont des gens profonds. Si un Ukrainien vous sourit, cela signifie [&hellip;]","og_url":"http:\/\/ieu.university\/fr\/ukrainian-lifestyle\/","og_site_name":"INTERNATIONAL EUROPEAN UNIVERSITY, UKRAINE | EUROPE | STUDY IN UKRAINE | STUDY IN EUROPE | MBBS | GENERAL MEDICINE | BUSINESS | ENGINEERING | IT | EUROPE","article_modified_time":"2025-01-06T09:57:16+00:00","og_image":[{"width":1272,"height":387,"url":"http:\/\/ieu.university\/wp-content\/uploads\/2024\/07\/Ukrainian-Lifestyle.png","type":"image\/png"}],"twitter_card":"summary_large_image","twitter_misc":{"Est. reading time":"5 minutes"},"schema":{"@context":"https:\/\/schema.org","@graph":[{"@type":"WebPage","@id":"http:\/\/ieu.university\/fr\/ukrainian-lifestyle\/","url":"http:\/\/ieu.university\/fr\/ukrainian-lifestyle\/","name":"VIE \u00c9TUDIANTE EN UKRAINE | QUE FAIRE EN UKRAINE | TRANSPORTS EN UKRAINE | ALIMENTATION EN UKRAINE | MONNAIE EN UKRAINE | \u00c9TUDIER EN UKRAINE | UNIVERSIT\u00c9 EN UKRAINE","isPartOf":{"@id":"https:\/\/ieu.university\/#website"},"datePublished":"2022-09-22T08:16:11+00:00","dateModified":"2025-01-06T09:57:16+00:00","inLanguage":"en-US","potentialAction":[{"@type":"ReadAction","target":["http:\/\/ieu.university\/fr\/ukrainian-lifestyle\/"]}]},{"@type":"WebSite","@id":"https:\/\/ieu.university\/#website","url":"https:\/\/ieu.university\/","name":"INTERNATIONAL EUROPEAN UNIVERSITY, UKRAINE | EUROPE | STUDY IN UKRAINE | STUDY IN EUROPE | MBBS | GENERAL MEDICINE | BUSINESS | ENGINEERING | IT | EUROPE","description":"INTERNATIONAL EUROPEAN UNIVERSITY, UKRAINE | EUROPE | STUDY IN UKRAINE | STUDY IN EUROPE | MBBS | GENERAL MEDICINE | BUSINESS | ENGINEERING | IT | EUROPE","potentialAction":[{"@type":"SearchAction","target":{"@type":"EntryPoint","urlTemplate":"https:\/\/ieu.university\/?s={search_term_string}"},"query-input":"required name=search_term_string"}],"inLanguage":"en-US"}]}},"_links":{"self":[{"href":"http:\/\/ieu.university\/fr\/wp-json\/wp\/v2\/pages\/72","targetHints":{"allow":["GET"]}}],"collection":[{"href":"http:\/\/ieu.university\/fr\/wp-json\/wp\/v2\/pages"}],"about":[{"href":"http:\/\/ieu.university\/fr\/wp-json\/wp\/v2\/types\/page"}],"author":[{"embeddable":true,"href":"http:\/\/ieu.university\/fr\/wp-json\/wp\/v2\/users\/1"}],"replies":[{"embeddable":true,"href":"http:\/\/ieu.university\/fr\/wp-json\/wp\/v2\/comments?post=72"}],"version-history":[{"count":31,"href":"http:\/\/ieu.university\/fr\/wp-json\/wp\/v2\/pages\/72\/revisions"}],"predecessor-version":[{"id":4540,"href":"http:\/\/ieu.university\/fr\/wp-json\/wp\/v2\/pages\/72\/revisions\/4540"}],"wp:featuredmedia":[{"embeddable":true,"href":"http:\/\/ieu.university\/fr\/wp-json\/wp\/v2\/media\/3612"}],"wp:attachment":[{"href":"http:\/\/ieu.university\/fr\/wp-json\/wp\/v2\/media?parent=72"}],"curies":[{"name":"wp","href":"https:\/\/api.w.org\/{rel}","templated":true}]}}