{"id":82,"date":"2022-09-22T13:54:15","date_gmt":"2022-09-22T10:54:15","guid":{"rendered":"http:\/\/ieu.university\/?page_id=82"},"modified":"2025-01-06T12:51:11","modified_gmt":"2025-01-06T09:51:11","slug":"online-classes","status":"publish","type":"page","link":"http:\/\/ieu.university\/fr\/online-classes\/","title":{"rendered":"Classes en ligne"},"content":{"rendered":"<h2>Classes en ligne<\/h2>\n<p>L&#8217;Universit\u00e9 Internationale Europ\u00e9enne s&#8217;efforce de <strong>garantir un enseignement sup\u00e9rieur accessible en Europe \u00e0 chaque \u00e9tudiant<\/strong>, quel que soit son emplacement. L&#8217;environnement d&#8217;apprentissage virtuel de l&#8217;universit\u00e9 permet aux \u00e9tudiants d&#8217;obtenir des dipl\u00f4mes de licence et de ma\u00eetrise en ligne depuis n&#8217;importe quel coin du monde. La plateforme d&#8217;\u00e9ducation en ligne est con\u00e7ue pour offrir aux \u00e9tudiants une \u00e9ducation de classe mondiale en anglais. Gr\u00e2ce \u00e0 des frais de scolarit\u00e9 abordables, des milliers d&#8217;\u00e9tudiants internationaux ont la possibilit\u00e9 de <strong>poursuivre leurs r\u00eaves acad\u00e9miques sans contrainte financi\u00e8re.<\/strong><\/p>\n<p>Le personnel professoral de l&#8217;Universit\u00e9 Internationale Europ\u00e9enne est passionn\u00e9 par <strong>l&#8217;exploitation des technologies modernes, des salles de classe en ligne, des plateformes Web interactives et des ressources num\u00e9riques<\/strong> pour cr\u00e9er une exp\u00e9rience d&#8217;apprentissage dynamique et engageante. Les outils innovants de l&#8217;universit\u00e9 permettent aux \u00e9tudiants de communiquer facilement avec les professeurs, de terminer leurs devoirs et de r\u00e9ussir leurs examens sans \u00eatre physiquement pr\u00e9sents en classe. L&#8217;Universit\u00e9 Internationale Europ\u00e9enne a <strong>cr\u00e9\u00e9 une plate-forme \u00e9ducative en ligne pour les \u00e9tudiants qui commencent des cours en ligne<\/strong> dans les domaines des affaires, de la m\u00e9decine, de l&#8217;informatique, du droit, de l&#8217;architecture et de l&#8217;ing\u00e9nierie, des sciences humaines ou des sciences de la vie. L&#8217;universit\u00e9 a d\u00e9velopp\u00e9 des programmes d&#8217;enseignement \u00e0 distance uniques guid\u00e9s par des professeurs professionnels, des scientifiques et des m\u00e9decins, align\u00e9s sur les horaires de nos programmes hors ligne.<\/p>\n<p>Apr\u00e8s s&#8217;\u00eatre inscrits sur la Plateforme \u00e9ducative de l\u2019Universit\u00e9 Internationale Europ\u00e9enne, les \u00e9tudiants internationaux peuvent commencer leurs cours imm\u00e9diatement. La plateforme permet aux \u00e9tudiants <strong>de planifier leur emploi du temps, de revoir leurs objectifs d&#8217;apprentissage, d&#8217;acc\u00e9der au mat\u00e9riel de cours <\/strong>et de participer \u00e0 des forums de discussion avec des professeurs et d&#8217;autres \u00e9tudiants poursuivant des dipl\u00f4mes en ligne en Europe. L&#8217;Universit\u00e9 Internationale Europ\u00e9enne offre aux \u00e9tudiants internationaux la possibilit\u00e9 d&#8217;obtenir un dipl\u00f4me en ligne de renomm\u00e9e mondiale en anglais, o\u00f9 que vous soyez. Les programmes en ligne sont approuv\u00e9s par le minist\u00e8re de l&#8217;\u00c9ducation de l&#8217;Ukraine. Les dipl\u00f4mes obtenus dans les domaines choisis sont reconnus par des organisations prestigieuses telles que l&#8217;Organisation mondiale de la sant\u00e9 (OMS), le Medical Education Directory (IMED), la Commission de formation des dipl\u00f4m\u00e9s en m\u00e9decine \u00e9trangers (ECFMG) et le Conseil m\u00e9dical du Canada (MCC).<\/p>\n<h2>Comment \u00e7a marche?<\/h2>\n<p>L&#8217;Universit\u00e9 Internationale Europ\u00e9enne a d\u00e9velopp\u00e9 une plateforme d&#8217;apprentissage en ligne adapt\u00e9e \u00e0 son corps \u00e9tudiant international. Le hub convivial sert de ressource centrale pour les \u00e9tudiants inscrits \u00e0 des programmes d&#8217;\u00e9tudes en ligne et \u00e0 distance. <strong>La plateforme offre une multitude de ressources num\u00e9riques,<\/strong> notamment une biblioth\u00e8que compl\u00e8te, du mat\u00e9riel de cours et divers services d&#8217;aide aux \u00e9tudiants, accessibles 24h\/24 et 7j\/7. Chaque \u00e9tudiant dispose d&#8217;un compte personnel, ce qui lui offre la flexibilit\u00e9 d&#8217;apprendre \u00e0 son rythme et \u00e0 sa convenance, s&#8217;adressant aussi bien aux oiseaux de nuit qu&#8217;aux l\u00e8ve-t\u00f4t.<\/p>\n<p>L&#8217;Universit\u00e9 Internationale Europ\u00e9enne utilise une <strong>approche holistique de l&#8217;\u00e9ducation en ligne<\/strong>, offrant une gamme diversifi\u00e9e de ressources pour enrichir les connaissances et les comp\u00e9tences des \u00e9tudiants dans leurs domaines respectifs. Il comprend des conf\u00e9rences vid\u00e9o, des pr\u00e9sentations PowerPoint, des lectures recommand\u00e9es et de br\u00e8ves \u00e9valuations pour \u00e9valuer la compr\u00e9hension. Pour favoriser une compr\u00e9hension plus approfondie, l&#8217;universit\u00e9 attribue des projets et des missions stimulants, favorisant la pens\u00e9e critique et l&#8217;apprentissage ind\u00e9pendant. Les cours en ligne en direct font partie int\u00e9grante du cadre d&#8217;\u00e9ducation en ligne de l&#8217;universit\u00e9, facilitant l&#8217;engagement mondial des \u00e9tudiants avec des instructeurs estim\u00e9s par le biais de conf\u00e9rences et de discussions en temps r\u00e9el. Lors de leur inscription, les \u00e9tudiants <strong>re\u00e7oivent des informations de connexion pour leurs comptes personnels<\/strong>, leur donnant acc\u00e8s aux visioconf\u00e9rences programm\u00e9es, aux sessions interactives, aux devoirs et aux examens.<\/p>\n<p>La plateforme \u00e9ducative de l\u2019Universit\u00e9 Internationale Europ\u00e9enne permet aux \u00e9tudiants de <strong>r\u00e9viser les cours et les cours \u00e0 leur convenance, en mettant l&#8217;accent sur la flexibilit\u00e9 de l&#8217;apprentissage.<\/strong> L&#8217;universit\u00e9 donne la priorit\u00e9 \u00e0 des services de soutien aux \u00e9tudiants robustes, offrant des canaux de communication directs pour des consultations et une assistance en temps r\u00e9el. Les \u00e9tudiants re\u00e7oivent des informations de connexion uniques lors de leur inscription, leur donnant acc\u00e8s \u00e0 leurs comptes \u00e9tudiants personnels, o\u00f9 ils peuvent consulter les horaires, les devoirs, les tests et d&#8217;autres documents pertinents. Les conf\u00e9rences en direct sont dispens\u00e9es via la plateforme ou des applications externes comme Skype ou Zoom, garantissant une accessibilit\u00e9 depuis n&#8217;importe o\u00f9. Garantissant la confidentialit\u00e9 et la s\u00e9curit\u00e9 des informations sur les \u00e9tudiants, l&#8217;universit\u00e9 s&#8217;appuie sur des technologies modernes et des m\u00e9thodes d&#8217;enseignement innovantes pour offrir une exp\u00e9rience d&#8217;apprentissage en ligne immersive, pr\u00e9parant ainsi les \u00e9tudiants \u00e0 r\u00e9ussir dans leur carri\u00e8re.<\/p>\n<h2>Les avantages de l&#8217;\u00e9ducation en ligne<\/h2>\n<p><strong>La flexibilit\u00e9 est un aspect cl\u00e9 de l&#8217;\u00e9ducation en ligne<\/strong> \u00e0 l&#8217;Universit\u00e9 Internationale Europ\u00e9enne, permettant aux \u00e9tudiants de poursuivre une \u00e9ducation de haute qualit\u00e9 en Europe tout en g\u00e9rant efficacement leur emploi du temps. Gr\u00e2ce \u00e0 la plateforme de formation en ligne de l&#8217;universit\u00e9, accessible 24h\/24 et 7j\/7, les \u00e9tudiants peuvent acc\u00e9der au mat\u00e9riel de cours, aux conf\u00e9rences et aux s\u00e9minaires \u00e0 leur convenance. Toutes les ressources sont stock\u00e9es dans des comptes personnels, ce qui permet aux \u00e9tudiants de s&#8217;y r\u00e9f\u00e9rer en cas de besoin et leur permet d&#8217;apprendre \u00e0 leur propre rythme.<\/p>\n<p><strong>L&#8217;accessibilit\u00e9 des programmes en ligne et \u00e0 distance<\/strong> \u00e0 l&#8217;Universit\u00e9 Internationale Europ\u00e9enne garantit que les \u00e9tudiants du monde entier peuvent acc\u00e9der \u00e0 une \u00e9ducation de qualit\u00e9. La plateforme d&#8217;\u00e9ducation en ligne est facilement accessible depuis n&#8217;importe quel appareil dot\u00e9 d&#8217;une connectivit\u00e9 Internet, et toutes les sessions sont enregistr\u00e9es et archiv\u00e9es pour examen, am\u00e9liorant ainsi l&#8217;exp\u00e9rience d&#8217;apprentissage. Les programmes d&#8217;\u00e9tudes en ligne \u00e0 l&#8217;universit\u00e9 <strong>offrent des options d&#8217;\u00e9ducation abordables,<\/strong> minimisant le besoin de ressources et r\u00e9duisant les d\u00e9penses li\u00e9es au transport et \u00e0 l&#8217;h\u00e9bergement. <strong>La disponibilit\u00e9 du mat\u00e9riel d&#8217;\u00e9tude 24 heures sur 24<\/strong> et l&#8217;acc\u00e8s \u00e0 des conf\u00e9rences enregistr\u00e9es en direct contribuent \u00e0 la rentabilit\u00e9 et \u00e0 la commodit\u00e9 de l&#8217;apprentissage en ligne.<\/p>\n<p><strong>L&#8217;accent est mis sur la personnalisation dans l&#8217;enseignement en ligne <\/strong>\u00e0 l&#8217;Universit\u00e9 Internationale Europ\u00e9enne, en r\u00e9pondant aux pr\u00e9f\u00e9rences d&#8217;apprentissage individuelles gr\u00e2ce \u00e0 des technologies d&#8217;apprentissage adaptatives et des parcours d&#8217;apprentissage personnalis\u00e9s. Il favorise la participation et l\u2019engagement actifs, au b\u00e9n\u00e9fice des apprenants qui peuvent avoir des difficult\u00e9s avec les m\u00e9thodes d\u2019enseignement traditionnelles. Les conseils d\u2019experts de professionnels dans divers domaines am\u00e9liorent la qualit\u00e9 de l\u2019\u00e9ducation en ligne. Les professeurs et le personnel de soutien fournissent une assistance et des conseils personnalis\u00e9s tout au long du parcours acad\u00e9mique des \u00e9tudiants, garantissant ainsi une exp\u00e9rience d&#8217;apprentissage de haute qualit\u00e9.<\/p>\n<p><strong>L&#8217;engagement de l&#8217;Universit\u00e9 Internationale Europ\u00e9enne en faveur de l&#8217;inclusivit\u00e9<\/strong> garantit que l&#8217;\u00e9ducation en ligne s&#8217;adapte aux \u00e9tudiants ayant des besoins d&#8217;apprentissage divers. Des adaptations sont apport\u00e9es pour soutenir les \u00e9tudiants handicap\u00e9s, garantissant un acc\u00e8s \u00e9quitable \u00e0 l\u2019\u00e9ducation pour tous. L&#8217;\u00e9ducation en ligne permet aux \u00e9tudiants d&#8217;acqu\u00e9rir des comp\u00e9tences techniques modernes tr\u00e8s appr\u00e9ci\u00e9es sur le march\u00e9 du travail, am\u00e9liorant ainsi leur employabilit\u00e9 et leurs perspectives de carri\u00e8re. Gr\u00e2ce \u00e0 divers outils et plateformes en ligne, les \u00e9tudiants internationaux d\u00e9veloppent des comp\u00e9tences en recherche, en traitement de texte, en vid\u00e9oconf\u00e9rence, etc., les pr\u00e9parant ainsi \u00e0 leurs futurs projets professionnels.<\/p>\n","protected":false},"excerpt":{"rendered":"<p>Classes en ligne L&#8217;Universit\u00e9 Internationale Europ\u00e9enne s&#8217;efforce de garantir un enseignement sup\u00e9rieur accessible en Europe \u00e0 chaque \u00e9tudiant, quel que soit son emplacement. L&#8217;environnement d&#8217;apprentissage virtuel de l&#8217;universit\u00e9 permet aux \u00e9tudiants d&#8217;obtenir des dipl\u00f4mes de licence et de ma\u00eetrise en ligne depuis n&#8217;importe quel coin du monde. La plateforme d&#8217;\u00e9ducation en ligne est con\u00e7ue pour [&hellip;]<\/p>\n","protected":false},"author":1,"featured_media":3646,"parent":0,"menu_order":0,"comment_status":"closed","ping_status":"closed","template":"","meta":{"ngg_post_thumbnail":0,"footnotes":""},"class_list":["post-82","page","type-page","status-publish","has-post-thumbnail","hentry"],"acf":[],"yoast_head":"<!-- This site is optimized with the Yoast SEO plugin v20.8 - https:\/\/yoast.com\/wordpress\/plugins\/seo\/ -->\n<title>ONLINE CLASSES IN UKRAINE | ONLINE EDUCATION IN EUROPE | STUDY MEDICINE ONLINE IN EUROPE | AFFORDABLE ONLINE EDUCATION IN ENGLISH | DISTANCE MODE OF EDUCATION IN ENGLISH<\/title>\n<meta name=\"robots\" content=\"index, follow, max-snippet:-1, max-image-preview:large, max-video-preview:-1\" \/>\n<link rel=\"canonical\" href=\"https:\/\/ieu.university\/online-classes\/\" \/>\n<meta property=\"og:locale\" content=\"en_US\" \/>\n<meta property=\"og:type\" content=\"article\" \/>\n<meta property=\"og:title\" content=\"ONLINE CLASSES IN UKRAINE | ONLINE EDUCATION IN EUROPE | STUDY MEDICINE ONLINE IN EUROPE | AFFORDABLE ONLINE EDUCATION IN ENGLISH | DISTANCE MODE OF EDUCATION IN ENGLISH\" \/>\n<meta property=\"og:description\" content=\"Classes en ligne L&#8217;Universit\u00e9 Internationale Europ\u00e9enne s&#8217;efforce de garantir un enseignement sup\u00e9rieur accessible en Europe \u00e0 chaque \u00e9tudiant, quel que soit son emplacement. L&#8217;environnement d&#8217;apprentissage virtuel de l&#8217;universit\u00e9 permet aux \u00e9tudiants d&#8217;obtenir des dipl\u00f4mes de licence et de ma\u00eetrise en ligne depuis n&#8217;importe quel coin du monde. La plateforme d&#8217;\u00e9ducation en ligne est con\u00e7ue pour [&hellip;]\" \/>\n<meta property=\"og:url\" content=\"http:\/\/ieu.university\/fr\/online-classes\/\" \/>\n<meta property=\"og:site_name\" content=\"INTERNATIONAL EUROPEAN UNIVERSITY, UKRAINE | EUROPE | STUDY IN UKRAINE | STUDY IN EUROPE | MBBS | GENERAL MEDICINE | BUSINESS | ENGINEERING | IT | EUROPE\" \/>\n<meta property=\"article:modified_time\" content=\"2025-01-06T09:51:11+00:00\" \/>\n<meta property=\"og:image\" content=\"https:\/\/ieu.university\/wp-content\/uploads\/2024\/07\/Online-Classes.png\" \/>\n\t<meta property=\"og:image:width\" content=\"1272\" \/>\n\t<meta property=\"og:image:height\" content=\"386\" \/>\n\t<meta property=\"og:image:type\" content=\"image\/png\" \/>\n<meta name=\"twitter:card\" content=\"summary_large_image\" \/>\n<meta name=\"twitter:label1\" content=\"Est. reading time\" \/>\n\t<meta name=\"twitter:data1\" content=\"4 minutes\" \/>\n<script type=\"application\/ld+json\" class=\"yoast-schema-graph\">{\"@context\":\"https:\/\/schema.org\",\"@graph\":[{\"@type\":\"WebPage\",\"@id\":\"https:\/\/ieu.university\/online-classes\/\",\"url\":\"https:\/\/ieu.university\/online-classes\/\",\"name\":\"ONLINE CLASSES IN UKRAINE | ONLINE EDUCATION IN EUROPE | STUDY MEDICINE ONLINE IN EUROPE | AFFORDABLE ONLINE EDUCATION IN ENGLISH | DISTANCE MODE OF EDUCATION IN ENGLISH\",\"isPartOf\":{\"@id\":\"https:\/\/ieu.university\/#website\"},\"datePublished\":\"2022-09-22T10:54:15+00:00\",\"dateModified\":\"2025-01-06T09:51:11+00:00\",\"inLanguage\":\"en-US\",\"potentialAction\":[{\"@type\":\"ReadAction\",\"target\":[\"https:\/\/ieu.university\/online-classes\/\"]}]},{\"@type\":\"WebSite\",\"@id\":\"https:\/\/ieu.university\/#website\",\"url\":\"https:\/\/ieu.university\/\",\"name\":\"INTERNATIONAL EUROPEAN UNIVERSITY, UKRAINE | EUROPE | STUDY IN UKRAINE | STUDY IN EUROPE | MBBS | GENERAL MEDICINE | BUSINESS | ENGINEERING | IT | EUROPE\",\"description\":\"INTERNATIONAL EUROPEAN UNIVERSITY, UKRAINE | EUROPE | STUDY IN UKRAINE | STUDY IN EUROPE | MBBS | GENERAL MEDICINE | BUSINESS | ENGINEERING | IT | EUROPE\",\"potentialAction\":[{\"@type\":\"SearchAction\",\"target\":{\"@type\":\"EntryPoint\",\"urlTemplate\":\"https:\/\/ieu.university\/?s={search_term_string}\"},\"query-input\":\"required name=search_term_string\"}],\"inLanguage\":\"en-US\"}]}<\/script>\n<!-- \/ Yoast SEO plugin. -->","yoast_head_json":{"title":"ONLINE CLASSES IN UKRAINE | ONLINE EDUCATION IN EUROPE | STUDY MEDICINE ONLINE IN EUROPE | AFFORDABLE ONLINE EDUCATION IN ENGLISH | DISTANCE MODE OF EDUCATION IN ENGLISH","robots":{"index":"index","follow":"follow","max-snippet":"max-snippet:-1","max-image-preview":"max-image-preview:large","max-video-preview":"max-video-preview:-1"},"canonical":"https:\/\/ieu.university\/online-classes\/","og_locale":"en_US","og_type":"article","og_title":"ONLINE CLASSES IN UKRAINE | ONLINE EDUCATION IN EUROPE | STUDY MEDICINE ONLINE IN EUROPE | AFFORDABLE ONLINE EDUCATION IN ENGLISH | DISTANCE MODE OF EDUCATION IN ENGLISH","og_description":"Classes en ligne L&#8217;Universit\u00e9 Internationale Europ\u00e9enne s&#8217;efforce de garantir un enseignement sup\u00e9rieur accessible en Europe \u00e0 chaque \u00e9tudiant, quel que soit son emplacement. L&#8217;environnement d&#8217;apprentissage virtuel de l&#8217;universit\u00e9 permet aux \u00e9tudiants d&#8217;obtenir des dipl\u00f4mes de licence et de ma\u00eetrise en ligne depuis n&#8217;importe quel coin du monde. La plateforme d&#8217;\u00e9ducation en ligne est con\u00e7ue pour [&hellip;]","og_url":"http:\/\/ieu.university\/fr\/online-classes\/","og_site_name":"INTERNATIONAL EUROPEAN UNIVERSITY, UKRAINE | EUROPE | STUDY IN UKRAINE | STUDY IN EUROPE | MBBS | GENERAL MEDICINE | BUSINESS | ENGINEERING | IT | EUROPE","article_modified_time":"2025-01-06T09:51:11+00:00","og_image":[{"width":1272,"height":386,"url":"https:\/\/ieu.university\/wp-content\/uploads\/2024\/07\/Online-Classes.png","type":"image\/png"}],"twitter_card":"summary_large_image","twitter_misc":{"Est. reading time":"4 minutes"},"schema":{"@context":"https:\/\/schema.org","@graph":[{"@type":"WebPage","@id":"https:\/\/ieu.university\/online-classes\/","url":"https:\/\/ieu.university\/online-classes\/","name":"ONLINE CLASSES IN UKRAINE | ONLINE EDUCATION IN EUROPE | STUDY MEDICINE ONLINE IN EUROPE | AFFORDABLE ONLINE EDUCATION IN ENGLISH | DISTANCE MODE OF EDUCATION IN ENGLISH","isPartOf":{"@id":"https:\/\/ieu.university\/#website"},"datePublished":"2022-09-22T10:54:15+00:00","dateModified":"2025-01-06T09:51:11+00:00","inLanguage":"en-US","potentialAction":[{"@type":"ReadAction","target":["https:\/\/ieu.university\/online-classes\/"]}]},{"@type":"WebSite","@id":"https:\/\/ieu.university\/#website","url":"https:\/\/ieu.university\/","name":"INTERNATIONAL EUROPEAN UNIVERSITY, UKRAINE | EUROPE | STUDY IN UKRAINE | STUDY IN EUROPE | MBBS | GENERAL MEDICINE | BUSINESS | ENGINEERING | IT | EUROPE","description":"INTERNATIONAL EUROPEAN UNIVERSITY, UKRAINE | EUROPE | STUDY IN UKRAINE | STUDY IN EUROPE | MBBS | GENERAL MEDICINE | BUSINESS | ENGINEERING | IT | EUROPE","potentialAction":[{"@type":"SearchAction","target":{"@type":"EntryPoint","urlTemplate":"https:\/\/ieu.university\/?s={search_term_string}"},"query-input":"required name=search_term_string"}],"inLanguage":"en-US"}]}},"_links":{"self":[{"href":"http:\/\/ieu.university\/fr\/wp-json\/wp\/v2\/pages\/82","targetHints":{"allow":["GET"]}}],"collection":[{"href":"http:\/\/ieu.university\/fr\/wp-json\/wp\/v2\/pages"}],"about":[{"href":"http:\/\/ieu.university\/fr\/wp-json\/wp\/v2\/types\/page"}],"author":[{"embeddable":true,"href":"http:\/\/ieu.university\/fr\/wp-json\/wp\/v2\/users\/1"}],"replies":[{"embeddable":true,"href":"http:\/\/ieu.university\/fr\/wp-json\/wp\/v2\/comments?post=82"}],"version-history":[{"count":24,"href":"http:\/\/ieu.university\/fr\/wp-json\/wp\/v2\/pages\/82\/revisions"}],"predecessor-version":[{"id":4506,"href":"http:\/\/ieu.university\/fr\/wp-json\/wp\/v2\/pages\/82\/revisions\/4506"}],"wp:featuredmedia":[{"embeddable":true,"href":"http:\/\/ieu.university\/fr\/wp-json\/wp\/v2\/media\/3646"}],"wp:attachment":[{"href":"http:\/\/ieu.university\/fr\/wp-json\/wp\/v2\/media?parent=82"}],"curies":[{"name":"wp","href":"https:\/\/api.w.org\/{rel}","templated":true}]}}