{"id":870,"date":"2022-09-30T17:43:26","date_gmt":"2022-09-30T14:43:26","guid":{"rendered":"http:\/\/ieu.university\/?page_id=870"},"modified":"2025-01-06T12:44:30","modified_gmt":"2025-01-06T09:44:30","slug":"european-school-of-law-home","status":"publish","type":"page","link":"http:\/\/ieu.university\/fr\/european-school-of-law-home\/","title":{"rendered":"\u00c9cole Europ\u00e9enne de Droit"},"content":{"rendered":"<h2>\u00c0 propos de l&#8217;\u00c9cole europ\u00e9enne de droit<\/h2>\n<p><strong>L&#8217;\u00c9cole europ\u00e9enne de droit de l&#8217;Universit\u00e9 Internationale Europ\u00e9enne <\/strong>se consacre \u00e0 fournir une formation juridique compl\u00e8te qui pr\u00e9pare les \u00e9tudiants internationaux \u00e0 un paysage juridique dynamique. L\u2019activit\u00e9 \u00e9ducative de l\u2019IEU visait \u00e0 pr\u00e9parer des professionnels du droit complets, dot\u00e9s d\u2019une compr\u00e9hension approfondie du r\u00f4le du droit dans la soci\u00e9t\u00e9, d\u2019un engagement envers la justice et de <strong>la capacit\u00e9 d\u2019analyser de mani\u00e8re critique des questions juridiques complexes.<\/strong> En proposant une formation juridique compl\u00e8te, l&#8217;\u00c9cole europ\u00e9enne de droit pr\u00e9pare les \u00e9tudiants \u00e0 un large \u00e9ventail de carri\u00e8res dans le domaine juridique et au-del\u00e0.<\/p>\n<p>\u00c0 l&#8217;\u00c9cole europ\u00e9enne de droit, les cursus de droit dot\u00e9s d&#8217;un programme complet garantissent aux \u00e9tudiants d&#8217;acqu\u00e9rir une ma\u00eetrise approfondie des connaissances juridiques et de se concentrer sur l&#8217;acquisition d&#8217;une exp\u00e9rience pratique essentielle \u00e0 leur r\u00e9ussite professionnelle. Une telle activit\u00e9 \u00e9ducative les pr\u00e9pare \u00e0 faire face \u00e0 divers d\u00e9fis juridiques et \u00e0 s&#8217;adapter \u00e0 des paysages juridiques en \u00e9volution. L&#8217;\u00c9cole europ\u00e9enne de droit maintient des normes acad\u00e9miques rigoureuses et favorise un environnement d&#8217;apprentissage favorable et stimulant. Les \u00e9tudiants participent activement \u00e0 des cours rigoureux, \u00e0 des discussions engageantes et \u00e0 une analyse critique des th\u00e9ories juridiques. L&#8217;approche de l&#8217;\u00c9cole europ\u00e9enne de droit en mati\u00e8re de formation juridique permet aux \u00e9tudiants de d\u00e9velopper des comp\u00e9tences d&#8217;analyse et de r\u00e9solution de probl\u00e8mes, leur permettant ainsi de traiter des questions et des t\u00e2ches juridiques complexes.<\/p>\n<h2>\u00c0 propos des cours<\/h2>\n<p><strong>Les cours de formation de l&#8217;\u00c9cole europ\u00e9enne de droit <\/strong>visent \u00e0 fournir une formation juridique compl\u00e8te qui pr\u00e9pare les \u00e9tudiants \u00e0 la pratique professionnelle dans un environnement juridique mondialis\u00e9. Il permet aux \u00e9tudiants d&#8217;acqu\u00e9rir une compr\u00e9hension des principes et concepts juridiques dans divers domaines du droit, garantissant ainsi qu&#8217;ils ma\u00eetrisent bien les disciplines juridiques fondamentales et sp\u00e9cialis\u00e9es, telles que le droit p\u00e9nal, le droit des soci\u00e9t\u00e9s, le droit international, le droit des droits de l&#8217;homme et d&#8217;autres cours sp\u00e9cialis\u00e9s. Les \u00e9tudiants acqui\u00e8rent <strong>une exp\u00e9rience pratique \u00e0 travers des exercices pratiques, des \u00e9tudes de cas, des proc\u00e8s fictifs et des cliniques juridiques<\/strong>, leur permettant d&#8217;appliquer leurs connaissances th\u00e9oriques \u00e0 des sc\u00e9narios juridiques r\u00e9els.<\/p>\n<p>Les cours de droit \u00e0 l&#8217;Universit\u00e9&nbsp; Internationale Europ\u00e9enne sont propos\u00e9s aux niveaux du premier cycle et des cycles sup\u00e9rieurs dans la langue d&#8217;enseignement anglaise. Le format des cours de droit \u00e0 l&#8217;IEU peut varier consid\u00e9rablement, d<strong>es cours magistraux aux s\u00e9minaires et ateliers interactifs.<\/strong> Les s\u00e9minaires offrent aux \u00e9tudiants de l&#8217;\u00c9cole europ\u00e9enne de droit des plates-formes pour pr\u00e9senter les r\u00e9sultats de leurs recherches, d\u00e9battre des principes juridiques et collaborer sur des \u00e9tudes de cas, am\u00e9liorant ainsi leur compr\u00e9hension de la th\u00e9orie et de la pratique du droit. Les cours de droit sont propos\u00e9s <strong>en ligne, sur le campus ou via des programmes d&#8217;apprentissage \u00e0 distance<\/strong>, ce qui rend l&#8217;\u00e9ducation juridique plus accessible aux \u00e9tudiants qui ne peuvent pas suivre les cours traditionnels en classe.<\/p>\n<p>L&#8217;\u00c9cole europ\u00e9enne de droit de l&#8217;Universit\u00e9 Internationale Europ\u00e9enne reconna\u00eet l&#8217;importance de l&#8217;exp\u00e9rience pratique dans la formation juridique. Gr\u00e2ce \u00e0 <strong>des stages, des concours de plaidoirie et des proc\u00e8s simul\u00e9s<\/strong>, les \u00e9tudiants de l&#8217;Universit\u00e9 Internationale Europ\u00e9enne acqui\u00e8rent <strong>une exposition pratique \u00e0 l&#8217;application pratique des principes juridiques.<\/strong> De telles activit\u00e9s d\u00e9veloppent des comp\u00e9tences essentielles telles que la recherche juridique, la r\u00e9daction, la d\u00e9fense orale, la n\u00e9gociation et le conseil aux clients. Dans un monde de plus en plus interconnect\u00e9, l\u2019\u00c9cole europ\u00e9enne de droit offre <strong>une perspective internationale sur le droit.<\/strong><\/p>\n<p><strong>Niveau d\u2019enseignement sup\u00e9rieur<\/strong> \u2013 Premier (Licence) et deuxi\u00e8me (Master).<\/p>\n<p><strong>Dur\u00e9e des \u00e9tudes<\/strong> \u2013 4 ann\u00e9es d&#8217;\u00e9tudes \u00e0 temps plein pour une Licence en Droit et une Licence \u00e8s Arts en Droit (BA et LLB), 2 ann\u00e9es d&#8217;\u00e9tudes \u00e0 temps plein pour un Master en Droit.<\/p>\n<p><strong>Langue d\u2019enseignement<\/strong> \u2013 \u200b\u200banglais.<\/p>\n<h2>Cours de degr\u00e9s disponibles<\/h2>\n<ul>\n<li>Le cursus en <strong>droit des droits civils<\/strong> \u00e9tudie comment prot\u00e9ger les droits et libert\u00e9s des individus et garantir l\u2019\u00e9galit\u00e9 de traitement ;<\/li>\n<li>Le cursus en<strong> droit de l&#8217;\u00e9ducation<\/strong> vise \u00e0 garantir l&#8217;\u00e9galit\u00e9 des chances en mati\u00e8re d&#8217;\u00e9ducation, \u00e0 prot\u00e9ger les droits des \u00e9tudiants et \u00e0 \u00e9tablir des normes \u00e9ducatives ;<\/li>\n<li>Le cursus en <strong>droit du contr\u00f4le des drogues<\/strong> fait r\u00e9f\u00e9rence au cadre juridique et aux r\u00e9glementations qui r\u00e9gissent la production, la distribution, la vente et l&#8217;utilisation de substances contr\u00f4l\u00e9es ;<\/li>\n<li>Le cursus en <strong>droit du travail <\/strong>comprend les r\u00e8gles et r\u00e9glementations juridiques qui r\u00e9gissent les relations entre les employeurs et les employ\u00e9s ;<\/li>\n<li>Le cursus en <strong>droit de l&#8217;immigration<\/strong> fait r\u00e9f\u00e9rence au cadre juridique et aux r\u00e9glementations qui r\u00e9gissent l&#8217;entr\u00e9e, le s\u00e9jour et le statut juridique des ressortissants \u00e9trangers dans un pays ;<\/li>\n<li>Le cursus en <strong>droit des assurances<\/strong> englobe les principes juridiques, les r\u00e9glementations et les contrats r\u00e9gissant le secteur de l&#8217;assurance et les relations entre les compagnies d&#8217;assurance et les assur\u00e9s ;<\/li>\n<li>Le cursus de <strong>droit international <\/strong>implique l&#8217;\u00e9tude des principes juridiques, des r\u00e8gles et des accords r\u00e9gissant les relations entre les pays, les organisations internationales et les individus sur la sc\u00e8ne mondiale ;<\/li>\n<li>Le cursus de <strong>droit \u00e9conomique international<\/strong> fait r\u00e9f\u00e9rence aux principes juridiques, aux r\u00e9glementations et aux accords r\u00e9gissant les relations \u00e9conomiques entre les pays ;<\/li>\n<li>Le cursus en <strong>relations internationales<\/strong> est un cursus acad\u00e9mique \u00e9tudiant les relations, les interactions et la dynamique entre les pays et les acteurs internationaux sur la sc\u00e8ne mondiale ;<\/li>\n<li>Le cursus en <strong>commerce international<\/strong> fait r\u00e9f\u00e9rence \u00e0 l&#8217;\u00e9change de biens, de services et de capitaux au-del\u00e0 des fronti\u00e8res nationales ;<\/li>\n<li>Le cursus en <strong>droit des affaires<\/strong> englobe les r\u00e8gles et r\u00e9glementations juridiques r\u00e9gissant la cr\u00e9ation, le fonctionnement et la dissolution des entreprises ;<\/li>\n<li>Le cursus de <strong>droit l\u00e9gislatif <\/strong>permet aux \u00e9tudiants d&#8217;\u00e9tudier les principes et processus juridiques impliqu\u00e9s dans la cr\u00e9ation, la promulgation et la modification de la l\u00e9gislation ;<\/li>\n<li>Le cursus de <strong>droit financier <\/strong>permet aux \u00e9tudiants de d\u00e9couvrir les principes et r\u00e9glementations juridiques qui r\u00e9gissent les institutions financi\u00e8res, les transactions financi\u00e8res et le syst\u00e8me financier dans son ensemble ;<\/li>\n<li>Le cursus de<strong> droit p\u00e9nal<\/strong> est un domaine de formation en droit traitant des infractions commises contre l&#8217;\u00c9tat ou la soci\u00e9t\u00e9, y compris les crimes tels que le meurtre, le vol, la fraude et les agressions ;<\/li>\n<li>Le cursus de<strong> jurisprudence et de th\u00e9orie du droit <\/strong>englobe l&#8217;\u00e9tude et l&#8217;examen des principes, th\u00e9ories et concepts juridiques qui sous-tendent le domaine du droit ;<\/li>\n<li>Le cursus d&#8217;<strong>histoire juridique<\/strong> fait r\u00e9f\u00e9rence \u00e0 l&#8217;\u00e9tude et \u00e0 l&#8217;analyse du d\u00e9veloppement, de l&#8217;\u00e9volution et du contexte historique des syst\u00e8mes juridiques, des lois et des institutions juridiques.<\/li>\n<\/ul>\n<h2>Cliniques juridiques<\/h2>\n<p><strong>Les cliniques juridiques de l&#8217;Universit\u00e9 Internationale Europ\u00e9enne<\/strong> jouent un r\u00f4le crucial \u00e0 la fois dans le processus \u00e9ducatif des \u00e9tudiants et dans le service communautaire. Les cliniques juridiques sont con\u00e7ues pour <strong>offrir une exp\u00e9rience juridique pratique aux \u00e9tudiants de l&#8217;\u00c9cole europ\u00e9enne de droit<\/strong> tout en offrant de pr\u00e9cieux services juridiques aux personnes qui n&#8217;y ont pas acc\u00e8s. La fonction principale des cliniques juridiques est de fournir une assistance et des conseils juridiques gratuits ou \u00e0 faible co\u00fbt aux personnes issues de milieux \u00e0 faible revenu, aux communaut\u00e9s marginalis\u00e9es ou aux personnes confront\u00e9es \u00e0 des difficult\u00e9s juridiques sans ressources n\u00e9cessaires pour engager des avocats priv\u00e9s.<\/p>\n<p>Les principales activit\u00e9s de la Clinique Juridique de l&#8217;IEU sont men\u00e9es sous <strong>la supervision de professeurs qualifi\u00e9s ou d&#8217;avocats agr\u00e9\u00e9s qui traitent des cas r\u00e9els.<\/strong> Les \u00e9tudiants ont la possibilit\u00e9 de r\u00e9diger des documents juridiques, d&#8217;effectuer des recherches juridiques, de participer \u00e0 des n\u00e9gociations et de repr\u00e9senter des clients dans des proc\u00e9dures administratives ou des audiences judiciaires. La clinique juridique de l\u2019IEU organise des ateliers, des s\u00e9minaires ou des programmes de sensibilisation pour informer la communaut\u00e9 \u00e9tudiante sur les droits et responsabilit\u00e9s juridiques. Il donne aux individus la possibilit\u00e9 de mieux aborder les questions juridiques de mani\u00e8re proactive, d&#8217;\u00e9couter des affaires juridiques int\u00e9ressantes lors de conf\u00e9rences importantes et de participer \u00e0 des consultations publiques.<\/p>\n<p><strong>La clinique juridique de l&#8217;\u00c9cole europ\u00e9enne de droit <\/strong>implique une collaboration multidisciplinaire, permettant aux \u00e9tudiants de<strong> travailler avec des professionnels de divers secteurs. <\/strong>Les \u00e9tudiants collaborent avec des travailleurs sociaux, des psychologues, des prestataires de soins de sant\u00e9 et d&#8217;autres professionnels pour fournir une assistance compl\u00e8te aux clients. L\u2019approche multidisciplinaire am\u00e9liore la capacit\u00e9 des \u00e9tudiants \u00e0 comprendre et \u00e0 traiter les questions juridiques dans un contexte social plus large. Il renforce leurs comp\u00e9tences en mati\u00e8re de travail d&#8217;\u00e9quipe, de collaboration et de r\u00e9solution de probl\u00e8mes, qui sont de plus en plus importantes pour r\u00e9ussir dans le paysage juridique moderne.<\/p>\n","protected":false},"excerpt":{"rendered":"<p>\u00c0 propos de l&#8217;\u00c9cole europ\u00e9enne de droit L&#8217;\u00c9cole europ\u00e9enne de droit de l&#8217;Universit\u00e9 Internationale Europ\u00e9enne se consacre \u00e0 fournir une formation juridique compl\u00e8te qui pr\u00e9pare les \u00e9tudiants internationaux \u00e0 un paysage juridique dynamique. L\u2019activit\u00e9 \u00e9ducative de l\u2019IEU visait \u00e0 pr\u00e9parer des professionnels du droit complets, dot\u00e9s d\u2019une compr\u00e9hension approfondie du r\u00f4le du droit dans la [&hellip;]<\/p>\n","protected":false},"author":1,"featured_media":4064,"parent":0,"menu_order":0,"comment_status":"closed","ping_status":"closed","template":"","meta":{"ngg_post_thumbnail":0,"footnotes":""},"class_list":["post-870","page","type-page","status-publish","has-post-thumbnail","hentry"],"acf":[],"yoast_head":"<!-- This site is optimized with the Yoast SEO plugin v20.8 - https:\/\/yoast.com\/wordpress\/plugins\/seo\/ -->\n<title>EUROPEAN SCHOOL OF LAW | AFFORDABLE LAW DEGREE IN EUROPE | LAW UNIVERSITY IN EUROPE | STUDY LAW IN UKRAINE | HIGH-QUALITY LEGAL EDUCATION IN ENGLISH | INTERNATIONALLY RECOGNIZED DEGREE AT AFFORDABLE PRICE<\/title>\n<meta name=\"robots\" content=\"index, follow, max-snippet:-1, max-image-preview:large, max-video-preview:-1\" \/>\n<link rel=\"canonical\" href=\"https:\/\/ieu.university\/european-school-of-law-home\/\" \/>\n<meta property=\"og:locale\" content=\"en_US\" \/>\n<meta property=\"og:type\" content=\"article\" \/>\n<meta property=\"og:title\" content=\"EUROPEAN SCHOOL OF LAW | AFFORDABLE LAW DEGREE IN EUROPE | LAW UNIVERSITY IN EUROPE | STUDY LAW IN UKRAINE | HIGH-QUALITY LEGAL EDUCATION IN ENGLISH | INTERNATIONALLY RECOGNIZED DEGREE AT AFFORDABLE PRICE\" \/>\n<meta property=\"og:description\" content=\"\u00c0 propos de l&#8217;\u00c9cole europ\u00e9enne de droit L&#8217;\u00c9cole europ\u00e9enne de droit de l&#8217;Universit\u00e9 Internationale Europ\u00e9enne se consacre \u00e0 fournir une formation juridique compl\u00e8te qui pr\u00e9pare les \u00e9tudiants internationaux \u00e0 un paysage juridique dynamique. L\u2019activit\u00e9 \u00e9ducative de l\u2019IEU visait \u00e0 pr\u00e9parer des professionnels du droit complets, dot\u00e9s d\u2019une compr\u00e9hension approfondie du r\u00f4le du droit dans la [&hellip;]\" \/>\n<meta property=\"og:url\" content=\"http:\/\/ieu.university\/fr\/european-school-of-law-home\/\" \/>\n<meta property=\"og:site_name\" content=\"INTERNATIONAL EUROPEAN UNIVERSITY, UKRAINE | EUROPE | STUDY IN UKRAINE | STUDY IN EUROPE | MBBS | GENERAL MEDICINE | BUSINESS | ENGINEERING | IT | EUROPE\" \/>\n<meta property=\"article:modified_time\" content=\"2025-01-06T09:44:30+00:00\" \/>\n<meta property=\"og:image\" content=\"https:\/\/ieu.university\/wp-content\/uploads\/2024\/07\/European-School-of-Law.png\" \/>\n\t<meta property=\"og:image:width\" content=\"1272\" \/>\n\t<meta property=\"og:image:height\" content=\"386\" \/>\n\t<meta property=\"og:image:type\" content=\"image\/png\" \/>\n<meta name=\"twitter:card\" content=\"summary_large_image\" \/>\n<meta name=\"twitter:label1\" content=\"Est. reading time\" \/>\n\t<meta name=\"twitter:data1\" content=\"5 minutes\" \/>\n<script type=\"application\/ld+json\" class=\"yoast-schema-graph\">{\"@context\":\"https:\/\/schema.org\",\"@graph\":[{\"@type\":\"WebPage\",\"@id\":\"https:\/\/ieu.university\/european-school-of-law-home\/\",\"url\":\"https:\/\/ieu.university\/european-school-of-law-home\/\",\"name\":\"EUROPEAN SCHOOL OF LAW | AFFORDABLE LAW DEGREE IN EUROPE | LAW UNIVERSITY IN EUROPE | STUDY LAW IN UKRAINE | HIGH-QUALITY LEGAL EDUCATION IN ENGLISH | INTERNATIONALLY RECOGNIZED DEGREE AT AFFORDABLE PRICE\",\"isPartOf\":{\"@id\":\"https:\/\/ieu.university\/#website\"},\"datePublished\":\"2022-09-30T14:43:26+00:00\",\"dateModified\":\"2025-01-06T09:44:30+00:00\",\"inLanguage\":\"en-US\",\"potentialAction\":[{\"@type\":\"ReadAction\",\"target\":[\"https:\/\/ieu.university\/european-school-of-law-home\/\"]}]},{\"@type\":\"WebSite\",\"@id\":\"https:\/\/ieu.university\/#website\",\"url\":\"https:\/\/ieu.university\/\",\"name\":\"INTERNATIONAL EUROPEAN UNIVERSITY, UKRAINE | EUROPE | STUDY IN UKRAINE | STUDY IN EUROPE | MBBS | GENERAL MEDICINE | BUSINESS | ENGINEERING | IT | EUROPE\",\"description\":\"INTERNATIONAL EUROPEAN UNIVERSITY, UKRAINE | EUROPE | STUDY IN UKRAINE | STUDY IN EUROPE | MBBS | GENERAL MEDICINE | BUSINESS | ENGINEERING | IT | EUROPE\",\"potentialAction\":[{\"@type\":\"SearchAction\",\"target\":{\"@type\":\"EntryPoint\",\"urlTemplate\":\"https:\/\/ieu.university\/?s={search_term_string}\"},\"query-input\":\"required name=search_term_string\"}],\"inLanguage\":\"en-US\"}]}<\/script>\n<!-- \/ Yoast SEO plugin. -->","yoast_head_json":{"title":"EUROPEAN SCHOOL OF LAW | AFFORDABLE LAW DEGREE IN EUROPE | LAW UNIVERSITY IN EUROPE | STUDY LAW IN UKRAINE | HIGH-QUALITY LEGAL EDUCATION IN ENGLISH | INTERNATIONALLY RECOGNIZED DEGREE AT AFFORDABLE PRICE","robots":{"index":"index","follow":"follow","max-snippet":"max-snippet:-1","max-image-preview":"max-image-preview:large","max-video-preview":"max-video-preview:-1"},"canonical":"https:\/\/ieu.university\/european-school-of-law-home\/","og_locale":"en_US","og_type":"article","og_title":"EUROPEAN SCHOOL OF LAW | AFFORDABLE LAW DEGREE IN EUROPE | LAW UNIVERSITY IN EUROPE | STUDY LAW IN UKRAINE | HIGH-QUALITY LEGAL EDUCATION IN ENGLISH | INTERNATIONALLY RECOGNIZED DEGREE AT AFFORDABLE PRICE","og_description":"\u00c0 propos de l&#8217;\u00c9cole europ\u00e9enne de droit L&#8217;\u00c9cole europ\u00e9enne de droit de l&#8217;Universit\u00e9 Internationale Europ\u00e9enne se consacre \u00e0 fournir une formation juridique compl\u00e8te qui pr\u00e9pare les \u00e9tudiants internationaux \u00e0 un paysage juridique dynamique. L\u2019activit\u00e9 \u00e9ducative de l\u2019IEU visait \u00e0 pr\u00e9parer des professionnels du droit complets, dot\u00e9s d\u2019une compr\u00e9hension approfondie du r\u00f4le du droit dans la [&hellip;]","og_url":"http:\/\/ieu.university\/fr\/european-school-of-law-home\/","og_site_name":"INTERNATIONAL EUROPEAN UNIVERSITY, UKRAINE | EUROPE | STUDY IN UKRAINE | STUDY IN EUROPE | MBBS | GENERAL MEDICINE | BUSINESS | ENGINEERING | IT | EUROPE","article_modified_time":"2025-01-06T09:44:30+00:00","og_image":[{"width":1272,"height":386,"url":"https:\/\/ieu.university\/wp-content\/uploads\/2024\/07\/European-School-of-Law.png","type":"image\/png"}],"twitter_card":"summary_large_image","twitter_misc":{"Est. reading time":"5 minutes"},"schema":{"@context":"https:\/\/schema.org","@graph":[{"@type":"WebPage","@id":"https:\/\/ieu.university\/european-school-of-law-home\/","url":"https:\/\/ieu.university\/european-school-of-law-home\/","name":"EUROPEAN SCHOOL OF LAW | AFFORDABLE LAW DEGREE IN EUROPE | LAW UNIVERSITY IN EUROPE | STUDY LAW IN UKRAINE | HIGH-QUALITY LEGAL EDUCATION IN ENGLISH | INTERNATIONALLY RECOGNIZED DEGREE AT AFFORDABLE PRICE","isPartOf":{"@id":"https:\/\/ieu.university\/#website"},"datePublished":"2022-09-30T14:43:26+00:00","dateModified":"2025-01-06T09:44:30+00:00","inLanguage":"en-US","potentialAction":[{"@type":"ReadAction","target":["https:\/\/ieu.university\/european-school-of-law-home\/"]}]},{"@type":"WebSite","@id":"https:\/\/ieu.university\/#website","url":"https:\/\/ieu.university\/","name":"INTERNATIONAL EUROPEAN UNIVERSITY, UKRAINE | EUROPE | STUDY IN UKRAINE | STUDY IN EUROPE | MBBS | GENERAL MEDICINE | BUSINESS | ENGINEERING | IT | EUROPE","description":"INTERNATIONAL EUROPEAN UNIVERSITY, UKRAINE | EUROPE | STUDY IN UKRAINE | STUDY IN EUROPE | MBBS | GENERAL MEDICINE | BUSINESS | ENGINEERING | IT | EUROPE","potentialAction":[{"@type":"SearchAction","target":{"@type":"EntryPoint","urlTemplate":"https:\/\/ieu.university\/?s={search_term_string}"},"query-input":"required name=search_term_string"}],"inLanguage":"en-US"}]}},"_links":{"self":[{"href":"http:\/\/ieu.university\/fr\/wp-json\/wp\/v2\/pages\/870","targetHints":{"allow":["GET"]}}],"collection":[{"href":"http:\/\/ieu.university\/fr\/wp-json\/wp\/v2\/pages"}],"about":[{"href":"http:\/\/ieu.university\/fr\/wp-json\/wp\/v2\/types\/page"}],"author":[{"embeddable":true,"href":"http:\/\/ieu.university\/fr\/wp-json\/wp\/v2\/users\/1"}],"replies":[{"embeddable":true,"href":"http:\/\/ieu.university\/fr\/wp-json\/wp\/v2\/comments?post=870"}],"version-history":[{"count":34,"href":"http:\/\/ieu.university\/fr\/wp-json\/wp\/v2\/pages\/870\/revisions"}],"predecessor-version":[{"id":4476,"href":"http:\/\/ieu.university\/fr\/wp-json\/wp\/v2\/pages\/870\/revisions\/4476"}],"wp:featuredmedia":[{"embeddable":true,"href":"http:\/\/ieu.university\/fr\/wp-json\/wp\/v2\/media\/4064"}],"wp:attachment":[{"href":"http:\/\/ieu.university\/fr\/wp-json\/wp\/v2\/media?parent=870"}],"curies":[{"name":"wp","href":"https:\/\/api.w.org\/{rel}","templated":true}]}}