{"id":91,"date":"2022-09-22T14:51:47","date_gmt":"2022-09-22T11:51:47","guid":{"rendered":"http:\/\/ieu.university\/?page_id=91"},"modified":"2025-10-24T16:51:15","modified_gmt":"2025-10-24T13:51:15","slug":"accreditation-and-license","status":"publish","type":"page","link":"http:\/\/ieu.university\/fr\/accreditation-and-license\/","title":{"rendered":"Licences et accr\u00e9ditation"},"content":{"rendered":"<h2>Licences et accr\u00e9ditation<\/h2>\n<p>L&#8217;autorisation est une proc\u00e9dure permettant de reconna\u00eetre la capacit\u00e9 d&#8217;un \u00e9tablissement d&#8217;enseignement sup\u00e9rieur d&#8217;un certain type \u00e0 d\u00e9marrer des activit\u00e9s d&#8217;enseignement sup\u00e9rieur et de formation li\u00e9es aux qualifications conform\u00e9ment aux exigences des normes de l&#8217;enseignement sup\u00e9rieur, ainsi qu&#8217;aux exigences de l&#8217;\u00c9tat en mati\u00e8re de personnel, scientifique, m\u00e9thodologique et support logistique. L&#8217;Universit\u00e9 Internationale Europ\u00e9enne est reconnue par le minist\u00e8re de l&#8217;\u00c9ducation et des Sciences de l&#8217;Ukraine et par le minist\u00e8re de la Sant\u00e9 de l&#8217;Ukraine, et tous les programmes \u00e9ducatifs de l&#8217;universit\u00e9 sont r\u00e9glement\u00e9s et approuv\u00e9s par ceux-ci. Les dipl\u00f4mes de l\u2019Universit\u00e9 Internationale Europ\u00e9enne sont l\u00e9galis\u00e9s par le minist\u00e8re de la Sant\u00e9 de l\u2019Ukraine et le minist\u00e8re des Affaires \u00e9trang\u00e8res de l\u2019Ukraine ; les dipl\u00f4mes sont \u00e9galement reconnus dans le monde entier.<\/p>\n<p>Les \u00e9tudiants de l&#8217;Universit\u00e9 Internationale Europ\u00e9enne viennent \u00e9tudier du Danemark, de Su\u00e8de, de Malaisie, de Maurice, d&#8217;Inde, du Pakistan, des Maldives, du Kenya, de l&#8217;Angola, du Nig\u00e9ria, du Cameroun, du Canada, de l&#8217;\u00c9gypte, des \u00c9tats-Unis, de l&#8217;Arabie saoudite, de l&#8217;Australie, du Royaume-Uni, de Singapour, du Sud. Afrique, Libanais, Nouvelle-Z\u00e9lande, Iran, Irak, Sri Lanka, Ghana, Maldives, N\u00e9pal, Palestine, Tunis, Ouganda, Venezuela, P\u00e9rou, Y\u00e9men, Tanzanie, Liban, Maroc, Lesotho, \u00c9mirats arabes unis, Bangladesh, Afrique du Sud, Bulgarie, Isra\u00ebl , Chine, Norv\u00e8ge, Kowe\u00eft, Zimbabwe, Jordanie, Vietnam, Sierra Leone, etc.<\/p>\n<p><a href=\"https:\/\/iaar.agency\/registry\/program\/4187\/en\">L&#8217;Universit\u00e9 Internationale Europ\u00e9enne est r\u00e9pertori\u00e9e aupr\u00e8s de l&#8217;Agence ind\u00e9pendante d&#8217;accr\u00e9ditation et de notation de l&#8217;IAAR.<\/a><\/p>\n<p>L&#8217;Universit\u00e9 Internationale Europ\u00e9enne entretient des relations de recherche et de partenariat avec de nombreuses institutions scientifiques de l&#8217;ex-URSS et du monde entier, telles que l&#8217;Acad\u00e9mie m\u00e9dicale de Pologne, l&#8217;Universit\u00e9 de Cambridge, l&#8217;Universit\u00e9 de Virden et des cliniques de m\u00e9decine d&#8217;urgence en Allemagne, en Belgique, en Autriche, et Isra\u00ebl; le Centre m\u00e9dical de Cardiff (Angleterre), le Centre m\u00e9dical de Saint-\u00c9tienne (France), le Centre m\u00e9dical de New York et la Soci\u00e9t\u00e9 m\u00e9dicale ukrainienne au Canada et en Autriche. Au cours des derni\u00e8res ann\u00e9es, nos travailleurs ont eu l&#8217;opportunit\u00e9 de travailler \u00e0 l&#8217;\u00e9tranger en tant que sp\u00e9cialistes et enseignants dans des universit\u00e9s aux \u00c9tats-Unis, au Y\u00e9men, en Allemagne, au Royaume-Uni, etc. L\u2019Universit\u00e9 Internationale Europ\u00e9enne est fi\u00e8re du fait que ses travailleurs sont des scientifiques dont la contribution au monde de la science m\u00e9dicale a \u00e9t\u00e9 commun\u00e9ment reconnue.<\/p>\n<p><a href=\"http:\/\/ieu.university\/wp-content\/uploads\/2024\/08\/Extract-from-the-license-ZVO_29.11.2023_1_ENG.pdf\" rel=\"noopener\" target=\"_blank\">License for the right to conduct educational activities in the field of higher education.<\/a><\/p>\n<p><a href=\"http:\/\/ieu.university\/wp-content\/uploads\/2024\/08\/Extract-from-the-license-ZVO_29.11.2023_ENG.pdf\" rel=\"noopener\" target=\"_blank\">License for the right to conduct educational activities in the field of postgraduate education.<\/a><\/p>\n<div class=\"default-images-container\">\n<img decoding=\"async\" src=\"http:\/\/ieu.university\/wp-content\/uploads\/2025\/10\/14719.jpg\" \/><br \/>\n<img decoding=\"async\" src=\"http:\/\/ieu.university\/wp-content\/uploads\/2025\/10\/14718.jpg\" \/><br \/>\n<img decoding=\"async\" src=\"http:\/\/ieu.university\/wp-content\/uploads\/2025\/10\/11069.jpg\" \/><br \/>\n<img decoding=\"async\" src=\"http:\/\/ieu.university\/wp-content\/uploads\/2025\/10\/17714_page-0001.jpg\" \/><br \/>\n<img decoding=\"async\" src=\"http:\/\/ieu.university\/wp-content\/uploads\/2025\/10\/17715_page-0001.jpg\" \/><br \/>\n<img decoding=\"async\" src=\"http:\/\/ieu.university\/wp-content\/uploads\/2025\/10\/5990.jpg\"\/><br \/>\n<img decoding=\"async\" src=\"http:\/\/ieu.university\/wp-content\/uploads\/2025\/10\/cert-073-bachelor.jpg\"\/>\n<\/div>\n<p><\/br><\/p>\n<div class=\"default-images-container\">\n<img decoding=\"async\" src=\"http:\/\/ieu.university\/wp-content\/uploads\/2025\/10\/medcert.jpg\" \/><br \/>\n<img decoding=\"async\" src=\"http:\/\/ieu.university\/wp-content\/uploads\/2025\/10\/medicine2031.jpeg\" \/>\n<\/div>\n<p><\/br><\/p>\n<p><a href=\"http:\/\/ieu.university\/wp-content\/uploads\/2025\/10\/Prot_NA_Med_YEDEBO.pdf\">\u041f\u0440\u043e\u0442\u043e\u043a\u043e\u043b \u0437\u0430\u0441\u0456\u0434\u0430\u043d\u043d\u044f \u041d\u0430\u0446\u0456\u043e\u043d\u0430\u043b\u044c\u043d\u043e\u0433\u043e \u0430\u0433\u0435\u043d\u0442\u0441\u0442\u0432\u0430 \u0449\u043e\u0434\u043e \u0432\u043d\u0435\u0441\u0435\u043d\u043d\u044f \u0456\u043d\u0444\u043e\u0440\u043c\u0430\u0446\u0456\u0457 \u043f\u0440\u043e \u0421\u0435\u0440\u0442\u0438\u0444\u0456\u043a\u0430\u0442 \u0430\u043a\u0440\u0435\u0434\u0438\u0442\u0430\u0446\u0456\u0457 \u043e\u0441\u0432\u0456\u0442\u043d\u044c\u043e\u0457 \u043f\u0440\u043e\u0433\u0440\u0430\u043c\u0438 \u00ab\u041c\u0435\u0434\u0438\u0446\u0438\u043d\u0430\u00bb \u0434\u043e \u0404\u0414\u0415\u0411\u041e<\/a><\/p>\n","protected":false},"excerpt":{"rendered":"<p>Licences et accr\u00e9ditation L&#8217;autorisation est une proc\u00e9dure permettant de reconna\u00eetre la capacit\u00e9 d&#8217;un \u00e9tablissement d&#8217;enseignement sup\u00e9rieur d&#8217;un certain type \u00e0 d\u00e9marrer des activit\u00e9s d&#8217;enseignement sup\u00e9rieur et de formation li\u00e9es aux qualifications conform\u00e9ment aux exigences des normes de l&#8217;enseignement sup\u00e9rieur, ainsi qu&#8217;aux exigences de l&#8217;\u00c9tat en mati\u00e8re de personnel, scientifique, m\u00e9thodologique et support logistique. L&#8217;Universit\u00e9 Internationale [&hellip;]<\/p>\n","protected":false},"author":1,"featured_media":4068,"parent":0,"menu_order":0,"comment_status":"closed","ping_status":"closed","template":"","meta":{"ngg_post_thumbnail":0,"footnotes":""},"class_list":["post-91","page","type-page","status-publish","has-post-thumbnail","hentry"],"acf":[],"yoast_head":"<!-- This site is optimized with the Yoast SEO plugin v20.8 - https:\/\/yoast.com\/wordpress\/plugins\/seo\/ -->\n<title>UNIVERSIT\u00c9 INTERNATIONALE EUROP\u00c9ENNE | LICENCES ET ACCR\u00c9DITATION DE L&#039;UNIVERSIT\u00c9 INTERNATIONALE EUROP\u00c9ENNE | DIPL\u00d4ME RECONNU \u00c0 L&#039;INTERNATIONAL | \u00c9TUDIER EN UKRAINE | \u00c9TUDIER EN ANGLAIS EN EUROPE<\/title>\n<meta name=\"robots\" content=\"index, follow, max-snippet:-1, max-image-preview:large, max-video-preview:-1\" \/>\n<link rel=\"canonical\" href=\"http:\/\/ieu.university\/fr\/accreditation-and-license\/\" \/>\n<meta property=\"og:locale\" content=\"en_US\" \/>\n<meta property=\"og:type\" content=\"article\" \/>\n<meta property=\"og:title\" content=\"UNIVERSIT\u00c9 INTERNATIONALE EUROP\u00c9ENNE | LICENCES ET ACCR\u00c9DITATION DE L&#039;UNIVERSIT\u00c9 INTERNATIONALE EUROP\u00c9ENNE | DIPL\u00d4ME RECONNU \u00c0 L&#039;INTERNATIONAL | \u00c9TUDIER EN UKRAINE | \u00c9TUDIER EN ANGLAIS EN EUROPE\" \/>\n<meta property=\"og:description\" content=\"Licences et accr\u00e9ditation L&#8217;autorisation est une proc\u00e9dure permettant de reconna\u00eetre la capacit\u00e9 d&#8217;un \u00e9tablissement d&#8217;enseignement sup\u00e9rieur d&#8217;un certain type \u00e0 d\u00e9marrer des activit\u00e9s d&#8217;enseignement sup\u00e9rieur et de formation li\u00e9es aux qualifications conform\u00e9ment aux exigences des normes de l&#8217;enseignement sup\u00e9rieur, ainsi qu&#8217;aux exigences de l&#8217;\u00c9tat en mati\u00e8re de personnel, scientifique, m\u00e9thodologique et support logistique. L&#8217;Universit\u00e9 Internationale [&hellip;]\" \/>\n<meta property=\"og:url\" content=\"http:\/\/ieu.university\/fr\/accreditation-and-license\/\" \/>\n<meta property=\"og:site_name\" content=\"INTERNATIONAL EUROPEAN UNIVERSITY, UKRAINE | EUROPE | STUDY IN UKRAINE | STUDY IN EUROPE | MBBS | GENERAL MEDICINE | BUSINESS | ENGINEERING | IT | EUROPE\" \/>\n<meta property=\"article:modified_time\" content=\"2025-10-24T13:51:15+00:00\" \/>\n<meta property=\"og:image\" content=\"http:\/\/ieu.university\/wp-content\/uploads\/2024\/07\/Licensing-and-Accreditation.png\" \/>\n\t<meta property=\"og:image:width\" content=\"1272\" \/>\n\t<meta property=\"og:image:height\" content=\"386\" \/>\n\t<meta property=\"og:image:type\" content=\"image\/png\" \/>\n<meta name=\"twitter:card\" content=\"summary_large_image\" \/>\n<meta name=\"twitter:label1\" content=\"Est. reading time\" \/>\n\t<meta name=\"twitter:data1\" content=\"4 minutes\" \/>\n<script type=\"application\/ld+json\" class=\"yoast-schema-graph\">{\"@context\":\"https:\/\/schema.org\",\"@graph\":[{\"@type\":\"WebPage\",\"@id\":\"http:\/\/ieu.university\/fr\/accreditation-and-license\/\",\"url\":\"http:\/\/ieu.university\/fr\/accreditation-and-license\/\",\"name\":\"UNIVERSIT\u00c9 INTERNATIONALE EUROP\u00c9ENNE | LICENCES ET ACCR\u00c9DITATION DE L'UNIVERSIT\u00c9 INTERNATIONALE EUROP\u00c9ENNE | DIPL\u00d4ME RECONNU \u00c0 L'INTERNATIONAL | \u00c9TUDIER EN UKRAINE | \u00c9TUDIER EN ANGLAIS EN EUROPE\",\"isPartOf\":{\"@id\":\"https:\/\/ieu.university\/#website\"},\"datePublished\":\"2022-09-22T11:51:47+00:00\",\"dateModified\":\"2025-10-24T13:51:15+00:00\",\"inLanguage\":\"en-US\",\"potentialAction\":[{\"@type\":\"ReadAction\",\"target\":[\"http:\/\/ieu.university\/fr\/accreditation-and-license\/\"]}]},{\"@type\":\"WebSite\",\"@id\":\"https:\/\/ieu.university\/#website\",\"url\":\"https:\/\/ieu.university\/\",\"name\":\"INTERNATIONAL EUROPEAN UNIVERSITY, UKRAINE | EUROPE | STUDY IN UKRAINE | STUDY IN EUROPE | MBBS | GENERAL MEDICINE | BUSINESS | ENGINEERING | IT | EUROPE\",\"description\":\"INTERNATIONAL EUROPEAN UNIVERSITY, UKRAINE | EUROPE | STUDY IN UKRAINE | STUDY IN EUROPE | MBBS | GENERAL MEDICINE | BUSINESS | ENGINEERING | IT | EUROPE\",\"potentialAction\":[{\"@type\":\"SearchAction\",\"target\":{\"@type\":\"EntryPoint\",\"urlTemplate\":\"https:\/\/ieu.university\/?s={search_term_string}\"},\"query-input\":\"required name=search_term_string\"}],\"inLanguage\":\"en-US\"}]}<\/script>\n<!-- \/ Yoast SEO plugin. -->","yoast_head_json":{"title":"UNIVERSIT\u00c9 INTERNATIONALE EUROP\u00c9ENNE | LICENCES ET ACCR\u00c9DITATION DE L'UNIVERSIT\u00c9 INTERNATIONALE EUROP\u00c9ENNE | DIPL\u00d4ME RECONNU \u00c0 L'INTERNATIONAL | \u00c9TUDIER EN UKRAINE | \u00c9TUDIER EN ANGLAIS EN EUROPE","robots":{"index":"index","follow":"follow","max-snippet":"max-snippet:-1","max-image-preview":"max-image-preview:large","max-video-preview":"max-video-preview:-1"},"canonical":"http:\/\/ieu.university\/fr\/accreditation-and-license\/","og_locale":"en_US","og_type":"article","og_title":"UNIVERSIT\u00c9 INTERNATIONALE EUROP\u00c9ENNE | LICENCES ET ACCR\u00c9DITATION DE L'UNIVERSIT\u00c9 INTERNATIONALE EUROP\u00c9ENNE | DIPL\u00d4ME RECONNU \u00c0 L'INTERNATIONAL | \u00c9TUDIER EN UKRAINE | \u00c9TUDIER EN ANGLAIS EN EUROPE","og_description":"Licences et accr\u00e9ditation L&#8217;autorisation est une proc\u00e9dure permettant de reconna\u00eetre la capacit\u00e9 d&#8217;un \u00e9tablissement d&#8217;enseignement sup\u00e9rieur d&#8217;un certain type \u00e0 d\u00e9marrer des activit\u00e9s d&#8217;enseignement sup\u00e9rieur et de formation li\u00e9es aux qualifications conform\u00e9ment aux exigences des normes de l&#8217;enseignement sup\u00e9rieur, ainsi qu&#8217;aux exigences de l&#8217;\u00c9tat en mati\u00e8re de personnel, scientifique, m\u00e9thodologique et support logistique. L&#8217;Universit\u00e9 Internationale [&hellip;]","og_url":"http:\/\/ieu.university\/fr\/accreditation-and-license\/","og_site_name":"INTERNATIONAL EUROPEAN UNIVERSITY, UKRAINE | EUROPE | STUDY IN UKRAINE | STUDY IN EUROPE | MBBS | GENERAL MEDICINE | BUSINESS | ENGINEERING | IT | EUROPE","article_modified_time":"2025-10-24T13:51:15+00:00","og_image":[{"width":1272,"height":386,"url":"http:\/\/ieu.university\/wp-content\/uploads\/2024\/07\/Licensing-and-Accreditation.png","type":"image\/png"}],"twitter_card":"summary_large_image","twitter_misc":{"Est. reading time":"4 minutes"},"schema":{"@context":"https:\/\/schema.org","@graph":[{"@type":"WebPage","@id":"http:\/\/ieu.university\/fr\/accreditation-and-license\/","url":"http:\/\/ieu.university\/fr\/accreditation-and-license\/","name":"UNIVERSIT\u00c9 INTERNATIONALE EUROP\u00c9ENNE | LICENCES ET ACCR\u00c9DITATION DE L'UNIVERSIT\u00c9 INTERNATIONALE EUROP\u00c9ENNE | DIPL\u00d4ME RECONNU \u00c0 L'INTERNATIONAL | \u00c9TUDIER EN UKRAINE | \u00c9TUDIER EN ANGLAIS EN EUROPE","isPartOf":{"@id":"https:\/\/ieu.university\/#website"},"datePublished":"2022-09-22T11:51:47+00:00","dateModified":"2025-10-24T13:51:15+00:00","inLanguage":"en-US","potentialAction":[{"@type":"ReadAction","target":["http:\/\/ieu.university\/fr\/accreditation-and-license\/"]}]},{"@type":"WebSite","@id":"https:\/\/ieu.university\/#website","url":"https:\/\/ieu.university\/","name":"INTERNATIONAL EUROPEAN UNIVERSITY, UKRAINE | EUROPE | STUDY IN UKRAINE | STUDY IN EUROPE | MBBS | GENERAL MEDICINE | BUSINESS | ENGINEERING | IT | EUROPE","description":"INTERNATIONAL EUROPEAN UNIVERSITY, UKRAINE | EUROPE | STUDY IN UKRAINE | STUDY IN EUROPE | MBBS | GENERAL MEDICINE | BUSINESS | ENGINEERING | IT | EUROPE","potentialAction":[{"@type":"SearchAction","target":{"@type":"EntryPoint","urlTemplate":"https:\/\/ieu.university\/?s={search_term_string}"},"query-input":"required name=search_term_string"}],"inLanguage":"en-US"}]}},"_links":{"self":[{"href":"http:\/\/ieu.university\/fr\/wp-json\/wp\/v2\/pages\/91","targetHints":{"allow":["GET"]}}],"collection":[{"href":"http:\/\/ieu.university\/fr\/wp-json\/wp\/v2\/pages"}],"about":[{"href":"http:\/\/ieu.university\/fr\/wp-json\/wp\/v2\/types\/page"}],"author":[{"embeddable":true,"href":"http:\/\/ieu.university\/fr\/wp-json\/wp\/v2\/users\/1"}],"replies":[{"embeddable":true,"href":"http:\/\/ieu.university\/fr\/wp-json\/wp\/v2\/comments?post=91"}],"version-history":[{"count":69,"href":"http:\/\/ieu.university\/fr\/wp-json\/wp\/v2\/pages\/91\/revisions"}],"predecessor-version":[{"id":4783,"href":"http:\/\/ieu.university\/fr\/wp-json\/wp\/v2\/pages\/91\/revisions\/4783"}],"wp:featuredmedia":[{"embeddable":true,"href":"http:\/\/ieu.university\/fr\/wp-json\/wp\/v2\/media\/4068"}],"wp:attachment":[{"href":"http:\/\/ieu.university\/fr\/wp-json\/wp\/v2\/media?parent=91"}],"curies":[{"name":"wp","href":"https:\/\/api.w.org\/{rel}","templated":true}]}}