{"id":928,"date":"2022-10-03T11:32:56","date_gmt":"2022-10-03T08:32:56","guid":{"rendered":"http:\/\/ieu.university\/?page_id=928"},"modified":"2025-01-06T12:41:38","modified_gmt":"2025-01-06T09:41:38","slug":"european-school-of-architecture-and-engineering-home","status":"publish","type":"page","link":"http:\/\/ieu.university\/fr\/european-school-of-architecture-and-engineering-home\/","title":{"rendered":"\u00c9cole Europ\u00e9enne d&#8217;Architecture et d&#8217;Ing\u00e9nierie"},"content":{"rendered":"<h2>\u00c9cole Europ\u00e9enne d&#8217;Architecture et d&#8217;Ing\u00e9nierie<\/h2>\n<p>L&#8217;\u00c9cole europ\u00e9enne d&#8217;architecture et d&#8217;ing\u00e9nierie de l&#8217;Universit\u00e9 Internationale Europ\u00e9enne est un \u00e9tablissement d&#8217;enseignement sup\u00e9rieur de premier plan qui se consacre \u00e0 fournir u<strong>n enseignement abordable et de haute qualit\u00e9 en Europe aux \u00e9tudiants du monde entier.<\/strong> Les cours d&#8217;architecture et d&#8217;ing\u00e9nierie de l&#8217;IEU visent \u00e0 d\u00e9velopper des comp\u00e9tences techniques avanc\u00e9es et \u00e0 favoriser un environnement d&#8217;apprentissage multiculturel. En acqu\u00e9rant une compr\u00e9hension approfondie des principes d&#8217;architecture et d&#8217;ing\u00e9nierie, les \u00e9tudiants acqui\u00e8rent un avantage concurrentiel, ouvrant de nombreuses opportunit\u00e9s et avantages dans leurs futurs efforts professionnels, projets cr\u00e9atifs et collaborations mondiales.<\/p>\n<p>La mission principale de l&#8217;\u00c9cole europ\u00e9enne d&#8217;architecture et d&#8217;ing\u00e9nierie est de c<strong>ultiver les comp\u00e9tences et l&#8217;expertise des \u00e9tudiants.<\/strong> Gr\u00e2ce \u00e0 des exp\u00e9riences d&#8217;apprentissage compl\u00e8tes et immersives, l&#8217;Universit\u00e9 Internationale Europ\u00e9enne am\u00e9liore les capacit\u00e9s des \u00e9tudiants internationaux \u00e0 conceptualiser, concevoir et construire des projets d&#8217;architecture et d&#8217;ing\u00e9nierie. Avec des s\u00e9ances interactives en classe, des exercices pratiques et des simulations du monde r\u00e9el, les \u00e9tudiants sont expos\u00e9s \u00e0 divers contextes et ont de nombreuses occasions d&#8217;appliquer leurs connaissances dans des situations pratiques. Ax\u00e9s sur divers aspects des disciplines, les programmes d&#8217;architecture et d&#8217;ing\u00e9nierie de l&#8217;Universit\u00e9 europ\u00e9enne internationale garantissent aux \u00e9tudiants internationaux de d\u00e9velopper un ensemble de comp\u00e9tences compl\u00e8tes qui leur permettent d&#8217;exceller dans leur domaine.<\/p>\n<p>L&#8217;\u00c9cole europ\u00e9enne d&#8217;architecture et d&#8217;ing\u00e9nierie de l&#8217;Universit\u00e9 Internationale Europ\u00e9enne a gagn\u00e9 en popularit\u00e9 parmi les \u00e9tudiants internationaux \u00e0 la recherche d<strong>&#8216;une \u00e9ducation de haute qualit\u00e9 en Europe.<\/strong> R\u00e9put\u00e9e pour ses programmes acad\u00e9miques exceptionnels et ses installations de pointe, l&#8217;universit\u00e9 a une longue tradition de fourniture d&#8217;un enseignement complet en architecture et en ing\u00e9nierie. L&#8217;un des avantages majeurs du choix de l&#8217;\u00c9cole europ\u00e9enne d&#8217;architecture et d&#8217;ing\u00e9nierie r\u00e9side dans ses frais de scolarit\u00e9 abordables et son co\u00fbt de la vie global inf\u00e9rieur \u00e0 celui des autres pays europ\u00e9ens. Avec un large \u00e9ventail de <strong>programmes d&#8217;\u00e9tudes sup\u00e9rieures enseign\u00e9s en anglais<\/strong>, les \u00e9tudiants internationaux trouvent pratique de poursuivre leurs aspirations acad\u00e9miques dans cette institution.<\/p>\n<p>L&#8217;Universit\u00e9 Internationale Europ\u00e9enne adopte une approche holistique de l&#8217;\u00e9ducation, <strong>combinant connaissances th\u00e9oriques et formation pratique. <\/strong>Des studios de conception de pointe, des laboratoires avanc\u00e9s et des centres de simulation sont facilement accessibles aux \u00e9tudiants, leur permettant d&#8217;acqu\u00e9rir une exp\u00e9rience pratique dans leurs domaines respectifs. L&#8217;\u00c9cole europ\u00e9enne d&#8217;architecture et d&#8217;ing\u00e9nierie de l&#8217;Universit\u00e9 Internationale Europ\u00e9enne \u00e9tudiants.<\/p>\n<h2>\u00c0 propos des cours d&#8217;architecture et d&#8217;ing\u00e9nierie<\/h2>\n<p>L&#8217;\u00c9cole europ\u00e9enne d&#8217;architecture et d&#8217;ing\u00e9nierie de l&#8217;Universit\u00e9 Internationale Europ\u00e9enne est r\u00e9put\u00e9e pour <strong>offrir une \u00e9ducation de classe mondiale aux \u00e9tudiants d&#8217;Afrique, d&#8217;Asie, du Moyen-Orient et d&#8217;Europe<\/strong>. Avec son environnement d&#8217;apprentissage multiculturel et l&#8217;accent mis sur la formation pratique, l&#8217;universit\u00e9 offre aux \u00e9tudiants une expertise approfondie en architecture et en ing\u00e9nierie. Les membres d\u00e9vou\u00e9s du corps professoral offrent un soutien complet, garantissant un \u00e9quilibre entre les connaissances th\u00e9oriques et l&#8217;application r\u00e9elle. L&#8217;Universit\u00e9 Internationale Europ\u00e9enne accorde une grande importance \u00e0 la promotion de la durabilit\u00e9 et \u00e0 l&#8217;inculcation de perspectives mondiales \u00e0 ses \u00e9tudiants, les pr\u00e9parant ainsi \u00e0 des carri\u00e8res r\u00e9ussies dans ces domaines dynamiques. En combinant des normes acad\u00e9miques rigoureuses avec une exp\u00e9rience pratique, l&#8217;\u00c9cole europ\u00e9enne d&#8217;architecture et d&#8217;ing\u00e9nierie forme des professionnels qualifi\u00e9s pr\u00eats \u00e0 avoir un impact significatif dans le monde de l&#8217;architecture et de l&#8217;ing\u00e9nierie.<\/p>\n<p><strong>Niveau d\u2019enseignement sup\u00e9rieur <\/strong>\u2013 Premier (Licence) et Deuxi\u00e8me niveau (Master)<\/p>\n<p><strong>La dur\u00e9e des \u00e9tudes <\/strong>&#8211; 4 ann\u00e9es d&#8217;\u00e9tudes \u00e0 temps plein (Licence), 2 ann\u00e9es d&#8217;\u00e9tudes \u00e0 temps plein (Master)<\/p>\n<p><strong>Langue d\u2019enseignemen<\/strong>t \u2013 \u200b\u200banglais<\/p>\n<h2>Cours de degr\u00e9s disponibles<\/h2>\n<ul>\n<li><strong>Architecture. <\/strong>Les \u00e9tudiants \u00e9tudient les principes de conception, l&#8217;am\u00e9nagement du territoire, la construction de b\u00e2timents et l&#8217;histoire de l&#8217;architecture, et explorent les concepts de forme, de fonction et d&#8217;esth\u00e9tique dans la cr\u00e9ation d&#8217;environnements b\u00e2tis innovants et durables.<\/li>\n<li><strong>G\u00e9nie civil. <\/strong>Les \u00e9tudiants \u00e9tudient la conception, la construction et l&#8217;entretien de projets d&#8217;infrastructure (routes, ponts et b\u00e2timents) en se concentrant sur l&#8217;analyse structurelle, l&#8217;ing\u00e9nierie g\u00e9otechnique, les syst\u00e8mes de transport et la gestion des ressources en eau.<\/li>\n<li><strong>G\u00e9nie de l&#8217;environnement.<\/strong> Les \u00e9tudiants \u00e9tudient l&#8217;application de principes d&#8217;ing\u00e9nierie pour prot\u00e9ger et am\u00e9liorer l&#8217;environnement (contr\u00f4le de la pollution de l&#8217;air et de l&#8217;eau, gestion des d\u00e9chets, technologies durables et \u00e9valuation de l&#8217;impact environnemental).<\/li>\n<li><strong>Ing\u00e9nierie structurelle.<\/strong> Les \u00e9tudiants \u00e9tudient l&#8217;analyse, la conception et la construction de structures s\u00fbres et efficaces, en d\u00e9couvrant les mat\u00e9riaux de structure, l&#8217;ing\u00e9nierie sismique, la dynamique structurelle et les techniques informatiques avanc\u00e9es.<\/li>\n<li><strong>Ing\u00e9nierie g\u00e9otechnique.<\/strong> Les \u00e9tudiants \u00e9tudient le comportement des mat\u00e9riaux du sol et des roches, en se concentrant sur la conception des fondations, la stabilit\u00e9 des pentes, la m\u00e9canique des sols et les techniques d&#8217;investigation g\u00e9otechnique du site.<\/li>\n<li><strong>Ing\u00e9nierie des transports. <\/strong>Les \u00e9tudiants \u00e9tudient la planification, la conception et l&#8217;exploitation des syst\u00e8mes de transport, y compris les routes, les chemins de fer, les a\u00e9roports et les r\u00e9seaux de transport urbain, en examinant la fluidit\u00e9 du trafic, la planification des transports et les solutions de mobilit\u00e9 durable.<\/li>\n<li><strong>Am\u00e9nagement urbain. <\/strong>Les \u00e9tudiants \u00e9tudient le d\u00e9veloppement et la gestion des zones urbaines, explorant l&#8217;am\u00e9nagement du territoire, la conception urbaine, le d\u00e9veloppement durable, la planification des transports et l&#8217;analyse des politiques pour cr\u00e9er des villes vivables et dynamiques.<\/li>\n<li><strong>Conception durable.<\/strong> Les \u00e9tudiants \u00e9tudient les principes et les strat\u00e9gies de conception respectueuse de l&#8217;environnement, en se concentrant sur l&#8217;efficacit\u00e9 \u00e9nerg\u00e9tique, les syst\u00e8mes d&#8217;\u00e9nergie renouvelable, les strat\u00e9gies de conception passive et les mat\u00e9riaux durables pour cr\u00e9er des b\u00e2timents et des infrastructures respectueux de l&#8217;environnement.<\/li>\n<li><strong>Mod\u00e9lisation des informations sur le b\u00e2timent.<\/strong> Les \u00e9tudiants \u00e9tudient l&#8217;utilisation des technologies num\u00e9riques et des outils logiciels pour cr\u00e9er des repr\u00e9sentations virtuelles de b\u00e2timents, facilitant ainsi la conception collaborative, la planification de la construction et la gestion efficace de projets.<\/li>\n<li><strong>Science et ing\u00e9nierie des mat\u00e9riaux. <\/strong>Les \u00e9tudiants \u00e9tudient les propri\u00e9t\u00e9s, le comportement et le traitement des mat\u00e9riaux utilis\u00e9s dans la construction (m\u00e9taux, polym\u00e8res, c\u00e9ramiques et composites) en explorant la s\u00e9lection, les tests et le contr\u00f4le qualit\u00e9 des mat\u00e9riaux.<\/li>\n<li><strong>Ing\u00e9nierie des syst\u00e8mes \u00e9nerg\u00e9tiques. <\/strong>Les \u00e9tudiants \u00e9tudient la production, la distribution et l&#8217;utilisation de l&#8217;\u00e9nergie, explorant les syst\u00e8mes d&#8217;\u00e9nergie renouvelable, la conservation de l&#8217;\u00e9nergie, la conception de centrales \u00e9lectriques et la politique \u00e9nerg\u00e9tique pour relever les d\u00e9fis \u00e9nerg\u00e9tiques mondiaux.<\/li>\n<li><strong>Ing\u00e9nierie des ressources en eau. <\/strong>Les \u00e9tudiants \u00e9tudient la gestion et l&#8217;utilisation durable des ressources en eau (structures hydrauliques, hydrologie, syst\u00e8mes d&#8217;approvisionnement en eau, contr\u00f4le des crues, irrigation et traitement de l&#8217;eau).<\/li>\n<li><strong>Ing\u00e9nierie c\u00f4ti\u00e8re. <\/strong>Les \u00e9tudiants \u00e9tudient la conception et la gestion des zones c\u00f4ti\u00e8res, en se concentrant sur le contr\u00f4le de l&#8217;\u00e9rosion c\u00f4ti\u00e8re, l&#8217;ing\u00e9nierie portuaire, la protection du littoral, le transport des s\u00e9diments et les impacts du changement climatique sur les zones c\u00f4ti\u00e8res.<\/li>\n<li><strong>Design d&#8217;int\u00e9rieur. <\/strong>Les \u00e9tudiants \u00e9tudient la conception cr\u00e9ative et fonctionnelle des espaces int\u00e9rieurs, explorant l&#8217;am\u00e9nagement spatial, l&#8217;esth\u00e9tique, les mat\u00e9riaux, l&#8217;\u00e9clairage et la s\u00e9lection de meubles pour cr\u00e9er des environnements int\u00e9rieurs attrayants et fonctionnels.<\/li>\n<li><strong>Ing\u00e9nierie \u00e9lectrique et \u00e9lectronique.<\/strong> Les \u00e9tudiants \u00e9tudient les principes et les applications des syst\u00e8mes \u00e9lectriques et \u00e9lectroniques (distribution d&#8217;\u00e9nergie, syst\u00e8mes de contr\u00f4le, circuits \u00e9lectroniques, t\u00e9l\u00e9communications et technologies des \u00e9nergies renouvelables).<\/li>\n<li><strong>Sciences de l&#8217;environnement et g\u00e9nie de l&#8217;environnement.<\/strong> Les \u00e9tudiants \u00e9tudient les aspects scientifiques de l&#8217;environnement (\u00e9cologie, changement climatique, chimie environnementale) et les combinent avec des principes d&#8217;ing\u00e9nierie pour d\u00e9velopper des solutions durables aux d\u00e9fis environnementaux.<\/li>\n<\/ul>\n<h2>Formation pratique<\/h2>\n<p>La formation pratique est cruciale dans la formation et le d\u00e9veloppement professionnel des \u00e9tudiants en architecture et en ing\u00e9nierie de l\u2019\u00c9cole europ\u00e9enne d\u2019architecture et d\u2019ing\u00e9nierie. \u00c0 l&#8217;Universit\u00e9 Internationale Europ\u00e9enne, l<strong>&#8216;exp\u00e9rience pratique et l&#8217;application concr\u00e8te des comp\u00e9tences<\/strong> font partie int\u00e9grante du programme. La formation permet aux \u00e9tudiants de travailler avec des architectes et des professionnels exp\u00e9riment\u00e9s dans des cabinets d&#8217;architectes, des studios de design et des entreprises de construction, leur donnant ainsi un aper\u00e7u des op\u00e9rations quotidiennes de la profession d&#8217;architecte ainsi que de la gestion et de l&#8217;ex\u00e9cution de projets.<\/p>\n<p>L&#8217;Universit\u00e9 Internationale Europ\u00e9enne propose aux \u00e9tudiants <strong>des stages dans des cabinets d&#8217;architectes, des studios de design d&#8217;int\u00e9rieur, des entreprises de construction, <\/strong>des organismes d&#8217;urbanisme et des agences gouvernementales de premier plan. Une orientation professionnelle compl\u00e8te aide les \u00e9tudiants \u00e0 identifier et \u00e0 obtenir des stages correspondant \u00e0 leurs int\u00e9r\u00eats et \u00e0 leurs objectifs de carri\u00e8re. L&#8217;universit\u00e9 s&#8217;appuie sur son vaste r\u00e9seau d&#8217;anciens \u00e9l\u00e8ves, ses partenariats industriels et ses services de stages d\u00e9di\u00e9s pour mettre les \u00e9tudiants en contact avec des professionnels et des organisations de renom. Gr\u00e2ce aux stages, les \u00e9tudiants travaillent sur des projets r\u00e9els, contribuent au d\u00e9veloppement de la conception, produisent des documents de construction, participent aux r\u00e9unions avec les clients et <strong>acqui\u00e8rent une compr\u00e9hension plus approfondie des op\u00e9rations de l&#8217;entreprise.<\/strong><\/p>\n<p>En ing\u00e9nierie, la formation pratique est tout aussi importante pour les \u00e9tudiants de l\u2019\u00c9cole europ\u00e9enne d\u2019architecture et d\u2019ing\u00e9nierie. L&#8217;Universit\u00e9 Internationale Europ\u00e9enne se consacre \u00e0 fournir u<strong>ne exp\u00e9rience pratique pr\u00e9cieuse et des opportunit\u00e9s d&#8217;appliquer ses comp\u00e9tences \u00e0 des projets d&#8217;ing\u00e9nierie du monde r\u00e9el.<\/strong> Les \u00e9tudiants collaborent avec des ing\u00e9nieurs exp\u00e9riment\u00e9s dans des entreprises, des instituts de recherche, des entreprises manufacturi\u00e8res et des agences gouvernementales, acqu\u00e9rant ainsi un aper\u00e7u des op\u00e9rations quotidiennes du domaine de l&#8217;ing\u00e9nierie et de la mise en \u0153uvre de projets.<\/p>\n<p>Le travail en laboratoire est un \u00e9l\u00e9ment cl\u00e9 de l\u2019exp\u00e9rience \u00e9ducative \u00e0 l\u2019Universit\u00e9 Internationale Europ\u00e9enne. Les \u00e9tudiants en g\u00e9nie participent \u00e0 <strong>des activit\u00e9s pratiques, m\u00e8nent des exp\u00e9riences, effectuent des tests et analysent des donn\u00e9es<\/strong> avec des \u00e9quipements et des logiciels sp\u00e9cialis\u00e9s. Ils ont acc\u00e8s \u00e0 des installations de pointe, travaillant avec des instruments sp\u00e9cifiques \u00e0 leur domaine, tels que des appareils \u00e9lectroniques, des outils de mesure, des syst\u00e8mes robotiques, des \u00e9quipements d&#8217;essai de mat\u00e9riaux et des logiciels de conception et de simulation assist\u00e9s par ordinateur. Les outils permettent aux \u00e9tudiants d&#8217;appliquer des concepts th\u00e9oriques \u00e0 des sc\u00e9narios pratiques.<\/p>\n<p>Gr\u00e2ce \u00e0 des conseils de carri\u00e8re, des partenariats industriels et un solide r\u00e9seau d&#8217;anciens \u00e9l\u00e8ves, l&#8217;\u00c9cole europ\u00e9enne d&#8217;architecture et d&#8217;ing\u00e9nierie aide les \u00e9tudiants internationaux \u00e0 trouver d<strong>es stages correspondant \u00e0 leurs int\u00e9r\u00eats et aspirations professionnelles.<\/strong> Les stages offrent une exp\u00e9rience pratique dans les disciplines de l&#8217;ing\u00e9nierie, permettant aux \u00e9tudiants d&#8217;appliquer leurs connaissances th\u00e9oriques \u00e0 des projets du monde r\u00e9el et de d\u00e9velopper des comp\u00e9tences essentielles telles que le travail d&#8217;\u00e9quipe, la communication, la gestion de projet et la pens\u00e9e critique. Les \u00e9tudiants internationaux apprennent \u00e0 naviguer dans les environnements professionnels, \u00e0 s&#8217;adapter aux normes de l&#8217;industrie et \u00e0 nouer des relations professionnelles pr\u00e9cieuses.<\/p>\n<p>L&#8217;Universit\u00e9 Internationale Europ\u00e9enne <strong>organise des ateliers et des sessions de formation dirig\u00e9s par des professionnels de l&#8217;industrie<\/strong>, ax\u00e9s sur des disciplines d&#8217;ing\u00e9nierie sp\u00e9cifiques, les avanc\u00e9es technologiques et le d\u00e9veloppement de comp\u00e9tences pratiques. Les sessions aident les \u00e9tudiants \u00e0 am\u00e9liorer leurs comp\u00e9tences techniques et \u00e0 rester \u00e0 jour avec les derniers outils, logiciels et techniques utilis\u00e9s dans l&#8217;industrie. Les ateliers couvrent une gamme de sujets, notamment les nouvelles technologies, les m\u00e9thodologies d&#8217;ing\u00e9nierie avanc\u00e9es, les pratiques de d\u00e9veloppement durable, la gestion de projet, le contr\u00f4le qualit\u00e9 et les applications logicielles sp\u00e9cifiques. Les opportunit\u00e9s permettent aux \u00e9tudiants de d\u00e9velopper leurs comp\u00e9tences et leur adaptabilit\u00e9 dans le paysage de l\u2019ing\u00e9nierie en constante \u00e9volution.<\/p>\n","protected":false},"excerpt":{"rendered":"<p>\u00c9cole Europ\u00e9enne d&#8217;Architecture et d&#8217;Ing\u00e9nierie L&#8217;\u00c9cole europ\u00e9enne d&#8217;architecture et d&#8217;ing\u00e9nierie de l&#8217;Universit\u00e9 Internationale Europ\u00e9enne est un \u00e9tablissement d&#8217;enseignement sup\u00e9rieur de premier plan qui se consacre \u00e0 fournir un enseignement abordable et de haute qualit\u00e9 en Europe aux \u00e9tudiants du monde entier. Les cours d&#8217;architecture et d&#8217;ing\u00e9nierie de l&#8217;IEU visent \u00e0 d\u00e9velopper des comp\u00e9tences techniques avanc\u00e9es [&hellip;]<\/p>\n","protected":false},"author":1,"featured_media":4058,"parent":0,"menu_order":0,"comment_status":"closed","ping_status":"closed","template":"","meta":{"ngg_post_thumbnail":0,"footnotes":""},"class_list":["post-928","page","type-page","status-publish","has-post-thumbnail","hentry"],"acf":[],"yoast_head":"<!-- This site is optimized with the Yoast SEO plugin v20.8 - https:\/\/yoast.com\/wordpress\/plugins\/seo\/ -->\n<title>EUROPEAN SCHOOL OF ARCHITECTURE | EUROPEAN ENGINEERING SCHOOL IN UKRAINE | ENGINEERING UNIVERSITY IN EUROPE | STUDY ENGINEERING ABROAD | STUDY ARCHITECTURE IN EUROPE | AFFORDABLE ENGINEERING EDUCATION IN ENGLISH<\/title>\n<meta name=\"robots\" content=\"index, follow, max-snippet:-1, max-image-preview:large, max-video-preview:-1\" \/>\n<link rel=\"canonical\" href=\"https:\/\/ieu.university\/es\/european-school-of-architecture-and-engineering-home\/\" \/>\n<meta property=\"og:locale\" content=\"en_US\" \/>\n<meta property=\"og:type\" content=\"article\" \/>\n<meta property=\"og:title\" content=\"EUROPEAN SCHOOL OF ARCHITECTURE | EUROPEAN ENGINEERING SCHOOL IN UKRAINE | ENGINEERING UNIVERSITY IN EUROPE | STUDY ENGINEERING ABROAD | STUDY ARCHITECTURE IN EUROPE | AFFORDABLE ENGINEERING EDUCATION IN ENGLISH\" \/>\n<meta property=\"og:description\" content=\"\u00c9cole Europ\u00e9enne d&#8217;Architecture et d&#8217;Ing\u00e9nierie L&#8217;\u00c9cole europ\u00e9enne d&#8217;architecture et d&#8217;ing\u00e9nierie de l&#8217;Universit\u00e9 Internationale Europ\u00e9enne est un \u00e9tablissement d&#8217;enseignement sup\u00e9rieur de premier plan qui se consacre \u00e0 fournir un enseignement abordable et de haute qualit\u00e9 en Europe aux \u00e9tudiants du monde entier. Les cours d&#8217;architecture et d&#8217;ing\u00e9nierie de l&#8217;IEU visent \u00e0 d\u00e9velopper des comp\u00e9tences techniques avanc\u00e9es [&hellip;]\" \/>\n<meta property=\"og:url\" content=\"http:\/\/ieu.university\/fr\/european-school-of-architecture-and-engineering-home\/\" \/>\n<meta property=\"og:site_name\" content=\"INTERNATIONAL EUROPEAN UNIVERSITY, UKRAINE | EUROPE | STUDY IN UKRAINE | STUDY IN EUROPE | MBBS | GENERAL MEDICINE | BUSINESS | ENGINEERING | IT | EUROPE\" \/>\n<meta property=\"article:modified_time\" content=\"2025-01-06T09:41:38+00:00\" \/>\n<meta property=\"og:image\" content=\"https:\/\/ieu.university\/wp-content\/uploads\/2024\/07\/European-School-of-Architecture-and-Engineering.png\" \/>\n\t<meta property=\"og:image:width\" content=\"1272\" \/>\n\t<meta property=\"og:image:height\" content=\"386\" \/>\n\t<meta property=\"og:image:type\" content=\"image\/png\" \/>\n<meta name=\"twitter:card\" content=\"summary_large_image\" \/>\n<meta name=\"twitter:label1\" content=\"Est. reading time\" \/>\n\t<meta name=\"twitter:data1\" content=\"6 minutes\" \/>\n<script type=\"application\/ld+json\" class=\"yoast-schema-graph\">{\"@context\":\"https:\/\/schema.org\",\"@graph\":[{\"@type\":\"WebPage\",\"@id\":\"https:\/\/ieu.university\/es\/european-school-of-architecture-and-engineering-home\/\",\"url\":\"https:\/\/ieu.university\/es\/european-school-of-architecture-and-engineering-home\/\",\"name\":\"EUROPEAN SCHOOL OF ARCHITECTURE | EUROPEAN ENGINEERING SCHOOL IN UKRAINE | ENGINEERING UNIVERSITY IN EUROPE | STUDY ENGINEERING ABROAD | STUDY ARCHITECTURE IN EUROPE | AFFORDABLE ENGINEERING EDUCATION IN ENGLISH\",\"isPartOf\":{\"@id\":\"https:\/\/ieu.university\/#website\"},\"datePublished\":\"2022-10-03T08:32:56+00:00\",\"dateModified\":\"2025-01-06T09:41:38+00:00\",\"inLanguage\":\"en-US\",\"potentialAction\":[{\"@type\":\"ReadAction\",\"target\":[\"https:\/\/ieu.university\/es\/european-school-of-architecture-and-engineering-home\/\"]}]},{\"@type\":\"WebSite\",\"@id\":\"https:\/\/ieu.university\/#website\",\"url\":\"https:\/\/ieu.university\/\",\"name\":\"INTERNATIONAL EUROPEAN UNIVERSITY, UKRAINE | EUROPE | STUDY IN UKRAINE | STUDY IN EUROPE | MBBS | GENERAL MEDICINE | BUSINESS | ENGINEERING | IT | EUROPE\",\"description\":\"INTERNATIONAL EUROPEAN UNIVERSITY, UKRAINE | EUROPE | STUDY IN UKRAINE | STUDY IN EUROPE | MBBS | GENERAL MEDICINE | BUSINESS | ENGINEERING | IT | EUROPE\",\"potentialAction\":[{\"@type\":\"SearchAction\",\"target\":{\"@type\":\"EntryPoint\",\"urlTemplate\":\"https:\/\/ieu.university\/?s={search_term_string}\"},\"query-input\":\"required name=search_term_string\"}],\"inLanguage\":\"en-US\"}]}<\/script>\n<!-- \/ Yoast SEO plugin. -->","yoast_head_json":{"title":"EUROPEAN SCHOOL OF ARCHITECTURE | EUROPEAN ENGINEERING SCHOOL IN UKRAINE | ENGINEERING UNIVERSITY IN EUROPE | STUDY ENGINEERING ABROAD | STUDY ARCHITECTURE IN EUROPE | AFFORDABLE ENGINEERING EDUCATION IN ENGLISH","robots":{"index":"index","follow":"follow","max-snippet":"max-snippet:-1","max-image-preview":"max-image-preview:large","max-video-preview":"max-video-preview:-1"},"canonical":"https:\/\/ieu.university\/es\/european-school-of-architecture-and-engineering-home\/","og_locale":"en_US","og_type":"article","og_title":"EUROPEAN SCHOOL OF ARCHITECTURE | EUROPEAN ENGINEERING SCHOOL IN UKRAINE | ENGINEERING UNIVERSITY IN EUROPE | STUDY ENGINEERING ABROAD | STUDY ARCHITECTURE IN EUROPE | AFFORDABLE ENGINEERING EDUCATION IN ENGLISH","og_description":"\u00c9cole Europ\u00e9enne d&#8217;Architecture et d&#8217;Ing\u00e9nierie L&#8217;\u00c9cole europ\u00e9enne d&#8217;architecture et d&#8217;ing\u00e9nierie de l&#8217;Universit\u00e9 Internationale Europ\u00e9enne est un \u00e9tablissement d&#8217;enseignement sup\u00e9rieur de premier plan qui se consacre \u00e0 fournir un enseignement abordable et de haute qualit\u00e9 en Europe aux \u00e9tudiants du monde entier. Les cours d&#8217;architecture et d&#8217;ing\u00e9nierie de l&#8217;IEU visent \u00e0 d\u00e9velopper des comp\u00e9tences techniques avanc\u00e9es [&hellip;]","og_url":"http:\/\/ieu.university\/fr\/european-school-of-architecture-and-engineering-home\/","og_site_name":"INTERNATIONAL EUROPEAN UNIVERSITY, UKRAINE | EUROPE | STUDY IN UKRAINE | STUDY IN EUROPE | MBBS | GENERAL MEDICINE | BUSINESS | ENGINEERING | IT | EUROPE","article_modified_time":"2025-01-06T09:41:38+00:00","og_image":[{"width":1272,"height":386,"url":"https:\/\/ieu.university\/wp-content\/uploads\/2024\/07\/European-School-of-Architecture-and-Engineering.png","type":"image\/png"}],"twitter_card":"summary_large_image","twitter_misc":{"Est. reading time":"6 minutes"},"schema":{"@context":"https:\/\/schema.org","@graph":[{"@type":"WebPage","@id":"https:\/\/ieu.university\/es\/european-school-of-architecture-and-engineering-home\/","url":"https:\/\/ieu.university\/es\/european-school-of-architecture-and-engineering-home\/","name":"EUROPEAN SCHOOL OF ARCHITECTURE | EUROPEAN ENGINEERING SCHOOL IN UKRAINE | ENGINEERING UNIVERSITY IN EUROPE | STUDY ENGINEERING ABROAD | STUDY ARCHITECTURE IN EUROPE | AFFORDABLE ENGINEERING EDUCATION IN ENGLISH","isPartOf":{"@id":"https:\/\/ieu.university\/#website"},"datePublished":"2022-10-03T08:32:56+00:00","dateModified":"2025-01-06T09:41:38+00:00","inLanguage":"en-US","potentialAction":[{"@type":"ReadAction","target":["https:\/\/ieu.university\/es\/european-school-of-architecture-and-engineering-home\/"]}]},{"@type":"WebSite","@id":"https:\/\/ieu.university\/#website","url":"https:\/\/ieu.university\/","name":"INTERNATIONAL EUROPEAN UNIVERSITY, UKRAINE | EUROPE | STUDY IN UKRAINE | STUDY IN EUROPE | MBBS | GENERAL MEDICINE | BUSINESS | ENGINEERING | IT | EUROPE","description":"INTERNATIONAL EUROPEAN UNIVERSITY, UKRAINE | EUROPE | STUDY IN UKRAINE | STUDY IN EUROPE | MBBS | GENERAL MEDICINE | BUSINESS | ENGINEERING | IT | EUROPE","potentialAction":[{"@type":"SearchAction","target":{"@type":"EntryPoint","urlTemplate":"https:\/\/ieu.university\/?s={search_term_string}"},"query-input":"required name=search_term_string"}],"inLanguage":"en-US"}]}},"_links":{"self":[{"href":"http:\/\/ieu.university\/fr\/wp-json\/wp\/v2\/pages\/928","targetHints":{"allow":["GET"]}}],"collection":[{"href":"http:\/\/ieu.university\/fr\/wp-json\/wp\/v2\/pages"}],"about":[{"href":"http:\/\/ieu.university\/fr\/wp-json\/wp\/v2\/types\/page"}],"author":[{"embeddable":true,"href":"http:\/\/ieu.university\/fr\/wp-json\/wp\/v2\/users\/1"}],"replies":[{"embeddable":true,"href":"http:\/\/ieu.university\/fr\/wp-json\/wp\/v2\/comments?post=928"}],"version-history":[{"count":37,"href":"http:\/\/ieu.university\/fr\/wp-json\/wp\/v2\/pages\/928\/revisions"}],"predecessor-version":[{"id":4461,"href":"http:\/\/ieu.university\/fr\/wp-json\/wp\/v2\/pages\/928\/revisions\/4461"}],"wp:featuredmedia":[{"embeddable":true,"href":"http:\/\/ieu.university\/fr\/wp-json\/wp\/v2\/media\/4058"}],"wp:attachment":[{"href":"http:\/\/ieu.university\/fr\/wp-json\/wp\/v2\/media?parent=928"}],"curies":[{"name":"wp","href":"https:\/\/api.w.org\/{rel}","templated":true}]}}