{"id":935,"date":"2022-10-03T11:39:32","date_gmt":"2022-10-03T08:39:32","guid":{"rendered":"http:\/\/ieu.university\/?page_id=935"},"modified":"2025-01-06T12:42:36","modified_gmt":"2025-01-06T09:42:36","slug":"european-school-of-humanities","status":"publish","type":"page","link":"http:\/\/ieu.university\/fr\/european-school-of-humanities\/","title":{"rendered":"\u00c9cole Europ\u00e9enne des Sciences Humaines"},"content":{"rendered":"<h2>\u00c0 propos de l&#8217;\u00c9cole europ\u00e9enne des sciences humaines<\/h2>\n<p><strong>L&#8217;\u00c9cole europ\u00e9enne des sciences humaines<\/strong> offre aux \u00e9tudiants de l&#8217;\u00c9cole europ\u00e9enne internationale une base acad\u00e9mique solide dans les disciplines humaines tout en favorisant l&#8217;int\u00e9r\u00eat intellectuel, la cr\u00e9ativit\u00e9 et les comp\u00e9tences analytiques des \u00e9tudiants. L&#8217;enseignement des sciences humaines \u00e0 l&#8217;Universit\u00e9 Internationale Europ\u00e9enne sert de passerelle pour explorer la riche tapisserie de l&#8217;existence humaine, d\u00e9voilant les complexit\u00e9s <strong>de l&#8217;histoire, de la litt\u00e9rature, de la philosophie et des sciences sociales. <\/strong>En s&#8217;immergeant dans le domaine des sciences humaines \u00e0 l&#8217;Universit\u00e9 Internationale Europ\u00e9enne, les \u00e9tudiants d\u00e9veloppent une profonde appr\u00e9ciation de l&#8217;exp\u00e9rience humaine et, \u00e0 leur tour, acqui\u00e8rent un aper\u00e7u de la place qu&#8217;ils y occupent.<\/p>\n<p>L&#8217;enseignement des sciences humaines \u00e0 l&#8217;IEU met <strong>fortement l&#8217;accent sur une communication efficace sous forme \u00e9crite et orale.<\/strong> Les \u00e9tudiants ont la possibilit\u00e9 de d\u00e9velopper leurs comp\u00e9tences r\u00e9dactionnelles, en perfectionnant leur capacit\u00e9 \u00e0 articuler des id\u00e9es complexes de mani\u00e8re claire et convaincante. Gr\u00e2ce \u00e0 des discussions, des d\u00e9bats et des \u00e9tudiants de l&#8217;\u00c9cole europ\u00e9enne des sciences humaines, ils d\u00e9veloppent l&#8217;art d&#8217;une communication orale efficace, ma\u00eetrisant l&#8217;art d&#8217;exprimer leurs pens\u00e9es et s&#8217;engageant dans un dialogue significatif avec les autres. Ils d\u00e9veloppent la capacit\u00e9 de penser de mani\u00e8re ind\u00e9pendante, d\u2019\u00e9valuer les preuves et de construire des arguments raisonn\u00e9s, ce qui leur permet de prendre des d\u00e9cisions \u00e9clair\u00e9es dans leur vie personnelle et professionnelle.<\/p>\n<p><strong>L&#8217;\u00c9cole europ\u00e9enne des sciences humaines <\/strong>est un phare de croissance intellectuelle et personnelle, encourageant les \u00e9tudiants \u00e0 devenir des penseurs critiques, des ambassadeurs culturels et des individus compatissants. En \u00e9tudiant les sciences humaines \u00e0 l&#8217;Universit\u00e9 Internationale Europ\u00e9enne, les \u00e9tudiants se lancent dans un voyage transformateur qui \u00e9largit leurs horizons, favorise l&#8217;empathie et leur donne les comp\u00e9tences n\u00e9cessaires pour naviguer dans les complexit\u00e9s de notre soci\u00e9t\u00e9 mondialis\u00e9e. L&#8217;objectif des \u00e9tudes en sciences humaines \u00e0 l&#8217;Universit\u00e9 Internationale Europ\u00e9enne et les avantages qu&#8217;elles offrent sont des atouts inestimables qui permettent aux individus d&#8217;apporter des contributions significatives au monde.<\/p>\n<h2>\u00c0 propos des cours<\/h2>\n<p><strong>Les cours \u00e9ducatifs de l&#8217;\u00c9cole europ\u00e9enne des sciences humaines<\/strong> sont ax\u00e9s sur l&#8217;\u00e9tude interdisciplinaire de la culture humaine, de la philosophie, de l&#8217;histoire et des arts. Sa mission est de favoriser une compr\u00e9hension approfondie de la pens\u00e9e et de la culture humaines \u00e0 travers diff\u00e9rentes p\u00e9riodes et r\u00e9gions. Les cours de sciences humaines poursuivent<strong> l&#8217;\u00e9tude de l&#8217;exp\u00e9rience humaine, pass\u00e9e et pr\u00e9sente, <\/strong>englobant l&#8217;\u00e9tude de l&#8217;histoire et de l&#8217;histoire de l&#8217;art, des langues et de la litt\u00e9rature, de la philosophie, de la religion et des arts visuels et dramatiques. Les \u00e9tudiants de l&#8217;Universit\u00e9 Internationale Europ\u00e9enne acqui\u00e8rent des comp\u00e9tences en analyse critique, en interpr\u00e9tation et en argumentation, en r\u00e9daction analytique et en pr\u00e9sentation orale dans le cadre d&#8217;entreprises individuelles et collaboratives. Ils d\u00e9couvrent comment les soci\u00e9t\u00e9s, les cultures, les valeurs humaines et les exp\u00e9riences quotidiennes ont \u00e9t\u00e9 transform\u00e9es, repr\u00e9sent\u00e9es et m\u00e9moris\u00e9es au fil du temps.<\/p>\n<p>Les cours de sciences humaines \u00e0 l&#8217;Universit\u00e9 Internationale Europ\u00e9enne sont propos\u00e9s <strong>aux niveaux du premier cycle et des cycles sup\u00e9rieurs dans la langue d&#8217;enseignement anglaise.<\/strong> L&#8217;\u00c9cole europ\u00e9enne des sciences humaines propose des modes d&#8217;\u00e9tude flexibles pour r\u00e9pondre aux besoins des diff\u00e9rents \u00e9tudiants. Les cours \u00e9ducatifs sont propos\u00e9s sur le campus, en ligne ou via des programmes d&#8217;apprentissage \u00e0 distance, ce qui rend l&#8217;\u00e9ducation humanitaire plus accessible aux \u00e9tudiants qui ne peuvent pas suivre les cours traditionnels en classe. Pour les apprenants en ligne et \u00e0 distance, l\u2019IEU propose un support technique complet pour garantir un acc\u00e8s fluide aux plateformes et ressources num\u00e9riques.<\/p>\n<p><strong>Niveau d\u2019enseignement sup\u00e9rieur <\/strong>\u2013 Premier (Licence) et deuxi\u00e8me (Master).<\/p>\n<p><strong>Dur\u00e9e des \u00e9tudes<\/strong> \u2013 4 ann\u00e9es d\u2019\u00e9tudes \u00e0 temps plein (Licence) et 2-3 ann\u00e9es d\u2019\u00e9tudes \u00e0 temps plein (Master).<\/p>\n<p><strong>Langue d\u2019enseignement<\/strong> \u2013 \u200b\u200banglais.<\/p>\n<h2>Cours de degr\u00e9s disponibles<\/h2>\n<ul>\n<li><strong>Le cours de Philosophie <\/strong>explore les questions fondamentales sur la connaissance, l&#8217;existence, l&#8217;\u00e9thique, le raisonnement et la nature de la r\u00e9alit\u00e9 ;<\/li>\n<li><strong>Le cours d&#8217;Histoire<\/strong> examine les \u00e9v\u00e9nements, les soci\u00e9t\u00e9s et les civilisations du pass\u00e9 pour comprendre leur signification et leur impact sur le pr\u00e9sent ;<\/li>\n<li><strong>Le cours de Travail social <\/strong>pr\u00e9pare les \u00e9tudiants \u00e0 des carri\u00e8res consistant \u00e0 aider les individus, les familles et les communaut\u00e9s \u00e0 surmonter les d\u00e9fis sociaux et \u00e0 am\u00e9liorer leur bien-\u00eatre ;<\/li>\n<li><strong>Le cours de Sciences sociales<\/strong> explore diverses disciplines qui \u00e9tudient la soci\u00e9t\u00e9 humaine et les relations sociales ;<\/li>\n<li><strong>Le cours de Journalisme <\/strong>se concentre sur les principes et les pratiques du reportage d&#8217;actualit\u00e9, de la narration et de la communication m\u00e9diatique ;<\/li>\n<li><strong>Le cours de Linguistique<\/strong> explore l&#8217;\u00e9tude scientifique de la langue et de sa structure, y compris ses sons, sa grammaire, sa signification et ses aspects sociaux ;<\/li>\n<li><strong>Le cours de Sciences politiques<\/strong> se concentre sur l&#8217;\u00e9tude de la politique, des syst\u00e8mes gouvernementaux et de l&#8217;exercice du pouvoir au sein des soci\u00e9t\u00e9s ;<\/li>\n<li><strong>Le cours de Psychologie<\/strong> ax\u00e9 sur l&#8217;\u00e9tude de l&#8217;esprit et du comportement humain ;<\/li>\n<li><strong>Le cours d&#8217;Information, de Biblioth\u00e8que et d&#8217;Archives<\/strong> englobant l&#8217;\u00e9tude de la gestion, de l&#8217;organisation et de la pr\u00e9servation de l&#8217;information ;<\/li>\n<li><strong>Le cours de Beaux-Arts, d&#8217;Arts D\u00e9coratifs et de Restauration<\/strong> implique l&#8217;\u00e9tude et la pratique de l&#8217;expression artistique, de l&#8217;artisanat et de la pr\u00e9servation des artefacts culturels ;<\/li>\n<li><strong>Le cours de Th\u00e9ologie<\/strong> ax\u00e9 sur l&#8217;\u00e9tude des croyances, pratiques et traditions religieuses ;<\/li>\n<li><strong>Le cours de Conception<\/strong> englobe la cr\u00e9ation, la planification et l&#8217;ex\u00e9cution de solutions visuelles et fonctionnelles \u00e0 des fins diverses ;<\/li>\n<li><strong>Le cours de Conception de v\u00eatements<\/strong> se concentre sur la cr\u00e9ation et la production de v\u00eatements et de v\u00eatements ;<\/li>\n<li><strong>Le cours Restauration et Examen des \u0153uvres d&#8217;art<\/strong> implique la pr\u00e9servation, la conservation et l&#8217;analyse des \u0153uvres d&#8217;art et des artefacts culturels ;<\/li>\n<li><strong>Le cours de Gestion d&#8217;\u00e9v\u00e9nements <\/strong>se concentre sur la planification, l&#8217;organisation et l&#8217;ex\u00e9cution d&#8217;\u00e9v\u00e9nements, allant des conf\u00e9rences et r\u00e9unions d&#8217;entreprise aux mariages, festivals et \u00e9v\u00e9nements sportifs ;<\/li>\n<li><strong>Le cours Gestion des activit\u00e9s socioculturelles<\/strong> se concentre sur la planification, l&#8217;organisation et l&#8217;administration d&#8217;\u00e9v\u00e9nements et d&#8217;initiatives dans le secteur culturel ;<\/li>\n<li><strong>Le cours d&#8217;Architecture et d&#8217;Environnement paysager<\/strong> se concentre sur la conception, la planification et la construction de b\u00e2timents et d&#8217;espaces ext\u00e9rieurs.<\/li>\n<\/ul>\n<h2>Formation pratique<\/h2>\n<p><strong>La formation pratique \u00e0 l&#8217;\u00c9cole europ\u00e9enne des sciences humaines <\/strong>est con\u00e7ue pour compl\u00e9ter l&#8217;apprentissage th\u00e9orique et fournir aux \u00e9tudiants de l&#8217;IEU les comp\u00e9tences pratiques n\u00e9cessaires pour r\u00e9ussir leur future carri\u00e8re. L&#8217;\u00c9cole europ\u00e9enne des sciences humaines offre une vari\u00e9t\u00e9 de possibilit\u00e9s de formation pratique, chacune associ\u00e9e \u00e0 diff\u00e9rents aspects des sciences humaines. Il comprend des stages, des \u00e9tudes sur le terrain, des ateliers, des sessions interactives, des projets de recherche, la pr\u00e9servation du patrimoine culturel et des initiatives d&#8217;engagement communautaire<\/p>\n<ul>\n<li><strong>Une gamme d&#8217;ateliers et de sessions interactives<\/strong> offrent aux \u00e9tudiants des exp\u00e9riences pratiques dans diff\u00e9rentes pratiques culturelles. Des ateliers de calligraphie et de peinture aux d\u00e9monstrations culinaires et aux s\u00e9ances d&#8217;immersion linguistique, ces \u00e9v\u00e9nements interactifs permettent aux \u00e9tudiants du campus universitaire international europ\u00e9en de s&#8217;engager directement dans les traditions culturelles, de d\u00e9velopper de nouvelles comp\u00e9tences et d&#8217;acqu\u00e9rir une appr\u00e9ciation plus profonde de la diversit\u00e9 de l&#8217;expression humaine.<\/li>\n<li><strong>Les stages <\/strong>font partie int\u00e9grante du processus \u00e9ducatif dans lequel les \u00e9tudiants de l&#8217;IEU travaillent avec des organisations, des institutions ou des entreprises li\u00e9es \u00e0 leur domaine d&#8217;\u00e9tudes. Les stages peuvent \u00eatre locaux, nationaux ou internationaux, offrant aux \u00e9tudiants une gamme d&#8217;exp\u00e9riences professionnelles dans diff\u00e9rents domaines d&#8217;\u00e9tudes. Les t\u00e2ches des \u00e9tudiants comprennent l&#8217;assistance \u00e0 la recherche, la gestion de projet, la cr\u00e9ation de contenu, le travail de conservation, les relations publiques et le soutien administratif.<\/li>\n<li><strong>Les \u00e9tudes sur le terrain<\/strong> impliquent des voyages et des activit\u00e9s men\u00e9s en dehors de la salle de classe, souvent sur des sites historiques, culturels ou arch\u00e9ologiques. Les \u00e9tudes de terrain font partie des cours d&#8217;humanit\u00e9 tels que l&#8217;histoire, l&#8217;arch\u00e9ologie, l&#8217;histoire de l&#8217;art et les \u00e9tudes culturelles. Les \u00e9tudiants participent \u00e0 des visites de sites historiques, de mus\u00e9es, de galeries et d&#8217;institutions culturelles, ainsi qu&#8217;\u00e0 des activit\u00e9s pratiques telles que des fouilles arch\u00e9ologiques, des analyses d&#8217;artefacts et des travaux de conservation.<\/li>\n<li><strong>Les projets de recherche <\/strong>permettent aux \u00e9tudiants de l&#8217;IEU d&#8217;entreprendre des \u00e9tudes approfondies sur des sujets pr\u00e9cis. Il peut \u00eatre individuel ou collaboratif et implique des recherches primaires. Les \u00e9tudiants \u00e9tudient comment formuler des questions et des hypoth\u00e8ses de recherche, mener des analyses documentaires, des recherches archivistiques et la collecte de donn\u00e9es, et pr\u00e9senter leurs r\u00e9sultats dans des m\u00e9moires, des documents de recherche ou des conf\u00e9rences universitaires.<\/li>\n<\/ul>\n","protected":false},"excerpt":{"rendered":"<p>\u00c0 propos de l&#8217;\u00c9cole europ\u00e9enne des sciences humaines L&#8217;\u00c9cole europ\u00e9enne des sciences humaines offre aux \u00e9tudiants de l&#8217;\u00c9cole europ\u00e9enne internationale une base acad\u00e9mique solide dans les disciplines humaines tout en favorisant l&#8217;int\u00e9r\u00eat intellectuel, la cr\u00e9ativit\u00e9 et les comp\u00e9tences analytiques des \u00e9tudiants. L&#8217;enseignement des sciences humaines \u00e0 l&#8217;Universit\u00e9 Internationale Europ\u00e9enne sert de passerelle pour explorer la [&hellip;]<\/p>\n","protected":false},"author":1,"featured_media":4060,"parent":0,"menu_order":0,"comment_status":"closed","ping_status":"closed","template":"","meta":{"ngg_post_thumbnail":0,"footnotes":""},"class_list":["post-935","page","type-page","status-publish","has-post-thumbnail","hentry"],"acf":[],"yoast_head":"<!-- This site is optimized with the Yoast SEO plugin v20.8 - https:\/\/yoast.com\/wordpress\/plugins\/seo\/ -->\n<title>EUROPEAN SCHOOL OF HUMANITIES | AFFORDABLE STUDIES IN EUROPE | HUMANITIES PROGRAMS IN UKRAINE | INTERNATIONAL EUROPEAN UNIVERSITY | HIGH-QUALITY HUMANITIES EDUCATION IN ENGLISH<\/title>\n<meta name=\"robots\" content=\"index, follow, max-snippet:-1, max-image-preview:large, max-video-preview:-1\" \/>\n<link rel=\"canonical\" href=\"http:\/\/ieu.university\/de\/european-school-of-humanities\/\" \/>\n<meta property=\"og:locale\" content=\"en_US\" \/>\n<meta property=\"og:type\" content=\"article\" \/>\n<meta property=\"og:title\" content=\"EUROPEAN SCHOOL OF HUMANITIES | AFFORDABLE STUDIES IN EUROPE | HUMANITIES PROGRAMS IN UKRAINE | INTERNATIONAL EUROPEAN UNIVERSITY | HIGH-QUALITY HUMANITIES EDUCATION IN ENGLISH\" \/>\n<meta property=\"og:description\" content=\"\u00c0 propos de l&#8217;\u00c9cole europ\u00e9enne des sciences humaines L&#8217;\u00c9cole europ\u00e9enne des sciences humaines offre aux \u00e9tudiants de l&#8217;\u00c9cole europ\u00e9enne internationale une base acad\u00e9mique solide dans les disciplines humaines tout en favorisant l&#8217;int\u00e9r\u00eat intellectuel, la cr\u00e9ativit\u00e9 et les comp\u00e9tences analytiques des \u00e9tudiants. L&#8217;enseignement des sciences humaines \u00e0 l&#8217;Universit\u00e9 Internationale Europ\u00e9enne sert de passerelle pour explorer la [&hellip;]\" \/>\n<meta property=\"og:url\" content=\"http:\/\/ieu.university\/fr\/european-school-of-humanities\/\" \/>\n<meta property=\"og:site_name\" content=\"INTERNATIONAL EUROPEAN UNIVERSITY, UKRAINE | EUROPE | STUDY IN UKRAINE | STUDY IN EUROPE | MBBS | GENERAL MEDICINE | BUSINESS | ENGINEERING | IT | EUROPE\" \/>\n<meta property=\"article:modified_time\" content=\"2025-01-06T09:42:36+00:00\" \/>\n<meta property=\"og:image\" content=\"http:\/\/ieu.university\/wp-content\/uploads\/2024\/07\/European-School-of-Humanities.png\" \/>\n\t<meta property=\"og:image:width\" content=\"1272\" \/>\n\t<meta property=\"og:image:height\" content=\"386\" \/>\n\t<meta property=\"og:image:type\" content=\"image\/png\" \/>\n<meta name=\"twitter:card\" content=\"summary_large_image\" \/>\n<meta name=\"twitter:label1\" content=\"Est. reading time\" \/>\n\t<meta name=\"twitter:data1\" content=\"5 minutes\" \/>\n<script type=\"application\/ld+json\" class=\"yoast-schema-graph\">{\"@context\":\"https:\/\/schema.org\",\"@graph\":[{\"@type\":\"WebPage\",\"@id\":\"http:\/\/ieu.university\/de\/european-school-of-humanities\/\",\"url\":\"http:\/\/ieu.university\/de\/european-school-of-humanities\/\",\"name\":\"EUROPEAN SCHOOL OF HUMANITIES | AFFORDABLE STUDIES IN EUROPE | HUMANITIES PROGRAMS IN UKRAINE | INTERNATIONAL EUROPEAN UNIVERSITY | HIGH-QUALITY HUMANITIES EDUCATION IN ENGLISH\",\"isPartOf\":{\"@id\":\"https:\/\/ieu.university\/#website\"},\"datePublished\":\"2022-10-03T08:39:32+00:00\",\"dateModified\":\"2025-01-06T09:42:36+00:00\",\"inLanguage\":\"en-US\",\"potentialAction\":[{\"@type\":\"ReadAction\",\"target\":[\"http:\/\/ieu.university\/de\/european-school-of-humanities\/\"]}]},{\"@type\":\"WebSite\",\"@id\":\"https:\/\/ieu.university\/#website\",\"url\":\"https:\/\/ieu.university\/\",\"name\":\"INTERNATIONAL EUROPEAN UNIVERSITY, UKRAINE | EUROPE | STUDY IN UKRAINE | STUDY IN EUROPE | MBBS | GENERAL MEDICINE | BUSINESS | ENGINEERING | IT | EUROPE\",\"description\":\"INTERNATIONAL EUROPEAN UNIVERSITY, UKRAINE | EUROPE | STUDY IN UKRAINE | STUDY IN EUROPE | MBBS | GENERAL MEDICINE | BUSINESS | ENGINEERING | IT | EUROPE\",\"potentialAction\":[{\"@type\":\"SearchAction\",\"target\":{\"@type\":\"EntryPoint\",\"urlTemplate\":\"https:\/\/ieu.university\/?s={search_term_string}\"},\"query-input\":\"required name=search_term_string\"}],\"inLanguage\":\"en-US\"}]}<\/script>\n<!-- \/ Yoast SEO plugin. -->","yoast_head_json":{"title":"EUROPEAN SCHOOL OF HUMANITIES | AFFORDABLE STUDIES IN EUROPE | HUMANITIES PROGRAMS IN UKRAINE | INTERNATIONAL EUROPEAN UNIVERSITY | HIGH-QUALITY HUMANITIES EDUCATION IN ENGLISH","robots":{"index":"index","follow":"follow","max-snippet":"max-snippet:-1","max-image-preview":"max-image-preview:large","max-video-preview":"max-video-preview:-1"},"canonical":"http:\/\/ieu.university\/de\/european-school-of-humanities\/","og_locale":"en_US","og_type":"article","og_title":"EUROPEAN SCHOOL OF HUMANITIES | AFFORDABLE STUDIES IN EUROPE | HUMANITIES PROGRAMS IN UKRAINE | INTERNATIONAL EUROPEAN UNIVERSITY | HIGH-QUALITY HUMANITIES EDUCATION IN ENGLISH","og_description":"\u00c0 propos de l&#8217;\u00c9cole europ\u00e9enne des sciences humaines L&#8217;\u00c9cole europ\u00e9enne des sciences humaines offre aux \u00e9tudiants de l&#8217;\u00c9cole europ\u00e9enne internationale une base acad\u00e9mique solide dans les disciplines humaines tout en favorisant l&#8217;int\u00e9r\u00eat intellectuel, la cr\u00e9ativit\u00e9 et les comp\u00e9tences analytiques des \u00e9tudiants. L&#8217;enseignement des sciences humaines \u00e0 l&#8217;Universit\u00e9 Internationale Europ\u00e9enne sert de passerelle pour explorer la [&hellip;]","og_url":"http:\/\/ieu.university\/fr\/european-school-of-humanities\/","og_site_name":"INTERNATIONAL EUROPEAN UNIVERSITY, UKRAINE | EUROPE | STUDY IN UKRAINE | STUDY IN EUROPE | MBBS | GENERAL MEDICINE | BUSINESS | ENGINEERING | IT | EUROPE","article_modified_time":"2025-01-06T09:42:36+00:00","og_image":[{"width":1272,"height":386,"url":"http:\/\/ieu.university\/wp-content\/uploads\/2024\/07\/European-School-of-Humanities.png","type":"image\/png"}],"twitter_card":"summary_large_image","twitter_misc":{"Est. reading time":"5 minutes"},"schema":{"@context":"https:\/\/schema.org","@graph":[{"@type":"WebPage","@id":"http:\/\/ieu.university\/de\/european-school-of-humanities\/","url":"http:\/\/ieu.university\/de\/european-school-of-humanities\/","name":"EUROPEAN SCHOOL OF HUMANITIES | AFFORDABLE STUDIES IN EUROPE | HUMANITIES PROGRAMS IN UKRAINE | INTERNATIONAL EUROPEAN UNIVERSITY | HIGH-QUALITY HUMANITIES EDUCATION IN ENGLISH","isPartOf":{"@id":"https:\/\/ieu.university\/#website"},"datePublished":"2022-10-03T08:39:32+00:00","dateModified":"2025-01-06T09:42:36+00:00","inLanguage":"en-US","potentialAction":[{"@type":"ReadAction","target":["http:\/\/ieu.university\/de\/european-school-of-humanities\/"]}]},{"@type":"WebSite","@id":"https:\/\/ieu.university\/#website","url":"https:\/\/ieu.university\/","name":"INTERNATIONAL EUROPEAN UNIVERSITY, UKRAINE | EUROPE | STUDY IN UKRAINE | STUDY IN EUROPE | MBBS | GENERAL MEDICINE | BUSINESS | ENGINEERING | IT | EUROPE","description":"INTERNATIONAL EUROPEAN UNIVERSITY, UKRAINE | EUROPE | STUDY IN UKRAINE | STUDY IN EUROPE | MBBS | GENERAL MEDICINE | BUSINESS | ENGINEERING | IT | EUROPE","potentialAction":[{"@type":"SearchAction","target":{"@type":"EntryPoint","urlTemplate":"https:\/\/ieu.university\/?s={search_term_string}"},"query-input":"required name=search_term_string"}],"inLanguage":"en-US"}]}},"_links":{"self":[{"href":"http:\/\/ieu.university\/fr\/wp-json\/wp\/v2\/pages\/935","targetHints":{"allow":["GET"]}}],"collection":[{"href":"http:\/\/ieu.university\/fr\/wp-json\/wp\/v2\/pages"}],"about":[{"href":"http:\/\/ieu.university\/fr\/wp-json\/wp\/v2\/types\/page"}],"author":[{"embeddable":true,"href":"http:\/\/ieu.university\/fr\/wp-json\/wp\/v2\/users\/1"}],"replies":[{"embeddable":true,"href":"http:\/\/ieu.university\/fr\/wp-json\/wp\/v2\/comments?post=935"}],"version-history":[{"count":26,"href":"http:\/\/ieu.university\/fr\/wp-json\/wp\/v2\/pages\/935\/revisions"}],"predecessor-version":[{"id":4466,"href":"http:\/\/ieu.university\/fr\/wp-json\/wp\/v2\/pages\/935\/revisions\/4466"}],"wp:featuredmedia":[{"embeddable":true,"href":"http:\/\/ieu.university\/fr\/wp-json\/wp\/v2\/media\/4060"}],"wp:attachment":[{"href":"http:\/\/ieu.university\/fr\/wp-json\/wp\/v2\/media?parent=935"}],"curies":[{"name":"wp","href":"https:\/\/api.w.org\/{rel}","templated":true}]}}