{"id":954,"date":"2022-10-03T12:00:29","date_gmt":"2022-10-03T09:00:29","guid":{"rendered":"http:\/\/ieu.university\/?page_id=954"},"modified":"2025-01-06T12:45:19","modified_gmt":"2025-01-06T09:45:19","slug":"european-school-of-life-sciences","status":"publish","type":"page","link":"http:\/\/ieu.university\/fr\/european-school-of-life-sciences\/","title":{"rendered":"\u00c9cole Europ\u00e9enne des Sciences de la Vie"},"content":{"rendered":"<h2>\u00c0 propos de l&#8217;\u00c9cole europ\u00e9enne des sciences de la vie<\/h2>\n<p><strong>L&#8217;\u00c9cole europ\u00e9enne des sciences de la vie de l&#8217;Universit\u00e9 Internationale Europ\u00e9enne<\/strong> se consacre \u00e0 l&#8217;\u00e9tude et \u00e0 l&#8217;avancement des sciences de la vie. Il offre une exp\u00e9rience \u00e9ducative compl\u00e8te et dynamique con\u00e7ue pour pr\u00e9parer les \u00e9tudiants \u00e0 des carri\u00e8res dans divers domaines scientifiques. La mission de l&#8217;\u00c9cole europ\u00e9enne des sciences de la vie est de permettre \u00e0 ses \u00e9tudiants <strong>d&#8217;acqu\u00e9rir des connaissances dans les sciences de la vie en menant des recherches de pointe dans des domaines pertinents<\/strong>, en collectant des donn\u00e9es concernant les th\u00e8mes de recherche, en participant \u00e0 des activit\u00e9s p\u00e9dagogiques et en pr\u00e9parant des projets de collaboration avec les \u00e9tudiants. et des anciens \u00e9l\u00e8ves d&#8217;autres pays et \u00e9tablissements d&#8217;enseignement. L&#8217;\u00e9cole vise \u00e0<strong> former la prochaine g\u00e9n\u00e9ration de scientifiques, de chercheurs et de professionnels de la sant\u00e9<\/strong> qui contribueront \u00e0 l&#8217;innovation scientifique dans le domaine et assureront le bien-\u00eatre de la soci\u00e9t\u00e9.<\/p>\n<p>Gr\u00e2ce \u00e0 des conf\u00e9rences captivantes, des travaux pratiques en laboratoire et des projets de groupe interactifs, les \u00e9tudiants de <strong>l&#8217;\u00c9cole europ\u00e9enne des sciences de la vie de l&#8217;Universit\u00e9 Internationale Europ\u00e9enne <\/strong>sont expos\u00e9s \u00e0 fournir aux \u00e9tudiants un large \u00e9ventail de connaissances sur des sujets li\u00e9s aux sciences de la vie et \u00e0 leur donner de <strong>nombreuses opportunit\u00e9s d&#8217;appliquer. leurs connaissances dans des situations r\u00e9elles.<\/strong> Le programme des cours de sciences de la vie aborde toutes les facettes des sciences de la vie, notamment la biologie, la g\u00e9n\u00e9tique, l&#8217;\u00e9cologie, la physiologie et la biochimie, garantissant ainsi aux \u00e9tudiants internationaux de d\u00e9velopper une grande quantit\u00e9 de connaissances th\u00e9oriques et de comp\u00e9tences pratiques applicables \u00e0 leur future carri\u00e8re.<\/p>\n<p>L&#8217;objectif primordial de l&#8217;\u00c9cole europ\u00e9enne des sciences de la vie est de former des dipl\u00f4m\u00e9s complets et comp\u00e9tents, pr\u00eats \u00e0 apporter des contributions significatives au domaine des sciences de la vie. L&#8217;universit\u00e9 met fortement l&#8217;accent sur une approche holistique de l&#8217;enseignement des sciences de la vie, combinant connaissances th\u00e9oriques et exp\u00e9rience pratique en laboratoire. <strong>Des installations et des laboratoires de recherche de pointe <\/strong>sont facilement accessibles aux \u00e9tudiants internationaux, leur permettant d&#8217;acqu\u00e9rir une exp\u00e9rience pratique dans diverses disciplines des sciences de la vie. L&#8217;Universit\u00e9 Internationale Europ\u00e9enne propose une s\u00e9lection compl\u00e8te de programmes de sciences de la vie, couvrant les domaines des sciences biom\u00e9dicales, v\u00e9t\u00e9rinaires, de la microbiologie, de l&#8217;\u00e9cologie, etc., r\u00e9pondant aux divers besoins \u00e9ducatifs des \u00e9tudiants.<\/p>\n<h2>\u00c0 propos des cours de sciences de la vie<\/h2>\n<p><strong>L&#8217;\u00c9cole europ\u00e9enne des sciences de la vie de l&#8217;Universit\u00e9 Internationale Europ\u00e9enne <\/strong>propose une gamme diversifi\u00e9e et compl\u00e8te de cours de sciences de la vie con\u00e7us pour fournir aux \u00e9tudiants une base solide en sciences biologiques tout en permettant une sp\u00e9cialisation dans des domaines d&#8217;int\u00e9r\u00eat sp\u00e9cifiques. Le programme est structur\u00e9 pour accueillir les \u00e9tudiants du premier cycle et des cycles sup\u00e9rieurs. Tous <strong>les cours \u00e9ducatifs sont dispens\u00e9s en anglais<\/strong> pour garantir l&#8217;accessibilit\u00e9 \u00e0 un corps \u00e9tudiant mondial. Les \u00e9tudiants sont encourag\u00e9s \u00e0 participer \u00e0 des projets de recherche et \u00e0 des stages pour acqu\u00e9rir une exp\u00e9rience pratique. Les opportunit\u00e9s pratiques permettent aux \u00e9tudiants de l&#8217;IEU d&#8217;appliquer leurs connaissances th\u00e9oriques dans des contextes r\u00e9els, de d\u00e9velopper des comp\u00e9tences pratiques et de se pr\u00e9parer \u00e0 de futures carri\u00e8res.<\/p>\n<p>Pour r\u00e9pondre aux divers besoins des \u00e9tudiants, l&#8217;\u00c9cole europ\u00e9enne des sciences de la vie propose des <strong>modes d&#8217;\u00e9tudes flexibles<\/strong>, garantissant que les \u00e9tudiants peuvent poursuivre leurs \u00e9tudes quelle que soit leur situation. Les cours \u00e9ducatifs sont propos\u00e9s <strong>sur le campus, en ligne ou via des programmes d&#8217;apprentissage \u00e0 distance,<\/strong> ce qui rend l&#8217;enseignement des sciences de la vie plus accessible aux \u00e9tudiants qui ne peuvent pas suivre les cours traditionnels en classe. Pour les apprenants en ligne et \u00e0 distance, l\u2019IEU propose <strong>un support technique complet<\/strong> pour garantir un acc\u00e8s fluide aux plateformes et ressources num\u00e9riques. Le mode d&#8217;\u00e9tude sur le campus permet aux \u00e9tudiants d&#8217;avoir <strong>un acc\u00e8s permanent aux ressources du campus<\/strong> telles que les laboratoires, les biblioth\u00e8ques et les installations de recherche.<\/p>\n<p><strong>Niveau d\u2019enseignement sup\u00e9rieur<\/strong> \u2013 Premier (Licence) et deuxi\u00e8me (Master).<\/p>\n<p><strong>Dur\u00e9e des \u00e9tudes<\/strong> \u2013 4 ann\u00e9es d\u2019\u00e9tudes \u00e0 temps plein (Licence) et 2-3 ann\u00e9es d\u2019\u00e9tudes \u00e0 temps plein (Master).<\/p>\n<p><strong>Langue d\u2019enseignement<\/strong> \u2013 \u200b\u200banglais.<\/p>\n<h2>Cours de degr\u00e9s disponibles<\/h2>\n<ul>\n<li><strong>Les sciences biom\u00e9dicales<\/strong> \u00e9tudient le corps humain, les maladies et les progr\u00e8s m\u00e9dicaux, alliant biologie et soins de sant\u00e9 pour am\u00e9liorer les diagnostics et les traitements ;<\/li>\n<li><strong>La g\u00e9n\u00e9tique<\/strong> explore l&#8217;h\u00e9ritage, l&#8217;ADN, les g\u00e8nes et les variations g\u00e9n\u00e9tiques, essentiels \u00e0 la compr\u00e9hension de l&#8217;h\u00e9r\u00e9dit\u00e9, de l&#8217;\u00e9volution et de la biotechnologie ;<\/li>\n<li>Les neurosciences \u00e9tudient le syst\u00e8me nerveux, y compris le cerveau, la moelle \u00e9pini\u00e8re et les neurones, pour comprendre le comportement, la cognition et les troubles neurologiques ;<\/li>\n<li><strong>La microbiologie<\/strong> \u00e9tudie les micro-organismes comme les bact\u00e9ries et les virus, essentiels \u00e0 la sant\u00e9, \u00e0 la biotechnologie et \u00e0 la compr\u00e9hension des maladies infectieuses ;<\/li>\n<li><strong>La biochimie<\/strong> examine les processus chimiques dans les organismes vivants, en se concentrant sur des mol\u00e9cules telles que les prot\u00e9ines, l&#8217;ADN et le m\u00e9tabolisme ;<\/li>\n<li><strong>La biophysique<\/strong> \u00e9tudie l&#8217;application des principes de la physique aux syst\u00e8mes biologiques, en d\u00e9chiffrant comment les forces physiques affectent les processus biologiques ;<\/li>\n<li><strong>L&#8217;\u00e9cologie<\/strong> \u00e9tudie la compr\u00e9hension des interactions entre les organismes et leur environnement, essentielle pour la conservation, les \u00e9cosyst\u00e8mes et les sciences de l&#8217;environnement ;<\/li>\n<li><strong>La zoologie<\/strong> \u00e9tudie des animaux, de leur physiologie, de leur comportement et de leur \u00e9volution, contribuant aux efforts de conservation de la biodiversit\u00e9 et de la faune ;<\/li>\n<li><strong>La biotechnologie<\/strong> utilise des syst\u00e8mes, des organismes ou des d\u00e9riv\u00e9s biologiques pour d\u00e9velopper des produits et des technologies pour diverses industries, notamment la m\u00e9decine et l&#8217;agriculture ;<\/li>\n<li><strong>La biologie mol\u00e9culaire <\/strong>explore les processus biologiques au niveau mol\u00e9culaire, notamment la r\u00e9plication de l&#8217;ADN, l&#8217;expression des g\u00e8nes et le g\u00e9nie g\u00e9n\u00e9tique ;<\/li>\n<li><strong>L&#8217;immunologie<\/strong> \u00e9tudie le syst\u00e8me immunitaire, ses fonctions et ses r\u00e9ponses, essentielles \u00e0 la compr\u00e9hension des maladies et au d\u00e9veloppement de vaccins ;<\/li>\n<li><strong>La pharmacologie<\/strong> \u00e9tudie les m\u00e9dicaments, leurs effets sur le corps et leurs applications en m\u00e9decine, contribuant ainsi au d\u00e9veloppement de m\u00e9dicaments et aux soins de sant\u00e9 ;<\/li>\n<li><strong>La physiologique<\/strong> analyse des fonctions et des m\u00e9canismes des organismes vivants, en se concentrant sur la fa\u00e7on dont les corps fonctionnent et s&#8217;adaptent \u00e0 diverses conditions ;<\/li>\n<li><strong>La biologie<\/strong> \u00e9volutive examine les processus qui d\u00e9terminent l&#8217;adaptation et la diversification des esp\u00e8ces au fil du temps, \u00e9l\u00e9ments fondamentaux pour comprendre l&#8217;histoire de la vie ;<\/li>\n<li aria-level=\"1\"><strong>La biologie v\u00e9g\u00e9tale<\/strong> explore la vie v\u00e9g\u00e9tale, couvrant la croissance, le d\u00e9veloppement et l&#8217;adaptation, essentiels \u00e0 l&#8217;agriculture, \u00e0 l&#8217;\u00e9cologie et \u00e0 la conservation de l&#8217;environnement.<\/li>\n<\/ul>\n<h2>Formation pratique<\/h2>\n<p><strong>La formation pratique<\/strong> fait partie int\u00e9grante des <strong>programmes d&#8217;\u00e9tudes en sciences de la vie de l&#8217;Universit\u00e9 Internationale Europ\u00e9enne.<\/strong> Il permet aux \u00e9tudiants d&#8217;acqu\u00e9rir une compr\u00e9hension pratique des concepts th\u00e9oriques et les dote des comp\u00e9tences tangibles n\u00e9cessaires \u00e0 leur future carri\u00e8re. Une <strong>formation pratique \u00e0 l&#8217;Universit\u00e9 Internationale Europ\u00e9enne<\/strong> est organis\u00e9e pour offrir aux \u00e9tudiants le soutien et le mentorat n\u00e9cessaires lors de leurs activit\u00e9s d&#8217;enseignement et de recherche. Des experts en soins de sant\u00e9 hautement qualifi\u00e9s supervisent les \u00e9tudiants, leur fournissant de p<strong>r\u00e9cieux conseils et des \u00e9valuations de performances.<\/strong><\/p>\n<p>Pour les \u00e9tudiants internationaux <strong>poursuivant des programmes d&#8217;\u00e9tudes en sciences de la vie \u00e0 l&#8217;Universit\u00e9 Internationale Europ\u00e9enne,<\/strong> la formation pratique offre une chance exceptionnelle d&#8217;acqu\u00e9rir une exp\u00e9rience pratique en Europe et au-del\u00e0, dans un cadre de soins de sant\u00e9 diversifi\u00e9 et dynamique. La formation aux multiples facettes englobe un large \u00e9ventail d\u2019exp\u00e9riences. Les \u00e9tudiants peuvent <strong>se plonger dans le travail de laboratoire et participer \u00e0 des exp\u00e9riences, des analyses d&#8217;\u00e9chantillons<\/strong> et des efforts de recherche dans des laboratoires bien \u00e9quip\u00e9s. Une telle activit\u00e9 leur permet d&#8217;acqu\u00e9rir des comp\u00e9tences essentielles et de ma\u00eetriser le travail avec les \u00e9quipements de laboratoire.<\/p>\n<p><strong>Le travail de terrain<\/strong> \u00e0 l&#8217;\u00c9cole europ\u00e9enne des sciences de la vie consiste \u00e0 mener des recherches et \u00e0 collecter des donn\u00e9es en milieu naturel. Les \u00e9tudiants en \u00e9cologie de l&#8217;Universit\u00e9 Internationale Europ\u00e9enne d\u00e9couvrent <strong>les \u00e9cosyst\u00e8mes dans leurs habitats d&#8217;origine<\/strong>, tandis que les \u00e9tudiants en microbiologie rassemblent des \u00e9chantillons provenant de divers environnements. L&#8217;immersion pratique facilite une compr\u00e9hension <strong>approfondie des \u00e9cosyst\u00e8mes du monde r\u00e9el et des communaut\u00e9s microbiennes<\/strong>. L&#8217;\u00c9cole europ\u00e9enne des sciences de la vie propose <strong>des stages dans des instituts de recherche, des soci\u00e9t\u00e9s de biotechnologie, des soci\u00e9t\u00e9s pharmaceutiques ou des agences gouvernementales.<\/strong> Les stages permettent aux \u00e9tudiants de participer \u00e0 des projets de recherche de pointe, d&#8217;accumuler des connaissances sp\u00e9cifiques \u00e0 l&#8217;industrie et de cultiver des r\u00e9seaux professionnels.<\/p>\n","protected":false},"excerpt":{"rendered":"<p>\u00c0 propos de l&#8217;\u00c9cole europ\u00e9enne des sciences de la vie L&#8217;\u00c9cole europ\u00e9enne des sciences de la vie de l&#8217;Universit\u00e9 Internationale Europ\u00e9enne se consacre \u00e0 l&#8217;\u00e9tude et \u00e0 l&#8217;avancement des sciences de la vie. Il offre une exp\u00e9rience \u00e9ducative compl\u00e8te et dynamique con\u00e7ue pour pr\u00e9parer les \u00e9tudiants \u00e0 des carri\u00e8res dans divers domaines scientifiques. La mission [&hellip;]<\/p>\n","protected":false},"author":1,"featured_media":4066,"parent":0,"menu_order":0,"comment_status":"closed","ping_status":"closed","template":"","meta":{"ngg_post_thumbnail":0,"footnotes":""},"class_list":["post-954","page","type-page","status-publish","has-post-thumbnail","hentry"],"acf":[],"yoast_head":"<!-- This site is optimized with the Yoast SEO plugin v20.8 - https:\/\/yoast.com\/wordpress\/plugins\/seo\/ -->\n<title>EUROPEAN SCHOOL OF LIFE SCIENCE | LIFE SCIENCE EDUCATION IN EUROPE | STUDY LIFE SCIENCE IN ENGLISH | AFFORDABLE LIFE SCIENCE STUDIES IN ENGLISH | STUDY BIOLOGY IN UKRAINE | INTERNATIONALLY RECOGNIZED DEGREE IN ENGLISH<\/title>\n<meta name=\"robots\" content=\"index, follow, max-snippet:-1, max-image-preview:large, max-video-preview:-1\" \/>\n<link rel=\"canonical\" href=\"http:\/\/ieu.university\/de\/european-school-of-life-sciences\/\" \/>\n<meta property=\"og:locale\" content=\"en_US\" \/>\n<meta property=\"og:type\" content=\"article\" \/>\n<meta property=\"og:title\" content=\"EUROPEAN SCHOOL OF LIFE SCIENCE | LIFE SCIENCE EDUCATION IN EUROPE | STUDY LIFE SCIENCE IN ENGLISH | AFFORDABLE LIFE SCIENCE STUDIES IN ENGLISH | STUDY BIOLOGY IN UKRAINE | INTERNATIONALLY RECOGNIZED DEGREE IN ENGLISH\" \/>\n<meta property=\"og:description\" content=\"\u00c0 propos de l&#8217;\u00c9cole europ\u00e9enne des sciences de la vie L&#8217;\u00c9cole europ\u00e9enne des sciences de la vie de l&#8217;Universit\u00e9 Internationale Europ\u00e9enne se consacre \u00e0 l&#8217;\u00e9tude et \u00e0 l&#8217;avancement des sciences de la vie. Il offre une exp\u00e9rience \u00e9ducative compl\u00e8te et dynamique con\u00e7ue pour pr\u00e9parer les \u00e9tudiants \u00e0 des carri\u00e8res dans divers domaines scientifiques. La mission [&hellip;]\" \/>\n<meta property=\"og:url\" content=\"http:\/\/ieu.university\/fr\/european-school-of-life-sciences\/\" \/>\n<meta property=\"og:site_name\" content=\"INTERNATIONAL EUROPEAN UNIVERSITY, UKRAINE | EUROPE | STUDY IN UKRAINE | STUDY IN EUROPE | MBBS | GENERAL MEDICINE | BUSINESS | ENGINEERING | IT | EUROPE\" \/>\n<meta property=\"article:modified_time\" content=\"2025-01-06T09:45:19+00:00\" \/>\n<meta property=\"og:image\" content=\"http:\/\/ieu.university\/wp-content\/uploads\/2024\/07\/European-School-of-Life-Science.png\" \/>\n\t<meta property=\"og:image:width\" content=\"1272\" \/>\n\t<meta property=\"og:image:height\" content=\"386\" \/>\n\t<meta property=\"og:image:type\" content=\"image\/png\" \/>\n<meta name=\"twitter:card\" content=\"summary_large_image\" \/>\n<meta name=\"twitter:label1\" content=\"Est. reading time\" \/>\n\t<meta name=\"twitter:data1\" content=\"5 minutes\" \/>\n<script type=\"application\/ld+json\" class=\"yoast-schema-graph\">{\"@context\":\"https:\/\/schema.org\",\"@graph\":[{\"@type\":\"WebPage\",\"@id\":\"http:\/\/ieu.university\/de\/european-school-of-life-sciences\/\",\"url\":\"http:\/\/ieu.university\/de\/european-school-of-life-sciences\/\",\"name\":\"EUROPEAN SCHOOL OF LIFE SCIENCE | LIFE SCIENCE EDUCATION IN EUROPE | STUDY LIFE SCIENCE IN ENGLISH | AFFORDABLE LIFE SCIENCE STUDIES IN ENGLISH | STUDY BIOLOGY IN UKRAINE | INTERNATIONALLY RECOGNIZED DEGREE IN ENGLISH\",\"isPartOf\":{\"@id\":\"https:\/\/ieu.university\/#website\"},\"datePublished\":\"2022-10-03T09:00:29+00:00\",\"dateModified\":\"2025-01-06T09:45:19+00:00\",\"inLanguage\":\"en-US\",\"potentialAction\":[{\"@type\":\"ReadAction\",\"target\":[\"http:\/\/ieu.university\/de\/european-school-of-life-sciences\/\"]}]},{\"@type\":\"WebSite\",\"@id\":\"https:\/\/ieu.university\/#website\",\"url\":\"https:\/\/ieu.university\/\",\"name\":\"INTERNATIONAL EUROPEAN UNIVERSITY, UKRAINE | EUROPE | STUDY IN UKRAINE | STUDY IN EUROPE | MBBS | GENERAL MEDICINE | BUSINESS | ENGINEERING | IT | EUROPE\",\"description\":\"INTERNATIONAL EUROPEAN UNIVERSITY, UKRAINE | EUROPE | STUDY IN UKRAINE | STUDY IN EUROPE | MBBS | GENERAL MEDICINE | BUSINESS | ENGINEERING | IT | EUROPE\",\"potentialAction\":[{\"@type\":\"SearchAction\",\"target\":{\"@type\":\"EntryPoint\",\"urlTemplate\":\"https:\/\/ieu.university\/?s={search_term_string}\"},\"query-input\":\"required name=search_term_string\"}],\"inLanguage\":\"en-US\"}]}<\/script>\n<!-- \/ Yoast SEO plugin. -->","yoast_head_json":{"title":"EUROPEAN SCHOOL OF LIFE SCIENCE | LIFE SCIENCE EDUCATION IN EUROPE | STUDY LIFE SCIENCE IN ENGLISH | AFFORDABLE LIFE SCIENCE STUDIES IN ENGLISH | STUDY BIOLOGY IN UKRAINE | INTERNATIONALLY RECOGNIZED DEGREE IN ENGLISH","robots":{"index":"index","follow":"follow","max-snippet":"max-snippet:-1","max-image-preview":"max-image-preview:large","max-video-preview":"max-video-preview:-1"},"canonical":"http:\/\/ieu.university\/de\/european-school-of-life-sciences\/","og_locale":"en_US","og_type":"article","og_title":"EUROPEAN SCHOOL OF LIFE SCIENCE | LIFE SCIENCE EDUCATION IN EUROPE | STUDY LIFE SCIENCE IN ENGLISH | AFFORDABLE LIFE SCIENCE STUDIES IN ENGLISH | STUDY BIOLOGY IN UKRAINE | INTERNATIONALLY RECOGNIZED DEGREE IN ENGLISH","og_description":"\u00c0 propos de l&#8217;\u00c9cole europ\u00e9enne des sciences de la vie L&#8217;\u00c9cole europ\u00e9enne des sciences de la vie de l&#8217;Universit\u00e9 Internationale Europ\u00e9enne se consacre \u00e0 l&#8217;\u00e9tude et \u00e0 l&#8217;avancement des sciences de la vie. Il offre une exp\u00e9rience \u00e9ducative compl\u00e8te et dynamique con\u00e7ue pour pr\u00e9parer les \u00e9tudiants \u00e0 des carri\u00e8res dans divers domaines scientifiques. La mission [&hellip;]","og_url":"http:\/\/ieu.university\/fr\/european-school-of-life-sciences\/","og_site_name":"INTERNATIONAL EUROPEAN UNIVERSITY, UKRAINE | EUROPE | STUDY IN UKRAINE | STUDY IN EUROPE | MBBS | GENERAL MEDICINE | BUSINESS | ENGINEERING | IT | EUROPE","article_modified_time":"2025-01-06T09:45:19+00:00","og_image":[{"width":1272,"height":386,"url":"http:\/\/ieu.university\/wp-content\/uploads\/2024\/07\/European-School-of-Life-Science.png","type":"image\/png"}],"twitter_card":"summary_large_image","twitter_misc":{"Est. reading time":"5 minutes"},"schema":{"@context":"https:\/\/schema.org","@graph":[{"@type":"WebPage","@id":"http:\/\/ieu.university\/de\/european-school-of-life-sciences\/","url":"http:\/\/ieu.university\/de\/european-school-of-life-sciences\/","name":"EUROPEAN SCHOOL OF LIFE SCIENCE | LIFE SCIENCE EDUCATION IN EUROPE | STUDY LIFE SCIENCE IN ENGLISH | AFFORDABLE LIFE SCIENCE STUDIES IN ENGLISH | STUDY BIOLOGY IN UKRAINE | INTERNATIONALLY RECOGNIZED DEGREE IN ENGLISH","isPartOf":{"@id":"https:\/\/ieu.university\/#website"},"datePublished":"2022-10-03T09:00:29+00:00","dateModified":"2025-01-06T09:45:19+00:00","inLanguage":"en-US","potentialAction":[{"@type":"ReadAction","target":["http:\/\/ieu.university\/de\/european-school-of-life-sciences\/"]}]},{"@type":"WebSite","@id":"https:\/\/ieu.university\/#website","url":"https:\/\/ieu.university\/","name":"INTERNATIONAL EUROPEAN UNIVERSITY, UKRAINE | EUROPE | STUDY IN UKRAINE | STUDY IN EUROPE | MBBS | GENERAL MEDICINE | BUSINESS | ENGINEERING | IT | EUROPE","description":"INTERNATIONAL EUROPEAN UNIVERSITY, UKRAINE | EUROPE | STUDY IN UKRAINE | STUDY IN EUROPE | MBBS | GENERAL MEDICINE | BUSINESS | ENGINEERING | IT | EUROPE","potentialAction":[{"@type":"SearchAction","target":{"@type":"EntryPoint","urlTemplate":"https:\/\/ieu.university\/?s={search_term_string}"},"query-input":"required name=search_term_string"}],"inLanguage":"en-US"}]}},"_links":{"self":[{"href":"http:\/\/ieu.university\/fr\/wp-json\/wp\/v2\/pages\/954","targetHints":{"allow":["GET"]}}],"collection":[{"href":"http:\/\/ieu.university\/fr\/wp-json\/wp\/v2\/pages"}],"about":[{"href":"http:\/\/ieu.university\/fr\/wp-json\/wp\/v2\/types\/page"}],"author":[{"embeddable":true,"href":"http:\/\/ieu.university\/fr\/wp-json\/wp\/v2\/users\/1"}],"replies":[{"embeddable":true,"href":"http:\/\/ieu.university\/fr\/wp-json\/wp\/v2\/comments?post=954"}],"version-history":[{"count":30,"href":"http:\/\/ieu.university\/fr\/wp-json\/wp\/v2\/pages\/954\/revisions"}],"predecessor-version":[{"id":4481,"href":"http:\/\/ieu.university\/fr\/wp-json\/wp\/v2\/pages\/954\/revisions\/4481"}],"wp:featuredmedia":[{"embeddable":true,"href":"http:\/\/ieu.university\/fr\/wp-json\/wp\/v2\/media\/4066"}],"wp:attachment":[{"href":"http:\/\/ieu.university\/fr\/wp-json\/wp\/v2\/media?parent=954"}],"curies":[{"name":"wp","href":"https:\/\/api.w.org\/{rel}","templated":true}]}}