{"id":113,"date":"2022-09-22T21:24:14","date_gmt":"2022-09-22T18:24:14","guid":{"rendered":"http:\/\/ieu.university\/?page_id=113"},"modified":"2025-09-24T14:08:58","modified_gmt":"2025-09-24T11:08:58","slug":"bologna-process","status":"publish","type":"page","link":"http:\/\/ieu.university\/it\/bologna-process\/","title":{"rendered":"Processo di Bologna"},"content":{"rendered":"<h2><strong><i>Cos&#8217;\u00e8 il Processo di Bologna?<\/i><\/strong><\/h2>\n<p>Il Processo di Bologna \u00e8 stato creato per portare pi\u00f9 coerenza nei sistemi di istruzione superiore in tutta Europa. Ha stabilito lo <strong>Spazio Europeo dell&#8217;Istruzione Superiore<\/strong>, che mira a rendere l&#8217;istruzione superiore pi\u00f9 inclusiva e accessibile e ad aumentare la sua attrattiva e competitivit\u00e0 a livello mondiale. Questo processo comporta l&#8217;armonizzazione degli standard dei titoli accademici e degl<strong>i standard di garanzia della qualit\u00e0<\/strong> per ogni facolt\u00e0 e il suo sviluppo in tutta Europa. Il nome &#8220;<strong>Processo di Bologna<\/strong>&#8221; deriva dalla Dichiarazione di Bologna, firmata nel 1999 dai ministri dell&#8217;istruzione di 48 paesi europei nella citt\u00e0 italiana di Bologna.<\/p>\n<p>Il Processo di Bologna ha avuto un impatto significativo sull&#8217;istruzione superiore in Europa. Ha contribuito a creare un<strong> sistema di istruzione superiore pi\u00f9 coeso,<\/strong> facilitando lo studio e il lavoro di studenti e personale oltre i confini. Il processo ha anche contribuito al riconoscimento delle qualifiche in tutta Europa, facilitando il trasferimento dei crediti e la possibilit\u00e0 di proseguire gli studi in diversi paesi. Oltre all&#8217;armonizzazione degli standard dei titoli e della qualit\u00e0, il Processo di Bologna ha incoraggiato l&#8217;innovazione e la modernizzazione dell&#8217;istruzione superiore. Ha incoraggiato le universit\u00e0 ad adottare<strong> nuovi metodi di insegnamento e a concentrarsi sullo sviluppo di competenze pratiche, <\/strong>rendendo i laureati pi\u00f9 occupabili. Il Processo di Bologna ha anche portato ad una maggiore collaborazione tra le universit\u00e0 in tutta Europa. I programmi di doppia laurea e le partnership di ricerca sono diventati pi\u00f9 comuni, consentendo a studenti e personale di beneficiare di una gamma pi\u00f9 ampia di competenze e risorse.<\/p>\n<p>Nel complesso, il Processo di Bologna \u00e8 stato <strong>efficace<\/strong> nel raggiungere i suoi obiettivi di creare un sistema di istruzione superiore pi\u00f9 <strong>inclusivo<\/strong>, accessibile e competitivo in Europa. Continua a evolversi e adattarsi per <strong>soddisfare le esigenze<\/strong> in cambiamento di studenti, universit\u00e0 e datori di lavoro.<\/p>\n<p>Come parte dello Spazio Europeo dell&#8217;Istruzione Superiore, tutti i paesi partecipanti hanno concordato di:<\/p>\n<ul>\n<li>introdurre un sistema di istruzione superiore a<strong> tre cicli<\/strong> composto da studi di Laurea, Master e Dottorato;<\/li>\n<li>garantire il<strong> riconoscimento reciproco <\/strong>delle qualifiche e dei periodi di studio all&#8217;estero, o completati presso altre universit\u00e0;<\/li>\n<li>implementare un <strong>sistema di garanzia della qualit\u00e0<\/strong>, per rafforzare la qualit\u00e0 e la rilevanza dell&#8217;apprendimento e dell&#8217;insegnamento.<\/li>\n<\/ul>\n<h2><strong><i>Perch\u00e9 il Processo di Bologna \u00e8 Importante?<\/i><\/strong><\/h2>\n<p>Nell&#8217;ambito del <strong>Processo di Bologna,<\/strong> i governi europei si impegnano in discussioni riguardanti le riforme della politica dell&#8217;istruzione superiore e si sforzano di superare gli ostacoli nella creazione di uno <strong>Spazio Europeo dell&#8217;Istruzione Superiore<\/strong>. La riforma di Bologna \u00e8 fondamentale per costruire la fiducia necessaria per uno scambio di apprendimento di successo, la <strong>cooperazione accademica transfrontaliera<\/strong> e il riconoscimento reciproco dei periodi di studio e delle qualifiche ottenute all&#8217;estero. Migliorare la qualit\u00e0 e la rilevanza dell&#8217;apprendimento e dell&#8217;insegnamento \u00e8 anche una missione centrale del Processo di Bologna. Tuttavia, l&#8217;implementazione di queste riforme \u00e8 disomogenea tra i <strong>48 paesi partecipanti.<\/strong><\/p>\n<p>Il Processo di Bologna fornisce anche un forum per il dialogo con i paesi vicini riguardo le riforme dell&#8217;istruzione superiore e le questioni relative ai principi accademici condivisi, come l&#8217;indipendenza delle universit\u00e0 e la partecipazione degli studenti alle attivit\u00e0 della societ\u00e0 civile. \u00c8 diventato uno spazio importante per la diplomazia dolce con i paesi vicini nei Balcani occidentali (eccetto il Kosovo), i paesi del Partenariato Orientale e molti altri paesi.<\/p>\n<h2><strong><i>Cos&#8217;\u00e8 un Sistema di Crediti?<\/i><\/strong><\/h2>\n<p>Il Sistema di Crediti \u00e8 un <strong>modo sistematico <\/strong>per descrivere un programma educativo assegnando crediti a ciascuno dei suoi componenti. L&#8217;identificazione dei crediti nel sistema di istruzione superiore pu\u00f2 basarsi su<strong> vari parametri,<\/strong> come il carico dello studente, i risultati dell&#8217;apprendimento e la quantit\u00e0 di carico di aula. Il Sistema di Crediti nelle universit\u00e0 \u00e8 un&#8217;unit\u00e0 di misura che determina la lunghezza, la profondit\u00e0 e il livello di difficolt\u00e0 di un corso. Ogni titolo ha determinati requisiti di crediti ad esso associati, e gli studenti si iscrivono a diversi corsi per soddisfare i requisiti di crediti del loro titolo. Ognuno dei corsi del Campus Ucraina \u2013 ha anche determinati crediti assegnati ad essi.<\/p>\n<h2><strong><i>Cos&#8217;\u00e8 l&#8217;ECTS?<\/i><\/strong><\/h2>\n<p>Il <strong>Sistema Europeo di Trasferimento e Accumulazione dei Crediti (ECTS)<\/strong> \u00e8 un sistema sviluppato a beneficio degli studenti ed \u00e8 basato sulla determinazione del carico dello studente necessario per raggiungere gli obiettivi del programma. \u00c8 necessario affinare questi obiettivi, ovvero i<strong> risultati dell&#8217;apprendimento e le competenze acquisite.<\/strong> Il Sistema Europeo di Trasferimento e Accumulazione dei Crediti (ECTS) \u00e8 uno strumento progettato dallo Spazio Europeo dell&#8217;Istruzione Superiore per rendere gli studi e i corsi pi\u00f9 trasparenti, aiutare gli studenti a spostarsi tra i paesi e far riconoscere le loro qualifiche accademiche e i periodi di studio all&#8217;estero.<\/p>\n<h2><strong><i>Perch\u00e9 gli Studenti Hanno Bisogno dell&#8217;ECTS<\/i><\/strong><\/h2>\n<p>L&#8217;ECTS semplifica la comprensione e il confronto dei curricula per tutti gli studenti (nazionali e stranieri). <strong>L&#8217;ECTS<\/strong> stimola lo scambio e il riconoscimento accademico. Aiuta le universit\u00e0 a organizzare e rivedere i loro curricula. L&#8217;ECTS pu\u00f2 essere utilizzato per<strong> diversi curricula <\/strong>e forme di studio. Questo sistema rende ottenere un&#8217;istruzione superiore in Europa pi\u00f9 attraente per gli studenti di altri continenti. Una delle principali ragioni per ottenere crediti ECTS \u00e8 aiutare gli studenti a trasferirsi tra le universit\u00e0. Il sistema ECTS \u00e8 anche progettato per aiutare gli studenti a studiare all&#8217;estero (ad esempio, un semestre di scambio in un&#8217;altra universit\u00e0) e a fare domanda per ulteriori studi (come un Master). Questo sistema \u00e8 particolarmente utile per gli studenti internazionali che vogliono studiare in Europa e hanno bisogno di trasferire crediti da un&#8217;universit\u00e0 all&#8217;altra. Il sistema ECTS fornisce una <strong>misura standard <\/strong>del raggiungimento degli studenti in tutta Europa e facilita la mobilit\u00e0, consentendo agli studenti di studiare in diversi paesi e istituzioni.<\/p>\n<h2><strong><i>Quali sono le Caratteristiche Principali dell&#8217;ECTS?<\/i><\/strong><\/h2>\n<ul>\n<li>L&#8217;ECTS si basa su un accordo secondo cu<strong>i 60 crediti <\/strong>rappresentano il carico dello studente a tempo pieno durante l&#8217;anno accademico. Nella maggior parte dei casi, il carico a tempo pieno dello studente in Europa \u00e8 di 36\/40 settimane all&#8217;anno, e in quei casi, un carico \u00e8 pari a 24-30 ore di lavoro.<\/li>\n<li>Il credito \u00e8 anche un modo per trasferire i risultati dell&#8217;apprendimento quantitativamente. L&#8217;ultimo \u00e8 il <strong>set di competenze<\/strong> che devono conoscere, comprendere e essere in grado di completare, indipendentemente dalla durata del ciclo del programma di formazione. I crediti ECTS possono essere ottenuti solo dopo il completamento del lavoro richiesto e la corrispondente valutazione dei risultati dell&#8217;apprendimento.<\/li>\n<li>La distribuzione dei crediti ECTS si basa sulla durata ufficiale del <strong>ciclo del programma di formazione<\/strong>. Il carico totale richiesto per un diploma di laurea, che richiede 3-4 anni di studio, \u00e8 pari a <strong>180-240 <\/strong>crediti.<\/li>\n<li>Il carico degli studenti in ECTS include il tempo trascorso ad ascoltare lezioni, seminari, studio autonomo, preparazione, esami, ecc.<\/li>\n<\/ul>\n<p>I crediti sono distribuiti su tutti i<strong> componenti educativi del programma di formazione<\/strong> (moduli, discipline, stage, tesi, ecc.) e riflettono la quantit\u00e0 di lavoro richiesta per completare ciascun componente rispetto al numero totale di lavoro richiesto per completare l&#8217;intero anno di studio in questo programma. Il successo degli studenti \u00e8 caratterizzato da valutazioni locali\/nazionali. Valutazioni aggiuntive <strong>ECTS<\/strong> sono desiderabili, specialmente se si desidera trasferire i propri crediti. L&#8217;ECTS valuta gli studenti su base statistica. La distribuzione delle valutazioni tra gli studenti che hanno ricevuto una valutazione superiore al corso insoddisfacente \u00e8 la seguente:<\/p>\n<p><strong>A<\/strong> \u2014 i migliori 10%;<\/p>\n<p><strong>B<\/strong> \u2014 il successivo 25%;<\/p>\n<p><strong>C<\/strong> \u2014 il successivo 30%;<\/p>\n<p><strong>D<\/strong> \u2014 il successivo 25%;<\/p>\n<p><strong>E<\/strong> \u2014 il successivo 10%.<\/p>\n<p>Per gli studenti bocciati, ci sono le valutazioni <strong>FX<\/strong> e <strong>F<\/strong>. Tra di esse, c&#8217;\u00e8 una differenza: FX significa &#8220;non ha eseguito alcuna parte del lavoro necessario per ottenere una valutazione superiore all&#8217;insufficiente&#8221;, mentre F significa &#8220;non ha fatto tutto il lavoro necessario&#8221;. L&#8217;inclusione delle valutazioni FX e F nella decodifica delle valutazioni \u00e8 facoltativa.<\/p>\n<p>Il<strong> sistema di valutazione del Sistema Europeo di Trasferimento e Accumulazione dei Crediti (ECTS) <\/strong>\u00e8 importante per diversi motivi. In primo luogo, il sistema di valutazione ECTS fornisce un modo comune, trasparente e riconosciuto a livello internazionale per valutare e confrontare i risultati accademici degli studenti in diversi paesi e universit\u00e0. Questo \u00e8 particolarmente importante in Europa, dove esistono molti sistemi educativi e scale di valutazione differenti. Il sistema di valutazione <strong>ECTS<\/strong> consente il <strong>facile riconoscimento e confronto dei risultati accademici<\/strong>, essenziale per la mobilit\u00e0 degli studenti, la cooperazione internazionale e il riconoscimento delle qualifiche.<\/p>\n<p>In secondo luogo, il sistema di valutazione ECTS<strong> incoraggia la mobilit\u00e0 degli studenti<\/strong> e rende pi\u00f9 facile il trasferimento dei crediti ottenuti in un&#8217;universit\u00e0 a un&#8217;altra. Il sistema garantisce che i crediti ottenuti in un&#8217;istituzione siano riconosciuti e valutati in un&#8217;altra, facilitando la continuazione degli studi in diversi paesi e l&#8217;accettazione di studenti provenienti da altre istituzioni.<\/p>\n<p>In terzo luogo, il sistema di valutazione ECTS fornisce alle universit\u00e0 uno strumento per <strong>l&#8217;assicurazione della qualit\u00e0 e il miglioramento. <\/strong>Utilizzando un sistema di valutazione comune, le universit\u00e0 possono confrontare i propri standard accademici e le proprie prestazioni con altre istituzioni e identificare aree di miglioramento.<\/p>\n","protected":false},"excerpt":{"rendered":"<p>Cos&#8217;\u00e8 il Processo di Bologna? Il Processo di Bologna \u00e8 stato creato per portare pi\u00f9 coerenza nei sistemi di istruzione superiore in tutta Europa. Ha stabilito lo Spazio Europeo dell&#8217;Istruzione Superiore, che mira a rendere l&#8217;istruzione superiore pi\u00f9 inclusiva e accessibile e ad aumentare la sua attrattiva e competitivit\u00e0 a livello mondiale. Questo processo comporta [&hellip;]<\/p>\n","protected":false},"author":1,"featured_media":3636,"parent":0,"menu_order":0,"comment_status":"closed","ping_status":"closed","template":"","meta":{"ngg_post_thumbnail":0,"footnotes":""},"class_list":["post-113","page","type-page","status-publish","has-post-thumbnail","hentry"],"acf":[],"yoast_head":"<!-- This site is optimized with the Yoast SEO plugin v20.8 - https:\/\/yoast.com\/wordpress\/plugins\/seo\/ -->\n<title>UKRAINE BOLOGNA PROCESS | INTERNATIONAL ACCREDITATION OF UKRAINIAN UNIVERSITIES | CREDIT TRANSFER UKRAINIAN UNIVERSITY | ACCREDITED UNIVERSITIES IN UKRAINE | BOLOGNA CREDIT TRANSFER UKRAINE<\/title>\n<meta name=\"robots\" content=\"index, follow, max-snippet:-1, max-image-preview:large, max-video-preview:-1\" \/>\n<link rel=\"canonical\" href=\"https:\/\/ieu.university\/bologna-process\/\" \/>\n<meta property=\"og:locale\" content=\"it_IT\" \/>\n<meta property=\"og:type\" content=\"article\" \/>\n<meta property=\"og:title\" content=\"UKRAINE BOLOGNA PROCESS | INTERNATIONAL ACCREDITATION OF UKRAINIAN UNIVERSITIES | CREDIT TRANSFER UKRAINIAN UNIVERSITY | ACCREDITED UNIVERSITIES IN UKRAINE | BOLOGNA CREDIT TRANSFER UKRAINE\" \/>\n<meta property=\"og:description\" content=\"Cos&#8217;\u00e8 il Processo di Bologna? Il Processo di Bologna \u00e8 stato creato per portare pi\u00f9 coerenza nei sistemi di istruzione superiore in tutta Europa. Ha stabilito lo Spazio Europeo dell&#8217;Istruzione Superiore, che mira a rendere l&#8217;istruzione superiore pi\u00f9 inclusiva e accessibile e ad aumentare la sua attrattiva e competitivit\u00e0 a livello mondiale. Questo processo comporta [&hellip;]\" \/>\n<meta property=\"og:url\" content=\"http:\/\/ieu.university\/it\/bologna-process\/\" \/>\n<meta property=\"og:site_name\" content=\"INTERNATIONAL EUROPEAN UNIVERSITY, UKRAINE | EUROPE | STUDY IN UKRAINE | STUDY IN EUROPE | MBBS | GENERAL MEDICINE | BUSINESS | ENGINEERING | IT | EUROPE\" \/>\n<meta property=\"article:modified_time\" content=\"2025-09-24T11:08:58+00:00\" \/>\n<meta property=\"og:image\" content=\"https:\/\/ieu.university\/wp-content\/uploads\/2024\/07\/Bologna-Process.png\" \/>\n\t<meta property=\"og:image:width\" content=\"1272\" \/>\n\t<meta property=\"og:image:height\" content=\"386\" \/>\n\t<meta property=\"og:image:type\" content=\"image\/png\" \/>\n<meta name=\"twitter:card\" content=\"summary_large_image\" \/>\n<meta name=\"twitter:label1\" content=\"Tempo di lettura stimato\" \/>\n\t<meta name=\"twitter:data1\" content=\"6 minuti\" \/>\n<script type=\"application\/ld+json\" class=\"yoast-schema-graph\">{\"@context\":\"https:\/\/schema.org\",\"@graph\":[{\"@type\":\"WebPage\",\"@id\":\"https:\/\/ieu.university\/bologna-process\/\",\"url\":\"https:\/\/ieu.university\/bologna-process\/\",\"name\":\"UKRAINE BOLOGNA PROCESS | INTERNATIONAL ACCREDITATION OF UKRAINIAN UNIVERSITIES | CREDIT TRANSFER UKRAINIAN UNIVERSITY | ACCREDITED UNIVERSITIES IN UKRAINE | BOLOGNA CREDIT TRANSFER UKRAINE\",\"isPartOf\":{\"@id\":\"https:\/\/ieu.university\/#website\"},\"datePublished\":\"2022-09-22T18:24:14+00:00\",\"dateModified\":\"2025-09-24T11:08:58+00:00\",\"inLanguage\":\"it-IT\",\"potentialAction\":[{\"@type\":\"ReadAction\",\"target\":[\"https:\/\/ieu.university\/bologna-process\/\"]}]},{\"@type\":\"WebSite\",\"@id\":\"https:\/\/ieu.university\/#website\",\"url\":\"https:\/\/ieu.university\/\",\"name\":\"INTERNATIONAL EUROPEAN UNIVERSITY, UKRAINE | EUROPE | STUDY IN UKRAINE | STUDY IN EUROPE | MBBS | GENERAL MEDICINE | BUSINESS | ENGINEERING | IT | EUROPE\",\"description\":\"INTERNATIONAL EUROPEAN UNIVERSITY, UKRAINE | EUROPE | STUDY IN UKRAINE | STUDY IN EUROPE | MBBS | GENERAL MEDICINE | BUSINESS | ENGINEERING | IT | EUROPE\",\"potentialAction\":[{\"@type\":\"SearchAction\",\"target\":{\"@type\":\"EntryPoint\",\"urlTemplate\":\"https:\/\/ieu.university\/?s={search_term_string}\"},\"query-input\":\"required name=search_term_string\"}],\"inLanguage\":\"it-IT\"}]}<\/script>\n<!-- \/ Yoast SEO plugin. -->","yoast_head_json":{"title":"UKRAINE BOLOGNA PROCESS | INTERNATIONAL ACCREDITATION OF UKRAINIAN UNIVERSITIES | CREDIT TRANSFER UKRAINIAN UNIVERSITY | ACCREDITED UNIVERSITIES IN UKRAINE | BOLOGNA CREDIT TRANSFER UKRAINE","robots":{"index":"index","follow":"follow","max-snippet":"max-snippet:-1","max-image-preview":"max-image-preview:large","max-video-preview":"max-video-preview:-1"},"canonical":"https:\/\/ieu.university\/bologna-process\/","og_locale":"it_IT","og_type":"article","og_title":"UKRAINE BOLOGNA PROCESS | INTERNATIONAL ACCREDITATION OF UKRAINIAN UNIVERSITIES | CREDIT TRANSFER UKRAINIAN UNIVERSITY | ACCREDITED UNIVERSITIES IN UKRAINE | BOLOGNA CREDIT TRANSFER UKRAINE","og_description":"Cos&#8217;\u00e8 il Processo di Bologna? Il Processo di Bologna \u00e8 stato creato per portare pi\u00f9 coerenza nei sistemi di istruzione superiore in tutta Europa. Ha stabilito lo Spazio Europeo dell&#8217;Istruzione Superiore, che mira a rendere l&#8217;istruzione superiore pi\u00f9 inclusiva e accessibile e ad aumentare la sua attrattiva e competitivit\u00e0 a livello mondiale. Questo processo comporta [&hellip;]","og_url":"http:\/\/ieu.university\/it\/bologna-process\/","og_site_name":"INTERNATIONAL EUROPEAN UNIVERSITY, UKRAINE | EUROPE | STUDY IN UKRAINE | STUDY IN EUROPE | MBBS | GENERAL MEDICINE | BUSINESS | ENGINEERING | IT | EUROPE","article_modified_time":"2025-09-24T11:08:58+00:00","og_image":[{"width":1272,"height":386,"url":"https:\/\/ieu.university\/wp-content\/uploads\/2024\/07\/Bologna-Process.png","type":"image\/png"}],"twitter_card":"summary_large_image","twitter_misc":{"Tempo di lettura stimato":"6 minuti"},"schema":{"@context":"https:\/\/schema.org","@graph":[{"@type":"WebPage","@id":"https:\/\/ieu.university\/bologna-process\/","url":"https:\/\/ieu.university\/bologna-process\/","name":"UKRAINE BOLOGNA PROCESS | INTERNATIONAL ACCREDITATION OF UKRAINIAN UNIVERSITIES | CREDIT TRANSFER UKRAINIAN UNIVERSITY | ACCREDITED UNIVERSITIES IN UKRAINE | BOLOGNA CREDIT TRANSFER UKRAINE","isPartOf":{"@id":"https:\/\/ieu.university\/#website"},"datePublished":"2022-09-22T18:24:14+00:00","dateModified":"2025-09-24T11:08:58+00:00","inLanguage":"it-IT","potentialAction":[{"@type":"ReadAction","target":["https:\/\/ieu.university\/bologna-process\/"]}]},{"@type":"WebSite","@id":"https:\/\/ieu.university\/#website","url":"https:\/\/ieu.university\/","name":"INTERNATIONAL EUROPEAN UNIVERSITY, UKRAINE | EUROPE | STUDY IN UKRAINE | STUDY IN EUROPE | MBBS | GENERAL MEDICINE | BUSINESS | ENGINEERING | IT | EUROPE","description":"INTERNATIONAL EUROPEAN UNIVERSITY, UKRAINE | EUROPE | STUDY IN UKRAINE | STUDY IN EUROPE | MBBS | GENERAL MEDICINE | BUSINESS | ENGINEERING | IT | EUROPE","potentialAction":[{"@type":"SearchAction","target":{"@type":"EntryPoint","urlTemplate":"https:\/\/ieu.university\/?s={search_term_string}"},"query-input":"required name=search_term_string"}],"inLanguage":"it-IT"}]}},"_links":{"self":[{"href":"http:\/\/ieu.university\/it\/wp-json\/wp\/v2\/pages\/113","targetHints":{"allow":["GET"]}}],"collection":[{"href":"http:\/\/ieu.university\/it\/wp-json\/wp\/v2\/pages"}],"about":[{"href":"http:\/\/ieu.university\/it\/wp-json\/wp\/v2\/types\/page"}],"author":[{"embeddable":true,"href":"http:\/\/ieu.university\/it\/wp-json\/wp\/v2\/users\/1"}],"replies":[{"embeddable":true,"href":"http:\/\/ieu.university\/it\/wp-json\/wp\/v2\/comments?post=113"}],"version-history":[{"count":40,"href":"http:\/\/ieu.university\/it\/wp-json\/wp\/v2\/pages\/113\/revisions"}],"predecessor-version":[{"id":4753,"href":"http:\/\/ieu.university\/it\/wp-json\/wp\/v2\/pages\/113\/revisions\/4753"}],"wp:featuredmedia":[{"embeddable":true,"href":"http:\/\/ieu.university\/it\/wp-json\/wp\/v2\/media\/3636"}],"wp:attachment":[{"href":"http:\/\/ieu.university\/it\/wp-json\/wp\/v2\/media?parent=113"}],"curies":[{"name":"wp","href":"https:\/\/api.w.org\/{rel}","templated":true}]}}