{"id":170,"date":"2022-09-23T15:55:58","date_gmt":"2022-09-23T12:55:58","guid":{"rendered":"http:\/\/ieu.university\/?page_id=170"},"modified":"2025-01-06T12:58:44","modified_gmt":"2025-01-06T09:58:44","slug":"why-choose","status":"publish","type":"page","link":"http:\/\/ieu.university\/it\/why-choose\/","title":{"rendered":"Perch\u00e8 Sceglierci"},"content":{"rendered":"<h2>Motivi per sceglierci<\/h2>\n<p>Se desideri ottenere un&#8217;istruzione di alta qualit\u00e0 in una delle migliori universit\u00e0 d&#8217;Europa, l&#8217;<strong>International European University <\/strong>\u00e8 la scelta giusta per te! Il numero di studenti stranieri che desiderano proseguire gli studi superiori all&#8217;International European University aumenta ogni anno. La nostra universit\u00e0 offre eccellenti opportunit\u00e0 per conseguire <strong>titoli accademici <\/strong>nella specialit\u00e0 desiderata. La diversit\u00e0 della natura e della popolazione dell&#8217;Ucraina si distingue anche come attrazione per gli studenti internazionali. L&#8217;<strong>Ucraina<\/strong> \u00e8 una nazione resiliente e determinata, situata nel cuore dell&#8217;Europa. Il paese offre tutto: montagne imponenti, un mare caldo, vaste steppe, villaggi affascinanti, citt\u00e0 vivaci, palazzi opulenti, cattedrali dorate e innumerevoli punti di interesse. La cucina ucraina ti affascina fin dal primo assaggio, e la sua ospitalit\u00e0 lascia un&#8217;impressione duratura.<\/p>\n<p>L&#8217;International European University \u00e8 stata valutata eccellente dal<strong> Quality Assurance Survey <\/strong>(QAS, revisione di tutte le universit\u00e0 ucraine), ricevendo il massimo dei voti. Numerose organizzazioni di prestigio, tra cui l&#8217;Organizzazione Mondiale della Sanit\u00e0, I-MED School, USMLE, Medical Council of Nepal, PMDC e l&#8217;Associazione delle Universit\u00e0 Europee, tra molte altre, riconoscono la nostra universit\u00e0. Il mezzo di istruzione \u00e8 l&#8217;inglese per tutta la durata degli studi, e l&#8217;ammissione \u00e8 semplice senza test d&#8217;ingresso richiesto. Non sono <strong>necessari esami di lingua<\/strong> come IELTS o TOEFL.<\/p>\n<p>Gli <strong>studenti dell&#8217;International European University <\/strong>beneficiano di classi di piccole dimensioni, con gruppi di soli<strong> 8-10 persone per classe<\/strong>. I piccoli gruppi di studio permettono agli insegnanti di comunicare con ogni studente durante le lezioni. Effettuiamo piccoli test quotidiani. Se li perdi per validi motivi, forniremo lezioni personali gratuite. L&#8217;universit\u00e0 offre uno standard di vita europeo a un <strong>costo inferiore<\/strong>, rendendo lo studio e i viaggi pi\u00f9 accessibili. I costi dell&#8217;istruzione e della vita sono anche molto ragionevoli. L&#8217;<strong>International European University <\/strong>garantisce un&#8217;attenzione personale a ogni studente, con una frequenza richiesta del 100%.<\/p>\n<p>I<strong> laureati dell&#8217;International European University<\/strong> sono molto richiesti dalle aziende internazionali, e solitamente ottengono buone offerte di lavoro in diversi paesi molto facilmente. Collaboriamo con una<strong> vasta rete di universit\u00e0<\/strong> di tutto il mondo. L&#8217;International European University offre una vasta gamma di corsi di laurea e post-laurea, insieme a eccellenti risorse e strutture di supporto. Fornisce l&#8217;opportunit\u00e0 agli studenti di interagire con un corpo studentesco diversificato, poich\u00e9<strong> oltre 2.000 studenti internazionali<\/strong> si iscrivono ogni anno. Gli studenti internazionali diventano parte della nostra vivace comunit\u00e0 accademica per imparare dagli esperti e acquisire tutte le qualifiche necessarie, garantendo un&#8217;<strong>esperienza completa<\/strong> che ricorderanno per sempre.<\/p>\n<p>L&#8217;International European University si trova in una delle citt\u00e0 pi\u00f9 belle e storiche del mondo. La capitale dell&#8217;<strong>Ucraina, Kyiv<\/strong>, \u00e8 un importante centro internazionale per gli affari, la cultura e la comunicazione. I nostri studenti hanno la possibilit\u00e0 di lavorare in dipartimenti moderni e ben attrezzati che facilitano l&#8217;acquisizione di conoscenze di alto livello. Inoltre, l&#8217;<strong>International European University<\/strong> ha recentemente aperto una nuova clinica dotata delle pi\u00f9 recenti attrezzature diagnostiche e terapeutiche, e gli studenti possono anche acquisire esperienza in altri ospedali e cliniche leader in tutta l&#8217;Ucraina. L&#8217;<strong>International European University <\/strong>collabora con istituti di ricerca di fama internazionale per condurre ricerche accademiche tematiche correlate. Con <strong>istituti multidisciplinari,<\/strong> uniamo discipline affini per affrontare importanti questioni scientifiche in un ambiente dinamico e intellettualmente stimolante.<\/p>\n<p>Quindi<strong> iscriviti subito all&#8217;International European University <\/strong>per ottenere un&#8217;istruzione di alta qualit\u00e0 in Europa e costruire un futuro brillante!<\/p>\n","protected":false},"excerpt":{"rendered":"<p>Motivi per sceglierci Se desideri ottenere un&#8217;istruzione di alta qualit\u00e0 in una delle migliori universit\u00e0 d&#8217;Europa, l&#8217;International European University \u00e8 la scelta giusta per te! Il numero di studenti stranieri che desiderano proseguire gli studi superiori all&#8217;International European University aumenta ogni anno. La nostra universit\u00e0 offre eccellenti opportunit\u00e0 per conseguire titoli accademici nella specialit\u00e0 desiderata. [&hellip;]<\/p>\n","protected":false},"author":1,"featured_media":2202,"parent":0,"menu_order":0,"comment_status":"closed","ping_status":"closed","template":"","meta":{"ngg_post_thumbnail":0,"footnotes":""},"class_list":["post-170","page","type-page","status-publish","has-post-thumbnail","hentry"],"acf":[],"yoast_head":"<!-- This site is optimized with the Yoast SEO plugin v20.8 - https:\/\/yoast.com\/wordpress\/plugins\/seo\/ -->\n<title>WHY CHOOSE US | INTERNATIONAL EUROPEAN UNIVERSITY UKRAINE | WHY CHOOSE INTERNATIONAL EUROPEAN UNIVERSITY | STUDY IN EUROPE | HIGH-QUALITY EDUCATION IN EUROPE | AFFORDABLE EUROPEAN EDUCATION<\/title>\n<meta name=\"robots\" content=\"index, follow, max-snippet:-1, max-image-preview:large, max-video-preview:-1\" \/>\n<link rel=\"canonical\" href=\"http:\/\/ieu.university\/it\/why-choose\/\" \/>\n<meta property=\"og:locale\" content=\"it_IT\" \/>\n<meta property=\"og:type\" content=\"article\" \/>\n<meta property=\"og:title\" content=\"WHY CHOOSE US | INTERNATIONAL EUROPEAN UNIVERSITY UKRAINE | WHY CHOOSE INTERNATIONAL EUROPEAN UNIVERSITY | STUDY IN EUROPE | HIGH-QUALITY EDUCATION IN EUROPE | AFFORDABLE EUROPEAN EDUCATION\" \/>\n<meta property=\"og:description\" content=\"Motivi per sceglierci Se desideri ottenere un&#8217;istruzione di alta qualit\u00e0 in una delle migliori universit\u00e0 d&#8217;Europa, l&#8217;International European University \u00e8 la scelta giusta per te! Il numero di studenti stranieri che desiderano proseguire gli studi superiori all&#8217;International European University aumenta ogni anno. La nostra universit\u00e0 offre eccellenti opportunit\u00e0 per conseguire titoli accademici nella specialit\u00e0 desiderata. [&hellip;]\" \/>\n<meta property=\"og:url\" content=\"http:\/\/ieu.university\/it\/why-choose\/\" \/>\n<meta property=\"og:site_name\" content=\"INTERNATIONAL EUROPEAN UNIVERSITY, UKRAINE | EUROPE | STUDY IN UKRAINE | STUDY IN EUROPE | MBBS | GENERAL MEDICINE | BUSINESS | ENGINEERING | IT | EUROPE\" \/>\n<meta property=\"article:modified_time\" content=\"2025-01-06T09:58:44+00:00\" \/>\n<meta property=\"og:image\" content=\"http:\/\/ieu.university\/wp-content\/uploads\/2023\/05\/reasons-to-choose-us-desktop.png\" \/>\n\t<meta property=\"og:image:width\" content=\"1272\" \/>\n\t<meta property=\"og:image:height\" content=\"386\" \/>\n\t<meta property=\"og:image:type\" content=\"image\/png\" \/>\n<meta name=\"twitter:card\" content=\"summary_large_image\" \/>\n<meta name=\"twitter:label1\" content=\"Tempo di lettura stimato\" \/>\n\t<meta name=\"twitter:data1\" content=\"3 minuti\" \/>\n<script type=\"application\/ld+json\" class=\"yoast-schema-graph\">{\"@context\":\"https:\/\/schema.org\",\"@graph\":[{\"@type\":\"WebPage\",\"@id\":\"http:\/\/ieu.university\/it\/why-choose\/\",\"url\":\"http:\/\/ieu.university\/it\/why-choose\/\",\"name\":\"WHY CHOOSE US | INTERNATIONAL EUROPEAN UNIVERSITY UKRAINE | WHY CHOOSE INTERNATIONAL EUROPEAN UNIVERSITY | STUDY IN EUROPE | HIGH-QUALITY EDUCATION IN EUROPE | AFFORDABLE EUROPEAN EDUCATION\",\"isPartOf\":{\"@id\":\"https:\/\/ieu.university\/#website\"},\"datePublished\":\"2022-09-23T12:55:58+00:00\",\"dateModified\":\"2025-01-06T09:58:44+00:00\",\"inLanguage\":\"it-IT\",\"potentialAction\":[{\"@type\":\"ReadAction\",\"target\":[\"http:\/\/ieu.university\/it\/why-choose\/\"]}]},{\"@type\":\"WebSite\",\"@id\":\"https:\/\/ieu.university\/#website\",\"url\":\"https:\/\/ieu.university\/\",\"name\":\"INTERNATIONAL EUROPEAN UNIVERSITY, UKRAINE | EUROPE | STUDY IN UKRAINE | STUDY IN EUROPE | MBBS | GENERAL MEDICINE | BUSINESS | ENGINEERING | IT | EUROPE\",\"description\":\"INTERNATIONAL EUROPEAN UNIVERSITY, UKRAINE | EUROPE | STUDY IN UKRAINE | STUDY IN EUROPE | MBBS | GENERAL MEDICINE | BUSINESS | ENGINEERING | IT | EUROPE\",\"potentialAction\":[{\"@type\":\"SearchAction\",\"target\":{\"@type\":\"EntryPoint\",\"urlTemplate\":\"https:\/\/ieu.university\/?s={search_term_string}\"},\"query-input\":\"required name=search_term_string\"}],\"inLanguage\":\"it-IT\"}]}<\/script>\n<!-- \/ Yoast SEO plugin. -->","yoast_head_json":{"title":"WHY CHOOSE US | INTERNATIONAL EUROPEAN UNIVERSITY UKRAINE | WHY CHOOSE INTERNATIONAL EUROPEAN UNIVERSITY | STUDY IN EUROPE | HIGH-QUALITY EDUCATION IN EUROPE | AFFORDABLE EUROPEAN EDUCATION","robots":{"index":"index","follow":"follow","max-snippet":"max-snippet:-1","max-image-preview":"max-image-preview:large","max-video-preview":"max-video-preview:-1"},"canonical":"http:\/\/ieu.university\/it\/why-choose\/","og_locale":"it_IT","og_type":"article","og_title":"WHY CHOOSE US | INTERNATIONAL EUROPEAN UNIVERSITY UKRAINE | WHY CHOOSE INTERNATIONAL EUROPEAN UNIVERSITY | STUDY IN EUROPE | HIGH-QUALITY EDUCATION IN EUROPE | AFFORDABLE EUROPEAN EDUCATION","og_description":"Motivi per sceglierci Se desideri ottenere un&#8217;istruzione di alta qualit\u00e0 in una delle migliori universit\u00e0 d&#8217;Europa, l&#8217;International European University \u00e8 la scelta giusta per te! Il numero di studenti stranieri che desiderano proseguire gli studi superiori all&#8217;International European University aumenta ogni anno. La nostra universit\u00e0 offre eccellenti opportunit\u00e0 per conseguire titoli accademici nella specialit\u00e0 desiderata. [&hellip;]","og_url":"http:\/\/ieu.university\/it\/why-choose\/","og_site_name":"INTERNATIONAL EUROPEAN UNIVERSITY, UKRAINE | EUROPE | STUDY IN UKRAINE | STUDY IN EUROPE | MBBS | GENERAL MEDICINE | BUSINESS | ENGINEERING | IT | EUROPE","article_modified_time":"2025-01-06T09:58:44+00:00","og_image":[{"width":1272,"height":386,"url":"http:\/\/ieu.university\/wp-content\/uploads\/2023\/05\/reasons-to-choose-us-desktop.png","type":"image\/png"}],"twitter_card":"summary_large_image","twitter_misc":{"Tempo di lettura stimato":"3 minuti"},"schema":{"@context":"https:\/\/schema.org","@graph":[{"@type":"WebPage","@id":"http:\/\/ieu.university\/it\/why-choose\/","url":"http:\/\/ieu.university\/it\/why-choose\/","name":"WHY CHOOSE US | INTERNATIONAL EUROPEAN UNIVERSITY UKRAINE | WHY CHOOSE INTERNATIONAL EUROPEAN UNIVERSITY | STUDY IN EUROPE | HIGH-QUALITY EDUCATION IN EUROPE | AFFORDABLE EUROPEAN EDUCATION","isPartOf":{"@id":"https:\/\/ieu.university\/#website"},"datePublished":"2022-09-23T12:55:58+00:00","dateModified":"2025-01-06T09:58:44+00:00","inLanguage":"it-IT","potentialAction":[{"@type":"ReadAction","target":["http:\/\/ieu.university\/it\/why-choose\/"]}]},{"@type":"WebSite","@id":"https:\/\/ieu.university\/#website","url":"https:\/\/ieu.university\/","name":"INTERNATIONAL EUROPEAN UNIVERSITY, UKRAINE | EUROPE | STUDY IN UKRAINE | STUDY IN EUROPE | MBBS | GENERAL MEDICINE | BUSINESS | ENGINEERING | IT | EUROPE","description":"INTERNATIONAL EUROPEAN UNIVERSITY, UKRAINE | EUROPE | STUDY IN UKRAINE | STUDY IN EUROPE | MBBS | GENERAL MEDICINE | BUSINESS | ENGINEERING | IT | EUROPE","potentialAction":[{"@type":"SearchAction","target":{"@type":"EntryPoint","urlTemplate":"https:\/\/ieu.university\/?s={search_term_string}"},"query-input":"required name=search_term_string"}],"inLanguage":"it-IT"}]}},"_links":{"self":[{"href":"http:\/\/ieu.university\/it\/wp-json\/wp\/v2\/pages\/170","targetHints":{"allow":["GET"]}}],"collection":[{"href":"http:\/\/ieu.university\/it\/wp-json\/wp\/v2\/pages"}],"about":[{"href":"http:\/\/ieu.university\/it\/wp-json\/wp\/v2\/types\/page"}],"author":[{"embeddable":true,"href":"http:\/\/ieu.university\/it\/wp-json\/wp\/v2\/users\/1"}],"replies":[{"embeddable":true,"href":"http:\/\/ieu.university\/it\/wp-json\/wp\/v2\/comments?post=170"}],"version-history":[{"count":20,"href":"http:\/\/ieu.university\/it\/wp-json\/wp\/v2\/pages\/170\/revisions"}],"predecessor-version":[{"id":4550,"href":"http:\/\/ieu.university\/it\/wp-json\/wp\/v2\/pages\/170\/revisions\/4550"}],"wp:featuredmedia":[{"embeddable":true,"href":"http:\/\/ieu.university\/it\/wp-json\/wp\/v2\/media\/2202"}],"wp:attachment":[{"href":"http:\/\/ieu.university\/it\/wp-json\/wp\/v2\/media?parent=170"}],"curies":[{"name":"wp","href":"https:\/\/api.w.org\/{rel}","templated":true}]}}