{"id":178,"date":"2022-09-23T16:02:47","date_gmt":"2022-09-23T13:02:47","guid":{"rendered":"http:\/\/ieu.university\/?page_id=178"},"modified":"2025-01-06T12:56:08","modified_gmt":"2025-01-06T09:56:08","slug":"transfer-students","status":"publish","type":"page","link":"http:\/\/ieu.university\/it\/transfer-students\/","title":{"rendered":"TRASFERIMENTI DA ALTRE UNIVERSITA\u2019"},"content":{"rendered":"<h2>TRASFERIMENTI DA ALTRE UNIVERSITA\u2019<\/h2>\n<p>La<strong> International European University <\/strong>(IEU)<strong> accoglie competenti e idonei studenti internazionali trasferiti da tutto il mondo<\/strong>! Le decisioni di ammissione si basano principalmente sul registro accademico completo di ciascun candidato.<\/p>\n<p>I prospettici studenti trasferiti che desiderano essere ammessi all&#8217;International European University (IEU) devono presentare i seguenti documenti:<\/p>\n<ul>\n<li>Un valido passaporto internazionale;<\/li>\n<li>Certificato scolastico (come diploma di scuola superiore o equivalente);<\/li>\n<li>Trascrizioni accademiche ufficiali di tutti i precedenti college e universit\u00e0 frequentati, con dettaglio delle materie studiate e delle ore di credito corrispondenti;<\/li>\n<li>Modulo di domanda compilato.<\/li>\n<\/ul>\n<p>I <strong>documenti devono essere inviati via email<\/strong>. \u00c8 importante notare che i candidati devono fornire all&#8217;IEU il certificato di votazione della loro universit\u00e0 precedente. Dopo un&#8217;accurata valutazione dei documenti presentati, l&#8217;IEU informer\u00e0 i candidati sullo<strong> stato di accettazione<\/strong> e specificher\u00e0 l&#8217;anno accademico appropriato.<\/p>\n<p>Tutti i <strong>documenti<\/strong> devono essere<strong> in lingua inglese.<\/strong> Una volta ricevuti, questi materiali vengono inoltrati al Ministero dell&#8217;Istruzione dell&#8217;Ucraina per la valutazione dell&#8217;equivalenza accademica e delle ore di credito. Dopo la conferma che le qualifiche del candidato sono in linea con gli standard educativi e i curricula ucraini, il Ministero rilascia un certificato di approvazione, consentendo allo studente di iniziare gli studi nell&#8217;anno accademico desiderato.<\/p>\n<p>Si incoraggiano fortemente gli studenti internazionali a avviare tempestivamente il processo di domanda per garantire una considerazione tempestiva del termine di ammissione desiderato e per sfruttare appieno le opportunit\u00e0 educative presso l&#8217;IEU.<\/p>\n","protected":false},"excerpt":{"rendered":"<p>TRASFERIMENTI DA ALTRE UNIVERSITA\u2019 La International European University (IEU) accoglie competenti e idonei studenti internazionali trasferiti da tutto il mondo! Le decisioni di ammissione si basano principalmente sul registro accademico completo di ciascun candidato. I prospettici studenti trasferiti che desiderano essere ammessi all&#8217;International European University (IEU) devono presentare i seguenti documenti: Un valido passaporto internazionale; [&hellip;]<\/p>\n","protected":false},"author":1,"featured_media":3658,"parent":0,"menu_order":0,"comment_status":"closed","ping_status":"closed","template":"","meta":{"ngg_post_thumbnail":0,"footnotes":""},"class_list":["post-178","page","type-page","status-publish","has-post-thumbnail","hentry"],"acf":[],"yoast_head":"<!-- This site is optimized with the Yoast SEO plugin v20.8 - https:\/\/yoast.com\/wordpress\/plugins\/seo\/ -->\n<title>TRANSFER STUDENTS TO IEU | CREDIT TRANSFER TO UKRAINIAN UNIVERSITY | UKRAINE ACCEPTS STUDENTS TRANSFERS | CREDIT TRANSFER INTERNATIONAL EUROPEAN UNIVERSITY UKRAINE | TRANSFER TO EUROPEAN UNIVERSITY<\/title>\n<meta name=\"robots\" content=\"index, follow, max-snippet:-1, max-image-preview:large, max-video-preview:-1\" \/>\n<link rel=\"canonical\" href=\"http:\/\/ieu.university\/it\/transfer-students\/\" \/>\n<meta property=\"og:locale\" content=\"it_IT\" \/>\n<meta property=\"og:type\" content=\"article\" \/>\n<meta property=\"og:title\" content=\"TRANSFER STUDENTS TO IEU | CREDIT TRANSFER TO UKRAINIAN UNIVERSITY | UKRAINE ACCEPTS STUDENTS TRANSFERS | CREDIT TRANSFER INTERNATIONAL EUROPEAN UNIVERSITY UKRAINE | TRANSFER TO EUROPEAN UNIVERSITY\" \/>\n<meta property=\"og:description\" content=\"TRASFERIMENTI DA ALTRE UNIVERSITA\u2019 La International European University (IEU) accoglie competenti e idonei studenti internazionali trasferiti da tutto il mondo! Le decisioni di ammissione si basano principalmente sul registro accademico completo di ciascun candidato. I prospettici studenti trasferiti che desiderano essere ammessi all&#8217;International European University (IEU) devono presentare i seguenti documenti: Un valido passaporto internazionale; [&hellip;]\" \/>\n<meta property=\"og:url\" content=\"http:\/\/ieu.university\/it\/transfer-students\/\" \/>\n<meta property=\"og:site_name\" content=\"INTERNATIONAL EUROPEAN UNIVERSITY, UKRAINE | EUROPE | STUDY IN UKRAINE | STUDY IN EUROPE | MBBS | GENERAL MEDICINE | BUSINESS | ENGINEERING | IT | EUROPE\" \/>\n<meta property=\"article:modified_time\" content=\"2025-01-06T09:56:08+00:00\" \/>\n<meta property=\"og:image\" content=\"http:\/\/ieu.university\/wp-content\/uploads\/2024\/07\/Transfer-Students.png\" \/>\n\t<meta property=\"og:image:width\" content=\"1272\" \/>\n\t<meta property=\"og:image:height\" content=\"386\" \/>\n\t<meta property=\"og:image:type\" content=\"image\/png\" \/>\n<meta name=\"twitter:card\" content=\"summary_large_image\" \/>\n<meta name=\"twitter:label1\" content=\"Tempo di lettura stimato\" \/>\n\t<meta name=\"twitter:data1\" content=\"1 minuto\" \/>\n<script type=\"application\/ld+json\" class=\"yoast-schema-graph\">{\"@context\":\"https:\/\/schema.org\",\"@graph\":[{\"@type\":\"WebPage\",\"@id\":\"http:\/\/ieu.university\/it\/transfer-students\/\",\"url\":\"http:\/\/ieu.university\/it\/transfer-students\/\",\"name\":\"TRANSFER STUDENTS TO IEU | CREDIT TRANSFER TO UKRAINIAN UNIVERSITY | UKRAINE ACCEPTS STUDENTS TRANSFERS | CREDIT TRANSFER INTERNATIONAL EUROPEAN UNIVERSITY UKRAINE | TRANSFER TO EUROPEAN UNIVERSITY\",\"isPartOf\":{\"@id\":\"http:\/\/ieu.university\/ru\/#website\"},\"datePublished\":\"2022-09-23T13:02:47+00:00\",\"dateModified\":\"2025-01-06T09:56:08+00:00\",\"inLanguage\":\"it-IT\",\"potentialAction\":[{\"@type\":\"ReadAction\",\"target\":[\"http:\/\/ieu.university\/it\/transfer-students\/\"]}]},{\"@type\":\"WebSite\",\"@id\":\"http:\/\/ieu.university\/ru\/#website\",\"url\":\"http:\/\/ieu.university\/ru\/\",\"name\":\"INTERNATIONAL EUROPEAN UNIVERSITY, UKRAINE | EUROPE | STUDY IN UKRAINE | STUDY IN EUROPE | MBBS | GENERAL MEDICINE | BUSINESS | ENGINEERING | IT | EUROPE\",\"description\":\"INTERNATIONAL EUROPEAN UNIVERSITY, UKRAINE | EUROPE | STUDY IN UKRAINE | STUDY IN EUROPE | MBBS | GENERAL MEDICINE | BUSINESS | ENGINEERING | IT | EUROPE\",\"potentialAction\":[{\"@type\":\"SearchAction\",\"target\":{\"@type\":\"EntryPoint\",\"urlTemplate\":\"http:\/\/ieu.university\/ru\/?s={search_term_string}\"},\"query-input\":\"required name=search_term_string\"}],\"inLanguage\":\"it-IT\"}]}<\/script>\n<!-- \/ Yoast SEO plugin. -->","yoast_head_json":{"title":"TRANSFER STUDENTS TO IEU | CREDIT TRANSFER TO UKRAINIAN UNIVERSITY | UKRAINE ACCEPTS STUDENTS TRANSFERS | CREDIT TRANSFER INTERNATIONAL EUROPEAN UNIVERSITY UKRAINE | TRANSFER TO EUROPEAN UNIVERSITY","robots":{"index":"index","follow":"follow","max-snippet":"max-snippet:-1","max-image-preview":"max-image-preview:large","max-video-preview":"max-video-preview:-1"},"canonical":"http:\/\/ieu.university\/it\/transfer-students\/","og_locale":"it_IT","og_type":"article","og_title":"TRANSFER STUDENTS TO IEU | CREDIT TRANSFER TO UKRAINIAN UNIVERSITY | UKRAINE ACCEPTS STUDENTS TRANSFERS | CREDIT TRANSFER INTERNATIONAL EUROPEAN UNIVERSITY UKRAINE | TRANSFER TO EUROPEAN UNIVERSITY","og_description":"TRASFERIMENTI DA ALTRE UNIVERSITA\u2019 La International European University (IEU) accoglie competenti e idonei studenti internazionali trasferiti da tutto il mondo! Le decisioni di ammissione si basano principalmente sul registro accademico completo di ciascun candidato. I prospettici studenti trasferiti che desiderano essere ammessi all&#8217;International European University (IEU) devono presentare i seguenti documenti: Un valido passaporto internazionale; [&hellip;]","og_url":"http:\/\/ieu.university\/it\/transfer-students\/","og_site_name":"INTERNATIONAL EUROPEAN UNIVERSITY, UKRAINE | EUROPE | STUDY IN UKRAINE | STUDY IN EUROPE | MBBS | GENERAL MEDICINE | BUSINESS | ENGINEERING | IT | EUROPE","article_modified_time":"2025-01-06T09:56:08+00:00","og_image":[{"width":1272,"height":386,"url":"http:\/\/ieu.university\/wp-content\/uploads\/2024\/07\/Transfer-Students.png","type":"image\/png"}],"twitter_card":"summary_large_image","twitter_misc":{"Tempo di lettura stimato":"1 minuto"},"schema":{"@context":"https:\/\/schema.org","@graph":[{"@type":"WebPage","@id":"http:\/\/ieu.university\/it\/transfer-students\/","url":"http:\/\/ieu.university\/it\/transfer-students\/","name":"TRANSFER STUDENTS TO IEU | CREDIT TRANSFER TO UKRAINIAN UNIVERSITY | UKRAINE ACCEPTS STUDENTS TRANSFERS | CREDIT TRANSFER INTERNATIONAL EUROPEAN UNIVERSITY UKRAINE | TRANSFER TO EUROPEAN UNIVERSITY","isPartOf":{"@id":"http:\/\/ieu.university\/ru\/#website"},"datePublished":"2022-09-23T13:02:47+00:00","dateModified":"2025-01-06T09:56:08+00:00","inLanguage":"it-IT","potentialAction":[{"@type":"ReadAction","target":["http:\/\/ieu.university\/it\/transfer-students\/"]}]},{"@type":"WebSite","@id":"http:\/\/ieu.university\/ru\/#website","url":"http:\/\/ieu.university\/ru\/","name":"INTERNATIONAL EUROPEAN UNIVERSITY, UKRAINE | EUROPE | STUDY IN UKRAINE | STUDY IN EUROPE | MBBS | GENERAL MEDICINE | BUSINESS | ENGINEERING | IT | EUROPE","description":"INTERNATIONAL EUROPEAN UNIVERSITY, UKRAINE | EUROPE | STUDY IN UKRAINE | STUDY IN EUROPE | MBBS | GENERAL MEDICINE | BUSINESS | ENGINEERING | IT | EUROPE","potentialAction":[{"@type":"SearchAction","target":{"@type":"EntryPoint","urlTemplate":"http:\/\/ieu.university\/ru\/?s={search_term_string}"},"query-input":"required name=search_term_string"}],"inLanguage":"it-IT"}]}},"_links":{"self":[{"href":"http:\/\/ieu.university\/it\/wp-json\/wp\/v2\/pages\/178","targetHints":{"allow":["GET"]}}],"collection":[{"href":"http:\/\/ieu.university\/it\/wp-json\/wp\/v2\/pages"}],"about":[{"href":"http:\/\/ieu.university\/it\/wp-json\/wp\/v2\/types\/page"}],"author":[{"embeddable":true,"href":"http:\/\/ieu.university\/it\/wp-json\/wp\/v2\/users\/1"}],"replies":[{"embeddable":true,"href":"http:\/\/ieu.university\/it\/wp-json\/wp\/v2\/comments?post=178"}],"version-history":[{"count":20,"href":"http:\/\/ieu.university\/it\/wp-json\/wp\/v2\/pages\/178\/revisions"}],"predecessor-version":[{"id":4535,"href":"http:\/\/ieu.university\/it\/wp-json\/wp\/v2\/pages\/178\/revisions\/4535"}],"wp:featuredmedia":[{"embeddable":true,"href":"http:\/\/ieu.university\/it\/wp-json\/wp\/v2\/media\/3658"}],"wp:attachment":[{"href":"http:\/\/ieu.university\/it\/wp-json\/wp\/v2\/media?parent=178"}],"curies":[{"name":"wp","href":"https:\/\/api.w.org\/{rel}","templated":true}]}}