{"id":1990,"date":"2023-01-03T13:36:12","date_gmt":"2023-01-03T10:36:12","guid":{"rendered":"https:\/\/ieu.university\/?page_id=1990"},"modified":"2025-01-06T12:34:11","modified_gmt":"2025-01-06T09:34:11","slug":"arrival-and-airport","status":"publish","type":"page","link":"http:\/\/ieu.university\/it\/arrival-and-airport\/","title":{"rendered":"Arrivo e Ritiro in Aeroporto"},"content":{"rendered":"<h2>Arrivo e Ritiro in Aeroporto<\/h2>\n<p>Gli <strong>studenti internazionali <\/strong>sono tenuti a dare preavviso di una settimana del loro arrivo. Per garantire una transizione senza problemi, i<strong>l rappresentante dell&#8217;IEU incontrer\u00e0 gli studenti in aeroporto<\/strong> e fornir\u00e0 il trasporto fino al loro alloggio e all&#8217;universit\u00e0. All&#8217;arrivo in Ucraina, \u00e8 necessario che gli studenti internazionali presentino la documentazione completa e la prova di pagamento della tassa di iscrizione per il primo anno completo, come specificato nella Lettera di Conferma dell&#8217;Ammissione. Il Dipartimento di Ammissione aiuta gli studenti a navigare nel processo di registrazione, inclusi i requisiti di ammissione, la registrazione nei dormitori universitari, l&#8217;organizzazione dei controlli medici, il prolungamento dei visti, la registrazione presso il Dipartimento dell&#8217;Immigrazione, la legalizzazione dei documenti, l&#8217;apertura di conti bancari locali e l&#8217;ottenimento di SIM card.<\/p>\n<p>Non attraversare il controllo di frontiera senza il rappresentante! L&#8217;<strong>IEU <\/strong>informa le autorit\u00e0 competenti sull&#8217;arrivo dello studente per evitare eventuali problemi legati all&#8217;immigrazione. Durante il controllo del passaporto, il Servizio di Frontiera verifica che la persona che incontra lo studente corrisponda al rappresentante autorizzato nella lettera ufficiale. All&#8217;arrivo in Ucraina, si consiglia agli studenti internazionali di avere sufficiente denaro contante in Euro o USD. \u00c8 impossibile o molto difficile cambiare la propria valuta nazionale o utilizzare le carte di credito locali qui in Ucraina. Il rappresentante dell&#8217;IEU assister\u00e0 gli studenti nell&#8217;apertura di un conto bancario presso una banca locale dopo il loro arrivo. Gli studenti possono iniziare le lezioni nel breve periodo di tempo necessario per completare il processo di registrazione dopo il loro arrivo.<\/p>\n<h2><strong>PER I GENITORI!<\/strong><\/h2>\n<p>Si prega di <strong>INFORMARE<\/strong> gli studenti di tenere <strong>TUTTI<\/strong> i loro documenti e denaro nel bagaglio a mano a bordo per evitare la loro perdita durante il viaggio in Ucraina. \u00c8 essenziale portare i documenti originali inviati via email, compresi passaporti o qualsiasi documento di identit\u00e0 disponibile, certificati scolastici, lauree di laurea\/magistrale con trascrizioni (per studenti post-laurea), moduli di domanda compilati, un documento che attesti la conoscenza della lingua inglese (per studenti provenienti da paesi dove l&#8217;inglese non \u00e8 lingua nazionale) e la prova di pagamento della tassa di iscrizione per il primo anno completo.<\/p>\n","protected":false},"excerpt":{"rendered":"<p>Arrivo e Ritiro in Aeroporto Gli studenti internazionali sono tenuti a dare preavviso di una settimana del loro arrivo. Per garantire una transizione senza problemi, il rappresentante dell&#8217;IEU incontrer\u00e0 gli studenti in aeroporto e fornir\u00e0 il trasporto fino al loro alloggio e all&#8217;universit\u00e0. All&#8217;arrivo in Ucraina, \u00e8 necessario che gli studenti internazionali presentino la documentazione [&hellip;]<\/p>\n","protected":false},"author":1,"featured_media":3634,"parent":0,"menu_order":0,"comment_status":"closed","ping_status":"closed","template":"","meta":{"ngg_post_thumbnail":0,"footnotes":""},"class_list":["post-1990","page","type-page","status-publish","has-post-thumbnail","hentry"],"acf":[],"yoast_head":"<!-- This site is optimized with the Yoast SEO plugin v20.8 - https:\/\/yoast.com\/wordpress\/plugins\/seo\/ -->\n<title>ARRIVAL AND AIRPORT PICKUP AT INTERNATIONAL EUROPEAN UNIVERSITY | STUDENT&#039;S ARRIVAL TO UKRAINE | EDUCATION IN EUROPE | ARRIVAL TO UKRAINE | HOW TO GET TO UKRAINE | STUDY IN EUROPE<\/title>\n<meta name=\"robots\" content=\"index, follow, max-snippet:-1, max-image-preview:large, max-video-preview:-1\" \/>\n<link rel=\"canonical\" href=\"http:\/\/ieu.university\/fr\/arrival-and-airport\/\" \/>\n<meta property=\"og:locale\" content=\"it_IT\" \/>\n<meta property=\"og:type\" content=\"article\" \/>\n<meta property=\"og:title\" content=\"ARRIVAL AND AIRPORT PICKUP AT INTERNATIONAL EUROPEAN UNIVERSITY | STUDENT&#039;S ARRIVAL TO UKRAINE | EDUCATION IN EUROPE | ARRIVAL TO UKRAINE | HOW TO GET TO UKRAINE | STUDY IN EUROPE\" \/>\n<meta property=\"og:description\" content=\"Arrivo e Ritiro in Aeroporto Gli studenti internazionali sono tenuti a dare preavviso di una settimana del loro arrivo. Per garantire una transizione senza problemi, il rappresentante dell&#8217;IEU incontrer\u00e0 gli studenti in aeroporto e fornir\u00e0 il trasporto fino al loro alloggio e all&#8217;universit\u00e0. All&#8217;arrivo in Ucraina, \u00e8 necessario che gli studenti internazionali presentino la documentazione [&hellip;]\" \/>\n<meta property=\"og:url\" content=\"http:\/\/ieu.university\/it\/arrival-and-airport\/\" \/>\n<meta property=\"og:site_name\" content=\"INTERNATIONAL EUROPEAN UNIVERSITY, UKRAINE | EUROPE | STUDY IN UKRAINE | STUDY IN EUROPE | MBBS | GENERAL MEDICINE | BUSINESS | ENGINEERING | IT | EUROPE\" \/>\n<meta property=\"article:modified_time\" content=\"2025-01-06T09:34:11+00:00\" \/>\n<meta property=\"og:image\" content=\"http:\/\/ieu.university\/wp-content\/uploads\/2024\/07\/Arrival-and-Airport-Pickup.png\" \/>\n\t<meta property=\"og:image:width\" content=\"1272\" \/>\n\t<meta property=\"og:image:height\" content=\"386\" \/>\n\t<meta property=\"og:image:type\" content=\"image\/png\" \/>\n<meta name=\"twitter:card\" content=\"summary_large_image\" \/>\n<meta name=\"twitter:label1\" content=\"Tempo di lettura stimato\" \/>\n\t<meta name=\"twitter:data1\" content=\"2 minuti\" \/>\n<script type=\"application\/ld+json\" class=\"yoast-schema-graph\">{\"@context\":\"https:\/\/schema.org\",\"@graph\":[{\"@type\":\"WebPage\",\"@id\":\"http:\/\/ieu.university\/fr\/arrival-and-airport\/\",\"url\":\"http:\/\/ieu.university\/fr\/arrival-and-airport\/\",\"name\":\"ARRIVAL AND AIRPORT PICKUP AT INTERNATIONAL EUROPEAN UNIVERSITY | STUDENT'S ARRIVAL TO UKRAINE | EDUCATION IN EUROPE | ARRIVAL TO UKRAINE | HOW TO GET TO UKRAINE | STUDY IN EUROPE\",\"isPartOf\":{\"@id\":\"https:\/\/ieu.university\/#website\"},\"datePublished\":\"2023-01-03T10:36:12+00:00\",\"dateModified\":\"2025-01-06T09:34:11+00:00\",\"inLanguage\":\"it-IT\",\"potentialAction\":[{\"@type\":\"ReadAction\",\"target\":[\"http:\/\/ieu.university\/fr\/arrival-and-airport\/\"]}]},{\"@type\":\"WebSite\",\"@id\":\"https:\/\/ieu.university\/#website\",\"url\":\"https:\/\/ieu.university\/\",\"name\":\"INTERNATIONAL EUROPEAN UNIVERSITY, UKRAINE | EUROPE | STUDY IN UKRAINE | STUDY IN EUROPE | MBBS | GENERAL MEDICINE | BUSINESS | ENGINEERING | IT | EUROPE\",\"description\":\"INTERNATIONAL EUROPEAN UNIVERSITY, UKRAINE | EUROPE | STUDY IN UKRAINE | STUDY IN EUROPE | MBBS | GENERAL MEDICINE | BUSINESS | ENGINEERING | IT | EUROPE\",\"potentialAction\":[{\"@type\":\"SearchAction\",\"target\":{\"@type\":\"EntryPoint\",\"urlTemplate\":\"https:\/\/ieu.university\/?s={search_term_string}\"},\"query-input\":\"required name=search_term_string\"}],\"inLanguage\":\"it-IT\"}]}<\/script>\n<!-- \/ Yoast SEO plugin. -->","yoast_head_json":{"title":"ARRIVAL AND AIRPORT PICKUP AT INTERNATIONAL EUROPEAN UNIVERSITY | STUDENT'S ARRIVAL TO UKRAINE | EDUCATION IN EUROPE | ARRIVAL TO UKRAINE | HOW TO GET TO UKRAINE | STUDY IN EUROPE","robots":{"index":"index","follow":"follow","max-snippet":"max-snippet:-1","max-image-preview":"max-image-preview:large","max-video-preview":"max-video-preview:-1"},"canonical":"http:\/\/ieu.university\/fr\/arrival-and-airport\/","og_locale":"it_IT","og_type":"article","og_title":"ARRIVAL AND AIRPORT PICKUP AT INTERNATIONAL EUROPEAN UNIVERSITY | STUDENT'S ARRIVAL TO UKRAINE | EDUCATION IN EUROPE | ARRIVAL TO UKRAINE | HOW TO GET TO UKRAINE | STUDY IN EUROPE","og_description":"Arrivo e Ritiro in Aeroporto Gli studenti internazionali sono tenuti a dare preavviso di una settimana del loro arrivo. Per garantire una transizione senza problemi, il rappresentante dell&#8217;IEU incontrer\u00e0 gli studenti in aeroporto e fornir\u00e0 il trasporto fino al loro alloggio e all&#8217;universit\u00e0. All&#8217;arrivo in Ucraina, \u00e8 necessario che gli studenti internazionali presentino la documentazione [&hellip;]","og_url":"http:\/\/ieu.university\/it\/arrival-and-airport\/","og_site_name":"INTERNATIONAL EUROPEAN UNIVERSITY, UKRAINE | EUROPE | STUDY IN UKRAINE | STUDY IN EUROPE | MBBS | GENERAL MEDICINE | BUSINESS | ENGINEERING | IT | EUROPE","article_modified_time":"2025-01-06T09:34:11+00:00","og_image":[{"width":1272,"height":386,"url":"http:\/\/ieu.university\/wp-content\/uploads\/2024\/07\/Arrival-and-Airport-Pickup.png","type":"image\/png"}],"twitter_card":"summary_large_image","twitter_misc":{"Tempo di lettura stimato":"2 minuti"},"schema":{"@context":"https:\/\/schema.org","@graph":[{"@type":"WebPage","@id":"http:\/\/ieu.university\/fr\/arrival-and-airport\/","url":"http:\/\/ieu.university\/fr\/arrival-and-airport\/","name":"ARRIVAL AND AIRPORT PICKUP AT INTERNATIONAL EUROPEAN UNIVERSITY | STUDENT'S ARRIVAL TO UKRAINE | EDUCATION IN EUROPE | ARRIVAL TO UKRAINE | HOW TO GET TO UKRAINE | STUDY IN EUROPE","isPartOf":{"@id":"https:\/\/ieu.university\/#website"},"datePublished":"2023-01-03T10:36:12+00:00","dateModified":"2025-01-06T09:34:11+00:00","inLanguage":"it-IT","potentialAction":[{"@type":"ReadAction","target":["http:\/\/ieu.university\/fr\/arrival-and-airport\/"]}]},{"@type":"WebSite","@id":"https:\/\/ieu.university\/#website","url":"https:\/\/ieu.university\/","name":"INTERNATIONAL EUROPEAN UNIVERSITY, UKRAINE | EUROPE | STUDY IN UKRAINE | STUDY IN EUROPE | MBBS | GENERAL MEDICINE | BUSINESS | ENGINEERING | IT | EUROPE","description":"INTERNATIONAL EUROPEAN UNIVERSITY, UKRAINE | EUROPE | STUDY IN UKRAINE | STUDY IN EUROPE | MBBS | GENERAL MEDICINE | BUSINESS | ENGINEERING | IT | EUROPE","potentialAction":[{"@type":"SearchAction","target":{"@type":"EntryPoint","urlTemplate":"https:\/\/ieu.university\/?s={search_term_string}"},"query-input":"required name=search_term_string"}],"inLanguage":"it-IT"}]}},"_links":{"self":[{"href":"http:\/\/ieu.university\/it\/wp-json\/wp\/v2\/pages\/1990","targetHints":{"allow":["GET"]}}],"collection":[{"href":"http:\/\/ieu.university\/it\/wp-json\/wp\/v2\/pages"}],"about":[{"href":"http:\/\/ieu.university\/it\/wp-json\/wp\/v2\/types\/page"}],"author":[{"embeddable":true,"href":"http:\/\/ieu.university\/it\/wp-json\/wp\/v2\/users\/1"}],"replies":[{"embeddable":true,"href":"http:\/\/ieu.university\/it\/wp-json\/wp\/v2\/comments?post=1990"}],"version-history":[{"count":26,"href":"http:\/\/ieu.university\/it\/wp-json\/wp\/v2\/pages\/1990\/revisions"}],"predecessor-version":[{"id":4424,"href":"http:\/\/ieu.university\/it\/wp-json\/wp\/v2\/pages\/1990\/revisions\/4424"}],"wp:featuredmedia":[{"embeddable":true,"href":"http:\/\/ieu.university\/it\/wp-json\/wp\/v2\/media\/3634"}],"wp:attachment":[{"href":"http:\/\/ieu.university\/it\/wp-json\/wp\/v2\/media?parent=1990"}],"curies":[{"name":"wp","href":"https:\/\/api.w.org\/{rel}","templated":true}]}}