{"id":220,"date":"2022-09-23T17:05:34","date_gmt":"2022-09-23T14:05:34","guid":{"rendered":"http:\/\/ieu.university\/?page_id=220"},"modified":"2025-01-06T13:47:13","modified_gmt":"2025-01-06T10:47:13","slug":"sports","status":"publish","type":"page","link":"http:\/\/ieu.university\/it\/sports\/","title":{"rendered":"Sport e Complessi Sportivi"},"content":{"rendered":"<h2>Attivit\u00e0 Culturali e Sportive<\/h2>\n<p>L&#8217;<strong>Universit\u00e0 Internazionale Europea<\/strong> ha creato tutte le condizioni necessarie per il riposo degli studenti e il miglioramento del loro <strong>livello culturale<\/strong>. L&#8217;universit\u00e0 dispone di 2 sale riunioni che sono disponibili per i servizi degli studenti. Tutti gli eventi educativi universitari possono anche essere organizzati e condotti l\u00ec. Le <strong>sale riunioni<\/strong> si trovano all&#8217;interno dei locali dell&#8217;Universit\u00e0 Internazionale Europea. Conferenze scientifiche e seminari, serate creative, incontri con scienziati illustri e celebrazioni per gli studenti dell&#8217;<strong>Universit\u00e0 Internazionale Europea<\/strong> (come le cerimonie di iniziazione degli studenti, la consegna dei diplomi, ecc.) si tengono l\u00ec. Le<strong> sale riunioni <\/strong>sono dotate di moderne attrezzature multimediali, audio e video proiezione.<\/p>\n<p>L&#8217;<strong>Universit\u00e0 Internazionale Europea<\/strong> dispone di palestre per l&#8217;educazione fisica, la terapia fisica, l&#8217;ergoterapia, le sezioni sportive e le competizioni. Oltre alle palestre esistenti nei locali principali dell&#8217;Universit\u00e0, l&#8217;Universit\u00e0 Internazionale Europea ha firmato un contratto con il \u00ab<strong>Complesso Sportivo Avangard<\/strong>\u00bb, pertanto ora l&#8217;Universit\u00e0 Internazionale Europea ha il diritto di utilizzare 2 palestre (729,1 mq e 614,7 mq), cos\u00ec come l&#8217;area dello stadio di 627,3 metri quadrati. Le palestre dell&#8217;Universit\u00e0 Internazionale Europea sono completamente attrezzate per <strong>allenamenti e competizioni sportive<\/strong> di basket, pallavolo, calcetto, tennis, ginnastica atletica, ping pong, arti marziali e altro ancora.<\/p>\n<p>Le palestre sono fornite di tabelloni da basket, porte da calcio, reti da pallavolo, reti per tennis e badminton, palloni da basket, calcio e pallavolo, tavoli per ping pong, simulatori, arboreti, ergometri per biciclette, piattaforme per &#8220;<strong>Riabilitazione e salute<\/strong>&#8220;, tapis roulant sportivi (blocchi di trazione orizzontale e verticale per i muscoli della schiena, collegamento, cyclette orizzontale, trainer per i muscoli della coscia, macchina Smith, macchina per il petto, trainer per i muscoli di guida e trazione, crossover, pressa per le gambe, manubri professionali, dischi, parete versatile, tavolo da braccio di ferro, bilanciere, manubrio, dischi per il bilanciere, palloni per lo sviluppo della mano, palline da massaggio, ripiene, palloni da calcio, ecc.).<\/p>\n<p>Lo<strong> stadio dell&#8217;Universit\u00e0 Internazionale Europea <\/strong>\u00e8 parzialmente attrezzato con una copertura speciale in gomma per il calcio e la pallavolo, piste di atletica, una buca per il salto in lungo, pali e un campo da pallavolo. Gli studenti dell&#8217;Universit\u00e0 Internazionale Europea possono utilizzare tutte le <strong>moderne attrezzature <\/strong>durante le lezioni e dopo le lezioni previa prenotazione. Questo permette agli studenti di trascorrere pi\u00f9 tempo in palestra non solo praticando sport, ma anche migliorando la loro <strong>salute<\/strong>. Gli studenti sono costantemente supervisionati da professionisti. I medici specialisti dell&#8217;Universit\u00e0 presenti in tutte le palestre possono assistere gli studenti se necessario. Pertanto, l&#8217;infrastruttura sportiva dell&#8217;Universit\u00e0 Internazionale Europea soddisfa pienamente le esigenze dell&#8217;Universit\u00e0 nel processo educativo sportivo e le necessit\u00e0 degli studenti nella realizzazione personale.<\/p>\n","protected":false},"excerpt":{"rendered":"<p>Attivit\u00e0 Culturali e Sportive L&#8217;Universit\u00e0 Internazionale Europea ha creato tutte le condizioni necessarie per il riposo degli studenti e il miglioramento del loro livello culturale. L&#8217;universit\u00e0 dispone di 2 sale riunioni che sono disponibili per i servizi degli studenti. Tutti gli eventi educativi universitari possono anche essere organizzati e condotti l\u00ec. Le sale riunioni si [&hellip;]<\/p>\n","protected":false},"author":1,"featured_media":3654,"parent":0,"menu_order":0,"comment_status":"closed","ping_status":"closed","template":"","meta":{"ngg_post_thumbnail":0,"footnotes":""},"class_list":["post-220","page","type-page","status-publish","has-post-thumbnail","hentry"],"acf":[],"yoast_head":"<!-- This site is optimized with the Yoast SEO plugin v20.8 - https:\/\/yoast.com\/wordpress\/plugins\/seo\/ -->\n<title>SPORT ET SANT\u00c9 | \u00c9TUDIER EN UKRAINE | \u00c9TUDIER \u00c0 L&#039;\u00c9TRANGER | \u00c9TUDIER EN ANGLAIS EN UKRAINE | UNIVERSIT\u00c9 INTERNATIONALE EUROP\u00c9ENNE | SPORT EN UKRAINE | GYM \u00c9TUDIANTE EN UKRAINE<\/title>\n<meta name=\"robots\" content=\"index, follow, max-snippet:-1, max-image-preview:large, max-video-preview:-1\" \/>\n<link rel=\"canonical\" href=\"https:\/\/ieu.university\/fr\/sports\/\" \/>\n<meta property=\"og:locale\" content=\"it_IT\" \/>\n<meta property=\"og:type\" content=\"article\" \/>\n<meta property=\"og:title\" content=\"SPORT ET SANT\u00c9 | \u00c9TUDIER EN UKRAINE | \u00c9TUDIER \u00c0 L&#039;\u00c9TRANGER | \u00c9TUDIER EN ANGLAIS EN UKRAINE | UNIVERSIT\u00c9 INTERNATIONALE EUROP\u00c9ENNE | SPORT EN UKRAINE | GYM \u00c9TUDIANTE EN UKRAINE\" \/>\n<meta property=\"og:description\" content=\"Attivit\u00e0 Culturali e Sportive L&#8217;Universit\u00e0 Internazionale Europea ha creato tutte le condizioni necessarie per il riposo degli studenti e il miglioramento del loro livello culturale. L&#8217;universit\u00e0 dispone di 2 sale riunioni che sono disponibili per i servizi degli studenti. Tutti gli eventi educativi universitari possono anche essere organizzati e condotti l\u00ec. Le sale riunioni si [&hellip;]\" \/>\n<meta property=\"og:url\" content=\"http:\/\/ieu.university\/it\/sports\/\" \/>\n<meta property=\"og:site_name\" content=\"INTERNATIONAL EUROPEAN UNIVERSITY, UKRAINE | EUROPE | STUDY IN UKRAINE | STUDY IN EUROPE | MBBS | GENERAL MEDICINE | BUSINESS | ENGINEERING | IT | EUROPE\" \/>\n<meta property=\"article:modified_time\" content=\"2025-01-06T10:47:13+00:00\" \/>\n<meta property=\"og:image\" content=\"https:\/\/ieu.university\/wp-content\/uploads\/2024\/07\/Sport-Complex.png\" \/>\n\t<meta property=\"og:image:width\" content=\"1272\" \/>\n\t<meta property=\"og:image:height\" content=\"386\" \/>\n\t<meta property=\"og:image:type\" content=\"image\/png\" \/>\n<meta name=\"twitter:card\" content=\"summary_large_image\" \/>\n<meta name=\"twitter:label1\" content=\"Tempo di lettura stimato\" \/>\n\t<meta name=\"twitter:data1\" content=\"2 minuti\" \/>\n<script type=\"application\/ld+json\" class=\"yoast-schema-graph\">{\"@context\":\"https:\/\/schema.org\",\"@graph\":[{\"@type\":\"WebPage\",\"@id\":\"https:\/\/ieu.university\/fr\/sports\/\",\"url\":\"https:\/\/ieu.university\/fr\/sports\/\",\"name\":\"SPORT ET SANT\u00c9 | \u00c9TUDIER EN UKRAINE | \u00c9TUDIER \u00c0 L'\u00c9TRANGER | \u00c9TUDIER EN ANGLAIS EN UKRAINE | UNIVERSIT\u00c9 INTERNATIONALE EUROP\u00c9ENNE | SPORT EN UKRAINE | GYM \u00c9TUDIANTE EN UKRAINE\",\"isPartOf\":{\"@id\":\"https:\/\/ieu.university\/#website\"},\"datePublished\":\"2022-09-23T14:05:34+00:00\",\"dateModified\":\"2025-01-06T10:47:13+00:00\",\"inLanguage\":\"it-IT\",\"potentialAction\":[{\"@type\":\"ReadAction\",\"target\":[\"https:\/\/ieu.university\/fr\/sports\/\"]}]},{\"@type\":\"WebSite\",\"@id\":\"https:\/\/ieu.university\/#website\",\"url\":\"https:\/\/ieu.university\/\",\"name\":\"INTERNATIONAL EUROPEAN UNIVERSITY, UKRAINE | EUROPE | STUDY IN UKRAINE | STUDY IN EUROPE | MBBS | GENERAL MEDICINE | BUSINESS | ENGINEERING | IT | EUROPE\",\"description\":\"INTERNATIONAL EUROPEAN UNIVERSITY, UKRAINE | EUROPE | STUDY IN UKRAINE | STUDY IN EUROPE | MBBS | GENERAL MEDICINE | BUSINESS | ENGINEERING | IT | EUROPE\",\"potentialAction\":[{\"@type\":\"SearchAction\",\"target\":{\"@type\":\"EntryPoint\",\"urlTemplate\":\"https:\/\/ieu.university\/?s={search_term_string}\"},\"query-input\":\"required name=search_term_string\"}],\"inLanguage\":\"it-IT\"}]}<\/script>\n<!-- \/ Yoast SEO plugin. -->","yoast_head_json":{"title":"SPORT ET SANT\u00c9 | \u00c9TUDIER EN UKRAINE | \u00c9TUDIER \u00c0 L'\u00c9TRANGER | \u00c9TUDIER EN ANGLAIS EN UKRAINE | UNIVERSIT\u00c9 INTERNATIONALE EUROP\u00c9ENNE | SPORT EN UKRAINE | GYM \u00c9TUDIANTE EN UKRAINE","robots":{"index":"index","follow":"follow","max-snippet":"max-snippet:-1","max-image-preview":"max-image-preview:large","max-video-preview":"max-video-preview:-1"},"canonical":"https:\/\/ieu.university\/fr\/sports\/","og_locale":"it_IT","og_type":"article","og_title":"SPORT ET SANT\u00c9 | \u00c9TUDIER EN UKRAINE | \u00c9TUDIER \u00c0 L'\u00c9TRANGER | \u00c9TUDIER EN ANGLAIS EN UKRAINE | UNIVERSIT\u00c9 INTERNATIONALE EUROP\u00c9ENNE | SPORT EN UKRAINE | GYM \u00c9TUDIANTE EN UKRAINE","og_description":"Attivit\u00e0 Culturali e Sportive L&#8217;Universit\u00e0 Internazionale Europea ha creato tutte le condizioni necessarie per il riposo degli studenti e il miglioramento del loro livello culturale. L&#8217;universit\u00e0 dispone di 2 sale riunioni che sono disponibili per i servizi degli studenti. Tutti gli eventi educativi universitari possono anche essere organizzati e condotti l\u00ec. Le sale riunioni si [&hellip;]","og_url":"http:\/\/ieu.university\/it\/sports\/","og_site_name":"INTERNATIONAL EUROPEAN UNIVERSITY, UKRAINE | EUROPE | STUDY IN UKRAINE | STUDY IN EUROPE | MBBS | GENERAL MEDICINE | BUSINESS | ENGINEERING | IT | EUROPE","article_modified_time":"2025-01-06T10:47:13+00:00","og_image":[{"width":1272,"height":386,"url":"https:\/\/ieu.university\/wp-content\/uploads\/2024\/07\/Sport-Complex.png","type":"image\/png"}],"twitter_card":"summary_large_image","twitter_misc":{"Tempo di lettura stimato":"2 minuti"},"schema":{"@context":"https:\/\/schema.org","@graph":[{"@type":"WebPage","@id":"https:\/\/ieu.university\/fr\/sports\/","url":"https:\/\/ieu.university\/fr\/sports\/","name":"SPORT ET SANT\u00c9 | \u00c9TUDIER EN UKRAINE | \u00c9TUDIER \u00c0 L'\u00c9TRANGER | \u00c9TUDIER EN ANGLAIS EN UKRAINE | UNIVERSIT\u00c9 INTERNATIONALE EUROP\u00c9ENNE | SPORT EN UKRAINE | GYM \u00c9TUDIANTE EN UKRAINE","isPartOf":{"@id":"https:\/\/ieu.university\/#website"},"datePublished":"2022-09-23T14:05:34+00:00","dateModified":"2025-01-06T10:47:13+00:00","inLanguage":"it-IT","potentialAction":[{"@type":"ReadAction","target":["https:\/\/ieu.university\/fr\/sports\/"]}]},{"@type":"WebSite","@id":"https:\/\/ieu.university\/#website","url":"https:\/\/ieu.university\/","name":"INTERNATIONAL EUROPEAN UNIVERSITY, UKRAINE | EUROPE | STUDY IN UKRAINE | STUDY IN EUROPE | MBBS | GENERAL MEDICINE | BUSINESS | ENGINEERING | IT | EUROPE","description":"INTERNATIONAL EUROPEAN UNIVERSITY, UKRAINE | EUROPE | STUDY IN UKRAINE | STUDY IN EUROPE | MBBS | GENERAL MEDICINE | BUSINESS | ENGINEERING | IT | EUROPE","potentialAction":[{"@type":"SearchAction","target":{"@type":"EntryPoint","urlTemplate":"https:\/\/ieu.university\/?s={search_term_string}"},"query-input":"required name=search_term_string"}],"inLanguage":"it-IT"}]}},"_links":{"self":[{"href":"http:\/\/ieu.university\/it\/wp-json\/wp\/v2\/pages\/220","targetHints":{"allow":["GET"]}}],"collection":[{"href":"http:\/\/ieu.university\/it\/wp-json\/wp\/v2\/pages"}],"about":[{"href":"http:\/\/ieu.university\/it\/wp-json\/wp\/v2\/types\/page"}],"author":[{"embeddable":true,"href":"http:\/\/ieu.university\/it\/wp-json\/wp\/v2\/users\/1"}],"replies":[{"embeddable":true,"href":"http:\/\/ieu.university\/it\/wp-json\/wp\/v2\/comments?post=220"}],"version-history":[{"count":24,"href":"http:\/\/ieu.university\/it\/wp-json\/wp\/v2\/pages\/220\/revisions"}],"predecessor-version":[{"id":4560,"href":"http:\/\/ieu.university\/it\/wp-json\/wp\/v2\/pages\/220\/revisions\/4560"}],"wp:featuredmedia":[{"embeddable":true,"href":"http:\/\/ieu.university\/it\/wp-json\/wp\/v2\/media\/3654"}],"wp:attachment":[{"href":"http:\/\/ieu.university\/it\/wp-json\/wp\/v2\/media?parent=220"}],"curies":[{"name":"wp","href":"https:\/\/api.w.org\/{rel}","templated":true}]}}