{"id":234,"date":"2022-09-23T17:21:08","date_gmt":"2022-09-23T14:21:08","guid":{"rendered":"http:\/\/ieu.university\/?page_id=234"},"modified":"2025-01-06T14:40:44","modified_gmt":"2025-01-06T11:40:44","slug":"partners","status":"publish","type":"page","link":"http:\/\/ieu.university\/it\/partners\/","title":{"rendered":"Partners"},"content":{"rendered":"<h2>Partners<\/h2>\n<p><strong>Priorit\u00e0 dell&#8217;Universit\u00e0 Europea Internazionale<\/strong><\/p>\n<p>Una delle priorit\u00e0 dell&#8217;Universit\u00e0 Europea Internazionale \u00e8 <strong>l&#8217;integrazione<\/strong> completa nella comunit\u00e0 educativa e scientifica internazionale. L&#8217;Universit\u00e0 Europea Internazionale lavora a stretto contatto con le ambasciate ucraine all&#8217;estero e con le ambasciate e i consolati stranieri in Ucraina per sostenere gli studenti stranieri, promuovere lo scambio culturale e stabilire relazioni internazionali.<\/p>\n<p>L&#8217;<strong>Universit\u00e0 Europea Internazionale<\/strong> sta lavorando attivamente su programmi congiunti con universit\u00e0 e istituzioni di ricerca negli Stati Uniti, Canada, Germania, Francia, Spagna, Paesi Bassi, Polonia, Bulgaria, Moldavia, Grecia, Repubblica Ceca, Slovacchia, Armenia, Cina, Georgia e altri paesi.<\/p>\n<p>Grazie a una <strong>vasta rete di partner e alla partecipazione ad associazioni,<\/strong> l&#8217;Universit\u00e0 Europea Internazionale \u00e8 un attivo partecipante nei processi educativi, scientifici e socio-culturali internazionali. Questo permette agli studenti e al corpo docente dell&#8217;universit\u00e0 di utilizzare le loro conoscenze e potenziale e di realizzare le loro ambizioni nelle forme pi\u00f9 produttive.<\/p>\n<h2>Organizzazioni e piattaforme internazionali<\/h2>\n<p>L&#8217;Universit\u00e0 Europea Internazionale ha aderito a <strong>Research For Life,<\/strong> che unisce cinque programmi internazionali:<\/p>\n<ul>\n<li><i>HINARI<\/i> &#8211; ricerca nel campo della salute;<\/li>\n<li><i>AGORA<\/i> &#8211; ricerca nel campo dell&#8217;agricoltura;<\/li>\n<li><i>OARE<\/i> &#8211; ricerca nel campo dell&#8217;ambiente;<\/li>\n<li><i>ARDI<\/i> &#8211; sviluppo e innovazione;<\/li>\n<li><i>GOALI<\/i> &#8211; ricerca nel campo della giurisprudenza.<\/li>\n<\/ul>\n<p>L&#8217;<strong>Universit\u00e0 Europea Internazionale<\/strong> ha anche firmato un <strong>Memorandum<\/strong> che stabilisce lo sviluppo di una rete per il riconoscimento delle qualifiche educative straniere. L&#8217;universit\u00e0 coopera con organizzazioni come:<\/p>\n<ul>\n<li><i>Erasmus+;<\/i><\/li>\n<li><i>European Resuscitation Council;<\/i><\/li>\n<li><i>MedEdWorld Association for Medical Education in Europe (AMEE)<\/i><\/li>\n<\/ul>\n<p>L&#8217;Universit\u00e0 Europea Internazionale ha firmato un <strong>Accordo di Affiliazione <\/strong>con la Scuola di Commercio di Montreux in Svizzera. I nostri studenti riceveranno un secondo diploma europeo oltre al diploma ucraino, dopo la laurea. La <strong>cooperazione <\/strong>dell&#8217;Universit\u00e0 Europea Internazionale con la SMBS offre agli studenti opportunit\u00e0 illimitate per l&#8217;occupazione e lo sviluppo sia in Ucraina che nei paesi dell&#8217;Unione Europea.<\/p>\n","protected":false},"excerpt":{"rendered":"<p>Partners Priorit\u00e0 dell&#8217;Universit\u00e0 Europea Internazionale Una delle priorit\u00e0 dell&#8217;Universit\u00e0 Europea Internazionale \u00e8 l&#8217;integrazione completa nella comunit\u00e0 educativa e scientifica internazionale. L&#8217;Universit\u00e0 Europea Internazionale lavora a stretto contatto con le ambasciate ucraine all&#8217;estero e con le ambasciate e i consolati stranieri in Ucraina per sostenere gli studenti stranieri, promuovere lo scambio culturale e stabilire relazioni internazionali. [&hellip;]<\/p>\n","protected":false},"author":1,"featured_media":3650,"parent":0,"menu_order":0,"comment_status":"closed","ping_status":"closed","template":"","meta":{"ngg_post_thumbnail":0,"footnotes":""},"class_list":["post-234","page","type-page","status-publish","has-post-thumbnail","hentry"],"acf":[],"yoast_head":"<!-- This site is optimized with the Yoast SEO plugin v20.8 - https:\/\/yoast.com\/wordpress\/plugins\/seo\/ -->\n<title>INTERNATIONAL PARTNER COOPERATION OF INTERNATIONAL EUROPEAN UNIVERSITY IN UKRAINE | IEU UKRAINE RECOGNITION | INTERNATIONAL EUROPEAN UNIVERSITY IN UKRAINE ACCREDITATION | INTERNATIONALLY RECOGNIZED HIGHER EDUCATION IN ENGLISH<\/title>\n<meta name=\"robots\" content=\"index, follow, max-snippet:-1, max-image-preview:large, max-video-preview:-1\" \/>\n<link rel=\"canonical\" href=\"http:\/\/ieu.university\/ru\/partners\/\" \/>\n<meta property=\"og:locale\" content=\"it_IT\" \/>\n<meta property=\"og:type\" content=\"article\" \/>\n<meta property=\"og:title\" content=\"INTERNATIONAL PARTNER COOPERATION OF INTERNATIONAL EUROPEAN UNIVERSITY IN UKRAINE | IEU UKRAINE RECOGNITION | INTERNATIONAL EUROPEAN UNIVERSITY IN UKRAINE ACCREDITATION | INTERNATIONALLY RECOGNIZED HIGHER EDUCATION IN ENGLISH\" \/>\n<meta property=\"og:description\" content=\"Partners Priorit\u00e0 dell&#8217;Universit\u00e0 Europea Internazionale Una delle priorit\u00e0 dell&#8217;Universit\u00e0 Europea Internazionale \u00e8 l&#8217;integrazione completa nella comunit\u00e0 educativa e scientifica internazionale. L&#8217;Universit\u00e0 Europea Internazionale lavora a stretto contatto con le ambasciate ucraine all&#8217;estero e con le ambasciate e i consolati stranieri in Ucraina per sostenere gli studenti stranieri, promuovere lo scambio culturale e stabilire relazioni internazionali. [&hellip;]\" \/>\n<meta property=\"og:url\" content=\"http:\/\/ieu.university\/it\/partners\/\" \/>\n<meta property=\"og:site_name\" content=\"INTERNATIONAL EUROPEAN UNIVERSITY, UKRAINE | EUROPE | STUDY IN UKRAINE | STUDY IN EUROPE | MBBS | GENERAL MEDICINE | BUSINESS | ENGINEERING | IT | EUROPE\" \/>\n<meta property=\"article:modified_time\" content=\"2025-01-06T11:40:44+00:00\" \/>\n<meta property=\"og:image\" content=\"http:\/\/ieu.university\/wp-content\/uploads\/2024\/07\/Partners.png\" \/>\n\t<meta property=\"og:image:width\" content=\"1272\" \/>\n\t<meta property=\"og:image:height\" content=\"386\" \/>\n\t<meta property=\"og:image:type\" content=\"image\/png\" \/>\n<meta name=\"twitter:card\" content=\"summary_large_image\" \/>\n<meta name=\"twitter:label1\" content=\"Tempo di lettura stimato\" \/>\n\t<meta name=\"twitter:data1\" content=\"2 minuti\" \/>\n<script type=\"application\/ld+json\" class=\"yoast-schema-graph\">{\"@context\":\"https:\/\/schema.org\",\"@graph\":[{\"@type\":\"WebPage\",\"@id\":\"http:\/\/ieu.university\/ru\/partners\/\",\"url\":\"http:\/\/ieu.university\/ru\/partners\/\",\"name\":\"INTERNATIONAL PARTNER COOPERATION OF INTERNATIONAL EUROPEAN UNIVERSITY IN UKRAINE | IEU UKRAINE RECOGNITION | INTERNATIONAL EUROPEAN UNIVERSITY IN UKRAINE ACCREDITATION | INTERNATIONALLY RECOGNIZED HIGHER EDUCATION IN ENGLISH\",\"isPartOf\":{\"@id\":\"https:\/\/ieu.university\/#website\"},\"datePublished\":\"2022-09-23T14:21:08+00:00\",\"dateModified\":\"2025-01-06T11:40:44+00:00\",\"inLanguage\":\"it-IT\",\"potentialAction\":[{\"@type\":\"ReadAction\",\"target\":[\"http:\/\/ieu.university\/ru\/partners\/\"]}]},{\"@type\":\"WebSite\",\"@id\":\"https:\/\/ieu.university\/#website\",\"url\":\"https:\/\/ieu.university\/\",\"name\":\"INTERNATIONAL EUROPEAN UNIVERSITY, UKRAINE | EUROPE | STUDY IN UKRAINE | STUDY IN EUROPE | MBBS | GENERAL MEDICINE | BUSINESS | ENGINEERING | IT | EUROPE\",\"description\":\"INTERNATIONAL EUROPEAN UNIVERSITY, UKRAINE | EUROPE | STUDY IN UKRAINE | STUDY IN EUROPE | MBBS | GENERAL MEDICINE | BUSINESS | ENGINEERING | IT | EUROPE\",\"potentialAction\":[{\"@type\":\"SearchAction\",\"target\":{\"@type\":\"EntryPoint\",\"urlTemplate\":\"https:\/\/ieu.university\/?s={search_term_string}\"},\"query-input\":\"required name=search_term_string\"}],\"inLanguage\":\"it-IT\"}]}<\/script>\n<!-- \/ Yoast SEO plugin. -->","yoast_head_json":{"title":"INTERNATIONAL PARTNER COOPERATION OF INTERNATIONAL EUROPEAN UNIVERSITY IN UKRAINE | IEU UKRAINE RECOGNITION | INTERNATIONAL EUROPEAN UNIVERSITY IN UKRAINE ACCREDITATION | INTERNATIONALLY RECOGNIZED HIGHER EDUCATION IN ENGLISH","robots":{"index":"index","follow":"follow","max-snippet":"max-snippet:-1","max-image-preview":"max-image-preview:large","max-video-preview":"max-video-preview:-1"},"canonical":"http:\/\/ieu.university\/ru\/partners\/","og_locale":"it_IT","og_type":"article","og_title":"INTERNATIONAL PARTNER COOPERATION OF INTERNATIONAL EUROPEAN UNIVERSITY IN UKRAINE | IEU UKRAINE RECOGNITION | INTERNATIONAL EUROPEAN UNIVERSITY IN UKRAINE ACCREDITATION | INTERNATIONALLY RECOGNIZED HIGHER EDUCATION IN ENGLISH","og_description":"Partners Priorit\u00e0 dell&#8217;Universit\u00e0 Europea Internazionale Una delle priorit\u00e0 dell&#8217;Universit\u00e0 Europea Internazionale \u00e8 l&#8217;integrazione completa nella comunit\u00e0 educativa e scientifica internazionale. L&#8217;Universit\u00e0 Europea Internazionale lavora a stretto contatto con le ambasciate ucraine all&#8217;estero e con le ambasciate e i consolati stranieri in Ucraina per sostenere gli studenti stranieri, promuovere lo scambio culturale e stabilire relazioni internazionali. [&hellip;]","og_url":"http:\/\/ieu.university\/it\/partners\/","og_site_name":"INTERNATIONAL EUROPEAN UNIVERSITY, UKRAINE | EUROPE | STUDY IN UKRAINE | STUDY IN EUROPE | MBBS | GENERAL MEDICINE | BUSINESS | ENGINEERING | IT | EUROPE","article_modified_time":"2025-01-06T11:40:44+00:00","og_image":[{"width":1272,"height":386,"url":"http:\/\/ieu.university\/wp-content\/uploads\/2024\/07\/Partners.png","type":"image\/png"}],"twitter_card":"summary_large_image","twitter_misc":{"Tempo di lettura stimato":"2 minuti"},"schema":{"@context":"https:\/\/schema.org","@graph":[{"@type":"WebPage","@id":"http:\/\/ieu.university\/ru\/partners\/","url":"http:\/\/ieu.university\/ru\/partners\/","name":"INTERNATIONAL PARTNER COOPERATION OF INTERNATIONAL EUROPEAN UNIVERSITY IN UKRAINE | IEU UKRAINE RECOGNITION | INTERNATIONAL EUROPEAN UNIVERSITY IN UKRAINE ACCREDITATION | INTERNATIONALLY RECOGNIZED HIGHER EDUCATION IN ENGLISH","isPartOf":{"@id":"https:\/\/ieu.university\/#website"},"datePublished":"2022-09-23T14:21:08+00:00","dateModified":"2025-01-06T11:40:44+00:00","inLanguage":"it-IT","potentialAction":[{"@type":"ReadAction","target":["http:\/\/ieu.university\/ru\/partners\/"]}]},{"@type":"WebSite","@id":"https:\/\/ieu.university\/#website","url":"https:\/\/ieu.university\/","name":"INTERNATIONAL EUROPEAN UNIVERSITY, UKRAINE | EUROPE | STUDY IN UKRAINE | STUDY IN EUROPE | MBBS | GENERAL MEDICINE | BUSINESS | ENGINEERING | IT | EUROPE","description":"INTERNATIONAL EUROPEAN UNIVERSITY, UKRAINE | EUROPE | STUDY IN UKRAINE | STUDY IN EUROPE | MBBS | GENERAL MEDICINE | BUSINESS | ENGINEERING | IT | EUROPE","potentialAction":[{"@type":"SearchAction","target":{"@type":"EntryPoint","urlTemplate":"https:\/\/ieu.university\/?s={search_term_string}"},"query-input":"required name=search_term_string"}],"inLanguage":"it-IT"}]}},"_links":{"self":[{"href":"http:\/\/ieu.university\/it\/wp-json\/wp\/v2\/pages\/234","targetHints":{"allow":["GET"]}}],"collection":[{"href":"http:\/\/ieu.university\/it\/wp-json\/wp\/v2\/pages"}],"about":[{"href":"http:\/\/ieu.university\/it\/wp-json\/wp\/v2\/types\/page"}],"author":[{"embeddable":true,"href":"http:\/\/ieu.university\/it\/wp-json\/wp\/v2\/users\/1"}],"replies":[{"embeddable":true,"href":"http:\/\/ieu.university\/it\/wp-json\/wp\/v2\/comments?post=234"}],"version-history":[{"count":22,"href":"http:\/\/ieu.university\/it\/wp-json\/wp\/v2\/pages\/234\/revisions"}],"predecessor-version":[{"id":4578,"href":"http:\/\/ieu.university\/it\/wp-json\/wp\/v2\/pages\/234\/revisions\/4578"}],"wp:featuredmedia":[{"embeddable":true,"href":"http:\/\/ieu.university\/it\/wp-json\/wp\/v2\/media\/3650"}],"wp:attachment":[{"href":"http:\/\/ieu.university\/it\/wp-json\/wp\/v2\/media?parent=234"}],"curies":[{"name":"wp","href":"https:\/\/api.w.org\/{rel}","templated":true}]}}