{"id":3385,"date":"2024-06-25T11:00:15","date_gmt":"2024-06-25T08:00:15","guid":{"rendered":"https:\/\/ieu.university\/?page_id=3385"},"modified":"2025-01-06T12:52:44","modified_gmt":"2025-01-06T09:52:44","slug":"rectors-word","status":"publish","type":"page","link":"http:\/\/ieu.university\/it\/rectors-word\/","title":{"rendered":"Parola del Rettore"},"content":{"rendered":"<h2>Parola del Rettore<\/h2>\n<p>Cari amici!<\/p>\n<p>La nostra universit\u00e0 \u00e8 stata creata per aiutare tutti gli aspiranti studenti a diventare professionisti affermati. Apriamo ampie opportunit\u00e0 a tutti coloro che sono desiderosi di progredire e svilupparsi, offrendo loro la possibilit\u00e0 di utilizzare piattaforme di apprendimento dinamiche, moderne e virtuali per raggiungere i loro obiettivi. Le aule dell&#8217;Universit\u00e0 Europea Internazionale sono dotate di media, gli insegnanti utilizzano i metodi didattici pi\u00f9 recenti e gli studenti imparano con tecnologie innovative. Combiniamo antiche conoscenze e tradizioni con metodi moderni e i pi\u00f9 recenti progressi della scienza e dell&#8217;istruzione. La nostra universit\u00e0 utilizza le migliori attrezzature per aiutare gli studenti ad imparare di pi\u00f9, fare di pi\u00f9 e diventare di pi\u00f9. Offriamo ai nostri studenti diversi modi per svilupparsi sia professionalmente che personalmente. Formiamo specialisti richiesti, dipendenti altamente qualificati e professionisti nel loro campo. Incoraggiamo inoltre i nostri studenti a essere creativi, onesti, proattivi, istruiti e indipendenti. Spero che, scegliendo l&#8217;Universit\u00e0 Europea Internazionale, possiate raggiungere il vostro massimo potenziale con l&#8217;aiuto di insegnanti altamente professionali e colleghi brillanti!<\/p>\n<p>Cordiali saluti,<\/p>\n<p>Rettore dell&#8217;Universit\u00e0 Europea Internazionale<\/p>\n","protected":false},"excerpt":{"rendered":"<p>Parola del Rettore Cari amici! La nostra universit\u00e0 \u00e8 stata creata per aiutare tutti gli aspiranti studenti a diventare professionisti affermati. Apriamo ampie opportunit\u00e0 a tutti coloro che sono desiderosi di progredire e svilupparsi, offrendo loro la possibilit\u00e0 di utilizzare piattaforme di apprendimento dinamiche, moderne e virtuali per raggiungere i loro obiettivi. Le aule dell&#8217;Universit\u00e0 [&hellip;]<\/p>\n","protected":false},"author":3,"featured_media":3693,"parent":0,"menu_order":0,"comment_status":"closed","ping_status":"closed","template":"","meta":{"ngg_post_thumbnail":0,"footnotes":""},"class_list":["post-3385","page","type-page","status-publish","has-post-thumbnail","hentry"],"acf":[],"yoast_head":"<!-- This site is optimized with the Yoast SEO plugin v20.8 - https:\/\/yoast.com\/wordpress\/plugins\/seo\/ -->\n<title>INTERNATIONAL EUROPEAN UNIVERSITY | RECTOR\u2019S WORD | RECTOR OF INTERNATIONAL EUROPEAN UNIVERSITY | AFFORDABLE STUDIES IN UKRAINE | INTERNATIONALLY RECOGNIZED PROGRAMS IN ENGLISH IN EUROPE | HIGH-QUALITY EDUCATION IN ENGLISH<\/title>\n<meta name=\"robots\" content=\"index, follow, max-snippet:-1, max-image-preview:large, max-video-preview:-1\" \/>\n<link rel=\"canonical\" href=\"http:\/\/ieu.university\/rectors-word\/\" \/>\n<meta property=\"og:locale\" content=\"it_IT\" \/>\n<meta property=\"og:type\" content=\"article\" \/>\n<meta property=\"og:title\" content=\"INTERNATIONAL EUROPEAN UNIVERSITY | RECTOR\u2019S WORD | RECTOR OF INTERNATIONAL EUROPEAN UNIVERSITY | AFFORDABLE STUDIES IN UKRAINE | INTERNATIONALLY RECOGNIZED PROGRAMS IN ENGLISH IN EUROPE | HIGH-QUALITY EDUCATION IN ENGLISH\" \/>\n<meta property=\"og:description\" content=\"Parola del Rettore Cari amici! La nostra universit\u00e0 \u00e8 stata creata per aiutare tutti gli aspiranti studenti a diventare professionisti affermati. Apriamo ampie opportunit\u00e0 a tutti coloro che sono desiderosi di progredire e svilupparsi, offrendo loro la possibilit\u00e0 di utilizzare piattaforme di apprendimento dinamiche, moderne e virtuali per raggiungere i loro obiettivi. Le aule dell&#8217;Universit\u00e0 [&hellip;]\" \/>\n<meta property=\"og:url\" content=\"http:\/\/ieu.university\/it\/rectors-word\/\" \/>\n<meta property=\"og:site_name\" content=\"INTERNATIONAL EUROPEAN UNIVERSITY, UKRAINE | EUROPE | STUDY IN UKRAINE | STUDY IN EUROPE | MBBS | GENERAL MEDICINE | BUSINESS | ENGINEERING | IT | EUROPE\" \/>\n<meta property=\"article:modified_time\" content=\"2025-01-06T09:52:44+00:00\" \/>\n<meta property=\"og:image\" content=\"http:\/\/ieu.university\/wp-content\/uploads\/2024\/07\/Rectors-Word.png\" \/>\n\t<meta property=\"og:image:width\" content=\"1272\" \/>\n\t<meta property=\"og:image:height\" content=\"386\" \/>\n\t<meta property=\"og:image:type\" content=\"image\/png\" \/>\n<meta name=\"twitter:card\" content=\"summary_large_image\" \/>\n<meta name=\"twitter:label1\" content=\"Tempo di lettura stimato\" \/>\n\t<meta name=\"twitter:data1\" content=\"1 minuto\" \/>\n<script type=\"application\/ld+json\" class=\"yoast-schema-graph\">{\"@context\":\"https:\/\/schema.org\",\"@graph\":[{\"@type\":\"WebPage\",\"@id\":\"http:\/\/ieu.university\/rectors-word\/\",\"url\":\"http:\/\/ieu.university\/rectors-word\/\",\"name\":\"INTERNATIONAL EUROPEAN UNIVERSITY | RECTOR\u2019S WORD | RECTOR OF INTERNATIONAL EUROPEAN UNIVERSITY | AFFORDABLE STUDIES IN UKRAINE | INTERNATIONALLY RECOGNIZED PROGRAMS IN ENGLISH IN EUROPE | HIGH-QUALITY EDUCATION IN ENGLISH\",\"isPartOf\":{\"@id\":\"https:\/\/ieu.university\/#website\"},\"datePublished\":\"2024-06-25T08:00:15+00:00\",\"dateModified\":\"2025-01-06T09:52:44+00:00\",\"inLanguage\":\"it-IT\",\"potentialAction\":[{\"@type\":\"ReadAction\",\"target\":[\"http:\/\/ieu.university\/rectors-word\/\"]}]},{\"@type\":\"WebSite\",\"@id\":\"https:\/\/ieu.university\/#website\",\"url\":\"https:\/\/ieu.university\/\",\"name\":\"INTERNATIONAL EUROPEAN UNIVERSITY, UKRAINE | EUROPE | STUDY IN UKRAINE | STUDY IN EUROPE | MBBS | GENERAL MEDICINE | BUSINESS | ENGINEERING | IT | EUROPE\",\"description\":\"INTERNATIONAL EUROPEAN UNIVERSITY, UKRAINE | EUROPE | STUDY IN UKRAINE | STUDY IN EUROPE | MBBS | GENERAL MEDICINE | BUSINESS | ENGINEERING | IT | EUROPE\",\"potentialAction\":[{\"@type\":\"SearchAction\",\"target\":{\"@type\":\"EntryPoint\",\"urlTemplate\":\"https:\/\/ieu.university\/?s={search_term_string}\"},\"query-input\":\"required name=search_term_string\"}],\"inLanguage\":\"it-IT\"}]}<\/script>\n<!-- \/ Yoast SEO plugin. -->","yoast_head_json":{"title":"INTERNATIONAL EUROPEAN UNIVERSITY | RECTOR\u2019S WORD | RECTOR OF INTERNATIONAL EUROPEAN UNIVERSITY | AFFORDABLE STUDIES IN UKRAINE | INTERNATIONALLY RECOGNIZED PROGRAMS IN ENGLISH IN EUROPE | HIGH-QUALITY EDUCATION IN ENGLISH","robots":{"index":"index","follow":"follow","max-snippet":"max-snippet:-1","max-image-preview":"max-image-preview:large","max-video-preview":"max-video-preview:-1"},"canonical":"http:\/\/ieu.university\/rectors-word\/","og_locale":"it_IT","og_type":"article","og_title":"INTERNATIONAL EUROPEAN UNIVERSITY | RECTOR\u2019S WORD | RECTOR OF INTERNATIONAL EUROPEAN UNIVERSITY | AFFORDABLE STUDIES IN UKRAINE | INTERNATIONALLY RECOGNIZED PROGRAMS IN ENGLISH IN EUROPE | HIGH-QUALITY EDUCATION IN ENGLISH","og_description":"Parola del Rettore Cari amici! La nostra universit\u00e0 \u00e8 stata creata per aiutare tutti gli aspiranti studenti a diventare professionisti affermati. Apriamo ampie opportunit\u00e0 a tutti coloro che sono desiderosi di progredire e svilupparsi, offrendo loro la possibilit\u00e0 di utilizzare piattaforme di apprendimento dinamiche, moderne e virtuali per raggiungere i loro obiettivi. Le aule dell&#8217;Universit\u00e0 [&hellip;]","og_url":"http:\/\/ieu.university\/it\/rectors-word\/","og_site_name":"INTERNATIONAL EUROPEAN UNIVERSITY, UKRAINE | EUROPE | STUDY IN UKRAINE | STUDY IN EUROPE | MBBS | GENERAL MEDICINE | BUSINESS | ENGINEERING | IT | EUROPE","article_modified_time":"2025-01-06T09:52:44+00:00","og_image":[{"width":1272,"height":386,"url":"http:\/\/ieu.university\/wp-content\/uploads\/2024\/07\/Rectors-Word.png","type":"image\/png"}],"twitter_card":"summary_large_image","twitter_misc":{"Tempo di lettura stimato":"1 minuto"},"schema":{"@context":"https:\/\/schema.org","@graph":[{"@type":"WebPage","@id":"http:\/\/ieu.university\/rectors-word\/","url":"http:\/\/ieu.university\/rectors-word\/","name":"INTERNATIONAL EUROPEAN UNIVERSITY | RECTOR\u2019S WORD | RECTOR OF INTERNATIONAL EUROPEAN UNIVERSITY | AFFORDABLE STUDIES IN UKRAINE | INTERNATIONALLY RECOGNIZED PROGRAMS IN ENGLISH IN EUROPE | HIGH-QUALITY EDUCATION IN ENGLISH","isPartOf":{"@id":"https:\/\/ieu.university\/#website"},"datePublished":"2024-06-25T08:00:15+00:00","dateModified":"2025-01-06T09:52:44+00:00","inLanguage":"it-IT","potentialAction":[{"@type":"ReadAction","target":["http:\/\/ieu.university\/rectors-word\/"]}]},{"@type":"WebSite","@id":"https:\/\/ieu.university\/#website","url":"https:\/\/ieu.university\/","name":"INTERNATIONAL EUROPEAN UNIVERSITY, UKRAINE | EUROPE | STUDY IN UKRAINE | STUDY IN EUROPE | MBBS | GENERAL MEDICINE | BUSINESS | ENGINEERING | IT | EUROPE","description":"INTERNATIONAL EUROPEAN UNIVERSITY, UKRAINE | EUROPE | STUDY IN UKRAINE | STUDY IN EUROPE | MBBS | GENERAL MEDICINE | BUSINESS | ENGINEERING | IT | EUROPE","potentialAction":[{"@type":"SearchAction","target":{"@type":"EntryPoint","urlTemplate":"https:\/\/ieu.university\/?s={search_term_string}"},"query-input":"required name=search_term_string"}],"inLanguage":"it-IT"}]}},"_links":{"self":[{"href":"http:\/\/ieu.university\/it\/wp-json\/wp\/v2\/pages\/3385","targetHints":{"allow":["GET"]}}],"collection":[{"href":"http:\/\/ieu.university\/it\/wp-json\/wp\/v2\/pages"}],"about":[{"href":"http:\/\/ieu.university\/it\/wp-json\/wp\/v2\/types\/page"}],"author":[{"embeddable":true,"href":"http:\/\/ieu.university\/it\/wp-json\/wp\/v2\/users\/3"}],"replies":[{"embeddable":true,"href":"http:\/\/ieu.university\/it\/wp-json\/wp\/v2\/comments?post=3385"}],"version-history":[{"count":25,"href":"http:\/\/ieu.university\/it\/wp-json\/wp\/v2\/pages\/3385\/revisions"}],"predecessor-version":[{"id":4516,"href":"http:\/\/ieu.university\/it\/wp-json\/wp\/v2\/pages\/3385\/revisions\/4516"}],"wp:featuredmedia":[{"embeddable":true,"href":"http:\/\/ieu.university\/it\/wp-json\/wp\/v2\/media\/3693"}],"wp:attachment":[{"href":"http:\/\/ieu.university\/it\/wp-json\/wp\/v2\/media?parent=3385"}],"curies":[{"name":"wp","href":"https:\/\/api.w.org\/{rel}","templated":true}]}}