{"id":3387,"date":"2024-06-25T11:01:59","date_gmt":"2024-06-25T08:01:59","guid":{"rendered":"https:\/\/ieu.university\/?page_id=3387"},"modified":"2025-01-06T12:32:15","modified_gmt":"2025-01-06T09:32:15","slug":"administration","status":"publish","type":"page","link":"http:\/\/ieu.university\/it\/administration\/","title":{"rendered":"Amministrazione"},"content":{"rendered":"<h2>Amministrazione<\/h2>\n<p><strong><i>Rettore dell&#8217;Universit\u00e0 Europea Internazionale: Padalka Oleh<\/i><\/strong><\/p>\n<p>Dottore in Pedagogia, Professore, Membro Corrispondente dell&#8217;Accademia Nazionale delle Scienze Pedagogiche dell&#8217;Ucraina, Lavoratore Onorato dell&#8217;Educazione dell&#8217;Ucraina<\/p>\n<p>Il Professor Padalka \u00e8 un noto scienziato nel campo dell&#8217;educazione economica delle tecnologie pedagogiche. \u00c8 uno dei fondatori delle suddette direzioni scientifiche e pionieri dell&#8217;Ucraina, le cui idee scientifiche sono sempre pi\u00f9 riconosciute e rilevanti. Negli ultimi due decenni in Ucraina, ha effettivamente creato una scuola scientifica sui fondamenti dell&#8217;educazione economica e della formazione economica di studenti e alunni.<\/p>\n<p>Il Professor Padalka \u00e8 autore di circa 210 opere pubblicate, 53 libri di testo, manuali e 9 monografie. 28 tesi di dottorato e 3 dissertazioni di dottorato sono state difese sotto la sua supervisione. Partecipa attivamente alla stampa pedagogica, pubblica materiali psicologici e pedagogici e partecipa a numerose conferenze scientifiche in Ucraina su temi psicologici e pedagogici. Per i suoi servizi nel campo dell&#8217;istruzione e della scienza, \u00e8 stato insignito degli &#8220;Ordini al Merito del 3\u00b0 e 2\u00b0 Grado&#8221; e del premio dell&#8217;Accademia Nazionale delle Scienze dell&#8217;Ucraina &#8220;Per i Meriti Scientifici&#8221;.<\/p>\n<p><strong><i>Direttore della Scuola Medica Europea: Litvinova Natalia Yuriyivna<\/i><\/strong><\/p>\n<p>Candidata delle Scienze Mediche, Professore Associato<\/p>\n<p>Nel 1996, Natalia si \u00e8 laureata con lode presso l&#8217;Universit\u00e0 Statale di Medicina di Lviv Danylo Halytsky con una laurea in Affari Medici. Dopo la laurea, dal 1996 al 1999 ha conseguito un master in &#8220;Oncologia e Oncoschirurgia&#8221; presso il Dipartimento di Oncologia dell&#8217;Universit\u00e0 Statale di Medicina di Lviv Danylo Halytsky. Nel 1999, N.Yu. Litvinova \u00e8 stata invitata dal capo del Dipartimento di Chirurgia n. 4 dell&#8217;NMU intitolato a O.O. Bogomolets, Professor V.G. Mishalov, a ricoprire la posizione di assistente del dipartimento e dal 2013 lavora come professore associato nello stesso dipartimento. Ha fatto uno stage presso la Clinica Universitaria di Vienna, specializzandosi in Chirurgia Cardiovascolare e Trapiantologia nel 2003 e 2004. Nel 2005 ha difeso la sua tesi di dottorato in &#8220;Chirurgia Cardiovascolare&#8221; presso l&#8217;Istituto di Ricerca di Chirurgia Cardiovascolare intitolato a M.M. Amosova, con una tesi intitolata &#8220;Trattamento chirurgico delle lesioni stenosiche occlusive aterosclerotiche delle arterie brachiocefaliche nei pazienti con cardiopatia coronarica concomitante&#8221;.<\/p>\n<p>\u00c8 una dottoressa di altissima categoria nella specialit\u00e0 &#8220;Chirurgia&#8221;. Ha una vasta esperienza in interventi chirurgici di emergenza e programmati, utilizza metodi moderni di diagnosi e chirurgia, ed \u00e8 impegnata in attivit\u00e0 scientifiche e inventive. Ha circa 150 pubblicazioni, 10 brevetti per invenzioni nella diagnosi e trattamento delle patologie vascolari ed \u00e8 coautrice del libro di testo &#8220;Lezioni di Chirurgia Ospedaliera&#8221; in tre volumi, &#8220;Laboratorio di Chirurgia &#8211; modulo 1, 2, 4&#8221;. Partecipa a conferenze scientifiche sulla chirurgia vascolare.<\/p>\n<p>Nel 2011 si \u00e8 laureata con lode presso l&#8217;Universit\u00e0 Nazionale di Kiev Taras Shevchenko, Facolt\u00e0 di Giurisprudenza. Yu. Litvinova ha completato la sua tesi di dottorato sui problemi dell&#8217;uso delle cellule staminali e dei fattori di crescita cellulare nel trattamento dell&#8217;ischemia critica cronica non ricostruttiva degli arti inferiori. Ha presentato rapporti sul lavoro svolto nell&#8217;ambito della tesi alle conferenze di chirurghi vascolari. \u00c8 stata premiata con un diploma del Consiglio Comunale di Kiev del Sindacato dei Lavoratori Sanitari e del Consiglio Comunale dei Sindacati di Kiev &#8220;Per il significativo contributo personale allo sviluppo della chirurgia e l&#8217;alto professionalismo&#8221;.<\/p>\n<p>Dal 2008 \u00e8 segretaria della rivista &#8220;Cuore e Vasi&#8221;, e dal 2006 \u00e8 redattrice dei testi in inglese della rivista &#8220;Chirurgia dell&#8217;Ucraina&#8221;. Nel 2015 ha ricevuto il titolo di professore associato di chirurgia n. 4. \u00c8 stata premiata con l&#8217;Ordine di Santa Grande Martire Barbara dalla Chiesa Ortodossa Ucraina per l&#8217;assistenza ai feriti durante il Maidan nel 2014. Dal 2015 tiene lezioni di anatomia clinica in inglese per studenti stranieri. Nel 2015 ha superato il test presso il Centro del British Council e ha ottenuto il livello B2. Ha un certificato di referent-traduttore di letteratura medica. Nel 2015 ha completato con successo la formazione sui sistemi di gestione nel campo dell&#8217;istruzione superiore e un corso di formazione per auditor interni del sistema di gestione della qualit\u00e0. Dal 2014 \u00e8 Vicedecano della Facolt\u00e0 di Medicina n. 2 dell&#8217;NMU intitolato a O.O. Bogomolets. Dal 2015 \u00e8 Decano della Facolt\u00e0 di Medicina n. 2 dell&#8217;NMU intitolato a O.O. Bogomolets.<\/p>\n<p><strong><i>Direttore della Scuola Europea di Business: Chatchenko Olga Yevgenivna<\/i><\/strong><\/p>\n<p>Dottore di Ricerca, Professore Associato<\/p>\n<p>Nel 1996 si \u00e8 laureata con lode presso l&#8217;Accademia Statale di Tecnologia e Organizzazione Alimentare di Kharkiv con una laurea in &#8220;Gestione nel settore non produttivo&#8221;. Dal 1996 al 2000 ha studiato alla scuola di specializzazione dell&#8217;Universit\u00e0 Statale di Alimentazione e Commercio di Kharkiv. Dal 2000 al 2020 ha lavorato presso l&#8217;Universit\u00e0 Statale di Alimentazione e Commercio di Kharkiv, nel Dipartimento di Gestione come assistente (2002), nel Dipartimento di Gestione Organizzativa come docente senior (2008) e come professore associato (2015).<\/p>\n<p>Nel 2007 ha conseguito la sua seconda istruzione superiore presso la Scuola Superiore di Imprenditoria dell&#8217;Universit\u00e0 Statale di Alimentazione e Commercio di Kharkiv, specializzandosi in Economia del Marketing. Nel 2014 ha difeso la sua tesi di dottorato su &#8220;Valutazione della domanda di prodotti delle imprese di ristorazione&#8221;. Nel 2017 ha partecipato a un progetto di ricerca internazionale nell&#8217;ambito del programma Erasmus+.<\/p>\n<p><i>Cooperation for Innovation and the exchange of good practices<\/i> (Cooperazione nel campo dell&#8217;innovazione e scambio di buone pratiche);<\/p>\n<p><i>Tipo di azione<\/i>: Capacity Building nel campo della giovent\u00f9 &#8211; Partnership per l&#8217;Imprenditoria Giovanile;<\/p>\n<p><i>Titolo del progetto<\/i>: Istituti di istruzione superiore per l&#8217;imprenditoria giovanile (&#8220;Higher educational institutions for youth entrepreneurship&#8221;);<\/p>\n<p><i>Numero del progetto:<\/i> 589942-EPP-1-2017-1-UA-EPPKA2-CBY-EP-PE.<\/p>\n<p>Dal 2018 al 2020 \u00e8 stata Vicedecano per il Lavoro Educativo della Facolt\u00e0 di Gestione dell&#8217;Universit\u00e0 Statale di Alimentazione e Commercio di Kharkiv. Nel 2018 ha superato con successo l&#8217;esame e ha ottenuto un certificato internazionale conforme alla Raccomandazione Pan-Europea sull&#8217;Istruzione Linguistica al livello B2 nelle lingue dell&#8217;Unione Europea (inglese). Nel 2018 ha svolto uno stage presso la Scuola Superiore di Sviluppo Socio-Economico della Polonia, a Przeswork. Nel 2019 ha completato uno stage presso la Scuola Nazionale di Business-Louis University. \u00c8 autrice di oltre 49 lavori scientifici e scientifico-metodologici, tra cui 1 pubblicazione scientifica in riviste indicizzate nei database scientometrici Scopus e Web of Science Core Collection, 4 certificati di autore, 1 monografia, 24 raccomandazioni metodologiche. Dal 2020 \u00e8 membro dell&#8217;associazione pubblica &#8220;Associazione Ucraina degli Insegnanti e Ricercatori di Integrazione Europea (APREI)&#8221;. I suoi interessi di ricerca includono la formazione di modelli di business aziendale, questioni di gestione organizzativa, gestione del personale, valutazione e sviluppo del professionalismo e delle competenze del personale.<\/p>\n<p><strong><i>Direttore dell&#8217;Istituto di Ricerca &#8220;Scuola Europea di Architettura e Ingegneria\u201d Omelyanenko Maxim Viktorovich <\/i><\/strong><\/p>\n<p>Dottore in Scienze Tecniche,<\/p>\n<p>Candidato in Architettura,<\/p>\n<p>Professore Associato<\/p>\n<ul>\n<li>Nel 1991 si \u00e8 laureato presso l&#8217;Istituto di Ingegneria Civile di Kiev con una laurea in Architettura;<\/li>\n<li>Dal 1991 al 1995 ha lavorato presso l&#8217;Istituto Zonale di Ricerca e Progettazione per l&#8217;Ingegneria Civile dell&#8217;Ucraina (KyivZNDIEP) come architetto, architetto di 2\u00aa categoria del Dipartimento di Architettura Residenziale. Allo stesso tempo, ha studiato per corrispondenza alla scuola di specializzazione dello stesso istituto, specializzandosi in &#8220;Architettura di edifici e strutture&#8221;;<\/li>\n<li>Nel 1995 ha difeso la sua tesi di dottorato su &#8220;Organizzazione architettonica e pianificazione degli appartamenti urbani, categorizzati per livello di comfort&#8221; nella specialit\u00e0 &#8220;Architettura di edifici e strutture&#8221;;<\/li>\n<li>Dal 1995 al 2002 ha lavorato presso l&#8217;Universit\u00e0 Nazionale di Costruzione e Architettura di Kiev come assistente, professore associato e capo del dipartimento editoriale e di pubblicazione;<\/li>\n<li>Nel 2001 ha ricevuto il titolo accademico dal Dipartimento di Pianificazione Urbana;<\/li>\n<li>Dal 2002 al 2008 ha lavorato nel servizio civile presso il Comitato Statale dell&#8217;Ucraina per la Costruzione e l&#8217;Architettura, il Ministero della Costruzione, Architettura e Edilizia dell&#8217;Ucraina e il Ministero dello Sviluppo Regionale e della Costruzione dell&#8217;Ucraina come Specialista Capo, Vice Capo del Dipartimento &#8211; Capo Dipartimento, Capo dell&#8217;Ufficio, Capo del Dipartimento;<\/li>\n<li>Nel 2005 ha difeso la sua tesi di dottorato su &#8220;Fondamenti metodologici della standardizzazione degli elementi dell&#8217;ambiente urbano&#8221; nella specialit\u00e0 &#8220;Pianificazione Urbana e Pianificazione Spaziale&#8221;;<\/li>\n<li>Nel 2006 \u00e8 stato eletto membro a pieno titolo dell&#8217;Accademia di Ingegneria Civile dell&#8217;Ucraina;<\/li>\n<li>Dal 2008 al 2011 ha lavorato presso l&#8217;Universit\u00e0 Nazionale dell&#8217;Aviazione come capo del Dipartimento di Architettura;<\/li>\n<li>Dal 2011 al 2013 ha lavorato nel servizio civile presso il Ministero dello Sviluppo Regionale, Costruzione e Edilizia dell&#8217;Ucraina come Vice Direttore del Dipartimento &#8211; Capo Dipartimento;<\/li>\n<li>Dal 2013 al 2017 ha lavorato presso l&#8217;Unit\u00e0 strutturale separata &#8220;Istituto di Educazione Innovativa dell&#8217;Universit\u00e0 Nazionale di Costruzione e Architettura di Kiev&#8221; come capo del dipartimento;<\/li>\n<li>Dal 2017 al 2020 ha lavorato presso l&#8217;Universit\u00e0 Internazionale di Kiev come Decano della Facolt\u00e0 di Costruzione e Architettura, Capo del Dipartimento di Costruzione e Architettura;<\/li>\n<\/ul>\n<p>Autore di oltre 70 lavori scientifici ed educativi, inclusi 2 libri di testo;<\/p>\n<p>Interessi di ricerca: metodologia della formazione della base normativa nella costruzione, teoria dell&#8217;architettura, regolamentazione tecnica nella costruzione.<\/p>\n<p><strong><i>Vice-Rettore per il Lavoro Educativo e Metodologico Voloshyna Natalia Oleksiivna <\/i><\/strong><\/p>\n<p>Dottoressa in Scienze Biologiche,<\/p>\n<p>Professore<\/p>\n<p>Autrice di oltre 180 pubblicazioni scientifiche e materiali didattici per istituti di istruzione superiore, inclusi 25 brevetti in Ucraina;<\/p>\n<p>Membro del Consiglio di Dottorato per la difesa di tesi di dottorato e di dottorato di ricerca in Ecologia presso l&#8217;Istituto di Agroecologia e Gestione Ambientale dell&#8217;Accademia Nazionale delle Scienze Agrarie dell&#8217;Ucraina (NAAS);<\/p>\n<p>Membro delle commissioni di esperti del Ministero dell&#8217;Istruzione e della Scienza per l&#8217;esame di accreditamento delle specialit\u00e0 negli istituti di istruzione superiore (2014-2020);<\/p>\n<p>Esperta di accreditamento dei programmi educativi dell&#8217;Agenzia Nazionale per l&#8217;Assicurazione della Qualit\u00e0 nell&#8217;Istruzione (2019);<\/p>\n<p>Garanzia e membro di gruppi che forniscono programmi educativi e professionali dei livelli educativi di laurea, master e dottorato. Giudice ed esaminatore di lavori scientifici della Piccola Accademia delle Scienze della giovent\u00f9 studentesca della regione di Kiev (2013-2020);<\/p>\n<p>Lavoro scientifico con studenti, gestione di progetti scientifici ambientali;<\/p>\n<p>Esperienza come capo del consiglio scientifico e metodologico della Facolt\u00e0 di Educazione Geografica Naturale ed Ecologia (2014-2020);<\/p>\n<p>Premiata con la Gratitudine del Presidium dell&#8217;Accademia Nazionale delle Scienze dell&#8217;Ucraina (2015).<\/p>\n","protected":false},"excerpt":{"rendered":"<p>Amministrazione Rettore dell&#8217;Universit\u00e0 Europea Internazionale: Padalka Oleh Dottore in Pedagogia, Professore, Membro Corrispondente dell&#8217;Accademia Nazionale delle Scienze Pedagogiche dell&#8217;Ucraina, Lavoratore Onorato dell&#8217;Educazione dell&#8217;Ucraina Il Professor Padalka \u00e8 un noto scienziato nel campo dell&#8217;educazione economica delle tecnologie pedagogiche. \u00c8 uno dei fondatori delle suddette direzioni scientifiche e pionieri dell&#8217;Ucraina, le cui idee scientifiche sono sempre pi\u00f9 [&hellip;]<\/p>\n","protected":false},"author":3,"featured_media":3699,"parent":0,"menu_order":0,"comment_status":"closed","ping_status":"closed","template":"","meta":{"ngg_post_thumbnail":0,"footnotes":""},"class_list":["post-3387","page","type-page","status-publish","has-post-thumbnail","hentry"],"acf":[],"yoast_head":"<!-- This site is optimized with the Yoast SEO plugin v20.8 - https:\/\/yoast.com\/wordpress\/plugins\/seo\/ -->\n<title>INTERNATIONAL EUROPEAN UNIVERSITY | VERWALTUNG DER INTERNATIONAL EUROPEAN UNIVERSITY | PROFESSOREN DER INTERNATIONAL EUROPEAN UNIVERSITY | STUDIUM IN DER UKRAINE<\/title>\n<meta name=\"robots\" content=\"index, follow, max-snippet:-1, max-image-preview:large, max-video-preview:-1\" \/>\n<link rel=\"canonical\" href=\"http:\/\/ieu.university\/de\/administration\/\" \/>\n<meta property=\"og:locale\" content=\"it_IT\" \/>\n<meta property=\"og:type\" content=\"article\" \/>\n<meta property=\"og:title\" content=\"INTERNATIONAL EUROPEAN UNIVERSITY | VERWALTUNG DER INTERNATIONAL EUROPEAN UNIVERSITY | PROFESSOREN DER INTERNATIONAL EUROPEAN UNIVERSITY | STUDIUM IN DER UKRAINE\" \/>\n<meta property=\"og:description\" content=\"Amministrazione Rettore dell&#8217;Universit\u00e0 Europea Internazionale: Padalka Oleh Dottore in Pedagogia, Professore, Membro Corrispondente dell&#8217;Accademia Nazionale delle Scienze Pedagogiche dell&#8217;Ucraina, Lavoratore Onorato dell&#8217;Educazione dell&#8217;Ucraina Il Professor Padalka \u00e8 un noto scienziato nel campo dell&#8217;educazione economica delle tecnologie pedagogiche. \u00c8 uno dei fondatori delle suddette direzioni scientifiche e pionieri dell&#8217;Ucraina, le cui idee scientifiche sono sempre pi\u00f9 [&hellip;]\" \/>\n<meta property=\"og:url\" content=\"http:\/\/ieu.university\/it\/administration\/\" \/>\n<meta property=\"og:site_name\" content=\"INTERNATIONAL EUROPEAN UNIVERSITY, UKRAINE | EUROPE | STUDY IN UKRAINE | STUDY IN EUROPE | MBBS | GENERAL MEDICINE | BUSINESS | ENGINEERING | IT | EUROPE\" \/>\n<meta property=\"article:modified_time\" content=\"2025-01-06T09:32:15+00:00\" \/>\n<meta property=\"og:image\" content=\"http:\/\/ieu.university\/wp-content\/uploads\/2024\/07\/Administration.png\" \/>\n\t<meta property=\"og:image:width\" content=\"1272\" \/>\n\t<meta property=\"og:image:height\" content=\"386\" \/>\n\t<meta property=\"og:image:type\" content=\"image\/png\" \/>\n<meta name=\"twitter:card\" content=\"summary_large_image\" \/>\n<meta name=\"twitter:label1\" content=\"Tempo di lettura stimato\" \/>\n\t<meta name=\"twitter:data1\" content=\"6 minuti\" \/>\n<script type=\"application\/ld+json\" class=\"yoast-schema-graph\">{\"@context\":\"https:\/\/schema.org\",\"@graph\":[{\"@type\":\"WebPage\",\"@id\":\"http:\/\/ieu.university\/de\/administration\/\",\"url\":\"http:\/\/ieu.university\/de\/administration\/\",\"name\":\"INTERNATIONAL EUROPEAN UNIVERSITY | VERWALTUNG DER INTERNATIONAL EUROPEAN UNIVERSITY | PROFESSOREN DER INTERNATIONAL EUROPEAN UNIVERSITY | STUDIUM IN DER UKRAINE\",\"isPartOf\":{\"@id\":\"https:\/\/ieu.university\/#website\"},\"datePublished\":\"2024-06-25T08:01:59+00:00\",\"dateModified\":\"2025-01-06T09:32:15+00:00\",\"inLanguage\":\"it-IT\",\"potentialAction\":[{\"@type\":\"ReadAction\",\"target\":[\"http:\/\/ieu.university\/de\/administration\/\"]}]},{\"@type\":\"WebSite\",\"@id\":\"https:\/\/ieu.university\/#website\",\"url\":\"https:\/\/ieu.university\/\",\"name\":\"INTERNATIONAL EUROPEAN UNIVERSITY, UKRAINE | EUROPE | STUDY IN UKRAINE | STUDY IN EUROPE | MBBS | GENERAL MEDICINE | BUSINESS | ENGINEERING | IT | EUROPE\",\"description\":\"INTERNATIONAL EUROPEAN UNIVERSITY, UKRAINE | EUROPE | STUDY IN UKRAINE | STUDY IN EUROPE | MBBS | GENERAL MEDICINE | BUSINESS | ENGINEERING | IT | EUROPE\",\"potentialAction\":[{\"@type\":\"SearchAction\",\"target\":{\"@type\":\"EntryPoint\",\"urlTemplate\":\"https:\/\/ieu.university\/?s={search_term_string}\"},\"query-input\":\"required name=search_term_string\"}],\"inLanguage\":\"it-IT\"}]}<\/script>\n<!-- \/ Yoast SEO plugin. -->","yoast_head_json":{"title":"INTERNATIONAL EUROPEAN UNIVERSITY | VERWALTUNG DER INTERNATIONAL EUROPEAN UNIVERSITY | PROFESSOREN DER INTERNATIONAL EUROPEAN UNIVERSITY | STUDIUM IN DER UKRAINE","robots":{"index":"index","follow":"follow","max-snippet":"max-snippet:-1","max-image-preview":"max-image-preview:large","max-video-preview":"max-video-preview:-1"},"canonical":"http:\/\/ieu.university\/de\/administration\/","og_locale":"it_IT","og_type":"article","og_title":"INTERNATIONAL EUROPEAN UNIVERSITY | VERWALTUNG DER INTERNATIONAL EUROPEAN UNIVERSITY | PROFESSOREN DER INTERNATIONAL EUROPEAN UNIVERSITY | STUDIUM IN DER UKRAINE","og_description":"Amministrazione Rettore dell&#8217;Universit\u00e0 Europea Internazionale: Padalka Oleh Dottore in Pedagogia, Professore, Membro Corrispondente dell&#8217;Accademia Nazionale delle Scienze Pedagogiche dell&#8217;Ucraina, Lavoratore Onorato dell&#8217;Educazione dell&#8217;Ucraina Il Professor Padalka \u00e8 un noto scienziato nel campo dell&#8217;educazione economica delle tecnologie pedagogiche. \u00c8 uno dei fondatori delle suddette direzioni scientifiche e pionieri dell&#8217;Ucraina, le cui idee scientifiche sono sempre pi\u00f9 [&hellip;]","og_url":"http:\/\/ieu.university\/it\/administration\/","og_site_name":"INTERNATIONAL EUROPEAN UNIVERSITY, UKRAINE | EUROPE | STUDY IN UKRAINE | STUDY IN EUROPE | MBBS | GENERAL MEDICINE | BUSINESS | ENGINEERING | IT | EUROPE","article_modified_time":"2025-01-06T09:32:15+00:00","og_image":[{"width":1272,"height":386,"url":"http:\/\/ieu.university\/wp-content\/uploads\/2024\/07\/Administration.png","type":"image\/png"}],"twitter_card":"summary_large_image","twitter_misc":{"Tempo di lettura stimato":"6 minuti"},"schema":{"@context":"https:\/\/schema.org","@graph":[{"@type":"WebPage","@id":"http:\/\/ieu.university\/de\/administration\/","url":"http:\/\/ieu.university\/de\/administration\/","name":"INTERNATIONAL EUROPEAN UNIVERSITY | VERWALTUNG DER INTERNATIONAL EUROPEAN UNIVERSITY | PROFESSOREN DER INTERNATIONAL EUROPEAN UNIVERSITY | STUDIUM IN DER UKRAINE","isPartOf":{"@id":"https:\/\/ieu.university\/#website"},"datePublished":"2024-06-25T08:01:59+00:00","dateModified":"2025-01-06T09:32:15+00:00","inLanguage":"it-IT","potentialAction":[{"@type":"ReadAction","target":["http:\/\/ieu.university\/de\/administration\/"]}]},{"@type":"WebSite","@id":"https:\/\/ieu.university\/#website","url":"https:\/\/ieu.university\/","name":"INTERNATIONAL EUROPEAN UNIVERSITY, UKRAINE | EUROPE | STUDY IN UKRAINE | STUDY IN EUROPE | MBBS | GENERAL MEDICINE | BUSINESS | ENGINEERING | IT | EUROPE","description":"INTERNATIONAL EUROPEAN UNIVERSITY, UKRAINE | EUROPE | STUDY IN UKRAINE | STUDY IN EUROPE | MBBS | GENERAL MEDICINE | BUSINESS | ENGINEERING | IT | EUROPE","potentialAction":[{"@type":"SearchAction","target":{"@type":"EntryPoint","urlTemplate":"https:\/\/ieu.university\/?s={search_term_string}"},"query-input":"required name=search_term_string"}],"inLanguage":"it-IT"}]}},"_links":{"self":[{"href":"http:\/\/ieu.university\/it\/wp-json\/wp\/v2\/pages\/3387","targetHints":{"allow":["GET"]}}],"collection":[{"href":"http:\/\/ieu.university\/it\/wp-json\/wp\/v2\/pages"}],"about":[{"href":"http:\/\/ieu.university\/it\/wp-json\/wp\/v2\/types\/page"}],"author":[{"embeddable":true,"href":"http:\/\/ieu.university\/it\/wp-json\/wp\/v2\/users\/3"}],"replies":[{"embeddable":true,"href":"http:\/\/ieu.university\/it\/wp-json\/wp\/v2\/comments?post=3387"}],"version-history":[{"count":18,"href":"http:\/\/ieu.university\/it\/wp-json\/wp\/v2\/pages\/3387\/revisions"}],"predecessor-version":[{"id":4414,"href":"http:\/\/ieu.university\/it\/wp-json\/wp\/v2\/pages\/3387\/revisions\/4414"}],"wp:featuredmedia":[{"embeddable":true,"href":"http:\/\/ieu.university\/it\/wp-json\/wp\/v2\/media\/3699"}],"wp:attachment":[{"href":"http:\/\/ieu.university\/it\/wp-json\/wp\/v2\/media?parent=3387"}],"curies":[{"name":"wp","href":"https:\/\/api.w.org\/{rel}","templated":true}]}}