{"id":807,"date":"2022-09-29T17:53:30","date_gmt":"2022-09-29T14:53:30","guid":{"rendered":"http:\/\/ieu.university\/?page_id=807"},"modified":"2025-01-07T17:09:55","modified_gmt":"2025-01-07T14:09:55","slug":"about-ukraine","status":"publish","type":"page","link":"http:\/\/ieu.university\/it\/about-ukraine\/","title":{"rendered":"Sull&#8217;Ucraina"},"content":{"rendered":"<h2>Informazioni Generali sull&#8217;Ucraina<\/h2>\n<p>L&#8217;Ucraina, situata nell&#8217;Europa Orientale, \u00e8 il paese pi\u00f9 grande interamente situato in Europa per superficie terrestre, coprendo circa 603.500 chilometri quadrati. Confina con la Russia a est e a nordest, con la Bielorussia a nordovest, con Polonia, Slovacchia e Ungheria a ovest, con Romania e Moldavia a sudovest, e con il Mar Nero e il Mar d&#8217;Azov a sud. La <strong>diversit\u00e0 geografica<\/strong> dell&#8217;Ucraina include pianure fertili, steppe, altopiani e i Monti Carpazi a ovest. L&#8217;Ucraina \u00e8 divisa in 24 regioni amministrative, compreso il distretto della capitale e la Repubblica Autonoma di Crimea.<strong> Kyiv, <\/strong>la capitale, \u00e8 la citt\u00e0 pi\u00f9 importante e pi\u00f9 grande del paese.<\/p>\n<p>Secondo le stime pi\u00f9 recenti, l&#8217;Ucraina ha una popolazione di circa 41 milioni di abitanti. La capitale e la citt\u00e0 pi\u00f9 grande \u00e8 Kyiv (Kiev), un <strong>importante centro culturale, economico e politico. <\/strong>Kyiv \u00e8 anche un centro industriale, scientifico, educativo e culturale di rilievo nell&#8217;Europa Orientale. \u00c8 sede di numerose industrie ad alta tecnologia, istituzioni educative e monumenti storici importanti. La citt\u00e0 dispone di un&#8217;ampia infrastruttura e di un sistema di trasporto pubblico, tra cui la Metropolitana di Kyiv.<\/p>\n<h2>Clima<\/h2>\n<p>Il clima dell&#8217;Ucraina \u00e8 <strong>diversificato<\/strong>, variando dalle pianure costiere del Mar Nero fino ai Monti Carpazi a ovest. Le estati in Ucraina sono calde, specialmente nelle regioni meridionali e centrali. Le temperature medie variano tra i 20\u00b0C e i 25\u00b0C, ma possono superare i 30\u00b0C durante le ondate di calore. Gli <strong>inverni in Ucraina sono freddi<\/strong>, con temperature che variano significativamente tra le diverse regioni. Nelle parti settentrionali e centrali, le temperature medie si aggirano tra i -5\u00b0C e i -10\u00b0C, mentre nelle regioni meridionali gli inverni sono pi\u00f9 miti con temperature medie intorno ai 0\u00b0C e -5\u00b0C. Le regioni occidentali, comprese le Montagne Carpazi, ricevono pi\u00f9 precipitazioni a causa degli effetti orografici, con medie annuali che variano da 800 a 1200 mm. Al contrario, le regioni orientali e meridionali, specialmente le aree steppiche, sono pi\u00f9 secche con precipitazioni annuali di 400 a 600 mm.<\/p>\n<h2>Natura<\/h2>\n<p>L&#8217;Ucraina vanta un <strong>paesaggio naturale diversificato e pittoresco<\/strong> che comprende una variet\u00e0 di caratteristiche geografiche, dalle vaste pianure alle catene montuose, dai fiumi alle foreste e alle zone costiere. La maggior parte del territorio ucraino \u00e8 composta da ampie <strong>pianure e steppe<\/strong>, in particolare nelle regioni centrali e orientali. Le steppe ucraine sono caratterizzate da<strong> fertile suolo nero<\/strong>, noto come <strong>chernozem<\/strong>, particolarmente adatto all&#8217;agricoltura. Animali come aquile di steppe, volpi, antilopi saiga (nelle steppe meridionali) e numerose specie di uccelli abitano queste vaste pianure.<\/p>\n<p>Nell&#8217;Ucraina occidentale, i Monti Carpazi si estendono lungo il confine con Polonia, Slovacchia e Romania. I<strong> Carpazi ucraini <\/strong>si caratterizzano per pendii boscosi, ruscelli di montagna cristallini e prati pittoreschi. Il punto pi\u00f9 alto dell&#8217;Ucraina, Hoverla, raggiunge i 2.061 metri sul livello del mare. I Carpazi sono noti per la loro <strong>ricca biodiversit\u00e0 <\/strong>e sono protetti da diversi parchi nazionali e riserve naturali, come la Riserva della Biosfera dei Carpazi e il Parco Naturale Nazionale Hutsulshchyna.<\/p>\n<p>A sud, l&#8217;Ucraina ha una c<strong>osta lungo il Mar Nero e il Mar d&#8217;Azov.<\/strong> La costa del Mar Nero si estende per 2.782 chilometri ed \u00e8 caratterizzata da spiagge sabbiose, scogliere rocciose e citt\u00e0 balneari come Odesa e Yalta. La regione costiera gode di un <strong>clima marittimo moderato <\/strong>con inverni miti e estati calde. Il Mar Nero sostiene un ricco ecosistema marino con diverse specie di pesci, delfini e uccelli marini. Il Mar d&#8217;Azov, collegato al Mar Nero tramite lo <strong>Stretto di Kerch<\/strong>, \u00e8 influenzato dagli afflussi di acqua dolce da fiumi come il Don e il Kuban.<\/p>\n<h2>Turismo<\/h2>\n<p>Il turismo in Ucraina offre una <strong>miscela di attrazioni culturali, luoghi storici, bellezze naturali e esperienze diverse in tutto il suo vasto territorio.<\/strong> I turisti da tutto il mondo vengono qui non solo per godere della splendida natura dell&#8217;Ucraina, ma anche per familiarizzare con il ricco patrimonio culturale del paese, partecipare a eventi internazionali creativi e assaggiare la famosa cucina ucraina. L&#8217;Ucraina, con la sua<strong> natura variegata,<\/strong> \u00e8 davvero un luogo unico da visitare. Ci sono catene montuose qui &#8211; i Carpazi sono adatti per lo sci, l&#8217;escursionismo, la pesca e la caccia. La <strong>costa del Mar Nero<\/strong> \u00e8 una popolare destinazione estiva.<\/p>\n<p>Al centro del turismo ucraino si trova Kyiv, l&#8217;<strong>antica capitale ricca di meraviglie architettoniche e luoghi storici<\/strong>. La Cattedrale di Santa Sofia, sito Patrimonio Mondiale dell&#8217;<strong>UNESCO<\/strong>, \u00e8 un esempio di architettura bizantina, adornata con mosaici e affreschi intricati risalenti a oltre un millennio fa. I Monti Carpazi nell&#8217;Ucraina occidentale offrono un <strong>rifugio di bellezza naturale<\/strong> e avventura all&#8217;aria aperta. Cime imponenti, foreste lussureggianti e prati alpini attraggono escursionisti e sciatori. La cultura tradizionale Hutsul prospera in queste terre alte, dove i visitatori possono immergersi nella folklore, nell&#8217;artigianato e nella robusta cucina montana.<\/p>\n<p>Durante tutto l&#8217;anno, l&#8217;Ucraina ospita una <strong>vivace variet\u00e0 di eventi culturali e festival<\/strong>. Le festivit\u00e0 del Giorno di Kyiv e dell&#8217;Indipendenza illuminano la capitale con concerti, parate e fuochi d&#8217;artificio, celebrando il orgoglio e l&#8217;unit\u00e0 nazionale. Il Festival Internazionale del Jazz di Lviv attira appassionati di musica da tutto il mondo, mentre il Festival Internazionale del Cinema di Odesa presenta il cinema internazionale sullo sfondo del Mar Nero. Dai luoghi storici e le meraviglie naturali ai festival culturali e ai piaceri culinari, l&#8217;Ucraina invita i viaggiatori a scoprire il suo fascino senza tempo e il suo spirito vibrante, promettendo avventure indimenticabili nel cuore dell&#8217;Europa Orientale.<\/p>\n<h2>Cucina<\/h2>\n<p>La cucina ucraina \u00e8 incentrata su <strong>cibi nutrienti e confortanti,<\/strong> perfetti per riempire lo stomaco e riscaldare l&#8217;anima. \u00c8 profondamente connessa alle tradizioni agricole del paese e agli ingredienti che prosperano nei suoi suoli fertili. Si producono deliziosi <strong>pane<\/strong>, come il pane nero di segale, che costituiscono una parte importante dei pasti. Le patate sono molto importanti: vengono utilizzate in tutto, dai <strong>dumpling<\/strong> ai <strong>pancake<\/strong>. Maiale e pollame sono le carni pi\u00f9 comuni, ma si apprezzano anche manzo e agnello. Gli ucraini utilizzano la carne in stufati, salsicce e anche gelatine saporite chiamate <strong>kholodets<\/strong>.<\/p>\n<p>Gli ucraini adorano i loro dumpling, chiamati <strong>varenyky<\/strong>, che possono essere farciti con patate, formaggio, funghi o frutta. Sono di solito serviti con panna acida e cipolle fritte<\/p>\n<h2>Sicurezza<\/h2>\n<p>Ogni residente dell&#8217;Ucraina o turista che ha visitato questo posto ti dir\u00e0 con sicurezza che \u00e8 un <strong>paese molto sicuro e affidabile<\/strong>. Soggiornando in un ostello, camminando per le strade, viaggiando per il paese, <strong>non dovrai preoccuparti <\/strong>di incontrare situazioni negative. Se hai dei problemi e hai bisogno di aiuto, troverai persone disposte a fare del loro meglio per assisterti o darti istruzioni. Inoltre, il <strong>sistema di polizia<\/strong> funziona bene in Ucraina. Sui campus, negli ostelli e nelle universit\u00e0 sono installate telecamere e sistemi di allarme. Le aziende di sicurezza universitaria garantiscono<strong> sicurezza 24 ore su 24, 7 giorni su 7<\/strong> nei campus e negli ostelli. Le telecamere sono attive sui campus, anche in alcune grandi aree residenziali.<\/p>\n","protected":false},"excerpt":{"rendered":"<p>Informazioni Generali sull&#8217;Ucraina L&#8217;Ucraina, situata nell&#8217;Europa Orientale, \u00e8 il paese pi\u00f9 grande interamente situato in Europa per superficie terrestre, coprendo circa 603.500 chilometri quadrati. Confina con la Russia a est e a nordest, con la Bielorussia a nordovest, con Polonia, Slovacchia e Ungheria a ovest, con Romania e Moldavia a sudovest, e con il Mar [&hellip;]<\/p>\n","protected":false},"author":1,"featured_media":3616,"parent":0,"menu_order":0,"comment_status":"closed","ping_status":"closed","template":"","meta":{"ngg_post_thumbnail":0,"footnotes":""},"class_list":["post-807","page","type-page","status-publish","has-post-thumbnail","hentry"],"acf":[],"yoast_head":"<!-- This site is optimized with the Yoast SEO plugin v20.8 - https:\/\/yoast.com\/wordpress\/plugins\/seo\/ -->\n<title>ACERCA DE UCRANIA | ESTUDIAR EN UCRANIA | EDUCACI\u00d3N SUPERIOR EN UCRANIA | QU\u00c9 TIEMPO HACE EN UCRANIA | QU\u00c9 HACER EN UCRANIA | TURISMO EN UCRANIA | COMIDA EN UCRANIA | D\u00d3NDE EN UCRANIA<\/title>\n<meta name=\"robots\" content=\"index, follow, max-snippet:-1, max-image-preview:large, max-video-preview:-1\" \/>\n<link rel=\"canonical\" href=\"https:\/\/ieu.university\/es\/about-ukraine\/\" \/>\n<meta property=\"og:locale\" content=\"it_IT\" \/>\n<meta property=\"og:type\" content=\"article\" \/>\n<meta property=\"og:title\" content=\"ACERCA DE UCRANIA | ESTUDIAR EN UCRANIA | EDUCACI\u00d3N SUPERIOR EN UCRANIA | QU\u00c9 TIEMPO HACE EN UCRANIA | QU\u00c9 HACER EN UCRANIA | TURISMO EN UCRANIA | COMIDA EN UCRANIA | D\u00d3NDE EN UCRANIA\" \/>\n<meta property=\"og:description\" content=\"Informazioni Generali sull&#8217;Ucraina L&#8217;Ucraina, situata nell&#8217;Europa Orientale, \u00e8 il paese pi\u00f9 grande interamente situato in Europa per superficie terrestre, coprendo circa 603.500 chilometri quadrati. Confina con la Russia a est e a nordest, con la Bielorussia a nordovest, con Polonia, Slovacchia e Ungheria a ovest, con Romania e Moldavia a sudovest, e con il Mar [&hellip;]\" \/>\n<meta property=\"og:url\" content=\"http:\/\/ieu.university\/it\/about-ukraine\/\" \/>\n<meta property=\"og:site_name\" content=\"INTERNATIONAL EUROPEAN UNIVERSITY, UKRAINE | EUROPE | STUDY IN UKRAINE | STUDY IN EUROPE | MBBS | GENERAL MEDICINE | BUSINESS | ENGINEERING | IT | EUROPE\" \/>\n<meta property=\"article:modified_time\" content=\"2025-01-07T14:09:55+00:00\" \/>\n<meta property=\"og:image\" content=\"https:\/\/ieu.university\/wp-content\/uploads\/2024\/07\/About-Ukraine.png\" \/>\n\t<meta property=\"og:image:width\" content=\"1272\" \/>\n\t<meta property=\"og:image:height\" content=\"386\" \/>\n\t<meta property=\"og:image:type\" content=\"image\/png\" \/>\n<meta name=\"twitter:card\" content=\"summary_large_image\" \/>\n<meta name=\"twitter:label1\" content=\"Tempo di lettura stimato\" \/>\n\t<meta name=\"twitter:data1\" content=\"6 minuti\" \/>\n<script type=\"application\/ld+json\" class=\"yoast-schema-graph\">{\"@context\":\"https:\/\/schema.org\",\"@graph\":[{\"@type\":\"WebPage\",\"@id\":\"https:\/\/ieu.university\/es\/about-ukraine\/\",\"url\":\"https:\/\/ieu.university\/es\/about-ukraine\/\",\"name\":\"ACERCA DE UCRANIA | ESTUDIAR EN UCRANIA | EDUCACI\u00d3N SUPERIOR EN UCRANIA | QU\u00c9 TIEMPO HACE EN UCRANIA | QU\u00c9 HACER EN UCRANIA | TURISMO EN UCRANIA | COMIDA EN UCRANIA | D\u00d3NDE EN UCRANIA\",\"isPartOf\":{\"@id\":\"https:\/\/ieu.university\/#website\"},\"datePublished\":\"2022-09-29T14:53:30+00:00\",\"dateModified\":\"2025-01-07T14:09:55+00:00\",\"inLanguage\":\"it-IT\",\"potentialAction\":[{\"@type\":\"ReadAction\",\"target\":[\"https:\/\/ieu.university\/es\/about-ukraine\/\"]}]},{\"@type\":\"WebSite\",\"@id\":\"https:\/\/ieu.university\/#website\",\"url\":\"https:\/\/ieu.university\/\",\"name\":\"INTERNATIONAL EUROPEAN UNIVERSITY, UKRAINE | EUROPE | STUDY IN UKRAINE | STUDY IN EUROPE | MBBS | GENERAL MEDICINE | BUSINESS | ENGINEERING | IT | EUROPE\",\"description\":\"INTERNATIONAL EUROPEAN UNIVERSITY, UKRAINE | EUROPE | STUDY IN UKRAINE | STUDY IN EUROPE | MBBS | GENERAL MEDICINE | BUSINESS | ENGINEERING | IT | EUROPE\",\"potentialAction\":[{\"@type\":\"SearchAction\",\"target\":{\"@type\":\"EntryPoint\",\"urlTemplate\":\"https:\/\/ieu.university\/?s={search_term_string}\"},\"query-input\":\"required name=search_term_string\"}],\"inLanguage\":\"it-IT\"}]}<\/script>\n<!-- \/ Yoast SEO plugin. -->","yoast_head_json":{"title":"ACERCA DE UCRANIA | ESTUDIAR EN UCRANIA | EDUCACI\u00d3N SUPERIOR EN UCRANIA | QU\u00c9 TIEMPO HACE EN UCRANIA | QU\u00c9 HACER EN UCRANIA | TURISMO EN UCRANIA | COMIDA EN UCRANIA | D\u00d3NDE EN UCRANIA","robots":{"index":"index","follow":"follow","max-snippet":"max-snippet:-1","max-image-preview":"max-image-preview:large","max-video-preview":"max-video-preview:-1"},"canonical":"https:\/\/ieu.university\/es\/about-ukraine\/","og_locale":"it_IT","og_type":"article","og_title":"ACERCA DE UCRANIA | ESTUDIAR EN UCRANIA | EDUCACI\u00d3N SUPERIOR EN UCRANIA | QU\u00c9 TIEMPO HACE EN UCRANIA | QU\u00c9 HACER EN UCRANIA | TURISMO EN UCRANIA | COMIDA EN UCRANIA | D\u00d3NDE EN UCRANIA","og_description":"Informazioni Generali sull&#8217;Ucraina L&#8217;Ucraina, situata nell&#8217;Europa Orientale, \u00e8 il paese pi\u00f9 grande interamente situato in Europa per superficie terrestre, coprendo circa 603.500 chilometri quadrati. Confina con la Russia a est e a nordest, con la Bielorussia a nordovest, con Polonia, Slovacchia e Ungheria a ovest, con Romania e Moldavia a sudovest, e con il Mar [&hellip;]","og_url":"http:\/\/ieu.university\/it\/about-ukraine\/","og_site_name":"INTERNATIONAL EUROPEAN UNIVERSITY, UKRAINE | EUROPE | STUDY IN UKRAINE | STUDY IN EUROPE | MBBS | GENERAL MEDICINE | BUSINESS | ENGINEERING | IT | EUROPE","article_modified_time":"2025-01-07T14:09:55+00:00","og_image":[{"width":1272,"height":386,"url":"https:\/\/ieu.university\/wp-content\/uploads\/2024\/07\/About-Ukraine.png","type":"image\/png"}],"twitter_card":"summary_large_image","twitter_misc":{"Tempo di lettura stimato":"6 minuti"},"schema":{"@context":"https:\/\/schema.org","@graph":[{"@type":"WebPage","@id":"https:\/\/ieu.university\/es\/about-ukraine\/","url":"https:\/\/ieu.university\/es\/about-ukraine\/","name":"ACERCA DE UCRANIA | ESTUDIAR EN UCRANIA | EDUCACI\u00d3N SUPERIOR EN UCRANIA | QU\u00c9 TIEMPO HACE EN UCRANIA | QU\u00c9 HACER EN UCRANIA | TURISMO EN UCRANIA | COMIDA EN UCRANIA | D\u00d3NDE EN UCRANIA","isPartOf":{"@id":"https:\/\/ieu.university\/#website"},"datePublished":"2022-09-29T14:53:30+00:00","dateModified":"2025-01-07T14:09:55+00:00","inLanguage":"it-IT","potentialAction":[{"@type":"ReadAction","target":["https:\/\/ieu.university\/es\/about-ukraine\/"]}]},{"@type":"WebSite","@id":"https:\/\/ieu.university\/#website","url":"https:\/\/ieu.university\/","name":"INTERNATIONAL EUROPEAN UNIVERSITY, UKRAINE | EUROPE | STUDY IN UKRAINE | STUDY IN EUROPE | MBBS | GENERAL MEDICINE | BUSINESS | ENGINEERING | IT | EUROPE","description":"INTERNATIONAL EUROPEAN UNIVERSITY, UKRAINE | EUROPE | STUDY IN UKRAINE | STUDY IN EUROPE | MBBS | GENERAL MEDICINE | BUSINESS | ENGINEERING | IT | EUROPE","potentialAction":[{"@type":"SearchAction","target":{"@type":"EntryPoint","urlTemplate":"https:\/\/ieu.university\/?s={search_term_string}"},"query-input":"required name=search_term_string"}],"inLanguage":"it-IT"}]}},"_links":{"self":[{"href":"http:\/\/ieu.university\/it\/wp-json\/wp\/v2\/pages\/807","targetHints":{"allow":["GET"]}}],"collection":[{"href":"http:\/\/ieu.university\/it\/wp-json\/wp\/v2\/pages"}],"about":[{"href":"http:\/\/ieu.university\/it\/wp-json\/wp\/v2\/types\/page"}],"author":[{"embeddable":true,"href":"http:\/\/ieu.university\/it\/wp-json\/wp\/v2\/users\/1"}],"replies":[{"embeddable":true,"href":"http:\/\/ieu.university\/it\/wp-json\/wp\/v2\/comments?post=807"}],"version-history":[{"count":27,"href":"http:\/\/ieu.university\/it\/wp-json\/wp\/v2\/pages\/807\/revisions"}],"predecessor-version":[{"id":4580,"href":"http:\/\/ieu.university\/it\/wp-json\/wp\/v2\/pages\/807\/revisions\/4580"}],"wp:featuredmedia":[{"embeddable":true,"href":"http:\/\/ieu.university\/it\/wp-json\/wp\/v2\/media\/3616"}],"wp:attachment":[{"href":"http:\/\/ieu.university\/it\/wp-json\/wp\/v2\/media?parent=807"}],"curies":[{"name":"wp","href":"https:\/\/api.w.org\/{rel}","templated":true}]}}