{"id":82,"date":"2022-09-22T13:54:15","date_gmt":"2022-09-22T10:54:15","guid":{"rendered":"http:\/\/ieu.university\/?page_id=82"},"modified":"2025-01-06T12:51:11","modified_gmt":"2025-01-06T09:51:11","slug":"online-classes","status":"publish","type":"page","link":"http:\/\/ieu.university\/it\/online-classes\/","title":{"rendered":"Classi Online"},"content":{"rendered":"<h2>Classi Online<\/h2>\n<p>L&#8217;<strong>Universit\u00e0 Europea Internazionale <\/strong>si impegna a garantire l&#8217;accesso all&#8217;istruzione superiore in Europa a tutti gli studenti, indipendentemente dalla loro ubicazione. L&#8217;ambiente di apprendimento virtuale dell&#8217;universit\u00e0 consente agli studenti di conseguire lauree e master online da qualsiasi angolo del mondo. La<strong> piattaforma di formazione online <\/strong>\u00e8 progettata per fornire agli studenti un&#8217;istruzione di livello mondiale in <strong>lingua inglese<\/strong>. Grazie alle tasse universitarie accessibili, migliaia di studenti internazionali hanno l&#8217;opportunit\u00e0 di perseguire i loro sogni accademici <strong>senza dover affrontare difficolt\u00e0 finanziarie.<\/strong><\/p>\n<p>Il <strong>personale docente dell&#8217;Universit\u00e0 Europea Internazionale<\/strong> si impegna con passione a sfruttare le moderne tecnologie, le aule online, le piattaforme web interattive e le risorse digitali per creare un&#8217;esperienza di apprendimento dinamica e coinvolgente. Gli strumenti innovativi dell&#8217;universit\u00e0 consentono agli studenti di comunicare facilmente con i professori, completare i compiti e superare gli esami senza essere fisicamente presenti in aula. L&#8217;<strong>Universit\u00e0 Europea Internazionale<\/strong> ha creato una piattaforma didattica online per gli studenti che iniziano a frequentare corsi online di economia, medicina, informatica, giurisprudenza, architettura e ingegneria, scienze umane o scienze della vita. L&#8217;universit\u00e0 ha sviluppato programmi di apprendimento a distanza unici, guidati da docenti professionisti, scienziati e medici, che <strong>si<\/strong> <strong>allineano con gli orari dei nostri programmi offline.<\/strong><\/p>\n<p>Dopo essersi registrati sulla<strong> piattaforma didattica<\/strong> dell&#8217;Universit\u00e0 Europea Internazionale, gli studenti internazionali possono iniziare immediatamente le lezioni. La piattaforma consente agli studenti di <strong>pianificare <\/strong>i loro<strong> programmi<\/strong>, di rivedere gli obiettivi di apprendimento, di accedere al materiale didattico e di partecipare ai <strong>forum di discussione <\/strong>con i docenti e gli altri studenti che stanno conseguendo una <strong>laurea online in Europa. <\/strong>L&#8217;Universit\u00e0 Europea Internazionale offre agli studenti internazionali l&#8217;opportunit\u00e0 di ottenere una laurea online in inglese di fama mondiale da qualsiasi luogo. I programmi online sono approvati dal Ministero dell&#8217;Istruzione dell&#8217;Ucraina. Le lauree conseguite nei settori prescelti sono riconosciute da organizzazioni prestigiose come l&#8217;Organizzazione Mondiale della Sanit\u00e0 (<strong>OMS<\/strong>), il Medical Education Directory (<strong>IMED<\/strong>), la Education Commission for Foreign Medical Graduates (<strong>ECFMG<\/strong>) e il Medical Council of Canada (<strong>MCC<\/strong>).<\/p>\n<h2>Come funziona?<\/h2>\n<p>L&#8217;Universit\u00e0 Europea Internazionale ha sviluppato una piattaforma di apprendimento online adatta al suo corpo studentesco internazionale. Questo <strong>hub di facile utilizzo<\/strong> funge da risorsa centrale per gli studenti iscritti ai corsi di laurea online e a distanza. La piattaforma offre un&#8217;ampia gamma di risorse digitali, tra cui una biblioteca completa, materiale didattico e vari servizi di supporto agli studenti, accessibili<strong> 24 ore su 24, 7 giorni su 7. <\/strong>Ogni studente ha a disposizione un account personale. Ogni studente dispone di un account personale, che gli consente di apprendere secondo i<strong> propri ritmi <\/strong>e le<strong> proprie convenienze<\/strong>, soddisfacendo sia i nottambuli che i mattinieri.<\/p>\n<p>L<strong>&#8216;International European University <\/strong>adotta un approccio olistico all&#8217;istruzione online, offrendo una vasta gamma di risorse per arricchire le conoscenze e le competenze degli studenti nei rispettivi settori. Il programma comprende lezioni video, presentazioni in PowerPoint, letture consigliate e brevi valutazioni per valutare la comprensione. Per favorire una comprensione pi\u00f9 profonda, l&#8217;universit\u00e0 assegna progetti e compiti impegnativi, promuovendo il<strong> pensiero critico <\/strong>e l&#8217;<strong>apprendimento indipendente<\/strong>. Le lezioni online dal vivo sono parte integrante del sistema di istruzione online dell&#8217;universit\u00e0 e facilitano il coinvolgimento globale degli studenti con gli stimati docenti attraverso lezioni e discussioni in tempo reale. Al momento dell&#8217;iscrizione, gli studenti ricevono le<strong> credenziali di accesso<\/strong> per i loro account personali, che consentono di accedere a incontri video programmati, sessioni interattive, compiti ed esami.<\/p>\n<p>La<strong> piattaforma educativa dell&#8217;Universit\u00e0 Europea<\/strong> Internazionale consente agli studenti di rivedere le lezioni e le conferenze a loro piacimento, enfatizzando la flessibilit\u00e0 nell&#8217;apprendimento. L&#8217;universit\u00e0 d\u00e0 priorit\u00e0 a solidi servizi di supporto agli studenti, offrendo canali di comunicazione diretti per consultazioni e assistenza in tempo reale. Al momento dell&#8217;iscrizione, gli studenti ricevono credenziali di accesso uniche che consentono loro di accedere al proprio account personale di studente, dove possono<strong> visualizzare programmi, compiti, test e altri materiali rilevanti.<\/strong> Le lezioni dal vivo sono condotte attraverso la piattaforma o applicazioni esterne come Skype o Zoom, garantendo l&#8217;accessibilit\u00e0 da qualsiasi luogo. Rispettando la privacy e la sicurezza delle informazioni degli studenti, l&#8217;universit\u00e0 sfrutta le moderne tecnologie e i metodi di insegnamento innovativi per offrire un&#8217;esperienza di apprendimento online coinvolgente, preparando gli studenti al successo nella loro carriera.<\/p>\n<h2>I vantaggi dell&#8217;istruzione online<\/h2>\n<p><strong>La flessibilit\u00e0 \u00e8 un aspetto chiave dell&#8217;<\/strong>istruzione online dell&#8217;Universit\u00e0 Europea Internazionale, che consente agli studenti di seguire un&#8217;<strong>istruzione di alta qualit\u00e0 in Europa<\/strong> e di gestire efficacemente i propri impegni. Attraverso la piattaforma di istruzione online dell&#8217;universit\u00e0, <strong>accessibile 24 ore su 24, 7 giorni su 7<\/strong>, gli studenti possono accedere ai materiali dei corsi, alle lezioni e ai seminari a loro piacimento. Tutte le risorse sono archiviate in account personali, consentendo agli studenti di farvi riferimento in caso di necessit\u00e0 e di imparare al <strong>proprio ritmo.<\/strong><\/p>\n<p>L&#8217;<strong>accessibilit\u00e0 dei programmi online<\/strong> e a distanza dell&#8217;Universit\u00e0 Europea Internazionale garantisce agli studenti di tutto il mondo un&#8217;istruzione di qualit\u00e0. La piattaforma di formazione online \u00e8 facilmente accessibile da qualsiasi dispositivo dotato di connettivit\u00e0 internet e tutte le<strong> sessioni sono registrate e archiviate per la revisione<\/strong>, migliorando l&#8217;esperienza di apprendimento. I corsi di laurea online dell&#8217;universit\u00e0 offrono opzioni di istruzione a prezzi accessibili, riducendo al minimo la necessit\u00e0 di risorse e le spese di trasporto e alloggio. La disponibilit\u00e0 di <strong>materiali di studio 24 ore su 24 <\/strong>e l&#8217;accesso a lezioni registrate dal vivo contribuiscono all&#8217;economicit\u00e0 e alla comodit\u00e0 dell&#8217;apprendimento online.<\/p>\n<p>La<strong> personalizzazione<\/strong> \u00e8 un <strong>aspetto importante<\/strong> dell&#8217;istruzione online dell&#8217;Universit\u00e0 Europea Internazionale, che risponde alle preferenze individuali di apprendimento attraverso tecnologie di <strong>apprendimento adattativo<\/strong> e percorsi di apprendimento personalizzati. Ci\u00f2 favorisce la partecipazione attiva e l&#8217;impegno, a vantaggio degli studenti che potrebbero avere difficolt\u00e0 con i metodi di insegnamento tradizionali. La guida di esperti in vari settori migliora la qualit\u00e0 dell&#8217;istruzione online. I <strong>professori <\/strong>e il <strong>personale di supporto <\/strong>forniscono un&#8217;assistenza e una guida personalizzate durante il percorso accademico degli studenti, garantendo un&#8217;esperienza di apprendimento di<strong> alta qualit\u00e0.<\/strong><\/p>\n<p>L&#8217;<strong>impegno dell&#8217;Universit\u00e0 Europea Internazionale<\/strong> per l&#8217;inclusivit\u00e0 garantisce che l&#8217;istruzione online accolga gli studenti con esigenze di apprendimento diverse. Vengono effettuati adattamenti per supportare gli studenti con disabilit\u00e0, garantendo un accesso equo all&#8217;istruzione per tutti. L&#8217;<strong>istruzione online <\/strong>fornisce agli studenti competenze tecniche moderne che sono molto apprezzate nel mercato del lavoro, migliorando la loro occupabilit\u00e0 e le prospettive di carriera. Grazie a diversi strumenti e piattaforme online, gli studenti internazionali sviluppano <strong>competenze in materia<\/strong> di ricerca, elaborazione di testi, videoconferenze e altro ancora, preparandosi a<strong> futuri impegni professionali.<\/strong><\/p>\n","protected":false},"excerpt":{"rendered":"<p>Classi Online L&#8217;Universit\u00e0 Europea Internazionale si impegna a garantire l&#8217;accesso all&#8217;istruzione superiore in Europa a tutti gli studenti, indipendentemente dalla loro ubicazione. L&#8217;ambiente di apprendimento virtuale dell&#8217;universit\u00e0 consente agli studenti di conseguire lauree e master online da qualsiasi angolo del mondo. La piattaforma di formazione online \u00e8 progettata per fornire agli studenti un&#8217;istruzione di livello [&hellip;]<\/p>\n","protected":false},"author":1,"featured_media":3646,"parent":0,"menu_order":0,"comment_status":"closed","ping_status":"closed","template":"","meta":{"ngg_post_thumbnail":0,"footnotes":""},"class_list":["post-82","page","type-page","status-publish","has-post-thumbnail","hentry"],"acf":[],"yoast_head":"<!-- This site is optimized with the Yoast SEO plugin v20.8 - https:\/\/yoast.com\/wordpress\/plugins\/seo\/ -->\n<title>ONLINE CLASSES IN UKRAINE | ONLINE EDUCATION IN EUROPE | STUDY MEDICINE ONLINE IN EUROPE | AFFORDABLE ONLINE EDUCATION IN ENGLISH | DISTANCE MODE OF EDUCATION IN ENGLISH<\/title>\n<meta name=\"robots\" content=\"index, follow, max-snippet:-1, max-image-preview:large, max-video-preview:-1\" \/>\n<link rel=\"canonical\" href=\"http:\/\/ieu.university\/it\/online-classes\/\" \/>\n<meta property=\"og:locale\" content=\"it_IT\" \/>\n<meta property=\"og:type\" content=\"article\" \/>\n<meta property=\"og:title\" content=\"ONLINE CLASSES IN UKRAINE | ONLINE EDUCATION IN EUROPE | STUDY MEDICINE ONLINE IN EUROPE | AFFORDABLE ONLINE EDUCATION IN ENGLISH | DISTANCE MODE OF EDUCATION IN ENGLISH\" \/>\n<meta property=\"og:description\" content=\"Classi Online L&#8217;Universit\u00e0 Europea Internazionale si impegna a garantire l&#8217;accesso all&#8217;istruzione superiore in Europa a tutti gli studenti, indipendentemente dalla loro ubicazione. L&#8217;ambiente di apprendimento virtuale dell&#8217;universit\u00e0 consente agli studenti di conseguire lauree e master online da qualsiasi angolo del mondo. La piattaforma di formazione online \u00e8 progettata per fornire agli studenti un&#8217;istruzione di livello [&hellip;]\" \/>\n<meta property=\"og:url\" content=\"http:\/\/ieu.university\/it\/online-classes\/\" \/>\n<meta property=\"og:site_name\" content=\"INTERNATIONAL EUROPEAN UNIVERSITY, UKRAINE | EUROPE | STUDY IN UKRAINE | STUDY IN EUROPE | MBBS | GENERAL MEDICINE | BUSINESS | ENGINEERING | IT | EUROPE\" \/>\n<meta property=\"article:modified_time\" content=\"2025-01-06T09:51:11+00:00\" \/>\n<meta property=\"og:image\" content=\"http:\/\/ieu.university\/wp-content\/uploads\/2024\/07\/Online-Classes.png\" \/>\n\t<meta property=\"og:image:width\" content=\"1272\" \/>\n\t<meta property=\"og:image:height\" content=\"386\" \/>\n\t<meta property=\"og:image:type\" content=\"image\/png\" \/>\n<meta name=\"twitter:card\" content=\"summary_large_image\" \/>\n<meta name=\"twitter:label1\" content=\"Tempo di lettura stimato\" \/>\n\t<meta name=\"twitter:data1\" content=\"4 minuti\" \/>\n<script type=\"application\/ld+json\" class=\"yoast-schema-graph\">{\"@context\":\"https:\/\/schema.org\",\"@graph\":[{\"@type\":\"WebPage\",\"@id\":\"http:\/\/ieu.university\/it\/online-classes\/\",\"url\":\"http:\/\/ieu.university\/it\/online-classes\/\",\"name\":\"ONLINE CLASSES IN UKRAINE | ONLINE EDUCATION IN EUROPE | STUDY MEDICINE ONLINE IN EUROPE | AFFORDABLE ONLINE EDUCATION IN ENGLISH | DISTANCE MODE OF EDUCATION IN ENGLISH\",\"isPartOf\":{\"@id\":\"https:\/\/ieu.university\/#website\"},\"datePublished\":\"2022-09-22T10:54:15+00:00\",\"dateModified\":\"2025-01-06T09:51:11+00:00\",\"inLanguage\":\"it-IT\",\"potentialAction\":[{\"@type\":\"ReadAction\",\"target\":[\"http:\/\/ieu.university\/it\/online-classes\/\"]}]},{\"@type\":\"WebSite\",\"@id\":\"https:\/\/ieu.university\/#website\",\"url\":\"https:\/\/ieu.university\/\",\"name\":\"INTERNATIONAL EUROPEAN UNIVERSITY, UKRAINE | EUROPE | STUDY IN UKRAINE | STUDY IN EUROPE | MBBS | GENERAL MEDICINE | BUSINESS | ENGINEERING | IT | EUROPE\",\"description\":\"INTERNATIONAL EUROPEAN UNIVERSITY, UKRAINE | EUROPE | STUDY IN UKRAINE | STUDY IN EUROPE | MBBS | GENERAL MEDICINE | BUSINESS | ENGINEERING | IT | EUROPE\",\"potentialAction\":[{\"@type\":\"SearchAction\",\"target\":{\"@type\":\"EntryPoint\",\"urlTemplate\":\"https:\/\/ieu.university\/?s={search_term_string}\"},\"query-input\":\"required name=search_term_string\"}],\"inLanguage\":\"it-IT\"}]}<\/script>\n<!-- \/ Yoast SEO plugin. -->","yoast_head_json":{"title":"ONLINE CLASSES IN UKRAINE | ONLINE EDUCATION IN EUROPE | STUDY MEDICINE ONLINE IN EUROPE | AFFORDABLE ONLINE EDUCATION IN ENGLISH | DISTANCE MODE OF EDUCATION IN ENGLISH","robots":{"index":"index","follow":"follow","max-snippet":"max-snippet:-1","max-image-preview":"max-image-preview:large","max-video-preview":"max-video-preview:-1"},"canonical":"http:\/\/ieu.university\/it\/online-classes\/","og_locale":"it_IT","og_type":"article","og_title":"ONLINE CLASSES IN UKRAINE | ONLINE EDUCATION IN EUROPE | STUDY MEDICINE ONLINE IN EUROPE | AFFORDABLE ONLINE EDUCATION IN ENGLISH | DISTANCE MODE OF EDUCATION IN ENGLISH","og_description":"Classi Online L&#8217;Universit\u00e0 Europea Internazionale si impegna a garantire l&#8217;accesso all&#8217;istruzione superiore in Europa a tutti gli studenti, indipendentemente dalla loro ubicazione. L&#8217;ambiente di apprendimento virtuale dell&#8217;universit\u00e0 consente agli studenti di conseguire lauree e master online da qualsiasi angolo del mondo. La piattaforma di formazione online \u00e8 progettata per fornire agli studenti un&#8217;istruzione di livello [&hellip;]","og_url":"http:\/\/ieu.university\/it\/online-classes\/","og_site_name":"INTERNATIONAL EUROPEAN UNIVERSITY, UKRAINE | EUROPE | STUDY IN UKRAINE | STUDY IN EUROPE | MBBS | GENERAL MEDICINE | BUSINESS | ENGINEERING | IT | EUROPE","article_modified_time":"2025-01-06T09:51:11+00:00","og_image":[{"width":1272,"height":386,"url":"http:\/\/ieu.university\/wp-content\/uploads\/2024\/07\/Online-Classes.png","type":"image\/png"}],"twitter_card":"summary_large_image","twitter_misc":{"Tempo di lettura stimato":"4 minuti"},"schema":{"@context":"https:\/\/schema.org","@graph":[{"@type":"WebPage","@id":"http:\/\/ieu.university\/it\/online-classes\/","url":"http:\/\/ieu.university\/it\/online-classes\/","name":"ONLINE CLASSES IN UKRAINE | ONLINE EDUCATION IN EUROPE | STUDY MEDICINE ONLINE IN EUROPE | AFFORDABLE ONLINE EDUCATION IN ENGLISH | DISTANCE MODE OF EDUCATION IN ENGLISH","isPartOf":{"@id":"https:\/\/ieu.university\/#website"},"datePublished":"2022-09-22T10:54:15+00:00","dateModified":"2025-01-06T09:51:11+00:00","inLanguage":"it-IT","potentialAction":[{"@type":"ReadAction","target":["http:\/\/ieu.university\/it\/online-classes\/"]}]},{"@type":"WebSite","@id":"https:\/\/ieu.university\/#website","url":"https:\/\/ieu.university\/","name":"INTERNATIONAL EUROPEAN UNIVERSITY, UKRAINE | EUROPE | STUDY IN UKRAINE | STUDY IN EUROPE | MBBS | GENERAL MEDICINE | BUSINESS | ENGINEERING | IT | EUROPE","description":"INTERNATIONAL EUROPEAN UNIVERSITY, UKRAINE | EUROPE | STUDY IN UKRAINE | STUDY IN EUROPE | MBBS | GENERAL MEDICINE | BUSINESS | ENGINEERING | IT | EUROPE","potentialAction":[{"@type":"SearchAction","target":{"@type":"EntryPoint","urlTemplate":"https:\/\/ieu.university\/?s={search_term_string}"},"query-input":"required name=search_term_string"}],"inLanguage":"it-IT"}]}},"_links":{"self":[{"href":"http:\/\/ieu.university\/it\/wp-json\/wp\/v2\/pages\/82","targetHints":{"allow":["GET"]}}],"collection":[{"href":"http:\/\/ieu.university\/it\/wp-json\/wp\/v2\/pages"}],"about":[{"href":"http:\/\/ieu.university\/it\/wp-json\/wp\/v2\/types\/page"}],"author":[{"embeddable":true,"href":"http:\/\/ieu.university\/it\/wp-json\/wp\/v2\/users\/1"}],"replies":[{"embeddable":true,"href":"http:\/\/ieu.university\/it\/wp-json\/wp\/v2\/comments?post=82"}],"version-history":[{"count":24,"href":"http:\/\/ieu.university\/it\/wp-json\/wp\/v2\/pages\/82\/revisions"}],"predecessor-version":[{"id":4506,"href":"http:\/\/ieu.university\/it\/wp-json\/wp\/v2\/pages\/82\/revisions\/4506"}],"wp:featuredmedia":[{"embeddable":true,"href":"http:\/\/ieu.university\/it\/wp-json\/wp\/v2\/media\/3646"}],"wp:attachment":[{"href":"http:\/\/ieu.university\/it\/wp-json\/wp\/v2\/media?parent=82"}],"curies":[{"name":"wp","href":"https:\/\/api.w.org\/{rel}","templated":true}]}}